{"id":13306,"date":"2011-07-25T22:59:43","date_gmt":"2011-07-26T01:59:43","guid":{"rendered":"https:\/\/www.exitmusic.com.ar\/news\/?page_id=13306"},"modified":"2021-06-25T18:21:23","modified_gmt":"2021-06-25T21:21:23","slug":"nialler9-entrevista-a-jonny-greenwood","status":"publish","type":"page","link":"https:\/\/www.exitmusic.com.ar\/news\/prensatraducciones\/nialler9-entrevista-a-jonny-greenwood\/","title":{"rendered":"Nialler9 entrevista a Jonny Greenwood"},"content":{"rendered":"<p><a href=\"http:\/\/www.nialler9.com\/10822-jonny-greenwood-interview\/\" target=\"_blank\" rel=\"noreferrer noopener\">Nialler9<\/a> public\u00f3 en su sitio web una entrevista via e-mail con Jonny Greenwood, a prop\u00f3sito de su trabajo como compositor cl\u00e1sico.<\/p>\n\n\n\n<p><strong>\u00bfQu\u00e9 tan dif\u00edcil fue saltar desde Radiohead al trabajo de componer<\/strong>?<br>Radiohead tiene mucho de composici\u00f3n y arreglos, por lo que estoy feliz de arreglar para cualquier instrumento\u2026 trato de pensar en todos ellos como igualmente importantes\/\u00fatiles, desde guitarras, a laptops y cuernos franceses. Lo que sea que sea necesario para la canci\u00f3n.<\/p>\n\n\n\n<p><strong>\u00bfQu\u00e9 habilidades te facilitaron la transici\u00f3n?<\/strong><br>Supongo que estudiar m\u00fasica hasta terminar la escuela, y tocar en varias orquestas y grupos musicales luego de eso. Estoy muy agradecido por todo lo aprendido en ese momento, y todav\u00eda intento apoyarme en ese conocimiento.<\/p>\n\n\n\n<p><strong>Y en el sentido inverso, \u00bfc\u00f3mo ha afectado tu trabajo de composici\u00f3n en tu trabajo subsiguiente con Radiohead, con <em><a href=\"https:\/\/www.exitmusic.com.ar\/discografia\/thekingoflimbs\/\">The King of Limbs<\/a><\/em> como ejemplo?<\/strong><br>Nos ha hecho un poco menos temerosos de usar instrumentos quiz\u00e1 un poco fuera del est\u00e1ndar, y trabajar en papel con algo parecido a la confianza.<\/p>\n\n\n\n<p><strong>\u00bfCu\u00e1l es tu proceso al componer un <em>score<\/em>? \u00bfEs ante todo un proyecto de estudio o es algo m\u00e1s convencional?<\/strong><br>Se supone que sea lo opuesto a grabar, de hecho.&nbsp; Me obsesiono sobre la interpretaci\u00f3n, los m\u00fasicos, y la idea de estar en un cuarto con ellos. Las grabaciones son algo secundario \u2013 no hay nada mejor que o\u00edr una orquesta tocar en un cuarto silencioso.<\/p>\n\n\n<div id=\"ads_page\">\n\t<!-- wpPageAd_1 -->\n\t<amp-ad width=\"100vw\" height=\"320\"\n\t\ttype=\"adsense\"\n     \tdata-ad-client=\"ca-pub-1186082079292141\"\n     \tdata-ad-slot=\"6678768770\"\n     \tdata-auto-format=\"rspv\"\n     \tdata-full-width=\"\">\n  \t<div overflow=\"\"><\/div>\n\t<\/amp-ad>\n\t<\/div>\n\n\n\n<p><strong>\u00bfC\u00f3mo se compara trabajar con un conductor como Robert Ziegler a trabajar con una banda?<\/strong><br>Es bastante similar, excepto por el hecho de que lo lleno de manuscritos ilegibles y lo hago cargo de limpiar el desorden.<\/p>\n\n\n\n<p><strong>\u00bfTe has sentido limitado en tu composici\u00f3n al componer para una orquesta?<\/strong><br>No \u2013 o al menos, ninguna limitaci\u00f3n que no permite a la creatividad trabajar. Si hay cosas que no puedes hacer, delimita lo que puedes hacer, y eso ya es un espacio enorme de posibilidades.<\/p>\n\n\n\n<p><strong>Has retrabajado parte de <em><a href=\"https:\/\/www.exitmusic.com.ar\/discografia\/jonnygreenwood.php#popcorn\">Popcorn Superhet Receiver<\/a><\/em> para <em>There Will Be Blood<\/em> y <em>Doghouse<\/em> para <em><a href=\"https:\/\/www.exitmusic.com.ar\/discografia\/norwegianwood\/\">Norwegian Wood<\/a><\/em>. \u00bfA qu\u00e9 se debi\u00f3 esto?<\/strong><br>A los directores les gustaban las composiciones, por lo que trabajamos con elementos de cada uno para las bandas sonoras.<\/p>\n\n\n\n<p><strong>El <em>score<\/em> de <em><a href=\"https:\/\/www.exitmusic.com.ar\/discografia\/therewillbeblood\/\">There Will Be Blood<\/a><\/em> es una obra brillante. Es un buen ejemplo de m\u00fasica que resalta la narrativa al mismo tiempo que agrega un tono inquietante a la pel\u00edcula. \u00bfCu\u00e1l es el proceso que sigues al componer un <em>score<\/em> para una pel\u00edcula? \u00bfEs m\u00e1s sencillo agregarle m\u00fasica a algo que ya tiene forma visual y narrativa? \u00bfQu\u00e9 rol cumpli\u00f3 un director como Paul Thomas Anderson en tu trabajo de composici\u00f3n?<\/strong><br>Es m\u00e1s sencillo tener una raz\u00f3n al componer \u2013 algo detr\u00e1s de la m\u00fasica. Esa m\u00fasica fue escrita acerca de esos paisajes enormes, y las piezas peque\u00f1as de c\u00e1mara eran sobre el muchacho, HW. Ten\u00eda un lujo con esa pel\u00edcula: gente que se dedica a componer bandas sonoras me hicieron saber que era algo f\u00e1cil de hacer: pod\u00eda escribir lo que quisiera, y ten\u00eda el apoyo de Paul Thomas Anderson: usualmente hay m\u00e1s de dos personas a cargo de toda decisi\u00f3n, pero en esa pel\u00edcula nos dieron libertad. Al final, escrib\u00ed mucha m\u00fasica, toda acerca de la historia y los paisajes, y \u00e9l hasta hizo encajar partes de la pel\u00edcula a la m\u00fasica. Rid\u00edculo. No deber\u00eda suceder de nuevo, me dicen \u2026<\/p>\n\n\n\n<p><strong>\u00bfHay directores con los que te gustar\u00eda trabajar?<\/strong><br>No tengo mucho tiempo fuera de Radiohead \u2013 cuando tengo algo de tiempo libre. Soy feliz escribiendo y grabando m\u00fasica, especialmente la que es interpretada desde el papel. Me parece algo muy interesante.<\/p>\n\n\n\n<p><strong>\u00bfQu\u00e9 te atrajo de hacer el score para <em><a href=\"https:\/\/www.exitmusic.com.ar\/discografia\/jonnygreenwood.php#talkaboutkevin\">We Need to Talk about Kevin<\/a><\/em>?<\/strong><br>Primero dije que no, debido a complicaciones con el tiempo. Pero luego Lynne (Ramsay) me envi\u00f3 una versi\u00f3n preliminar de la pel\u00edcula \u2013 y encontramos una forma de hacerlo suceder.<\/p>\n\n\n<div id=\"ads_page\"><!-- wpPagead_2 -->\n\t<amp-ad width=\"100vw\" height=\"320\"\n\t\t type=\"adsense\"\n\t\t data-ad-client=\"ca-pub-1186082079292141\"\n\t\t data-ad-slot=\"6487197087\"\n\t\t data-auto-format=\"rspv\"\n\t\t data-full-width=\"\">\n\t  <div overflow=\"\"><\/div>\n\t<\/amp-ad>\n\t<\/div>\n\n\n\n<p><strong>\u00bfQu\u00e9 podemos esperar de ese <em>score<\/em> en comparaci\u00f3n con tus trabajos previos?<\/strong><br>Usamos un arpa celta con cuerdas de acero para la mayor parte, ejecutada por Jean Kelly. Tiene un sonido fant\u00e1stico, adecuada para el personaje de Kevin.<\/p>\n\n\n\n<p><strong>\u00bfQu\u00e9 m\u00fasica, de orquesta o no, est\u00e1s escuchando ahora mismo?<\/strong><br>Poni\u00e9ndome al d\u00eda con Penderecki en este momento: acabo de encontrar la banda sonora que hizo llamada <em>Je l\u2019aime, Je t\u2019aime<\/em> \u2013 algo que vale la pena buscar bien.<\/p>\n\n\n\n<p><strong>Te gusta mucho el ondes martenot. \u00bfQu\u00e9 te atrae de usarlo?<\/strong><br>Es m\u00fasica hecha a partir de electricidad en su forma m\u00e1s pura imaginable \u2013 me encanta tocarlo. Es un poco como cantar, cosa que no puedo hacer en absoluto.<\/p>\n\n\n\n<p><strong><em><a href=\"https:\/\/www.exitmusic.com.ar\/discografia\/jonnygreenwood.php#doghouse\">Doghouse<\/a><\/em> fue inspirada por los archivos de la Orquesta de Conciertos de la BBC. \u00bfC\u00f3mo convertiste eso en un <em>score<\/em>?<\/strong><br>Esperaba que su biblioteca estuviera llena de cosas ef\u00edmeras (como jingles y cortinas musicales de programas radiales de los 50) escritas r\u00e1pidamente, e imagin\u00e9 una orquesta teniendo que tocar lo que sea que pudieran encontrar ah\u00ed \u2013 cosas viejas, con partes perdidas \u2026<\/p>\n\n\n\n<p><strong><em>Doghouse<\/em> ser\u00e1 interpretada en Cork como parte de <em>The Reich Effect<\/em>, un festival en honor a Steve Reich. \u00bfEres fan de \u00e9l? \u00bfQu\u00e9 te gusta de su trabajo?<\/strong><br>En este momento estoy tratando de aprender a tocar algo de su material: \u00a1algo dif\u00edcil para m\u00ed! Nunca intent\u00e9 tocar partes de guitarra desde partituras, y es un proceso largo, muy largo. Pero disfruto meterme tan profundo de una pieza musical.<\/p>","protected":false},"excerpt":{"rendered":"<p>Nialler9 public\u00f3 en su sitio web una entrevista via e-mail con Jonny Greenwood, a prop\u00f3sito de su trabajo como compositor cl\u00e1sico. \u00bfQu\u00e9 tan dif\u00edcil fue saltar desde Radiohead al trabajo de componer?Radiohead tiene mucho de&hellip; <a href=\"https:\/\/www.exitmusic.com.ar\/news\/prensatraducciones\/nialler9-entrevista-a-jonny-greenwood\/\" class=\"morelink\"> m\u00e1s \u00bb<\/a><\/p>","protected":false},"author":2,"featured_media":4501,"parent":7671,"menu_order":0,"comment_status":"open","ping_status":"closed","template":"","meta":{"footnotes":""},"categories":[1381],"tags":[767,23,1177,884],"class_list":["post-13306","page","type-page","status-publish","has-post-thumbnail","hentry","category-jonny-greenwood","tag-doghouse","tag-entrevista","tag-jonny-greenwood","tag-we-need-to-talk-about-kevin"],"yoast_head":"<!-- This site is optimized with the Yoast SEO plugin v27.4 - https:\/\/yoast.com\/product\/yoast-seo-wordpress\/ -->\n<title>Nialler9 entrevista a Jonny Greenwood &#8211; ExitMusicAr | Radiohead Argentina - \u00faltimas noticias<\/title>\n<meta name=\"description\" content=\"Jonny Greenwood convers\u00f3 con Nialler9 sobre sus composiciones cl\u00e1sicas y la banda sonora de We Need to Talk About Kevin de Lynne Ramsay\" \/>\n<meta name=\"robots\" content=\"index, follow, max-snippet:-1, max-image-preview:large, max-video-preview:-1\" \/>\n<link rel=\"canonical\" href=\"https:\/\/www.exitmusic.com.ar\/news\/prensatraducciones\/nialler9-entrevista-a-jonny-greenwood\/\" \/>\n<meta property=\"og:locale\" content=\"es_ES\" \/>\n<meta property=\"og:type\" content=\"article\" \/>\n<meta property=\"og:title\" content=\"Nialler9 entrevista a Jonny Greenwood &#8211; ExitMusicAr | Radiohead Argentina - \u00faltimas noticias\" \/>\n<meta property=\"og:description\" content=\"Jonny Greenwood convers\u00f3 con Nialler9 sobre sus composiciones cl\u00e1sicas y la banda sonora de We Need to Talk About Kevin de Lynne Ramsay\" \/>\n<meta property=\"og:url\" content=\"https:\/\/www.exitmusic.com.ar\/news\/prensatraducciones\/nialler9-entrevista-a-jonny-greenwood\/\" \/>\n<meta property=\"og:site_name\" content=\"ExitMusicAr | Radiohead Argentina - \u00faltimas noticias\" \/>\n<meta property=\"article:publisher\" content=\"https:\/\/www.facebook.com\/ExitMusicAr\" \/>\n<meta property=\"article:modified_time\" content=\"2021-06-25T21:21:23+00:00\" \/>\n<meta property=\"og:image\" content=\"https:\/\/www.exitmusic.com.ar\/news\/wp-content\/uploads\/2011\/07\/greenwood.jpg\" \/>\n\t<meta property=\"og:image:width\" content=\"485\" \/>\n\t<meta property=\"og:image:height\" content=\"337\" \/>\n\t<meta property=\"og:image:type\" content=\"image\/jpeg\" \/>\n<meta name=\"twitter:card\" content=\"summary_large_image\" \/>\n<meta name=\"twitter:site\" content=\"@ExitMusicAr\" \/>\n<meta name=\"twitter:label1\" content=\"Tiempo de lectura\" \/>\n\t<meta name=\"twitter:data1\" content=\"4 minutos\" \/>\n<script type=\"application\/ld+json\" class=\"yoast-schema-graph\">{\"@context\":\"https:\\\/\\\/schema.org\",\"@graph\":[{\"@type\":\"NewsArticle\",\"@id\":\"https:\\\/\\\/www.exitmusic.com.ar\\\/news\\\/prensatraducciones\\\/nialler9-entrevista-a-jonny-greenwood\\\/#article\",\"isPartOf\":{\"@id\":\"https:\\\/\\\/www.exitmusic.com.ar\\\/news\\\/prensatraducciones\\\/nialler9-entrevista-a-jonny-greenwood\\\/\"},\"author\":{\"name\":\"britbomber\",\"@id\":\"https:\\\/\\\/www.exitmusic.com.ar\\\/news\\\/#\\\/schema\\\/person\\\/5b17484c1a134bd78759c85b056b2e9a\"},\"headline\":\"Nialler9 entrevista a Jonny Greenwood\",\"datePublished\":\"2011-07-26T01:59:43+00:00\",\"dateModified\":\"2021-06-25T21:21:23+00:00\",\"mainEntityOfPage\":{\"@id\":\"https:\\\/\\\/www.exitmusic.com.ar\\\/news\\\/prensatraducciones\\\/nialler9-entrevista-a-jonny-greenwood\\\/\"},\"wordCount\":949,\"commentCount\":0,\"image\":{\"@id\":\"https:\\\/\\\/www.exitmusic.com.ar\\\/news\\\/prensatraducciones\\\/nialler9-entrevista-a-jonny-greenwood\\\/#primaryimage\"},\"thumbnailUrl\":\"https:\\\/\\\/www.exitmusic.com.ar\\\/news\\\/wp-content\\\/uploads\\\/2011\\\/07\\\/greenwood.jpg\",\"keywords\":[\"doghouse\",\"entrevista\",\"jonny greenwood\",\"we need to talk about kevin\"],\"articleSection\":[\"Jonny Greenwood\"],\"inLanguage\":\"es\",\"potentialAction\":[{\"@type\":\"CommentAction\",\"name\":\"Comment\",\"target\":[\"https:\\\/\\\/www.exitmusic.com.ar\\\/news\\\/prensatraducciones\\\/nialler9-entrevista-a-jonny-greenwood\\\/#respond\"]}]},{\"@type\":[\"WebPage\",\"ItemPage\"],\"@id\":\"https:\\\/\\\/www.exitmusic.com.ar\\\/news\\\/prensatraducciones\\\/nialler9-entrevista-a-jonny-greenwood\\\/\",\"url\":\"https:\\\/\\\/www.exitmusic.com.ar\\\/news\\\/prensatraducciones\\\/nialler9-entrevista-a-jonny-greenwood\\\/\",\"name\":\"Nialler9 entrevista a Jonny Greenwood &#8211; ExitMusicAr | Radiohead Argentina - \u00faltimas noticias\",\"isPartOf\":{\"@id\":\"https:\\\/\\\/www.exitmusic.com.ar\\\/news\\\/#website\"},\"primaryImageOfPage\":{\"@id\":\"https:\\\/\\\/www.exitmusic.com.ar\\\/news\\\/prensatraducciones\\\/nialler9-entrevista-a-jonny-greenwood\\\/#primaryimage\"},\"image\":{\"@id\":\"https:\\\/\\\/www.exitmusic.com.ar\\\/news\\\/prensatraducciones\\\/nialler9-entrevista-a-jonny-greenwood\\\/#primaryimage\"},\"thumbnailUrl\":\"https:\\\/\\\/www.exitmusic.com.ar\\\/news\\\/wp-content\\\/uploads\\\/2011\\\/07\\\/greenwood.jpg\",\"datePublished\":\"2011-07-26T01:59:43+00:00\",\"dateModified\":\"2021-06-25T21:21:23+00:00\",\"description\":\"Jonny Greenwood convers\u00f3 con Nialler9 sobre sus composiciones cl\u00e1sicas y la banda sonora de We Need to Talk About Kevin de Lynne Ramsay\",\"breadcrumb\":{\"@id\":\"https:\\\/\\\/www.exitmusic.com.ar\\\/news\\\/prensatraducciones\\\/nialler9-entrevista-a-jonny-greenwood\\\/#breadcrumb\"},\"inLanguage\":\"es\",\"potentialAction\":[{\"@type\":\"ReadAction\",\"target\":[\"https:\\\/\\\/www.exitmusic.com.ar\\\/news\\\/prensatraducciones\\\/nialler9-entrevista-a-jonny-greenwood\\\/\"]}]},{\"@type\":\"ImageObject\",\"inLanguage\":\"es\",\"@id\":\"https:\\\/\\\/www.exitmusic.com.ar\\\/news\\\/prensatraducciones\\\/nialler9-entrevista-a-jonny-greenwood\\\/#primaryimage\",\"url\":\"https:\\\/\\\/www.exitmusic.com.ar\\\/news\\\/wp-content\\\/uploads\\\/2011\\\/07\\\/greenwood.jpg\",\"contentUrl\":\"https:\\\/\\\/www.exitmusic.com.ar\\\/news\\\/wp-content\\\/uploads\\\/2011\\\/07\\\/greenwood.jpg\",\"width\":\"485\",\"height\":\"337\"},{\"@type\":\"BreadcrumbList\",\"@id\":\"https:\\\/\\\/www.exitmusic.com.ar\\\/news\\\/prensatraducciones\\\/nialler9-entrevista-a-jonny-greenwood\\\/#breadcrumb\",\"itemListElement\":[{\"@type\":\"ListItem\",\"position\":1,\"name\":\"Inicio\",\"item\":\"https:\\\/\\\/www.exitmusic.com.ar\\\/news\\\/\"},{\"@type\":\"ListItem\",\"position\":2,\"name\":\"Prensa\\\/Traducciones\",\"item\":\"https:\\\/\\\/www.exitmusic.com.ar\\\/news\\\/prensatraducciones\\\/\"},{\"@type\":\"ListItem\",\"position\":3,\"name\":\"Nialler9 entrevista a Jonny Greenwood\"}]},{\"@type\":\"WebSite\",\"@id\":\"https:\\\/\\\/www.exitmusic.com.ar\\\/news\\\/#website\",\"url\":\"https:\\\/\\\/www.exitmusic.com.ar\\\/news\\\/\",\"name\":\"ExitMusicAr | Radiohead Argentina\",\"description\":\"Noticias e informaci\u00f3n sobre Radiohead, EOB, Philip Selway, Jonny Greenwood, Thom Yorke, Atoms for Peace y The Smile\",\"potentialAction\":[{\"@type\":\"SearchAction\",\"target\":{\"@type\":\"EntryPoint\",\"urlTemplate\":\"https:\\\/\\\/www.exitmusic.com.ar\\\/news\\\/?s={search_term_string}\"},\"query-input\":{\"@type\":\"PropertyValueSpecification\",\"valueRequired\":true,\"valueName\":\"search_term_string\"}}],\"inLanguage\":\"es\"},{\"@type\":\"Person\",\"@id\":\"https:\\\/\\\/www.exitmusic.com.ar\\\/news\\\/#\\\/schema\\\/person\\\/5b17484c1a134bd78759c85b056b2e9a\",\"name\":\"britbomber\",\"image\":{\"@type\":\"ImageObject\",\"inLanguage\":\"es\",\"@id\":\"https:\\\/\\\/secure.gravatar.com\\\/avatar\\\/7aa60245619700190832ac995e42108bfadba25baafc3bf5bb91e97db0e7a0bd?s=96&d=identicon&r=r\",\"url\":\"https:\\\/\\\/secure.gravatar.com\\\/avatar\\\/7aa60245619700190832ac995e42108bfadba25baafc3bf5bb91e97db0e7a0bd?s=96&d=identicon&r=r\",\"contentUrl\":\"https:\\\/\\\/secure.gravatar.com\\\/avatar\\\/7aa60245619700190832ac995e42108bfadba25baafc3bf5bb91e97db0e7a0bd?s=96&d=identicon&r=r\",\"caption\":\"britbomber\"}}]}<\/script>\n<!-- \/ Yoast SEO plugin. -->","yoast_head_json":{"title":"Nialler9 entrevista a Jonny Greenwood &#8211; ExitMusicAr | Radiohead Argentina - \u00faltimas noticias","description":"Jonny Greenwood convers\u00f3 con Nialler9 sobre sus composiciones cl\u00e1sicas y la banda sonora de We Need to Talk About Kevin de Lynne Ramsay","robots":{"index":"index","follow":"follow","max-snippet":"max-snippet:-1","max-image-preview":"max-image-preview:large","max-video-preview":"max-video-preview:-1"},"canonical":"https:\/\/www.exitmusic.com.ar\/news\/prensatraducciones\/nialler9-entrevista-a-jonny-greenwood\/","og_locale":"es_ES","og_type":"article","og_title":"Nialler9 entrevista a Jonny Greenwood &#8211; ExitMusicAr | Radiohead Argentina - \u00faltimas noticias","og_description":"Jonny Greenwood convers\u00f3 con Nialler9 sobre sus composiciones cl\u00e1sicas y la banda sonora de We Need to Talk About Kevin de Lynne Ramsay","og_url":"https:\/\/www.exitmusic.com.ar\/news\/prensatraducciones\/nialler9-entrevista-a-jonny-greenwood\/","og_site_name":"ExitMusicAr | Radiohead Argentina - \u00faltimas noticias","article_publisher":"https:\/\/www.facebook.com\/ExitMusicAr","article_modified_time":"2021-06-25T21:21:23+00:00","og_image":[{"width":485,"height":337,"url":"https:\/\/www.exitmusic.com.ar\/news\/wp-content\/uploads\/2011\/07\/greenwood.jpg","type":"image\/jpeg"}],"twitter_card":"summary_large_image","twitter_site":"@ExitMusicAr","twitter_misc":{"Tiempo de lectura":"4 minutos"},"schema":{"@context":"https:\/\/schema.org","@graph":[{"@type":"NewsArticle","@id":"https:\/\/www.exitmusic.com.ar\/news\/prensatraducciones\/nialler9-entrevista-a-jonny-greenwood\/#article","isPartOf":{"@id":"https:\/\/www.exitmusic.com.ar\/news\/prensatraducciones\/nialler9-entrevista-a-jonny-greenwood\/"},"author":{"name":"britbomber","@id":"https:\/\/www.exitmusic.com.ar\/news\/#\/schema\/person\/5b17484c1a134bd78759c85b056b2e9a"},"headline":"Nialler9 entrevista a Jonny Greenwood","datePublished":"2011-07-26T01:59:43+00:00","dateModified":"2021-06-25T21:21:23+00:00","mainEntityOfPage":{"@id":"https:\/\/www.exitmusic.com.ar\/news\/prensatraducciones\/nialler9-entrevista-a-jonny-greenwood\/"},"wordCount":949,"commentCount":0,"image":{"@id":"https:\/\/www.exitmusic.com.ar\/news\/prensatraducciones\/nialler9-entrevista-a-jonny-greenwood\/#primaryimage"},"thumbnailUrl":"https:\/\/www.exitmusic.com.ar\/news\/wp-content\/uploads\/2011\/07\/greenwood.jpg","keywords":["doghouse","entrevista","jonny greenwood","we need to talk about kevin"],"articleSection":["Jonny Greenwood"],"inLanguage":"es","potentialAction":[{"@type":"CommentAction","name":"Comment","target":["https:\/\/www.exitmusic.com.ar\/news\/prensatraducciones\/nialler9-entrevista-a-jonny-greenwood\/#respond"]}]},{"@type":["WebPage","ItemPage"],"@id":"https:\/\/www.exitmusic.com.ar\/news\/prensatraducciones\/nialler9-entrevista-a-jonny-greenwood\/","url":"https:\/\/www.exitmusic.com.ar\/news\/prensatraducciones\/nialler9-entrevista-a-jonny-greenwood\/","name":"Nialler9 entrevista a Jonny Greenwood &#8211; ExitMusicAr | Radiohead Argentina - \u00faltimas noticias","isPartOf":{"@id":"https:\/\/www.exitmusic.com.ar\/news\/#website"},"primaryImageOfPage":{"@id":"https:\/\/www.exitmusic.com.ar\/news\/prensatraducciones\/nialler9-entrevista-a-jonny-greenwood\/#primaryimage"},"image":{"@id":"https:\/\/www.exitmusic.com.ar\/news\/prensatraducciones\/nialler9-entrevista-a-jonny-greenwood\/#primaryimage"},"thumbnailUrl":"https:\/\/www.exitmusic.com.ar\/news\/wp-content\/uploads\/2011\/07\/greenwood.jpg","datePublished":"2011-07-26T01:59:43+00:00","dateModified":"2021-06-25T21:21:23+00:00","description":"Jonny Greenwood convers\u00f3 con Nialler9 sobre sus composiciones cl\u00e1sicas y la banda sonora de We Need to Talk About Kevin de Lynne Ramsay","breadcrumb":{"@id":"https:\/\/www.exitmusic.com.ar\/news\/prensatraducciones\/nialler9-entrevista-a-jonny-greenwood\/#breadcrumb"},"inLanguage":"es","potentialAction":[{"@type":"ReadAction","target":["https:\/\/www.exitmusic.com.ar\/news\/prensatraducciones\/nialler9-entrevista-a-jonny-greenwood\/"]}]},{"@type":"ImageObject","inLanguage":"es","@id":"https:\/\/www.exitmusic.com.ar\/news\/prensatraducciones\/nialler9-entrevista-a-jonny-greenwood\/#primaryimage","url":"https:\/\/www.exitmusic.com.ar\/news\/wp-content\/uploads\/2011\/07\/greenwood.jpg","contentUrl":"https:\/\/www.exitmusic.com.ar\/news\/wp-content\/uploads\/2011\/07\/greenwood.jpg","width":"485","height":"337"},{"@type":"BreadcrumbList","@id":"https:\/\/www.exitmusic.com.ar\/news\/prensatraducciones\/nialler9-entrevista-a-jonny-greenwood\/#breadcrumb","itemListElement":[{"@type":"ListItem","position":1,"name":"Inicio","item":"https:\/\/www.exitmusic.com.ar\/news\/"},{"@type":"ListItem","position":2,"name":"Prensa\/Traducciones","item":"https:\/\/www.exitmusic.com.ar\/news\/prensatraducciones\/"},{"@type":"ListItem","position":3,"name":"Nialler9 entrevista a Jonny Greenwood"}]},{"@type":"WebSite","@id":"https:\/\/www.exitmusic.com.ar\/news\/#website","url":"https:\/\/www.exitmusic.com.ar\/news\/","name":"ExitMusicAr | Radiohead Argentina","description":"Noticias e informaci\u00f3n sobre Radiohead, EOB, Philip Selway, Jonny Greenwood, Thom Yorke, Atoms for Peace y The Smile","potentialAction":[{"@type":"SearchAction","target":{"@type":"EntryPoint","urlTemplate":"https:\/\/www.exitmusic.com.ar\/news\/?s={search_term_string}"},"query-input":{"@type":"PropertyValueSpecification","valueRequired":true,"valueName":"search_term_string"}}],"inLanguage":"es"},{"@type":"Person","@id":"https:\/\/www.exitmusic.com.ar\/news\/#\/schema\/person\/5b17484c1a134bd78759c85b056b2e9a","name":"britbomber","image":{"@type":"ImageObject","inLanguage":"es","@id":"https:\/\/secure.gravatar.com\/avatar\/7aa60245619700190832ac995e42108bfadba25baafc3bf5bb91e97db0e7a0bd?s=96&d=identicon&r=r","url":"https:\/\/secure.gravatar.com\/avatar\/7aa60245619700190832ac995e42108bfadba25baafc3bf5bb91e97db0e7a0bd?s=96&d=identicon&r=r","contentUrl":"https:\/\/secure.gravatar.com\/avatar\/7aa60245619700190832ac995e42108bfadba25baafc3bf5bb91e97db0e7a0bd?s=96&d=identicon&r=r","caption":"britbomber"}}]}},"amp_enabled":true,"_links":{"self":[{"href":"https:\/\/www.exitmusic.com.ar\/news\/wp-json\/wp\/v2\/pages\/13306","targetHints":{"allow":["GET"]}}],"collection":[{"href":"https:\/\/www.exitmusic.com.ar\/news\/wp-json\/wp\/v2\/pages"}],"about":[{"href":"https:\/\/www.exitmusic.com.ar\/news\/wp-json\/wp\/v2\/types\/page"}],"author":[{"embeddable":true,"href":"https:\/\/www.exitmusic.com.ar\/news\/wp-json\/wp\/v2\/users\/2"}],"replies":[{"embeddable":true,"href":"https:\/\/www.exitmusic.com.ar\/news\/wp-json\/wp\/v2\/comments?post=13306"}],"version-history":[{"count":0,"href":"https:\/\/www.exitmusic.com.ar\/news\/wp-json\/wp\/v2\/pages\/13306\/revisions"}],"up":[{"embeddable":true,"href":"https:\/\/www.exitmusic.com.ar\/news\/wp-json\/wp\/v2\/pages\/7671"}],"wp:featuredmedia":[{"embeddable":true,"href":"https:\/\/www.exitmusic.com.ar\/news\/wp-json\/wp\/v2\/media\/4501"}],"wp:attachment":[{"href":"https:\/\/www.exitmusic.com.ar\/news\/wp-json\/wp\/v2\/media?parent=13306"}],"wp:term":[{"taxonomy":"category","embeddable":true,"href":"https:\/\/www.exitmusic.com.ar\/news\/wp-json\/wp\/v2\/categories?post=13306"},{"taxonomy":"post_tag","embeddable":true,"href":"https:\/\/www.exitmusic.com.ar\/news\/wp-json\/wp\/v2\/tags?post=13306"}],"curies":[{"name":"wp","href":"https:\/\/api.w.org\/{rel}","templated":true}]}}