{"id":14858,"date":"2017-09-08T18:31:00","date_gmt":"2017-09-08T21:31:00","guid":{"rendered":"https:\/\/www.exitmusic.com.ar\/news\/?page_id=14858"},"modified":"2020-09-29T16:20:26","modified_gmt":"2020-09-29T19:20:26","slug":"john-leckie-sobre-the-bends","status":"publish","type":"page","link":"https:\/\/www.exitmusic.com.ar\/news\/prensatraducciones\/john-leckie-sobre-the-bends\/","title":{"rendered":"John Leckie sobre The Bends"},"content":{"rendered":"<p class=\"has-text-align-right\">Extracto del texto publicado originalmente en <a rel=\"noreferrer noopener\" aria-label=\"MusicTech.net (se abre en una nueva pesta\u00f1a)\" href=\"https:\/\/www.musictech.net\/features\/john-leckie-interview\/\" target=\"_blank\">MusicTech.net<\/a>, el 08 de Septiembre de 2017.<\/p>\n\n\n\n<p><strong>\u00bfQu\u00e9 recuerdas de la grabaci\u00f3n de <em><a href=\"https:\/\/www.exitmusic.com.ar\/discografia\/thebends\/\">The Bends<\/a><\/em>?<\/strong><br> Hab\u00edan alquilado los estudios RAK por nueve semanas, con alojamiento incluido &#8211; siete d\u00edas a la semana, por nueve semanas, viviendo all\u00ed &#8211; por lo que sab\u00eda que hab\u00eda un presupuesto elevado. Las instrucciones fueron grabar cuatro cortes y los lados B. Eran los 90, por lo que por cada simple ten\u00edas dos o tres lados B.<br>En esa \u00e9poca hab\u00eda simples en CD, con dos versiones por cada uno &#8211; uno rojo y uno azul por ejemplo &#8211; y as\u00ed vend\u00edas la misma canci\u00f3n dos veces. Ten\u00edamos que grabar cuatro lados A, seis lados B y despu\u00e9s comenzar con el \u00e1lbum. Eso fue lo que hicimos durante nueve semanas en RAK, enloqueciendo porque pens\u00e1bamos que algunas canciones eran muy buenas para ser lados B y otras no eran suficientemente buenas para ser un lado A.<br> Todos los d\u00edas, los managers ven\u00edan a escuchar lo que hab\u00edamos hecho &#8211; y muy frecuentemente no hab\u00edamos hecho mucho. B\u00e1sicamente era decirles \u00abtodo lo que hemos hecho desde el martes es ponerle una pandereta\u00bb, y ellos aun as\u00ed quer\u00edan escuchar la pandereta.<br> La banda fue a tocar a lugares como Bangkok, Dubai y Hong Kong y decidieron tocar las canciones nuevas en p\u00fablico, que a veces tiene un gran impacto. Entre los ensayos y estos shows, a veces las canciones se desarrollan de manera diferente. En fin, se fueron a Bangkok para estos shows y despu\u00e9s ten\u00edan uno para MTV en Astoria, de Londres.<br>Fuimos a Manor Studios cuando volvieron de estos shows con el plan de regrabar algunos de estos temas, porque hab\u00edan mejorado. Ya hab\u00edamos grabado y mezclado <a href=\"https:\/\/www.exitmusic.com.ar\/letras\/myironlung.php\">\u00abMy Iron Lung\u00bb<\/a>, pero cuando escuchamos la versi\u00f3n en Astoria, nos dimos cuenta de que era mejor que la que ten\u00edamos grabada; lo que hicimos fue juntar partes de la versi\u00f3n de estudio con los estribillos de la versi\u00f3n en vivo.<\/p>\n\n\n<div id=\"ads_page\">\n\t<!-- wpPageAd_1 -->\n\t<amp-ad width=\"100vw\" height=\"320\"\n\t\ttype=\"adsense\"\n     \tdata-ad-client=\"ca-pub-1186082079292141\"\n     \tdata-ad-slot=\"6678768770\"\n     \tdata-auto-format=\"rspv\"\n     \tdata-full-width=\"\">\n  \t<div overflow=\"\"><\/div>\n\t<\/amp-ad>\n\t<\/div>\n\n\n\n<p>As\u00ed de obsesivos fuimos: los versos de la versi\u00f3n en RAK, los estribillos de la versi\u00f3n en vivo, regrabar otra cosa \u2026 un dolor de cabeza, para ser honesto, y todo esto para \u00abMy Iron Lung\u00bb, que ni siquiera iba a ser un corte. \u00bfPor qu\u00e9 nos esforzamos tanto?<\/p>\n\n\n\n<p><strong>\u00bfTe sorprendi\u00f3 lo lento del proceso de <em>The Bends<\/em>?<\/strong><br>No s\u00e9, creo que ya lo hab\u00eda superado. Hay muchas razones por las que un disco no progresa o no sale como esperas. Usualmente tiene que ver con el marketing. Es diferente ahora, pero en ese momento estaba MTV. Creo que EMI se interes\u00f3 en Radiohead porque los vio como una banda \u00abart\u00edstica\u00bb. Fue despu\u00e9s de la era del grunge y del britpop &#8211; no eran del todo pop, por lo que EMI los vio como algo nuevo.<\/p>","protected":false},"excerpt":{"rendered":"<p>Extracto del texto publicado originalmente en MusicTech.net, el 08 de Septiembre de 2017. \u00bfQu\u00e9 recuerdas de la grabaci\u00f3n de The Bends? Hab\u00edan alquilado los estudios RAK por nueve semanas, con alojamiento incluido &#8211; siete d\u00edas&hellip; <a href=\"https:\/\/www.exitmusic.com.ar\/news\/prensatraducciones\/john-leckie-sobre-the-bends\/\" class=\"morelink\"> m\u00e1s \u00bb<\/a><\/p>","protected":false},"author":2,"featured_media":14827,"parent":7671,"menu_order":0,"comment_status":"open","ping_status":"closed","template":"","meta":{"footnotes":""},"categories":[1383],"tags":[23,1500,62],"class_list":["post-14858","page","type-page","status-publish","has-post-thumbnail","hentry","category-radiohead","tag-entrevista","tag-john-leckie","tag-the-bends"],"yoast_head":"<!-- This site is optimized with the Yoast SEO plugin v27.6 - https:\/\/yoast.com\/product\/yoast-seo-wordpress\/ -->\n<title>John Leckie sobre The Bends &#8211; ExitMusicAr | Radiohead Argentina - \u00faltimas noticias<\/title>\n<meta name=\"description\" content=\"John Leckie le comenta sus recuerdos de la grabaci\u00f3n de The Bends, segundo LP de Radiohead, a MusicTech.net.\" \/>\n<meta name=\"robots\" content=\"index, follow, max-snippet:-1, max-image-preview:large, max-video-preview:-1\" \/>\n<link rel=\"canonical\" href=\"https:\/\/www.exitmusic.com.ar\/news\/prensatraducciones\/john-leckie-sobre-the-bends\/\" \/>\n<meta property=\"og:locale\" content=\"es_ES\" \/>\n<meta property=\"og:type\" content=\"article\" \/>\n<meta property=\"og:title\" content=\"John Leckie sobre The Bends &#8211; ExitMusicAr | Radiohead Argentina - \u00faltimas noticias\" \/>\n<meta property=\"og:description\" content=\"John Leckie le comenta sus recuerdos de la grabaci\u00f3n de The Bends, segundo LP de Radiohead, a MusicTech.net.\" \/>\n<meta property=\"og:url\" content=\"https:\/\/www.exitmusic.com.ar\/news\/prensatraducciones\/john-leckie-sobre-the-bends\/\" \/>\n<meta property=\"og:site_name\" content=\"ExitMusicAr | Radiohead Argentina - \u00faltimas noticias\" \/>\n<meta property=\"article:publisher\" content=\"https:\/\/www.facebook.com\/ExitMusicAr\" \/>\n<meta property=\"article:modified_time\" content=\"2020-09-29T19:20:26+00:00\" \/>\n<meta property=\"og:image\" content=\"https:\/\/www.exitmusic.com.ar\/news\/wp-content\/uploads\/2020\/03\/Leckie2Featured-696x278-1.png\" \/>\n\t<meta property=\"og:image:width\" content=\"696\" \/>\n\t<meta property=\"og:image:height\" content=\"278\" \/>\n\t<meta property=\"og:image:type\" content=\"image\/png\" \/>\n<meta name=\"twitter:card\" content=\"summary_large_image\" \/>\n<meta name=\"twitter:site\" content=\"@ExitMusicAr\" \/>\n<meta name=\"twitter:label1\" content=\"Tiempo de lectura\" \/>\n\t<meta name=\"twitter:data1\" content=\"2 minutos\" \/>\n<script type=\"application\/ld+json\" class=\"yoast-schema-graph\">{\"@context\":\"https:\\\/\\\/schema.org\",\"@graph\":[{\"@type\":\"NewsArticle\",\"@id\":\"https:\\\/\\\/www.exitmusic.com.ar\\\/news\\\/prensatraducciones\\\/john-leckie-sobre-the-bends\\\/#article\",\"isPartOf\":{\"@id\":\"https:\\\/\\\/www.exitmusic.com.ar\\\/news\\\/prensatraducciones\\\/john-leckie-sobre-the-bends\\\/\"},\"author\":{\"name\":\"britbomber\",\"@id\":\"https:\\\/\\\/www.exitmusic.com.ar\\\/news\\\/#\\\/schema\\\/person\\\/5b17484c1a134bd78759c85b056b2e9a\"},\"headline\":\"John Leckie sobre The Bends\",\"datePublished\":\"2017-09-08T21:31:00+00:00\",\"dateModified\":\"2020-09-29T19:20:26+00:00\",\"mainEntityOfPage\":{\"@id\":\"https:\\\/\\\/www.exitmusic.com.ar\\\/news\\\/prensatraducciones\\\/john-leckie-sobre-the-bends\\\/\"},\"wordCount\":500,\"commentCount\":0,\"image\":{\"@id\":\"https:\\\/\\\/www.exitmusic.com.ar\\\/news\\\/prensatraducciones\\\/john-leckie-sobre-the-bends\\\/#primaryimage\"},\"thumbnailUrl\":\"https:\\\/\\\/www.exitmusic.com.ar\\\/news\\\/wp-content\\\/uploads\\\/2020\\\/03\\\/Leckie2Featured-696x278-1.png\",\"keywords\":[\"entrevista\",\"john leckie\",\"the bends\"],\"articleSection\":[\"Radiohead\"],\"inLanguage\":\"es\",\"potentialAction\":[{\"@type\":\"CommentAction\",\"name\":\"Comment\",\"target\":[\"https:\\\/\\\/www.exitmusic.com.ar\\\/news\\\/prensatraducciones\\\/john-leckie-sobre-the-bends\\\/#respond\"]}]},{\"@type\":[\"WebPage\",\"ItemPage\"],\"@id\":\"https:\\\/\\\/www.exitmusic.com.ar\\\/news\\\/prensatraducciones\\\/john-leckie-sobre-the-bends\\\/\",\"url\":\"https:\\\/\\\/www.exitmusic.com.ar\\\/news\\\/prensatraducciones\\\/john-leckie-sobre-the-bends\\\/\",\"name\":\"John Leckie sobre The Bends &#8211; ExitMusicAr | Radiohead Argentina - \u00faltimas noticias\",\"isPartOf\":{\"@id\":\"https:\\\/\\\/www.exitmusic.com.ar\\\/news\\\/#website\"},\"primaryImageOfPage\":{\"@id\":\"https:\\\/\\\/www.exitmusic.com.ar\\\/news\\\/prensatraducciones\\\/john-leckie-sobre-the-bends\\\/#primaryimage\"},\"image\":{\"@id\":\"https:\\\/\\\/www.exitmusic.com.ar\\\/news\\\/prensatraducciones\\\/john-leckie-sobre-the-bends\\\/#primaryimage\"},\"thumbnailUrl\":\"https:\\\/\\\/www.exitmusic.com.ar\\\/news\\\/wp-content\\\/uploads\\\/2020\\\/03\\\/Leckie2Featured-696x278-1.png\",\"datePublished\":\"2017-09-08T21:31:00+00:00\",\"dateModified\":\"2020-09-29T19:20:26+00:00\",\"description\":\"John Leckie le comenta sus recuerdos de la grabaci\u00f3n de The Bends, segundo LP de Radiohead, a MusicTech.net.\",\"breadcrumb\":{\"@id\":\"https:\\\/\\\/www.exitmusic.com.ar\\\/news\\\/prensatraducciones\\\/john-leckie-sobre-the-bends\\\/#breadcrumb\"},\"inLanguage\":\"es\",\"potentialAction\":[{\"@type\":\"ReadAction\",\"target\":[\"https:\\\/\\\/www.exitmusic.com.ar\\\/news\\\/prensatraducciones\\\/john-leckie-sobre-the-bends\\\/\"]}]},{\"@type\":\"ImageObject\",\"inLanguage\":\"es\",\"@id\":\"https:\\\/\\\/www.exitmusic.com.ar\\\/news\\\/prensatraducciones\\\/john-leckie-sobre-the-bends\\\/#primaryimage\",\"url\":\"https:\\\/\\\/www.exitmusic.com.ar\\\/news\\\/wp-content\\\/uploads\\\/2020\\\/03\\\/Leckie2Featured-696x278-1.png\",\"contentUrl\":\"https:\\\/\\\/www.exitmusic.com.ar\\\/news\\\/wp-content\\\/uploads\\\/2020\\\/03\\\/Leckie2Featured-696x278-1.png\",\"width\":696,\"height\":278},{\"@type\":\"BreadcrumbList\",\"@id\":\"https:\\\/\\\/www.exitmusic.com.ar\\\/news\\\/prensatraducciones\\\/john-leckie-sobre-the-bends\\\/#breadcrumb\",\"itemListElement\":[{\"@type\":\"ListItem\",\"position\":1,\"name\":\"Inicio\",\"item\":\"https:\\\/\\\/www.exitmusic.com.ar\\\/news\\\/\"},{\"@type\":\"ListItem\",\"position\":2,\"name\":\"Prensa\\\/Traducciones\",\"item\":\"https:\\\/\\\/www.exitmusic.com.ar\\\/news\\\/prensatraducciones\\\/\"},{\"@type\":\"ListItem\",\"position\":3,\"name\":\"John Leckie sobre The Bends\"}]},{\"@type\":\"WebSite\",\"@id\":\"https:\\\/\\\/www.exitmusic.com.ar\\\/news\\\/#website\",\"url\":\"https:\\\/\\\/www.exitmusic.com.ar\\\/news\\\/\",\"name\":\"ExitMusicAr | Radiohead Argentina\",\"description\":\"Noticias e informaci\u00f3n sobre Radiohead, EOB, Philip Selway, Jonny Greenwood, Thom Yorke, Atoms for Peace y The Smile\",\"potentialAction\":[{\"@type\":\"SearchAction\",\"target\":{\"@type\":\"EntryPoint\",\"urlTemplate\":\"https:\\\/\\\/www.exitmusic.com.ar\\\/news\\\/?s={search_term_string}\"},\"query-input\":{\"@type\":\"PropertyValueSpecification\",\"valueRequired\":true,\"valueName\":\"search_term_string\"}}],\"inLanguage\":\"es\"},{\"@type\":\"Person\",\"@id\":\"https:\\\/\\\/www.exitmusic.com.ar\\\/news\\\/#\\\/schema\\\/person\\\/5b17484c1a134bd78759c85b056b2e9a\",\"name\":\"britbomber\",\"image\":{\"@type\":\"ImageObject\",\"inLanguage\":\"es\",\"@id\":\"https:\\\/\\\/secure.gravatar.com\\\/avatar\\\/7aa60245619700190832ac995e42108bfadba25baafc3bf5bb91e97db0e7a0bd?s=96&d=identicon&r=r\",\"url\":\"https:\\\/\\\/secure.gravatar.com\\\/avatar\\\/7aa60245619700190832ac995e42108bfadba25baafc3bf5bb91e97db0e7a0bd?s=96&d=identicon&r=r\",\"contentUrl\":\"https:\\\/\\\/secure.gravatar.com\\\/avatar\\\/7aa60245619700190832ac995e42108bfadba25baafc3bf5bb91e97db0e7a0bd?s=96&d=identicon&r=r\",\"caption\":\"britbomber\"}}]}<\/script>\n<!-- \/ Yoast SEO plugin. -->","yoast_head_json":{"title":"John Leckie sobre The Bends &#8211; ExitMusicAr | Radiohead Argentina - \u00faltimas noticias","description":"John Leckie le comenta sus recuerdos de la grabaci\u00f3n de The Bends, segundo LP de Radiohead, a MusicTech.net.","robots":{"index":"index","follow":"follow","max-snippet":"max-snippet:-1","max-image-preview":"max-image-preview:large","max-video-preview":"max-video-preview:-1"},"canonical":"https:\/\/www.exitmusic.com.ar\/news\/prensatraducciones\/john-leckie-sobre-the-bends\/","og_locale":"es_ES","og_type":"article","og_title":"John Leckie sobre The Bends &#8211; ExitMusicAr | Radiohead Argentina - \u00faltimas noticias","og_description":"John Leckie le comenta sus recuerdos de la grabaci\u00f3n de The Bends, segundo LP de Radiohead, a MusicTech.net.","og_url":"https:\/\/www.exitmusic.com.ar\/news\/prensatraducciones\/john-leckie-sobre-the-bends\/","og_site_name":"ExitMusicAr | Radiohead Argentina - \u00faltimas noticias","article_publisher":"https:\/\/www.facebook.com\/ExitMusicAr","article_modified_time":"2020-09-29T19:20:26+00:00","og_image":[{"width":696,"height":278,"url":"https:\/\/www.exitmusic.com.ar\/news\/wp-content\/uploads\/2020\/03\/Leckie2Featured-696x278-1.png","type":"image\/png"}],"twitter_card":"summary_large_image","twitter_site":"@ExitMusicAr","twitter_misc":{"Tiempo de lectura":"2 minutos"},"schema":{"@context":"https:\/\/schema.org","@graph":[{"@type":"NewsArticle","@id":"https:\/\/www.exitmusic.com.ar\/news\/prensatraducciones\/john-leckie-sobre-the-bends\/#article","isPartOf":{"@id":"https:\/\/www.exitmusic.com.ar\/news\/prensatraducciones\/john-leckie-sobre-the-bends\/"},"author":{"name":"britbomber","@id":"https:\/\/www.exitmusic.com.ar\/news\/#\/schema\/person\/5b17484c1a134bd78759c85b056b2e9a"},"headline":"John Leckie sobre The Bends","datePublished":"2017-09-08T21:31:00+00:00","dateModified":"2020-09-29T19:20:26+00:00","mainEntityOfPage":{"@id":"https:\/\/www.exitmusic.com.ar\/news\/prensatraducciones\/john-leckie-sobre-the-bends\/"},"wordCount":500,"commentCount":0,"image":{"@id":"https:\/\/www.exitmusic.com.ar\/news\/prensatraducciones\/john-leckie-sobre-the-bends\/#primaryimage"},"thumbnailUrl":"https:\/\/www.exitmusic.com.ar\/news\/wp-content\/uploads\/2020\/03\/Leckie2Featured-696x278-1.png","keywords":["entrevista","john leckie","the bends"],"articleSection":["Radiohead"],"inLanguage":"es","potentialAction":[{"@type":"CommentAction","name":"Comment","target":["https:\/\/www.exitmusic.com.ar\/news\/prensatraducciones\/john-leckie-sobre-the-bends\/#respond"]}]},{"@type":["WebPage","ItemPage"],"@id":"https:\/\/www.exitmusic.com.ar\/news\/prensatraducciones\/john-leckie-sobre-the-bends\/","url":"https:\/\/www.exitmusic.com.ar\/news\/prensatraducciones\/john-leckie-sobre-the-bends\/","name":"John Leckie sobre The Bends &#8211; ExitMusicAr | Radiohead Argentina - \u00faltimas noticias","isPartOf":{"@id":"https:\/\/www.exitmusic.com.ar\/news\/#website"},"primaryImageOfPage":{"@id":"https:\/\/www.exitmusic.com.ar\/news\/prensatraducciones\/john-leckie-sobre-the-bends\/#primaryimage"},"image":{"@id":"https:\/\/www.exitmusic.com.ar\/news\/prensatraducciones\/john-leckie-sobre-the-bends\/#primaryimage"},"thumbnailUrl":"https:\/\/www.exitmusic.com.ar\/news\/wp-content\/uploads\/2020\/03\/Leckie2Featured-696x278-1.png","datePublished":"2017-09-08T21:31:00+00:00","dateModified":"2020-09-29T19:20:26+00:00","description":"John Leckie le comenta sus recuerdos de la grabaci\u00f3n de The Bends, segundo LP de Radiohead, a MusicTech.net.","breadcrumb":{"@id":"https:\/\/www.exitmusic.com.ar\/news\/prensatraducciones\/john-leckie-sobre-the-bends\/#breadcrumb"},"inLanguage":"es","potentialAction":[{"@type":"ReadAction","target":["https:\/\/www.exitmusic.com.ar\/news\/prensatraducciones\/john-leckie-sobre-the-bends\/"]}]},{"@type":"ImageObject","inLanguage":"es","@id":"https:\/\/www.exitmusic.com.ar\/news\/prensatraducciones\/john-leckie-sobre-the-bends\/#primaryimage","url":"https:\/\/www.exitmusic.com.ar\/news\/wp-content\/uploads\/2020\/03\/Leckie2Featured-696x278-1.png","contentUrl":"https:\/\/www.exitmusic.com.ar\/news\/wp-content\/uploads\/2020\/03\/Leckie2Featured-696x278-1.png","width":696,"height":278},{"@type":"BreadcrumbList","@id":"https:\/\/www.exitmusic.com.ar\/news\/prensatraducciones\/john-leckie-sobre-the-bends\/#breadcrumb","itemListElement":[{"@type":"ListItem","position":1,"name":"Inicio","item":"https:\/\/www.exitmusic.com.ar\/news\/"},{"@type":"ListItem","position":2,"name":"Prensa\/Traducciones","item":"https:\/\/www.exitmusic.com.ar\/news\/prensatraducciones\/"},{"@type":"ListItem","position":3,"name":"John Leckie sobre The Bends"}]},{"@type":"WebSite","@id":"https:\/\/www.exitmusic.com.ar\/news\/#website","url":"https:\/\/www.exitmusic.com.ar\/news\/","name":"ExitMusicAr | Radiohead Argentina","description":"Noticias e informaci\u00f3n sobre Radiohead, EOB, Philip Selway, Jonny Greenwood, Thom Yorke, Atoms for Peace y The Smile","potentialAction":[{"@type":"SearchAction","target":{"@type":"EntryPoint","urlTemplate":"https:\/\/www.exitmusic.com.ar\/news\/?s={search_term_string}"},"query-input":{"@type":"PropertyValueSpecification","valueRequired":true,"valueName":"search_term_string"}}],"inLanguage":"es"},{"@type":"Person","@id":"https:\/\/www.exitmusic.com.ar\/news\/#\/schema\/person\/5b17484c1a134bd78759c85b056b2e9a","name":"britbomber","image":{"@type":"ImageObject","inLanguage":"es","@id":"https:\/\/secure.gravatar.com\/avatar\/7aa60245619700190832ac995e42108bfadba25baafc3bf5bb91e97db0e7a0bd?s=96&d=identicon&r=r","url":"https:\/\/secure.gravatar.com\/avatar\/7aa60245619700190832ac995e42108bfadba25baafc3bf5bb91e97db0e7a0bd?s=96&d=identicon&r=r","contentUrl":"https:\/\/secure.gravatar.com\/avatar\/7aa60245619700190832ac995e42108bfadba25baafc3bf5bb91e97db0e7a0bd?s=96&d=identicon&r=r","caption":"britbomber"}}]}},"amp_enabled":true,"_links":{"self":[{"href":"https:\/\/www.exitmusic.com.ar\/news\/wp-json\/wp\/v2\/pages\/14858","targetHints":{"allow":["GET"]}}],"collection":[{"href":"https:\/\/www.exitmusic.com.ar\/news\/wp-json\/wp\/v2\/pages"}],"about":[{"href":"https:\/\/www.exitmusic.com.ar\/news\/wp-json\/wp\/v2\/types\/page"}],"author":[{"embeddable":true,"href":"https:\/\/www.exitmusic.com.ar\/news\/wp-json\/wp\/v2\/users\/2"}],"replies":[{"embeddable":true,"href":"https:\/\/www.exitmusic.com.ar\/news\/wp-json\/wp\/v2\/comments?post=14858"}],"version-history":[{"count":0,"href":"https:\/\/www.exitmusic.com.ar\/news\/wp-json\/wp\/v2\/pages\/14858\/revisions"}],"up":[{"embeddable":true,"href":"https:\/\/www.exitmusic.com.ar\/news\/wp-json\/wp\/v2\/pages\/7671"}],"wp:featuredmedia":[{"embeddable":true,"href":"https:\/\/www.exitmusic.com.ar\/news\/wp-json\/wp\/v2\/media\/14827"}],"wp:attachment":[{"href":"https:\/\/www.exitmusic.com.ar\/news\/wp-json\/wp\/v2\/media?parent=14858"}],"wp:term":[{"taxonomy":"category","embeddable":true,"href":"https:\/\/www.exitmusic.com.ar\/news\/wp-json\/wp\/v2\/categories?post=14858"},{"taxonomy":"post_tag","embeddable":true,"href":"https:\/\/www.exitmusic.com.ar\/news\/wp-json\/wp\/v2\/tags?post=14858"}],"curies":[{"name":"wp","href":"https:\/\/api.w.org\/{rel}","templated":true}]}}