{"id":14866,"date":"2020-03-08T16:33:22","date_gmt":"2020-03-08T19:33:22","guid":{"rendered":"https:\/\/www.exitmusic.com.ar\/news\/?page_id=14866"},"modified":"2021-06-25T08:58:57","modified_gmt":"2021-06-25T11:58:57","slug":"gran-parte-de-earth-requirio-acercarme-a-mi-lado-femenino","status":"publish","type":"page","link":"https:\/\/www.exitmusic.com.ar\/news\/prensatraducciones\/gran-parte-de-earth-requirio-acercarme-a-mi-lado-femenino\/","title":{"rendered":"\u00abGran parte de Earth requiri\u00f3 acercarme a mi lado femenino\u00bb"},"content":{"rendered":"<p class=\"has-text-align-right\">Publicado por <a href=\"https:\/\/globalnews-ca.cdn.ampproject.org\/v\/s\/globalnews.ca\/news\/6636410\/radiohead-ed-obrien-solo-album-earth\/amp\/?usqp=mq331AQFKAGwASA%3D&amp;amp_js_v=0.1#referrer=https%3A%2F%2Fwww.google.com&amp;amp_tf=From%20%251%24s&amp;ampshare=https%3A%2F%2Fglobalnews.ca%2Fnews%2F6636410%2Fradiohead-ed-obrien-solo-album-earth%2F\" target=\"_blank\" rel=\"noreferrer noopener\" aria-label=\"GlobalNews (Canad\u00e1) (se abre en una nueva pesta\u00f1a)\">GlobalNews (Canad\u00e1)<\/a>, el 08 de Marzo de 2020.<br>Texto por Alan Cross<\/p>\n\n\n\n<p><em>Tuviste que desarrollar una voz acorde al rol pincipal esta vez, \u00bfno?<\/em><br>Totalmente. Es algo que me gener\u00f3 muchas dudas. Al comienzo, pens\u00e9 en pedirle a alguien que cante. Ten\u00e9s que encontrar tu voz y eso es probablemente lo m\u00e1s dif\u00edcil. Despu\u00e9s de a\u00f1os de hacer coros, no es igual en el estudio. La transici\u00f3n a ser el cantante principal fue un gran paso.<\/p>\n\n\n\n<p><em>Debo confesarte que tu voz me parece muy \u2026 angelical. No es muy diferente a la de Thom<\/em><br>(risas) Pues, much\u00edsimas gracias. (m\u00e1s risas) Me encanta esa comparaci\u00f3n. Todav\u00eda estoy trabajando en ella. Vamos a salir de gira este a\u00f1o y la voz es como un m\u00fasculo, que tengo que usar m\u00e1s y cantar m\u00e1s para fortalecer y tenerla bajo mi control. Pero con este \u00e1lbum, llegu\u00e9 a un punto en el que me pod\u00eda escuchar a mi mismo sin hacer muecas de malestar. Me he salido much\u00edsimo de mi zona de confort. Pero es un buen lugar.  <\/p>\n\n\n\n<p><em>\u00bfPor qu\u00e9 lanzar el \u00e1lbum ahora?<\/em><br>No s\u00e9 si entiendo completamente el por qu\u00e9 de hacerlo ahora. Todo lo que te puedo decir es que me sent\u00ed completamente determinado a hacerlo una vez que las canciones comenzaron a emerger. Me tom\u00f3 un poco por sorpresa. Quiz\u00e1 mi carrera como compositor comenz\u00f3 a una edad avanzada.<\/p>\n\n\n<div id=\"ads_page\">\n\t<!-- wpPageAd_1 -->\n\t<amp-ad width=\"100vw\" height=\"320\"\n\t\ttype=\"adsense\"\n     \tdata-ad-client=\"ca-pub-1186082079292141\"\n     \tdata-ad-slot=\"6678768770\"\n     \tdata-auto-format=\"rspv\"\n     \tdata-full-width=\"\">\n  \t<div overflow=\"\"><\/div>\n\t<\/amp-ad>\n\t<\/div>\n\n\n\n<p><em>La producci\u00f3n del \u00e1lbum es maravillosa. Suena muy ajustada.<\/em><br>Contaba con el maestro de Flood, uno de los mejores productores de los \u00faltimos 30 a\u00f1os. Comenz\u00f3 como ingeniero a comienzos de los 80 antes de producir a Depeche Mode, U2, Smashing Pumpkins, PJ Harvey, Killers [y muchos m\u00e1s]. Es extraordinario y tiene grandes habilidades con el sonido. Y otra persona, Catherine Marks, que co-produjo algunas de las canciones. Todo se reduce a la excelencia del sonido, en realidad, y a darle al artista lo que necesita. Vengo de un lugar donde el sonido es muy, muy importante y soy bastante quisquilloso con eso, por lo que necesitaba sentirme confiado en la persona con la que trabajara para llegar a ese lugar.<\/p>\n\n\n\n<p><em>Mencionaste casi casualmente el trabajar con una mujer en la producci\u00f3n. \u00bfCu\u00e1ntas mujeres ocupan ese lugar? \u00bfun dos por ciento?<\/em><br>Si. Y esa cifra tiene que mejorar. Es un horror, la verdad; pat\u00e9tico. Catherine se destaca como ingeniera y productora. Pero tambi\u00e9n me interesaba hacer eso &#8211; en mi experiencia, los estudios son muy patriarcales\u2026 instituciones llenas de varones. Y no estaba seguro de que mi forma de crear se beneficie de esa energ\u00eda completamente masculina. Gran parte de este \u00e1lbum requiri\u00f3 que me ponga en contacto con mi lado femenino. Ese es mi lado creativo. Me encantar\u00eda que esa energ\u00eda femenina saliera al frente m\u00e1s. Creo que es algo importante. La m\u00fasica mejorar\u00eda.<\/p>\n\n\n\n<p><em>\u00bfQu\u00e9 hace diferente a este \u00e1lbum de un \u00e1lbum de Radiohead?<\/em><br>Wow. Hay similitudes &#8211; como el proceso de escritura y re-escritura y las noches oscuras del alma. Eso fue algo familiar. Pero tambi\u00e9n fue completamente diferente. En Radiohead, Thom es el compositor principal, y yo trabajo en sonidos. En mi \u00e1lbum soy mayormente yo y tengo que idear el 95% de la idea.<\/p>\n\n\n\n<p><em>Hay elementos latinos en el \u00e1lbum<\/em><br>Eso viene de los siete meses que mi familia y yo pasamos en Brasil. Me encanta la m\u00fasica latina. Me gusta la onda y la belleza que generan. Eso fue algo de lo que definitivamente me serv\u00ed.<\/p>\n\n\n\n<p><em>Est\u00e1 la canci\u00f3n <a href=\"https:\/\/www.exitmusic.com.ar\/letras\/brasil.php\">\u00abBrasil\u00bb<\/a>. Y corr\u00edgeme si me equivoco, pero me hizo pensar en \u00abMovin&#8217; On Up\u00bb de Primal Scream en una nota menor.<br><\/em>\u00abMovin&#8217; On Up\u00bb fue una parte esencial. Tuve una especie de revelaci\u00f3n cuando estaba en Brasil y puse <em>Screamadelica<\/em>. Pens\u00e9 que ese era el tipo de m\u00fasica que quer\u00eda hacer. Por eso no creo que te equivoques en sentir algo similar con esa canci\u00f3n \u2026 esa canci\u00f3n es b\u00e1sicamente m\u00fasica gospel con una base bailable. Y eso es en lo que creo me bas\u00e9 para el \u00e1lbum, ese pasaje de la oscuridad a la luz.<\/p>\n\n\n<div id=\"ads_page\"><!-- wpPagead_2 -->\n\t<amp-ad width=\"100vw\" height=\"320\"\n\t\t type=\"adsense\"\n\t\t data-ad-client=\"ca-pub-1186082079292141\"\n\t\t data-ad-slot=\"6487197087\"\n\t\t data-auto-format=\"rspv\"\n\t\t data-full-width=\"\">\n\t  <div overflow=\"\"><\/div>\n\t<\/amp-ad>\n\t<\/div>\n\n\n\n<p><em>Y tambi\u00e9n ten\u00e9s una onda bossa nova en \u00abBanksters\u00bb<\/em><br>Si. Est\u00e1 en 7\/8. Y cuando la toco en una ac\u00fastica suena un poco a bossa nova. Con el estribillo, estaba tratando de acercarme a White Stripes vs. Led Zeppelin, con un toque latino.<\/p>\n\n\n\n<p><em>Saldr\u00e1s de gira este verano. \u00bfQu\u00e9 podemos esperar ver en el escenario?<\/em><br>Espero poder crear un ambiente donde la gente se sienta segura. Que puedan bailar y perderse en la m\u00fasica. Un show inmersivo. Con suerte, ser\u00e1 un viaje emocional.<\/p>\n\n\n\n<p><em>Por \u00faltimo, la pregunta obligada. \u00bfQu\u00e9 ser\u00e1 del futuro de Radiohead?<\/em><br>No estoy seguro sobre eso, pero somos una familia, as\u00ed que hay un futuro. Hay muchas bandas que tienen planes de cinco a\u00f1os, pero nosotros no. No sabemos qu\u00e9 haremos en los pr\u00f3ximos dos meses. Nunca operamos as\u00ed. Las cosas nunca siguieron un plan. Nuestra carrera siempre ha sido una reacci\u00f3n a lo que sentimos y a lo que queremos hacer. Desear\u00eda poder darte una respuesta m\u00e1s contundente, pero no tengo idea.<\/p>","protected":false},"excerpt":{"rendered":"<p>Publicado por GlobalNews (Canad\u00e1), el 08 de Marzo de 2020.Texto por Alan Cross Tuviste que desarrollar una voz acorde al rol pincipal esta vez, \u00bfno?Totalmente. Es algo que me gener\u00f3 muchas dudas. Al comienzo, pens\u00e9&hellip; <a href=\"https:\/\/www.exitmusic.com.ar\/news\/prensatraducciones\/gran-parte-de-earth-requirio-acercarme-a-mi-lado-femenino\/\" class=\"morelink\"> m\u00e1s \u00bb<\/a><\/p>","protected":false},"author":2,"featured_media":14867,"parent":7671,"menu_order":0,"comment_status":"open","ping_status":"closed","template":"","meta":{"footnotes":""},"categories":[1384],"tags":[455,1457,26,1444],"class_list":["post-14866","page","type-page","status-publish","has-post-thumbnail","hentry","category-ed-obrien","tag-brasil","tag-earth","tag-ed-obrien","tag-eob"],"yoast_head":"<!-- This site is optimized with the Yoast SEO plugin v27.4 - https:\/\/yoast.com\/product\/yoast-seo-wordpress\/ -->\n<title>&quot;Gran parte de Earth requiri\u00f3 acercarme a mi lado femenino&quot; &#8211; ExitMusicAr | Radiohead Argentina - \u00faltimas noticias<\/title>\n<meta name=\"description\" content=\"Ed O&#039;Brien convers\u00f3 con GlobalNews de Canada sobre su debut solista, Earth, y sobre el futuro de Radiohead.\" \/>\n<meta name=\"robots\" content=\"index, follow, max-snippet:-1, max-image-preview:large, max-video-preview:-1\" \/>\n<link rel=\"canonical\" href=\"https:\/\/www.exitmusic.com.ar\/news\/prensatraducciones\/gran-parte-de-earth-requirio-acercarme-a-mi-lado-femenino\/\" \/>\n<meta property=\"og:locale\" content=\"es_ES\" \/>\n<meta property=\"og:type\" content=\"article\" \/>\n<meta property=\"og:title\" content=\"&quot;Gran parte de Earth requiri\u00f3 acercarme a mi lado femenino&quot; &#8211; ExitMusicAr | Radiohead Argentina - \u00faltimas noticias\" \/>\n<meta property=\"og:description\" content=\"Ed O&#039;Brien convers\u00f3 con GlobalNews de Canada sobre su debut solista, Earth, y sobre el futuro de Radiohead.\" \/>\n<meta property=\"og:url\" content=\"https:\/\/www.exitmusic.com.ar\/news\/prensatraducciones\/gran-parte-de-earth-requirio-acercarme-a-mi-lado-femenino\/\" \/>\n<meta property=\"og:site_name\" content=\"ExitMusicAr | Radiohead Argentina - \u00faltimas noticias\" \/>\n<meta property=\"article:publisher\" content=\"https:\/\/www.facebook.com\/ExitMusicAr\" \/>\n<meta property=\"article:modified_time\" content=\"2021-06-25T11:58:57+00:00\" \/>\n<meta property=\"og:image\" content=\"https:\/\/www.exitmusic.com.ar\/news\/wp-content\/uploads\/2020\/03\/87733670_2128219633990760_5747008852324266849_n.jpg\" \/>\n\t<meta property=\"og:image:width\" content=\"640\" \/>\n\t<meta property=\"og:image:height\" content=\"404\" \/>\n\t<meta property=\"og:image:type\" content=\"image\/jpeg\" \/>\n<meta name=\"twitter:card\" content=\"summary_large_image\" \/>\n<meta name=\"twitter:site\" content=\"@ExitMusicAr\" \/>\n<meta name=\"twitter:label1\" content=\"Tiempo de lectura\" \/>\n\t<meta name=\"twitter:data1\" content=\"4 minutos\" \/>\n<script type=\"application\/ld+json\" class=\"yoast-schema-graph\">{\"@context\":\"https:\\\/\\\/schema.org\",\"@graph\":[{\"@type\":\"NewsArticle\",\"@id\":\"https:\\\/\\\/www.exitmusic.com.ar\\\/news\\\/prensatraducciones\\\/gran-parte-de-earth-requirio-acercarme-a-mi-lado-femenino\\\/#article\",\"isPartOf\":{\"@id\":\"https:\\\/\\\/www.exitmusic.com.ar\\\/news\\\/prensatraducciones\\\/gran-parte-de-earth-requirio-acercarme-a-mi-lado-femenino\\\/\"},\"author\":{\"name\":\"britbomber\",\"@id\":\"https:\\\/\\\/www.exitmusic.com.ar\\\/news\\\/#\\\/schema\\\/person\\\/5b17484c1a134bd78759c85b056b2e9a\"},\"headline\":\"\u00abGran parte de Earth requiri\u00f3 acercarme a mi lado femenino\u00bb\",\"datePublished\":\"2020-03-08T19:33:22+00:00\",\"dateModified\":\"2021-06-25T11:58:57+00:00\",\"mainEntityOfPage\":{\"@id\":\"https:\\\/\\\/www.exitmusic.com.ar\\\/news\\\/prensatraducciones\\\/gran-parte-de-earth-requirio-acercarme-a-mi-lado-femenino\\\/\"},\"wordCount\":890,\"commentCount\":0,\"image\":{\"@id\":\"https:\\\/\\\/www.exitmusic.com.ar\\\/news\\\/prensatraducciones\\\/gran-parte-de-earth-requirio-acercarme-a-mi-lado-femenino\\\/#primaryimage\"},\"thumbnailUrl\":\"https:\\\/\\\/www.exitmusic.com.ar\\\/news\\\/wp-content\\\/uploads\\\/2020\\\/03\\\/87733670_2128219633990760_5747008852324266849_n.jpg\",\"keywords\":[\"brasil\",\"earth\",\"ed o'brien\",\"eob\"],\"articleSection\":[\"Ed O'Brien\"],\"inLanguage\":\"es\",\"potentialAction\":[{\"@type\":\"CommentAction\",\"name\":\"Comment\",\"target\":[\"https:\\\/\\\/www.exitmusic.com.ar\\\/news\\\/prensatraducciones\\\/gran-parte-de-earth-requirio-acercarme-a-mi-lado-femenino\\\/#respond\"]}]},{\"@type\":[\"WebPage\",\"ItemPage\"],\"@id\":\"https:\\\/\\\/www.exitmusic.com.ar\\\/news\\\/prensatraducciones\\\/gran-parte-de-earth-requirio-acercarme-a-mi-lado-femenino\\\/\",\"url\":\"https:\\\/\\\/www.exitmusic.com.ar\\\/news\\\/prensatraducciones\\\/gran-parte-de-earth-requirio-acercarme-a-mi-lado-femenino\\\/\",\"name\":\"\\\"Gran parte de Earth requiri\u00f3 acercarme a mi lado femenino\\\" &#8211; ExitMusicAr | Radiohead Argentina - \u00faltimas noticias\",\"isPartOf\":{\"@id\":\"https:\\\/\\\/www.exitmusic.com.ar\\\/news\\\/#website\"},\"primaryImageOfPage\":{\"@id\":\"https:\\\/\\\/www.exitmusic.com.ar\\\/news\\\/prensatraducciones\\\/gran-parte-de-earth-requirio-acercarme-a-mi-lado-femenino\\\/#primaryimage\"},\"image\":{\"@id\":\"https:\\\/\\\/www.exitmusic.com.ar\\\/news\\\/prensatraducciones\\\/gran-parte-de-earth-requirio-acercarme-a-mi-lado-femenino\\\/#primaryimage\"},\"thumbnailUrl\":\"https:\\\/\\\/www.exitmusic.com.ar\\\/news\\\/wp-content\\\/uploads\\\/2020\\\/03\\\/87733670_2128219633990760_5747008852324266849_n.jpg\",\"datePublished\":\"2020-03-08T19:33:22+00:00\",\"dateModified\":\"2021-06-25T11:58:57+00:00\",\"description\":\"Ed O'Brien convers\u00f3 con GlobalNews de Canada sobre su debut solista, Earth, y sobre el futuro de Radiohead.\",\"breadcrumb\":{\"@id\":\"https:\\\/\\\/www.exitmusic.com.ar\\\/news\\\/prensatraducciones\\\/gran-parte-de-earth-requirio-acercarme-a-mi-lado-femenino\\\/#breadcrumb\"},\"inLanguage\":\"es\",\"potentialAction\":[{\"@type\":\"ReadAction\",\"target\":[\"https:\\\/\\\/www.exitmusic.com.ar\\\/news\\\/prensatraducciones\\\/gran-parte-de-earth-requirio-acercarme-a-mi-lado-femenino\\\/\"]}]},{\"@type\":\"ImageObject\",\"inLanguage\":\"es\",\"@id\":\"https:\\\/\\\/www.exitmusic.com.ar\\\/news\\\/prensatraducciones\\\/gran-parte-de-earth-requirio-acercarme-a-mi-lado-femenino\\\/#primaryimage\",\"url\":\"https:\\\/\\\/www.exitmusic.com.ar\\\/news\\\/wp-content\\\/uploads\\\/2020\\\/03\\\/87733670_2128219633990760_5747008852324266849_n.jpg\",\"contentUrl\":\"https:\\\/\\\/www.exitmusic.com.ar\\\/news\\\/wp-content\\\/uploads\\\/2020\\\/03\\\/87733670_2128219633990760_5747008852324266849_n.jpg\",\"width\":640,\"height\":404,\"caption\":\"PH: Sarah Jeynes\"},{\"@type\":\"BreadcrumbList\",\"@id\":\"https:\\\/\\\/www.exitmusic.com.ar\\\/news\\\/prensatraducciones\\\/gran-parte-de-earth-requirio-acercarme-a-mi-lado-femenino\\\/#breadcrumb\",\"itemListElement\":[{\"@type\":\"ListItem\",\"position\":1,\"name\":\"Inicio\",\"item\":\"https:\\\/\\\/www.exitmusic.com.ar\\\/news\\\/\"},{\"@type\":\"ListItem\",\"position\":2,\"name\":\"Prensa\\\/Traducciones\",\"item\":\"https:\\\/\\\/www.exitmusic.com.ar\\\/news\\\/prensatraducciones\\\/\"},{\"@type\":\"ListItem\",\"position\":3,\"name\":\"&#8220;Gran parte de Earth requiri\u00f3 acercarme a mi lado femenino&#8221;\"}]},{\"@type\":\"WebSite\",\"@id\":\"https:\\\/\\\/www.exitmusic.com.ar\\\/news\\\/#website\",\"url\":\"https:\\\/\\\/www.exitmusic.com.ar\\\/news\\\/\",\"name\":\"ExitMusicAr | Radiohead Argentina\",\"description\":\"Noticias e informaci\u00f3n sobre Radiohead, EOB, Philip Selway, Jonny Greenwood, Thom Yorke, Atoms for Peace y The Smile\",\"potentialAction\":[{\"@type\":\"SearchAction\",\"target\":{\"@type\":\"EntryPoint\",\"urlTemplate\":\"https:\\\/\\\/www.exitmusic.com.ar\\\/news\\\/?s={search_term_string}\"},\"query-input\":{\"@type\":\"PropertyValueSpecification\",\"valueRequired\":true,\"valueName\":\"search_term_string\"}}],\"inLanguage\":\"es\"},{\"@type\":\"Person\",\"@id\":\"https:\\\/\\\/www.exitmusic.com.ar\\\/news\\\/#\\\/schema\\\/person\\\/5b17484c1a134bd78759c85b056b2e9a\",\"name\":\"britbomber\",\"image\":{\"@type\":\"ImageObject\",\"inLanguage\":\"es\",\"@id\":\"https:\\\/\\\/secure.gravatar.com\\\/avatar\\\/7aa60245619700190832ac995e42108bfadba25baafc3bf5bb91e97db0e7a0bd?s=96&d=identicon&r=r\",\"url\":\"https:\\\/\\\/secure.gravatar.com\\\/avatar\\\/7aa60245619700190832ac995e42108bfadba25baafc3bf5bb91e97db0e7a0bd?s=96&d=identicon&r=r\",\"contentUrl\":\"https:\\\/\\\/secure.gravatar.com\\\/avatar\\\/7aa60245619700190832ac995e42108bfadba25baafc3bf5bb91e97db0e7a0bd?s=96&d=identicon&r=r\",\"caption\":\"britbomber\"}}]}<\/script>\n<!-- \/ Yoast SEO plugin. -->","yoast_head_json":{"title":"\"Gran parte de Earth requiri\u00f3 acercarme a mi lado femenino\" &#8211; ExitMusicAr | Radiohead Argentina - \u00faltimas noticias","description":"Ed O'Brien convers\u00f3 con GlobalNews de Canada sobre su debut solista, Earth, y sobre el futuro de Radiohead.","robots":{"index":"index","follow":"follow","max-snippet":"max-snippet:-1","max-image-preview":"max-image-preview:large","max-video-preview":"max-video-preview:-1"},"canonical":"https:\/\/www.exitmusic.com.ar\/news\/prensatraducciones\/gran-parte-de-earth-requirio-acercarme-a-mi-lado-femenino\/","og_locale":"es_ES","og_type":"article","og_title":"\"Gran parte de Earth requiri\u00f3 acercarme a mi lado femenino\" &#8211; ExitMusicAr | Radiohead Argentina - \u00faltimas noticias","og_description":"Ed O'Brien convers\u00f3 con GlobalNews de Canada sobre su debut solista, Earth, y sobre el futuro de Radiohead.","og_url":"https:\/\/www.exitmusic.com.ar\/news\/prensatraducciones\/gran-parte-de-earth-requirio-acercarme-a-mi-lado-femenino\/","og_site_name":"ExitMusicAr | Radiohead Argentina - \u00faltimas noticias","article_publisher":"https:\/\/www.facebook.com\/ExitMusicAr","article_modified_time":"2021-06-25T11:58:57+00:00","og_image":[{"width":640,"height":404,"url":"https:\/\/www.exitmusic.com.ar\/news\/wp-content\/uploads\/2020\/03\/87733670_2128219633990760_5747008852324266849_n.jpg","type":"image\/jpeg"}],"twitter_card":"summary_large_image","twitter_site":"@ExitMusicAr","twitter_misc":{"Tiempo de lectura":"4 minutos"},"schema":{"@context":"https:\/\/schema.org","@graph":[{"@type":"NewsArticle","@id":"https:\/\/www.exitmusic.com.ar\/news\/prensatraducciones\/gran-parte-de-earth-requirio-acercarme-a-mi-lado-femenino\/#article","isPartOf":{"@id":"https:\/\/www.exitmusic.com.ar\/news\/prensatraducciones\/gran-parte-de-earth-requirio-acercarme-a-mi-lado-femenino\/"},"author":{"name":"britbomber","@id":"https:\/\/www.exitmusic.com.ar\/news\/#\/schema\/person\/5b17484c1a134bd78759c85b056b2e9a"},"headline":"\u00abGran parte de Earth requiri\u00f3 acercarme a mi lado femenino\u00bb","datePublished":"2020-03-08T19:33:22+00:00","dateModified":"2021-06-25T11:58:57+00:00","mainEntityOfPage":{"@id":"https:\/\/www.exitmusic.com.ar\/news\/prensatraducciones\/gran-parte-de-earth-requirio-acercarme-a-mi-lado-femenino\/"},"wordCount":890,"commentCount":0,"image":{"@id":"https:\/\/www.exitmusic.com.ar\/news\/prensatraducciones\/gran-parte-de-earth-requirio-acercarme-a-mi-lado-femenino\/#primaryimage"},"thumbnailUrl":"https:\/\/www.exitmusic.com.ar\/news\/wp-content\/uploads\/2020\/03\/87733670_2128219633990760_5747008852324266849_n.jpg","keywords":["brasil","earth","ed o'brien","eob"],"articleSection":["Ed O'Brien"],"inLanguage":"es","potentialAction":[{"@type":"CommentAction","name":"Comment","target":["https:\/\/www.exitmusic.com.ar\/news\/prensatraducciones\/gran-parte-de-earth-requirio-acercarme-a-mi-lado-femenino\/#respond"]}]},{"@type":["WebPage","ItemPage"],"@id":"https:\/\/www.exitmusic.com.ar\/news\/prensatraducciones\/gran-parte-de-earth-requirio-acercarme-a-mi-lado-femenino\/","url":"https:\/\/www.exitmusic.com.ar\/news\/prensatraducciones\/gran-parte-de-earth-requirio-acercarme-a-mi-lado-femenino\/","name":"\"Gran parte de Earth requiri\u00f3 acercarme a mi lado femenino\" &#8211; ExitMusicAr | Radiohead Argentina - \u00faltimas noticias","isPartOf":{"@id":"https:\/\/www.exitmusic.com.ar\/news\/#website"},"primaryImageOfPage":{"@id":"https:\/\/www.exitmusic.com.ar\/news\/prensatraducciones\/gran-parte-de-earth-requirio-acercarme-a-mi-lado-femenino\/#primaryimage"},"image":{"@id":"https:\/\/www.exitmusic.com.ar\/news\/prensatraducciones\/gran-parte-de-earth-requirio-acercarme-a-mi-lado-femenino\/#primaryimage"},"thumbnailUrl":"https:\/\/www.exitmusic.com.ar\/news\/wp-content\/uploads\/2020\/03\/87733670_2128219633990760_5747008852324266849_n.jpg","datePublished":"2020-03-08T19:33:22+00:00","dateModified":"2021-06-25T11:58:57+00:00","description":"Ed O'Brien convers\u00f3 con GlobalNews de Canada sobre su debut solista, Earth, y sobre el futuro de Radiohead.","breadcrumb":{"@id":"https:\/\/www.exitmusic.com.ar\/news\/prensatraducciones\/gran-parte-de-earth-requirio-acercarme-a-mi-lado-femenino\/#breadcrumb"},"inLanguage":"es","potentialAction":[{"@type":"ReadAction","target":["https:\/\/www.exitmusic.com.ar\/news\/prensatraducciones\/gran-parte-de-earth-requirio-acercarme-a-mi-lado-femenino\/"]}]},{"@type":"ImageObject","inLanguage":"es","@id":"https:\/\/www.exitmusic.com.ar\/news\/prensatraducciones\/gran-parte-de-earth-requirio-acercarme-a-mi-lado-femenino\/#primaryimage","url":"https:\/\/www.exitmusic.com.ar\/news\/wp-content\/uploads\/2020\/03\/87733670_2128219633990760_5747008852324266849_n.jpg","contentUrl":"https:\/\/www.exitmusic.com.ar\/news\/wp-content\/uploads\/2020\/03\/87733670_2128219633990760_5747008852324266849_n.jpg","width":640,"height":404,"caption":"PH: Sarah Jeynes"},{"@type":"BreadcrumbList","@id":"https:\/\/www.exitmusic.com.ar\/news\/prensatraducciones\/gran-parte-de-earth-requirio-acercarme-a-mi-lado-femenino\/#breadcrumb","itemListElement":[{"@type":"ListItem","position":1,"name":"Inicio","item":"https:\/\/www.exitmusic.com.ar\/news\/"},{"@type":"ListItem","position":2,"name":"Prensa\/Traducciones","item":"https:\/\/www.exitmusic.com.ar\/news\/prensatraducciones\/"},{"@type":"ListItem","position":3,"name":"&#8220;Gran parte de Earth requiri\u00f3 acercarme a mi lado femenino&#8221;"}]},{"@type":"WebSite","@id":"https:\/\/www.exitmusic.com.ar\/news\/#website","url":"https:\/\/www.exitmusic.com.ar\/news\/","name":"ExitMusicAr | Radiohead Argentina","description":"Noticias e informaci\u00f3n sobre Radiohead, EOB, Philip Selway, Jonny Greenwood, Thom Yorke, Atoms for Peace y The Smile","potentialAction":[{"@type":"SearchAction","target":{"@type":"EntryPoint","urlTemplate":"https:\/\/www.exitmusic.com.ar\/news\/?s={search_term_string}"},"query-input":{"@type":"PropertyValueSpecification","valueRequired":true,"valueName":"search_term_string"}}],"inLanguage":"es"},{"@type":"Person","@id":"https:\/\/www.exitmusic.com.ar\/news\/#\/schema\/person\/5b17484c1a134bd78759c85b056b2e9a","name":"britbomber","image":{"@type":"ImageObject","inLanguage":"es","@id":"https:\/\/secure.gravatar.com\/avatar\/7aa60245619700190832ac995e42108bfadba25baafc3bf5bb91e97db0e7a0bd?s=96&d=identicon&r=r","url":"https:\/\/secure.gravatar.com\/avatar\/7aa60245619700190832ac995e42108bfadba25baafc3bf5bb91e97db0e7a0bd?s=96&d=identicon&r=r","contentUrl":"https:\/\/secure.gravatar.com\/avatar\/7aa60245619700190832ac995e42108bfadba25baafc3bf5bb91e97db0e7a0bd?s=96&d=identicon&r=r","caption":"britbomber"}}]}},"amp_enabled":true,"_links":{"self":[{"href":"https:\/\/www.exitmusic.com.ar\/news\/wp-json\/wp\/v2\/pages\/14866","targetHints":{"allow":["GET"]}}],"collection":[{"href":"https:\/\/www.exitmusic.com.ar\/news\/wp-json\/wp\/v2\/pages"}],"about":[{"href":"https:\/\/www.exitmusic.com.ar\/news\/wp-json\/wp\/v2\/types\/page"}],"author":[{"embeddable":true,"href":"https:\/\/www.exitmusic.com.ar\/news\/wp-json\/wp\/v2\/users\/2"}],"replies":[{"embeddable":true,"href":"https:\/\/www.exitmusic.com.ar\/news\/wp-json\/wp\/v2\/comments?post=14866"}],"version-history":[{"count":0,"href":"https:\/\/www.exitmusic.com.ar\/news\/wp-json\/wp\/v2\/pages\/14866\/revisions"}],"up":[{"embeddable":true,"href":"https:\/\/www.exitmusic.com.ar\/news\/wp-json\/wp\/v2\/pages\/7671"}],"wp:featuredmedia":[{"embeddable":true,"href":"https:\/\/www.exitmusic.com.ar\/news\/wp-json\/wp\/v2\/media\/14867"}],"wp:attachment":[{"href":"https:\/\/www.exitmusic.com.ar\/news\/wp-json\/wp\/v2\/media?parent=14866"}],"wp:term":[{"taxonomy":"category","embeddable":true,"href":"https:\/\/www.exitmusic.com.ar\/news\/wp-json\/wp\/v2\/categories?post=14866"},{"taxonomy":"post_tag","embeddable":true,"href":"https:\/\/www.exitmusic.com.ar\/news\/wp-json\/wp\/v2\/tags?post=14866"}],"curies":[{"name":"wp","href":"https:\/\/api.w.org\/{rel}","templated":true}]}}