{"id":14880,"date":"2020-03-15T09:40:52","date_gmt":"2020-03-15T12:40:52","guid":{"rendered":"https:\/\/www.exitmusic.com.ar\/news\/?page_id=14880"},"modified":"2020-09-28T21:15:22","modified_gmt":"2020-09-29T00:15:22","slug":"detras-del-iconico-clip-de-just-con-jamie-thraves","status":"publish","type":"page","link":"https:\/\/www.exitmusic.com.ar\/news\/prensatraducciones\/detras-del-iconico-clip-de-just-con-jamie-thraves\/","title":{"rendered":"Detr\u00e1s del ic\u00f3nico clip de \u00abJust\u00bb con Jamie Thraves"},"content":{"rendered":"<p>El director Jamie Thraves hab\u00eda salido de la universidad hac\u00eda un par de a\u00f1os cuando se acercaron a \u00e9l para que dirija el video de <a href=\"https:\/\/www.exitmusic.com.ar\/letras\/just.php\">\u00abJust\u00bb<\/a> de Radiohead, un corte de <em><a href=\"https:\/\/www.exitmusic.com.ar\/discografia\/thebends\/\">The Bends<\/a><\/em> de 1995. Thraves consigui\u00f3 el trabajo a trav\u00e9s de su reciente empleador, Oil Factory Productions &#8211; una compa\u00f1\u00eda de producci\u00f3n de videos manejada por John Stewart, hermano de Dave Stewart de Eurythmics. \u00abJohn le mand\u00f3 mis producciones a Dilly Gent, el encargado de los videos de Radiohead, y ella me envi\u00f3 &#8216;Just&#8217; para que lo escuche\u00bb, recuerda.<br>Pronto, Thraves termin\u00f3 dirigiendo uno de los videoclips m\u00e1s ic\u00f3nicos de los noventa &#8211; un corto atrapante en el que un hombre se acuesta en una vereda de Londres, sin poder explicar por qu\u00e9. Una multitud se agolpa alrededor y los miembros de Radiohead miran desde arriba.<br> \u00abSent\u00ed escalofr\u00edos cuando me di cuenta que el final de la historia funcionar\u00eda perfecto con el solo de guitarra ascendente\u00bb, recuerda. \u00abOtra gente me dijo que sinti\u00f3 lo mismo. Desde entonces, trat\u00e9 de compartir esa sensaci\u00f3n en mi trabajo. Es adictiva\u00bb.<\/p>\n\n\n\n<figure class=\"wp-block-embed-youtube wp-block-embed is-type-video is-provider-youtube wp-embed-aspect-16-9 wp-has-aspect-ratio\"><div class=\"wp-block-embed__wrapper\">\n<iframe loading=\"lazy\" title=\"Radiohead - Just (Drama-only edit)\" width=\"840\" height=\"473\" src=\"https:\/\/www.youtube.com\/embed\/UfQU6os7XDo?feature=oembed\" frameborder=\"0\" allow=\"accelerometer; autoplay; clipboard-write; encrypted-media; gyroscope; picture-in-picture\" allowfullscreen><\/iframe>\n<\/div><\/figure>\n\n\n\n<p><em>\u00bfDe qui\u00e9n es el concepto del video?<\/em><br>Escrib\u00ed y dirig\u00ed todo desde cero. Era un libreto de 10 p\u00e1ginas con di\u00e1logo. Originalmente, iba a ser mi pr\u00f3ximo corto, pero cuando escuch\u00e9 <a href=\"https:\/\/www.exitmusic.com.ar\/discografia\/thebends\/just\/\">\u00abJust\u00bb<\/a>, mi historia y la canci\u00f3n explotaron en mi cabeza y se fundieron, como si fueran siempre hubieran sido parte del otro. Literalmente, tuve una explosi\u00f3n en el cerebro. Como que me enceguec\u00ed por una mil\u00e9sima de segundo, por la sorpresa.<\/p>\n\n\n\n<p><em>\u00bfCu\u00e1nto tom\u00f3 la grabaci\u00f3n del video?<\/em><br>Dos d\u00edas. Un d\u00eda en en un estudio en Londres para grabar a la banda tocando. Constru\u00edmos todo un departamento &#8211; quer\u00eda ver a la banda desde cualquier \u00e1ngulo. El set se construy\u00f3 en una plataforma elevada, para poder verlos cuando miran por la ventana.<br> El segundo d\u00eda fue grabado en un lugar cerca de Liverpool Street Station, en Londres. Jugu\u00e9 con el vestuario, dise\u00f1o e iluminaci\u00f3n porque quer\u00eda que no fuera f\u00e1cil identificar d\u00f3nde y cu\u00e1ndo se hab\u00eda grabado el video. Quer\u00eda que transmitiera atemporalidad. La est\u00e9tica est\u00e1 inspirada en las pel\u00edculas de Hitchcock y tambi\u00e9n en <em>The Conformist<\/em> de Bertolucci. El actor principal &#8211; el que se acuesta en el piso &#8211; recibi\u00f3 ese rol solo porque me recordaba a Jean-Louis Trintignant.<\/p>\n\n\n<div id=\"ads_page\">\n\t<!-- wpPageAd_1 -->\n\t<amp-ad width=\"100vw\" height=\"320\"\n\t\ttype=\"adsense\"\n     \tdata-ad-client=\"ca-pub-1186082079292141\"\n     \tdata-ad-slot=\"6678768770\"\n     \tdata-auto-format=\"rspv\"\n     \tdata-full-width=\"\">\n  \t<div overflow=\"\"><\/div>\n\t<\/amp-ad>\n\t<\/div>\n\n\n\n<p><em>\u00bfC\u00f3mo era la atm\u00f3sfera en el set?<\/em><br>Muy emocionante. Todos estaban sorprendidos por la canci\u00f3n, pero todos sab\u00edan que est\u00e1bamos haciendo algo que iba a ser especial porque est\u00e1bamos trabajando con una banda que iba a ser enorme. Radiohead fue el equivalente de Los Beatles o Los Stones de mi generaci\u00f3n, quiz\u00e1 hasta los Nirvana del Reino Unido. Aunque no eran tan conocidos en ese momento, todos sab\u00edamos que era m\u00e1gico.<\/p>\n\n\n\n<p><em>\u00bfC\u00f3mo fue trabajar con la banda?<\/em><br>Todos estaban felices con la idea. Creo que sab\u00edan que iba a funcionar muy bien con la canci\u00f3n. Me dijeron que hab\u00edan tenido una charla antes de la toma y hab\u00edan acordado darlo todo con su performance, y lo hicieron. Despu\u00e9s de cada toma, volv\u00edamos al set y parec\u00eda cambiar el aire, como si la banda y la canci\u00f3n hubieran reacomodado algunas part\u00edculas. Recuerdo que mi piel estaba erizada.<br>Tambi\u00e9n recuerdo a Thom sentado en la cama del set tocando una canci\u00f3n en la ac\u00fastica. No recuerdo si era algo conocido o no, pero recuerdo que ten\u00eda una manera inusual de tocar la guitarra r\u00edtmica; no hab\u00eda escuchado nada similar antes. Extra\u00f1o, con ritmo stacatto, hipn\u00f3tica. Como si un extraterrestre tocara la guitarra.<\/p>\n\n\n\n<figure class=\"wp-block-embed-youtube wp-block-embed is-type-video is-provider-youtube wp-embed-aspect-16-9 wp-has-aspect-ratio\"><div class=\"wp-block-embed__wrapper\">\n<iframe loading=\"lazy\" title=\"Radiohead - Just (Performance Version)\" width=\"840\" height=\"473\" src=\"https:\/\/www.youtube.com\/embed\/bwdbaL6vwoM?feature=oembed\" frameborder=\"0\" allow=\"accelerometer; autoplay; clipboard-write; encrypted-media; gyroscope; picture-in-picture\" allowfullscreen><\/iframe>\n<\/div><\/figure>\n\n\n\n<p><em>Los fans se preguntan hace a\u00f1os qu\u00e9 dice el hombre al final del video que hace que la multitud tambi\u00e9n se acueste en el suelo. \u00bfQu\u00e9 dice?<\/em><br>No le he dicho a nadie en 25 a\u00f1os. No ten\u00eda idea de que iba a causar tanto revuelo e intriga, lo juro. En ese momento, simplemente no vi opci\u00f3n m\u00e1s que eliminar lo que dice; aument\u00f3 la magia. Revelar eso simplemente matar\u00eda el video. Hay una respuesta muy l\u00f3gica y simple, un concepto, lo que sea &#8211; pero no importa qu\u00e9 tan buena sea, siempre va a decepcionar. Les he contado a algunos cercanos durante los a\u00f1os.<br>A veces estoy tentado de ir a YouTube con un seud\u00f3nimo y explicar la verdad en medio de tanta conjetura. Quiz\u00e1 ya lo hice. Mir\u00e1, estoy hablando mucho. Estaba pensando en decirles a mis hijos, Thomas (15) y Harvey (12), como para pasarles el secreto familiar, pero para ser honestos, es una carga. Que te pregunten siempre y tener que decir \u00abno, lo siento, no te puedo decir\u00bb. Por eso no estoy seguro si quiero hacerlo.<br> Probablemente me lleve el secreto conmigo, a menos que un fan multimillonario de Radiohead quiera comprar el secreto. Puede que lo piense muy bien, pero les costar\u00e1 un mont\u00f3n enorme de dinero, y deber\u00edan firmar un contrato de que guardar\u00edan el secreto. Quiero revelar la respuesta, como ves; ha sido una gran carga pero tambi\u00e9n es genial ser el \u00fanico que lo sabe. Es como haber dado con el sentido de la vida. Quiz\u00e1s lo hice. Por favor, no me hagas decirte. No quisieras saberlo.<\/p>\n\n\n\n<p class=\"has-text-align-right\">Publicado originalmente por <a rel=\"noreferrer noopener\" aria-label=\"RollingStone (se abre en una nueva pesta\u00f1a)\" href=\"https:\/\/www.rollingstone.com\/music\/music-features\/radiohead-the-bends-just-video-965941\/\" target=\"_blank\">RollingStone<\/a>, el 13 de Marzo de 2020<br>Texto original por Angie Martoccio.<\/p>","protected":false},"excerpt":{"rendered":"<p>El director Jamie Thraves hab\u00eda salido de la universidad hac\u00eda un par de a\u00f1os cuando se acercaron a \u00e9l para que dirija el video de \u00abJust\u00bb de Radiohead, un corte de The Bends de 1995.&hellip; <a href=\"https:\/\/www.exitmusic.com.ar\/news\/prensatraducciones\/detras-del-iconico-clip-de-just-con-jamie-thraves\/\" class=\"morelink\"> m\u00e1s \u00bb<\/a><\/p>","protected":false},"author":2,"featured_media":14881,"parent":7671,"menu_order":0,"comment_status":"closed","ping_status":"closed","template":"","meta":{"footnotes":""},"categories":[1383],"tags":[1507,152,62,337],"class_list":["post-14880","page","type-page","status-publish","has-post-thumbnail","hentry","category-radiohead","tag-jamie-thraves","tag-just","tag-the-bends","tag-videoclip"],"yoast_head":"<!-- This site is optimized with the Yoast SEO plugin v27.5 - https:\/\/yoast.com\/product\/yoast-seo-wordpress\/ -->\n<title>Detr\u00e1s del ic\u00f3nico clip de &quot;Just&quot; con Jamie Thraves &#8211; ExitMusicAr | Radiohead Argentina - \u00faltimas noticias<\/title>\n<meta name=\"description\" content=\"El director Jamie Thraves le dio a RollingStone un vistazo al proceso de producci\u00f3n del clip de &quot;Just&quot; de Radiohead\" \/>\n<meta name=\"robots\" content=\"index, follow, max-snippet:-1, max-image-preview:large, max-video-preview:-1\" \/>\n<link rel=\"canonical\" href=\"https:\/\/www.exitmusic.com.ar\/news\/prensatraducciones\/detras-del-iconico-clip-de-just-con-jamie-thraves\/\" \/>\n<meta property=\"og:locale\" content=\"es_ES\" \/>\n<meta property=\"og:type\" content=\"article\" \/>\n<meta property=\"og:title\" content=\"Detr\u00e1s del ic\u00f3nico clip de &quot;Just&quot; con Jamie Thraves &#8211; ExitMusicAr | Radiohead Argentina - \u00faltimas noticias\" \/>\n<meta property=\"og:description\" content=\"El director Jamie Thraves le dio a RollingStone un vistazo al proceso de producci\u00f3n del clip de &quot;Just&quot; de Radiohead\" \/>\n<meta property=\"og:url\" content=\"https:\/\/www.exitmusic.com.ar\/news\/prensatraducciones\/detras-del-iconico-clip-de-just-con-jamie-thraves\/\" \/>\n<meta property=\"og:site_name\" content=\"ExitMusicAr | Radiohead Argentina - \u00faltimas noticias\" \/>\n<meta property=\"article:publisher\" content=\"https:\/\/www.facebook.com\/ExitMusicAr\" \/>\n<meta property=\"article:modified_time\" content=\"2020-09-29T00:15:22+00:00\" \/>\n<meta property=\"og:image\" content=\"https:\/\/www.exitmusic.com.ar\/news\/wp-content\/uploads\/2020\/03\/IMG_2181.jpg\" \/>\n\t<meta property=\"og:image:width\" content=\"640\" \/>\n\t<meta property=\"og:image:height\" content=\"427\" \/>\n\t<meta property=\"og:image:type\" content=\"image\/jpeg\" \/>\n<meta name=\"twitter:card\" content=\"summary_large_image\" \/>\n<meta name=\"twitter:site\" content=\"@ExitMusicAr\" \/>\n<meta name=\"twitter:label1\" content=\"Tiempo de lectura\" \/>\n\t<meta name=\"twitter:data1\" content=\"5 minutos\" \/>\n<script type=\"application\/ld+json\" class=\"yoast-schema-graph\">{\"@context\":\"https:\\\/\\\/schema.org\",\"@graph\":[{\"@type\":\"NewsArticle\",\"@id\":\"https:\\\/\\\/www.exitmusic.com.ar\\\/news\\\/prensatraducciones\\\/detras-del-iconico-clip-de-just-con-jamie-thraves\\\/#article\",\"isPartOf\":{\"@id\":\"https:\\\/\\\/www.exitmusic.com.ar\\\/news\\\/prensatraducciones\\\/detras-del-iconico-clip-de-just-con-jamie-thraves\\\/\"},\"author\":{\"name\":\"britbomber\",\"@id\":\"https:\\\/\\\/www.exitmusic.com.ar\\\/news\\\/#\\\/schema\\\/person\\\/5b17484c1a134bd78759c85b056b2e9a\"},\"headline\":\"Detr\u00e1s del ic\u00f3nico clip de \u00abJust\u00bb con Jamie Thraves\",\"datePublished\":\"2020-03-15T12:40:52+00:00\",\"dateModified\":\"2020-09-29T00:15:22+00:00\",\"mainEntityOfPage\":{\"@id\":\"https:\\\/\\\/www.exitmusic.com.ar\\\/news\\\/prensatraducciones\\\/detras-del-iconico-clip-de-just-con-jamie-thraves\\\/\"},\"wordCount\":961,\"image\":{\"@id\":\"https:\\\/\\\/www.exitmusic.com.ar\\\/news\\\/prensatraducciones\\\/detras-del-iconico-clip-de-just-con-jamie-thraves\\\/#primaryimage\"},\"thumbnailUrl\":\"https:\\\/\\\/www.exitmusic.com.ar\\\/news\\\/wp-content\\\/uploads\\\/2020\\\/03\\\/IMG_2181.jpg\",\"keywords\":[\"jamie thraves\",\"just\",\"the bends\",\"videoclip\"],\"articleSection\":[\"Radiohead\"],\"inLanguage\":\"es\"},{\"@type\":[\"WebPage\",\"ItemPage\"],\"@id\":\"https:\\\/\\\/www.exitmusic.com.ar\\\/news\\\/prensatraducciones\\\/detras-del-iconico-clip-de-just-con-jamie-thraves\\\/\",\"url\":\"https:\\\/\\\/www.exitmusic.com.ar\\\/news\\\/prensatraducciones\\\/detras-del-iconico-clip-de-just-con-jamie-thraves\\\/\",\"name\":\"Detr\u00e1s del ic\u00f3nico clip de \\\"Just\\\" con Jamie Thraves &#8211; ExitMusicAr | Radiohead Argentina - \u00faltimas noticias\",\"isPartOf\":{\"@id\":\"https:\\\/\\\/www.exitmusic.com.ar\\\/news\\\/#website\"},\"primaryImageOfPage\":{\"@id\":\"https:\\\/\\\/www.exitmusic.com.ar\\\/news\\\/prensatraducciones\\\/detras-del-iconico-clip-de-just-con-jamie-thraves\\\/#primaryimage\"},\"image\":{\"@id\":\"https:\\\/\\\/www.exitmusic.com.ar\\\/news\\\/prensatraducciones\\\/detras-del-iconico-clip-de-just-con-jamie-thraves\\\/#primaryimage\"},\"thumbnailUrl\":\"https:\\\/\\\/www.exitmusic.com.ar\\\/news\\\/wp-content\\\/uploads\\\/2020\\\/03\\\/IMG_2181.jpg\",\"datePublished\":\"2020-03-15T12:40:52+00:00\",\"dateModified\":\"2020-09-29T00:15:22+00:00\",\"description\":\"El director Jamie Thraves le dio a RollingStone un vistazo al proceso de producci\u00f3n del clip de \\\"Just\\\" de Radiohead\",\"breadcrumb\":{\"@id\":\"https:\\\/\\\/www.exitmusic.com.ar\\\/news\\\/prensatraducciones\\\/detras-del-iconico-clip-de-just-con-jamie-thraves\\\/#breadcrumb\"},\"inLanguage\":\"es\",\"potentialAction\":[{\"@type\":\"ReadAction\",\"target\":[\"https:\\\/\\\/www.exitmusic.com.ar\\\/news\\\/prensatraducciones\\\/detras-del-iconico-clip-de-just-con-jamie-thraves\\\/\"]}]},{\"@type\":\"ImageObject\",\"inLanguage\":\"es\",\"@id\":\"https:\\\/\\\/www.exitmusic.com.ar\\\/news\\\/prensatraducciones\\\/detras-del-iconico-clip-de-just-con-jamie-thraves\\\/#primaryimage\",\"url\":\"https:\\\/\\\/www.exitmusic.com.ar\\\/news\\\/wp-content\\\/uploads\\\/2020\\\/03\\\/IMG_2181.jpg\",\"contentUrl\":\"https:\\\/\\\/www.exitmusic.com.ar\\\/news\\\/wp-content\\\/uploads\\\/2020\\\/03\\\/IMG_2181.jpg\",\"width\":640,\"height\":427,\"caption\":\"jamie thraves\"},{\"@type\":\"BreadcrumbList\",\"@id\":\"https:\\\/\\\/www.exitmusic.com.ar\\\/news\\\/prensatraducciones\\\/detras-del-iconico-clip-de-just-con-jamie-thraves\\\/#breadcrumb\",\"itemListElement\":[{\"@type\":\"ListItem\",\"position\":1,\"name\":\"Inicio\",\"item\":\"https:\\\/\\\/www.exitmusic.com.ar\\\/news\\\/\"},{\"@type\":\"ListItem\",\"position\":2,\"name\":\"Prensa\\\/Traducciones\",\"item\":\"https:\\\/\\\/www.exitmusic.com.ar\\\/news\\\/prensatraducciones\\\/\"},{\"@type\":\"ListItem\",\"position\":3,\"name\":\"Detr\u00e1s del ic\u00f3nico clip de &#8220;Just&#8221; con Jamie Thraves\"}]},{\"@type\":\"WebSite\",\"@id\":\"https:\\\/\\\/www.exitmusic.com.ar\\\/news\\\/#website\",\"url\":\"https:\\\/\\\/www.exitmusic.com.ar\\\/news\\\/\",\"name\":\"ExitMusicAr | Radiohead Argentina\",\"description\":\"Noticias e informaci\u00f3n sobre Radiohead, EOB, Philip Selway, Jonny Greenwood, Thom Yorke, Atoms for Peace y The Smile\",\"potentialAction\":[{\"@type\":\"SearchAction\",\"target\":{\"@type\":\"EntryPoint\",\"urlTemplate\":\"https:\\\/\\\/www.exitmusic.com.ar\\\/news\\\/?s={search_term_string}\"},\"query-input\":{\"@type\":\"PropertyValueSpecification\",\"valueRequired\":true,\"valueName\":\"search_term_string\"}}],\"inLanguage\":\"es\"},{\"@type\":\"Person\",\"@id\":\"https:\\\/\\\/www.exitmusic.com.ar\\\/news\\\/#\\\/schema\\\/person\\\/5b17484c1a134bd78759c85b056b2e9a\",\"name\":\"britbomber\",\"image\":{\"@type\":\"ImageObject\",\"inLanguage\":\"es\",\"@id\":\"https:\\\/\\\/secure.gravatar.com\\\/avatar\\\/7aa60245619700190832ac995e42108bfadba25baafc3bf5bb91e97db0e7a0bd?s=96&d=identicon&r=r\",\"url\":\"https:\\\/\\\/secure.gravatar.com\\\/avatar\\\/7aa60245619700190832ac995e42108bfadba25baafc3bf5bb91e97db0e7a0bd?s=96&d=identicon&r=r\",\"contentUrl\":\"https:\\\/\\\/secure.gravatar.com\\\/avatar\\\/7aa60245619700190832ac995e42108bfadba25baafc3bf5bb91e97db0e7a0bd?s=96&d=identicon&r=r\",\"caption\":\"britbomber\"}}]}<\/script>\n<!-- \/ Yoast SEO plugin. -->","yoast_head_json":{"title":"Detr\u00e1s del ic\u00f3nico clip de \"Just\" con Jamie Thraves &#8211; ExitMusicAr | Radiohead Argentina - \u00faltimas noticias","description":"El director Jamie Thraves le dio a RollingStone un vistazo al proceso de producci\u00f3n del clip de \"Just\" de Radiohead","robots":{"index":"index","follow":"follow","max-snippet":"max-snippet:-1","max-image-preview":"max-image-preview:large","max-video-preview":"max-video-preview:-1"},"canonical":"https:\/\/www.exitmusic.com.ar\/news\/prensatraducciones\/detras-del-iconico-clip-de-just-con-jamie-thraves\/","og_locale":"es_ES","og_type":"article","og_title":"Detr\u00e1s del ic\u00f3nico clip de \"Just\" con Jamie Thraves &#8211; ExitMusicAr | Radiohead Argentina - \u00faltimas noticias","og_description":"El director Jamie Thraves le dio a RollingStone un vistazo al proceso de producci\u00f3n del clip de \"Just\" de Radiohead","og_url":"https:\/\/www.exitmusic.com.ar\/news\/prensatraducciones\/detras-del-iconico-clip-de-just-con-jamie-thraves\/","og_site_name":"ExitMusicAr | Radiohead Argentina - \u00faltimas noticias","article_publisher":"https:\/\/www.facebook.com\/ExitMusicAr","article_modified_time":"2020-09-29T00:15:22+00:00","og_image":[{"width":640,"height":427,"url":"https:\/\/www.exitmusic.com.ar\/news\/wp-content\/uploads\/2020\/03\/IMG_2181.jpg","type":"image\/jpeg"}],"twitter_card":"summary_large_image","twitter_site":"@ExitMusicAr","twitter_misc":{"Tiempo de lectura":"5 minutos"},"schema":{"@context":"https:\/\/schema.org","@graph":[{"@type":"NewsArticle","@id":"https:\/\/www.exitmusic.com.ar\/news\/prensatraducciones\/detras-del-iconico-clip-de-just-con-jamie-thraves\/#article","isPartOf":{"@id":"https:\/\/www.exitmusic.com.ar\/news\/prensatraducciones\/detras-del-iconico-clip-de-just-con-jamie-thraves\/"},"author":{"name":"britbomber","@id":"https:\/\/www.exitmusic.com.ar\/news\/#\/schema\/person\/5b17484c1a134bd78759c85b056b2e9a"},"headline":"Detr\u00e1s del ic\u00f3nico clip de \u00abJust\u00bb con Jamie Thraves","datePublished":"2020-03-15T12:40:52+00:00","dateModified":"2020-09-29T00:15:22+00:00","mainEntityOfPage":{"@id":"https:\/\/www.exitmusic.com.ar\/news\/prensatraducciones\/detras-del-iconico-clip-de-just-con-jamie-thraves\/"},"wordCount":961,"image":{"@id":"https:\/\/www.exitmusic.com.ar\/news\/prensatraducciones\/detras-del-iconico-clip-de-just-con-jamie-thraves\/#primaryimage"},"thumbnailUrl":"https:\/\/www.exitmusic.com.ar\/news\/wp-content\/uploads\/2020\/03\/IMG_2181.jpg","keywords":["jamie thraves","just","the bends","videoclip"],"articleSection":["Radiohead"],"inLanguage":"es"},{"@type":["WebPage","ItemPage"],"@id":"https:\/\/www.exitmusic.com.ar\/news\/prensatraducciones\/detras-del-iconico-clip-de-just-con-jamie-thraves\/","url":"https:\/\/www.exitmusic.com.ar\/news\/prensatraducciones\/detras-del-iconico-clip-de-just-con-jamie-thraves\/","name":"Detr\u00e1s del ic\u00f3nico clip de \"Just\" con Jamie Thraves &#8211; ExitMusicAr | Radiohead Argentina - \u00faltimas noticias","isPartOf":{"@id":"https:\/\/www.exitmusic.com.ar\/news\/#website"},"primaryImageOfPage":{"@id":"https:\/\/www.exitmusic.com.ar\/news\/prensatraducciones\/detras-del-iconico-clip-de-just-con-jamie-thraves\/#primaryimage"},"image":{"@id":"https:\/\/www.exitmusic.com.ar\/news\/prensatraducciones\/detras-del-iconico-clip-de-just-con-jamie-thraves\/#primaryimage"},"thumbnailUrl":"https:\/\/www.exitmusic.com.ar\/news\/wp-content\/uploads\/2020\/03\/IMG_2181.jpg","datePublished":"2020-03-15T12:40:52+00:00","dateModified":"2020-09-29T00:15:22+00:00","description":"El director Jamie Thraves le dio a RollingStone un vistazo al proceso de producci\u00f3n del clip de \"Just\" de Radiohead","breadcrumb":{"@id":"https:\/\/www.exitmusic.com.ar\/news\/prensatraducciones\/detras-del-iconico-clip-de-just-con-jamie-thraves\/#breadcrumb"},"inLanguage":"es","potentialAction":[{"@type":"ReadAction","target":["https:\/\/www.exitmusic.com.ar\/news\/prensatraducciones\/detras-del-iconico-clip-de-just-con-jamie-thraves\/"]}]},{"@type":"ImageObject","inLanguage":"es","@id":"https:\/\/www.exitmusic.com.ar\/news\/prensatraducciones\/detras-del-iconico-clip-de-just-con-jamie-thraves\/#primaryimage","url":"https:\/\/www.exitmusic.com.ar\/news\/wp-content\/uploads\/2020\/03\/IMG_2181.jpg","contentUrl":"https:\/\/www.exitmusic.com.ar\/news\/wp-content\/uploads\/2020\/03\/IMG_2181.jpg","width":640,"height":427,"caption":"jamie thraves"},{"@type":"BreadcrumbList","@id":"https:\/\/www.exitmusic.com.ar\/news\/prensatraducciones\/detras-del-iconico-clip-de-just-con-jamie-thraves\/#breadcrumb","itemListElement":[{"@type":"ListItem","position":1,"name":"Inicio","item":"https:\/\/www.exitmusic.com.ar\/news\/"},{"@type":"ListItem","position":2,"name":"Prensa\/Traducciones","item":"https:\/\/www.exitmusic.com.ar\/news\/prensatraducciones\/"},{"@type":"ListItem","position":3,"name":"Detr\u00e1s del ic\u00f3nico clip de &#8220;Just&#8221; con Jamie Thraves"}]},{"@type":"WebSite","@id":"https:\/\/www.exitmusic.com.ar\/news\/#website","url":"https:\/\/www.exitmusic.com.ar\/news\/","name":"ExitMusicAr | Radiohead Argentina","description":"Noticias e informaci\u00f3n sobre Radiohead, EOB, Philip Selway, Jonny Greenwood, Thom Yorke, Atoms for Peace y The Smile","potentialAction":[{"@type":"SearchAction","target":{"@type":"EntryPoint","urlTemplate":"https:\/\/www.exitmusic.com.ar\/news\/?s={search_term_string}"},"query-input":{"@type":"PropertyValueSpecification","valueRequired":true,"valueName":"search_term_string"}}],"inLanguage":"es"},{"@type":"Person","@id":"https:\/\/www.exitmusic.com.ar\/news\/#\/schema\/person\/5b17484c1a134bd78759c85b056b2e9a","name":"britbomber","image":{"@type":"ImageObject","inLanguage":"es","@id":"https:\/\/secure.gravatar.com\/avatar\/7aa60245619700190832ac995e42108bfadba25baafc3bf5bb91e97db0e7a0bd?s=96&d=identicon&r=r","url":"https:\/\/secure.gravatar.com\/avatar\/7aa60245619700190832ac995e42108bfadba25baafc3bf5bb91e97db0e7a0bd?s=96&d=identicon&r=r","contentUrl":"https:\/\/secure.gravatar.com\/avatar\/7aa60245619700190832ac995e42108bfadba25baafc3bf5bb91e97db0e7a0bd?s=96&d=identicon&r=r","caption":"britbomber"}}]}},"amp_enabled":true,"_links":{"self":[{"href":"https:\/\/www.exitmusic.com.ar\/news\/wp-json\/wp\/v2\/pages\/14880","targetHints":{"allow":["GET"]}}],"collection":[{"href":"https:\/\/www.exitmusic.com.ar\/news\/wp-json\/wp\/v2\/pages"}],"about":[{"href":"https:\/\/www.exitmusic.com.ar\/news\/wp-json\/wp\/v2\/types\/page"}],"author":[{"embeddable":true,"href":"https:\/\/www.exitmusic.com.ar\/news\/wp-json\/wp\/v2\/users\/2"}],"replies":[{"embeddable":true,"href":"https:\/\/www.exitmusic.com.ar\/news\/wp-json\/wp\/v2\/comments?post=14880"}],"version-history":[{"count":0,"href":"https:\/\/www.exitmusic.com.ar\/news\/wp-json\/wp\/v2\/pages\/14880\/revisions"}],"up":[{"embeddable":true,"href":"https:\/\/www.exitmusic.com.ar\/news\/wp-json\/wp\/v2\/pages\/7671"}],"wp:featuredmedia":[{"embeddable":true,"href":"https:\/\/www.exitmusic.com.ar\/news\/wp-json\/wp\/v2\/media\/14881"}],"wp:attachment":[{"href":"https:\/\/www.exitmusic.com.ar\/news\/wp-json\/wp\/v2\/media?parent=14880"}],"wp:term":[{"taxonomy":"category","embeddable":true,"href":"https:\/\/www.exitmusic.com.ar\/news\/wp-json\/wp\/v2\/categories?post=14880"},{"taxonomy":"post_tag","embeddable":true,"href":"https:\/\/www.exitmusic.com.ar\/news\/wp-json\/wp\/v2\/tags?post=14880"}],"curies":[{"name":"wp","href":"https:\/\/api.w.org\/{rel}","templated":true}]}}