{"id":14955,"date":"2009-03-23T20:58:36","date_gmt":"2009-03-23T23:58:36","guid":{"rendered":"https:\/\/www.exitmusic.com.ar\/news\/?page_id=14955"},"modified":"2021-06-25T10:26:19","modified_gmt":"2021-06-25T13:26:19","slug":"entrevista-a-thom-yorke-y-ed-obrien-con-tvn-chile","status":"publish","type":"page","link":"https:\/\/www.exitmusic.com.ar\/news\/prensatraducciones\/entrevista-a-thom-yorke-y-ed-obrien-con-tvn-chile\/","title":{"rendered":"Entrevista a Thom Yorke y Ed O&#8217;Brien con TVN Chile"},"content":{"rendered":"<p>La entrevista sali\u00f3 al aire el 23 de Marzo de 2009 y se grab\u00f3 durante la estadia de la banda en Brasil. Entrevistador: Andr\u00e9s Vial.<\/p>\n\n\n\n<p>AV: Thom, \u00bfpor qu\u00e9 demoraron tanto tiempo en llegar a Sudam\u00e9rica y tambi\u00e9n a Chile? <\/p>\n\n\n\n<p>TY: \u00bfPor qu\u00e9 nos llev\u00f3 tanto?&#8230; pues siempre nos cuesta ponernos de acuerdo sobre la duraci\u00f3n de nuestras giras, y para cuando el momento llega siempre estamos cansados de la gira y no llegamos a hacerlo. Pero esa vez tuvimos un largo descanso. Y, para ser honestos, lo que nos convenci\u00f3 fueron los comentarios de un amigo que estuvo por aqu\u00ed de gira con The Police y Beck.<\/p>\n\n\n\n<p>AV: \u00bfQu\u00e9 conoces t\u00fa de Chile?\u2026 Ed, t\u00fa tambi\u00e9n \u00bfQu\u00e9 conocen de Chile: el vino\u2026 qu\u00e9 cosa conocen de nuestro pa\u00eds?<br>TY: S\u00e9 que ten\u00edan un dictador horrible, que trat\u00f3 de esconderse en nuestro pa\u00eds. Tambi\u00e9n lo encarcelaron ah\u00ed. <br>EO: No, no lo dejamos salir. Buen vino. Los Andes, por supuesto. Es un pa\u00eds extraordinario: muy largo y finito.<\/p>\n\n\n<div id=\"ads_page\"><!-- wpPagead_2 -->\n\t<amp-ad width=\"100vw\" height=\"320\"\n\t\t type=\"adsense\"\n\t\t data-ad-client=\"ca-pub-1186082079292141\"\n\t\t data-ad-slot=\"6487197087\"\n\t\t data-auto-format=\"rspv\"\n\t\t data-full-width=\"\">\n\t  <div overflow=\"\"><\/div>\n\t<\/amp-ad>\n\t<\/div>\n\n\n\n<p>AV: \u00bfQu\u00e9 podemos esperar del show de Radiohead en Chile?<br>TY: Nunca nos va bien contestando eso (risas) <br>EO: (risas) sin sonar est\u00fapidos al menos (risas) <br>TY: (risas)<br>EO: \u2026 algunas canciones, ehm &#8230; canciones de nuestro &#8230; tocaremos muchas canciones de <em>In Rainbows<\/em> &#8211; probablemente todas las de ese disco, que es lo que tendemos a hacer. Tambi\u00e9n canciones de los otros seis \u00e1lbumes.<\/p>\n\n\n\n<p>AV: Tambi\u00e9n, \u00bfqu\u00e9 podemos esperar del\u2026 o qu\u00e9 esperan ustedes, mejor dicho, de los\u2026 de los fans chilenos, del show que van a dar en Chile? <br>TY: No tengo idea\u2026<br>EO: Alguien me dijo ayer &#8230; me dijeron &#8211; conocimos en este restaurante de Rio a estas cuatro chicas, que estaban de vacaciones y eran de Chile. Colin y yo est\u00e1bamos comiendo, y estas chicas no sab\u00edan que Colin y yo somos parte de la banda y nos preguntaron \u00ab\u00bfest\u00e1n ac\u00e1 por el show de Radiohead?\u00bb y nosotros quedamos sin saber que decir&#8230;.<br>TY y Ed (al un\u00edsono): si\u2026<br>TY: risa<br>EO: y nos dicen que estaban tristes porque ten\u00edan entradas pero como estaban de vacaciones ten\u00edan que venderlos. Entonces nos preguntan si quer\u00edamos ir al show (risas) Y nos dijeron &#8211; las vimos despu\u00e9s &#8211; que los fans de Chile son realmente &#8230; bien locos.<\/p>\n\n\n\n<p>AV: Despu\u00e9s de la experiencia de <em><a href=\"https:\/\/www.exitmusic.com.ar\/discografia\/inrainbows\/\">In Rainbows<\/a><\/em>\u2014por la venta por el Internet del sistema tan particular que se hizo: \u00bfpara d\u00f3nde creen ustedes creen que va la industria de la m\u00fasica con este tipo de ventas? <\/p>\n\n\n\n<p>TY: A la mierda (risas). Ehm, creo que &#8230; b\u00e1sicamente el modelo de negocios <em>cl\u00e1sico<\/em> no va a durar y todos los saben. Ehm, solo falta que algo m\u00e1s &#8230; no s\u00e9 qu\u00e9 ser\u00e1.<\/p>\n\n\n\n<p>AV: \u00bfT\u00fa crees que los shows en vivo y los grandes toures son la salida que tienen los grupos, las grandes bandas para\u2026 para pasar al tema de la baja de discos, y toda la industria, toda la revoluci\u00f3n en la industria de la m\u00fasica?<br>TY: Ehm, no s\u00e9<br>EO: Si les preocupa el dinero &#8230; porque es la forma de hacer dinero hoy en d\u00eda.<\/p>\n\n\n\n<p>AV: Chile fue uno de los pa\u00edses que menos pago promedio por el disco In Rainbows. \u00bfQu\u00e9 te parece eso? <br>TY: (risas) no juzgamos a nadie al respecto.<br>EO: (asiente)<\/p>\n\n\n\n<p>AV: Thom, \u00bfcu\u00e1nto has pagado t\u00fa por ese mismo disco?<br>TY: \u00bfYo? Yo no tengo que hacerlo &#8230; oh, si pagu\u00e9 \u00bfno? (pausa) no pagu\u00e9 nada. Lo hice porque se lo ten\u00eda que dar a mi pap\u00e1 y mi mam\u00e1.<br>EO: yo pagu\u00e9 400 [libras]. Compr\u00e9 diez boxsets.<br>TY: Oh, si &#8230; eso &#8230; est\u00e1 bien<br>EO: si.<\/p>\n\n\n\n<p>AV: Una pregunta que no es f\u00e1cil: \u00bfQu\u00e9 es lo pr\u00f3ximo que viene para\u2026 para Radiohead? \u00bfQu\u00e9 es lo que viene para el futuro? \u00bfQu\u00e9 piensan ustedes de sus carreras?<br>TY: No tengo la menor idea. No quiero que nos apresuremos y hagamos otro <em>In Rainbows<\/em> &#8230; porque fue mucho trabajo.<\/p>\n\n\n\n<p>AV: Thom, \u00bfcu\u00e1l es tu canci\u00f3n favorita escrita por ti para Radiohead?<br>TY: (pausa) Cualquiera &#8230; que est\u00e9 terminando ahora. Ehm, hay uno que se llama <a href=\"https:\/\/www.exitmusic.com.ar\/letras\/dawnchorus.php\">\u00abDawn Chorus\u00bb<\/a> que estoy tratando de terminar ahora &#8230; es muy bueno &#8230; creo.<\/p>\n\n\n\n<p>AV: \u00bfCu\u00e1l es la canci\u00f3n que t\u00fa hubieras so\u00f1ado escribir y que sea de otro m\u00fasico? <br>TY: Ehm\u2026 \u00abSimple Twist of Fate\u00bb de Bob Dylan.<\/p>\n\n\n<div id=\"ads_page\">\n\t<!-- wpPageAd_1 -->\n\t<amp-ad width=\"100vw\" height=\"320\"\n\t\ttype=\"adsense\"\n     \tdata-ad-client=\"ca-pub-1186082079292141\"\n     \tdata-ad-slot=\"6678768770\"\n     \tdata-auto-format=\"rspv\"\n     \tdata-full-width=\"\">\n  \t<div overflow=\"\"><\/div>\n\t<\/amp-ad>\n\t<\/div>\n\n\n\n<p>AV: Ed, \u00bfqu\u00e9 significa para ustedes Radiohead? <br>EO: Ehm, esa es una pregunta complicada.<br>TY: Cuando empezamos a ensayar &#8230; es curioso lo que dijiste.<br>EO: Si &#8230; creo que &#8230; cuando ensayamos hace unas dos semanas para esta gira &#8230; despu\u00e9s del primer d\u00eda, volv\u00ed a casa y le dije a mi esposa que me sent\u00eda muy muy feliz, como si estuviera completo. Me di cuenta que lo que hacemos es una gran parte de mi &#8230; y lo hacemos hace tanto tiempo &#8230; por eso, es una gran parte de lo que somos personalmente, nos guste o no.<\/p>\n\n\n\n<p>AV: Thom, una pregunta que no tiene mucho que ver con la m\u00fasica: \u00bfQu\u00e9\u2026 qu\u00e9 te parece la actual crisis econ\u00f3mica? \u00bfC\u00f3mo la ves t\u00fa? \u00bfCu\u00e1l es tu opini\u00f3n frente al tema? <\/p>\n\n\n\n<p>TY: Creo que &#8230; es una oportunidad para que repensemos como la econom\u00eda sirve a la gente de todo el mundo, ya que esto sucede en el contexto de &#8230; nuestra \u00faltima chance de tratar de solucionar el problema del calentamiento global, y el consumo de energ\u00eda &#8230; no podemos continuar haciendo las cosas como venimos por el efecto que tiene sobre el ambiente o en la econom\u00eda. Y tengo un gran problema con la forma en la que se est\u00e1 dando ayuda a los bancos   <\/p>\n\n\n\n<figure class=\"wp-block-embed is-type-video is-provider-youtube wp-block-embed-youtube wp-embed-aspect-16-9 wp-has-aspect-ratio\"><div class=\"wp-block-embed__wrapper\">\n<iframe loading=\"lazy\" title=\"Entrevista completa por TVN a Thom y Ed\" width=\"840\" height=\"473\" src=\"https:\/\/www.youtube.com\/embed\/HrFvq8-fssI?feature=oembed\" frameborder=\"0\" allow=\"accelerometer; autoplay; clipboard-write; encrypted-media; gyroscope; picture-in-picture\" allowfullscreen><\/iframe>\n<\/div><figcaption> Entrevista completa<\/figcaption><\/figure>","protected":false},"excerpt":{"rendered":"<p>La entrevista sali\u00f3 al aire el 23 de Marzo de 2009 y se grab\u00f3 durante la estadia de la banda en Brasil. Entrevistador: Andr\u00e9s Vial. AV: Thom, \u00bfpor qu\u00e9 demoraron tanto tiempo en llegar a&hellip; <a href=\"https:\/\/www.exitmusic.com.ar\/news\/prensatraducciones\/entrevista-a-thom-yorke-y-ed-obrien-con-tvn-chile\/\" class=\"morelink\"> m\u00e1s \u00bb<\/a><\/p>","protected":false},"author":2,"featured_media":0,"parent":7671,"menu_order":0,"comment_status":"open","ping_status":"closed","template":"","meta":{"footnotes":""},"categories":[1383],"tags":[456,1204,26,23,8,1176],"class_list":["post-14955","page","type-page","status-publish","hentry","category-radiohead","tag-chile","tag-dawn-chorus","tag-ed-obrien","tag-entrevista","tag-in-rainbows","tag-thom-yorke"],"yoast_head":"<!-- This site is optimized with the Yoast SEO plugin v27.4 - https:\/\/yoast.com\/product\/yoast-seo-wordpress\/ -->\n<title>Entrevista a Thom Yorke y Ed O&#039;Brien con TVN Chile &#8211; ExitMusicAr | Radiohead Argentina - \u00faltimas noticias<\/title>\n<meta name=\"description\" content=\"Andr\u00e9s Vial de la cadena TVN Chile habl\u00f3 con Thom Yorke y Ed O&#039;Brien antes de la primera visita de la banda al pa\u00eds.\" \/>\n<meta name=\"robots\" content=\"index, follow, max-snippet:-1, max-image-preview:large, max-video-preview:-1\" \/>\n<link rel=\"canonical\" href=\"https:\/\/www.exitmusic.com.ar\/news\/prensatraducciones\/entrevista-a-thom-yorke-y-ed-obrien-con-tvn-chile\/\" \/>\n<meta property=\"og:locale\" content=\"es_ES\" \/>\n<meta property=\"og:type\" content=\"article\" \/>\n<meta property=\"og:title\" content=\"Entrevista a Thom Yorke y Ed O&#039;Brien con TVN Chile &#8211; ExitMusicAr | Radiohead Argentina - \u00faltimas noticias\" \/>\n<meta property=\"og:description\" content=\"Andr\u00e9s Vial de la cadena TVN Chile habl\u00f3 con Thom Yorke y Ed O&#039;Brien antes de la primera visita de la banda al pa\u00eds.\" \/>\n<meta property=\"og:url\" content=\"https:\/\/www.exitmusic.com.ar\/news\/prensatraducciones\/entrevista-a-thom-yorke-y-ed-obrien-con-tvn-chile\/\" \/>\n<meta property=\"og:site_name\" content=\"ExitMusicAr | Radiohead Argentina - \u00faltimas noticias\" \/>\n<meta property=\"article:publisher\" content=\"https:\/\/www.facebook.com\/ExitMusicAr\" \/>\n<meta property=\"article:modified_time\" content=\"2021-06-25T13:26:19+00:00\" \/>\n<meta name=\"twitter:card\" content=\"summary_large_image\" \/>\n<meta name=\"twitter:site\" content=\"@ExitMusicAr\" \/>\n<meta name=\"twitter:label1\" content=\"Tiempo de lectura\" \/>\n\t<meta name=\"twitter:data1\" content=\"5 minutos\" \/>\n<script type=\"application\/ld+json\" class=\"yoast-schema-graph\">{\"@context\":\"https:\\\/\\\/schema.org\",\"@graph\":[{\"@type\":\"NewsArticle\",\"@id\":\"https:\\\/\\\/www.exitmusic.com.ar\\\/news\\\/prensatraducciones\\\/entrevista-a-thom-yorke-y-ed-obrien-con-tvn-chile\\\/#article\",\"isPartOf\":{\"@id\":\"https:\\\/\\\/www.exitmusic.com.ar\\\/news\\\/prensatraducciones\\\/entrevista-a-thom-yorke-y-ed-obrien-con-tvn-chile\\\/\"},\"author\":{\"name\":\"britbomber\",\"@id\":\"https:\\\/\\\/www.exitmusic.com.ar\\\/news\\\/#\\\/schema\\\/person\\\/5b17484c1a134bd78759c85b056b2e9a\"},\"headline\":\"Entrevista a Thom Yorke y Ed O&#8217;Brien con TVN Chile\",\"datePublished\":\"2009-03-23T23:58:36+00:00\",\"dateModified\":\"2021-06-25T13:26:19+00:00\",\"mainEntityOfPage\":{\"@id\":\"https:\\\/\\\/www.exitmusic.com.ar\\\/news\\\/prensatraducciones\\\/entrevista-a-thom-yorke-y-ed-obrien-con-tvn-chile\\\/\"},\"wordCount\":979,\"commentCount\":0,\"keywords\":[\"chile\",\"dawn chorus\",\"ed o'brien\",\"entrevista\",\"in rainbows\",\"thom yorke\"],\"articleSection\":[\"Radiohead\"],\"inLanguage\":\"es\",\"potentialAction\":[{\"@type\":\"CommentAction\",\"name\":\"Comment\",\"target\":[\"https:\\\/\\\/www.exitmusic.com.ar\\\/news\\\/prensatraducciones\\\/entrevista-a-thom-yorke-y-ed-obrien-con-tvn-chile\\\/#respond\"]}]},{\"@type\":[\"WebPage\",\"ItemPage\"],\"@id\":\"https:\\\/\\\/www.exitmusic.com.ar\\\/news\\\/prensatraducciones\\\/entrevista-a-thom-yorke-y-ed-obrien-con-tvn-chile\\\/\",\"url\":\"https:\\\/\\\/www.exitmusic.com.ar\\\/news\\\/prensatraducciones\\\/entrevista-a-thom-yorke-y-ed-obrien-con-tvn-chile\\\/\",\"name\":\"Entrevista a Thom Yorke y Ed O'Brien con TVN Chile &#8211; ExitMusicAr | Radiohead Argentina - \u00faltimas noticias\",\"isPartOf\":{\"@id\":\"https:\\\/\\\/www.exitmusic.com.ar\\\/news\\\/#website\"},\"datePublished\":\"2009-03-23T23:58:36+00:00\",\"dateModified\":\"2021-06-25T13:26:19+00:00\",\"description\":\"Andr\u00e9s Vial de la cadena TVN Chile habl\u00f3 con Thom Yorke y Ed O'Brien antes de la primera visita de la banda al pa\u00eds.\",\"breadcrumb\":{\"@id\":\"https:\\\/\\\/www.exitmusic.com.ar\\\/news\\\/prensatraducciones\\\/entrevista-a-thom-yorke-y-ed-obrien-con-tvn-chile\\\/#breadcrumb\"},\"inLanguage\":\"es\",\"potentialAction\":[{\"@type\":\"ReadAction\",\"target\":[\"https:\\\/\\\/www.exitmusic.com.ar\\\/news\\\/prensatraducciones\\\/entrevista-a-thom-yorke-y-ed-obrien-con-tvn-chile\\\/\"]}]},{\"@type\":\"BreadcrumbList\",\"@id\":\"https:\\\/\\\/www.exitmusic.com.ar\\\/news\\\/prensatraducciones\\\/entrevista-a-thom-yorke-y-ed-obrien-con-tvn-chile\\\/#breadcrumb\",\"itemListElement\":[{\"@type\":\"ListItem\",\"position\":1,\"name\":\"Inicio\",\"item\":\"https:\\\/\\\/www.exitmusic.com.ar\\\/news\\\/\"},{\"@type\":\"ListItem\",\"position\":2,\"name\":\"Prensa\\\/Traducciones\",\"item\":\"https:\\\/\\\/www.exitmusic.com.ar\\\/news\\\/prensatraducciones\\\/\"},{\"@type\":\"ListItem\",\"position\":3,\"name\":\"Entrevista a Thom Yorke y Ed O&#8217;Brien con TVN Chile\"}]},{\"@type\":\"WebSite\",\"@id\":\"https:\\\/\\\/www.exitmusic.com.ar\\\/news\\\/#website\",\"url\":\"https:\\\/\\\/www.exitmusic.com.ar\\\/news\\\/\",\"name\":\"ExitMusicAr | Radiohead Argentina\",\"description\":\"Noticias e informaci\u00f3n sobre Radiohead, EOB, Philip Selway, Jonny Greenwood, Thom Yorke, Atoms for Peace y The Smile\",\"potentialAction\":[{\"@type\":\"SearchAction\",\"target\":{\"@type\":\"EntryPoint\",\"urlTemplate\":\"https:\\\/\\\/www.exitmusic.com.ar\\\/news\\\/?s={search_term_string}\"},\"query-input\":{\"@type\":\"PropertyValueSpecification\",\"valueRequired\":true,\"valueName\":\"search_term_string\"}}],\"inLanguage\":\"es\"},{\"@type\":\"Person\",\"@id\":\"https:\\\/\\\/www.exitmusic.com.ar\\\/news\\\/#\\\/schema\\\/person\\\/5b17484c1a134bd78759c85b056b2e9a\",\"name\":\"britbomber\",\"image\":{\"@type\":\"ImageObject\",\"inLanguage\":\"es\",\"@id\":\"https:\\\/\\\/secure.gravatar.com\\\/avatar\\\/7aa60245619700190832ac995e42108bfadba25baafc3bf5bb91e97db0e7a0bd?s=96&d=identicon&r=r\",\"url\":\"https:\\\/\\\/secure.gravatar.com\\\/avatar\\\/7aa60245619700190832ac995e42108bfadba25baafc3bf5bb91e97db0e7a0bd?s=96&d=identicon&r=r\",\"contentUrl\":\"https:\\\/\\\/secure.gravatar.com\\\/avatar\\\/7aa60245619700190832ac995e42108bfadba25baafc3bf5bb91e97db0e7a0bd?s=96&d=identicon&r=r\",\"caption\":\"britbomber\"}}]}<\/script>\n<!-- \/ Yoast SEO plugin. -->","yoast_head_json":{"title":"Entrevista a Thom Yorke y Ed O'Brien con TVN Chile &#8211; ExitMusicAr | Radiohead Argentina - \u00faltimas noticias","description":"Andr\u00e9s Vial de la cadena TVN Chile habl\u00f3 con Thom Yorke y Ed O'Brien antes de la primera visita de la banda al pa\u00eds.","robots":{"index":"index","follow":"follow","max-snippet":"max-snippet:-1","max-image-preview":"max-image-preview:large","max-video-preview":"max-video-preview:-1"},"canonical":"https:\/\/www.exitmusic.com.ar\/news\/prensatraducciones\/entrevista-a-thom-yorke-y-ed-obrien-con-tvn-chile\/","og_locale":"es_ES","og_type":"article","og_title":"Entrevista a Thom Yorke y Ed O'Brien con TVN Chile &#8211; ExitMusicAr | Radiohead Argentina - \u00faltimas noticias","og_description":"Andr\u00e9s Vial de la cadena TVN Chile habl\u00f3 con Thom Yorke y Ed O'Brien antes de la primera visita de la banda al pa\u00eds.","og_url":"https:\/\/www.exitmusic.com.ar\/news\/prensatraducciones\/entrevista-a-thom-yorke-y-ed-obrien-con-tvn-chile\/","og_site_name":"ExitMusicAr | Radiohead Argentina - \u00faltimas noticias","article_publisher":"https:\/\/www.facebook.com\/ExitMusicAr","article_modified_time":"2021-06-25T13:26:19+00:00","twitter_card":"summary_large_image","twitter_site":"@ExitMusicAr","twitter_misc":{"Tiempo de lectura":"5 minutos"},"schema":{"@context":"https:\/\/schema.org","@graph":[{"@type":"NewsArticle","@id":"https:\/\/www.exitmusic.com.ar\/news\/prensatraducciones\/entrevista-a-thom-yorke-y-ed-obrien-con-tvn-chile\/#article","isPartOf":{"@id":"https:\/\/www.exitmusic.com.ar\/news\/prensatraducciones\/entrevista-a-thom-yorke-y-ed-obrien-con-tvn-chile\/"},"author":{"name":"britbomber","@id":"https:\/\/www.exitmusic.com.ar\/news\/#\/schema\/person\/5b17484c1a134bd78759c85b056b2e9a"},"headline":"Entrevista a Thom Yorke y Ed O&#8217;Brien con TVN Chile","datePublished":"2009-03-23T23:58:36+00:00","dateModified":"2021-06-25T13:26:19+00:00","mainEntityOfPage":{"@id":"https:\/\/www.exitmusic.com.ar\/news\/prensatraducciones\/entrevista-a-thom-yorke-y-ed-obrien-con-tvn-chile\/"},"wordCount":979,"commentCount":0,"keywords":["chile","dawn chorus","ed o'brien","entrevista","in rainbows","thom yorke"],"articleSection":["Radiohead"],"inLanguage":"es","potentialAction":[{"@type":"CommentAction","name":"Comment","target":["https:\/\/www.exitmusic.com.ar\/news\/prensatraducciones\/entrevista-a-thom-yorke-y-ed-obrien-con-tvn-chile\/#respond"]}]},{"@type":["WebPage","ItemPage"],"@id":"https:\/\/www.exitmusic.com.ar\/news\/prensatraducciones\/entrevista-a-thom-yorke-y-ed-obrien-con-tvn-chile\/","url":"https:\/\/www.exitmusic.com.ar\/news\/prensatraducciones\/entrevista-a-thom-yorke-y-ed-obrien-con-tvn-chile\/","name":"Entrevista a Thom Yorke y Ed O'Brien con TVN Chile &#8211; ExitMusicAr | Radiohead Argentina - \u00faltimas noticias","isPartOf":{"@id":"https:\/\/www.exitmusic.com.ar\/news\/#website"},"datePublished":"2009-03-23T23:58:36+00:00","dateModified":"2021-06-25T13:26:19+00:00","description":"Andr\u00e9s Vial de la cadena TVN Chile habl\u00f3 con Thom Yorke y Ed O'Brien antes de la primera visita de la banda al pa\u00eds.","breadcrumb":{"@id":"https:\/\/www.exitmusic.com.ar\/news\/prensatraducciones\/entrevista-a-thom-yorke-y-ed-obrien-con-tvn-chile\/#breadcrumb"},"inLanguage":"es","potentialAction":[{"@type":"ReadAction","target":["https:\/\/www.exitmusic.com.ar\/news\/prensatraducciones\/entrevista-a-thom-yorke-y-ed-obrien-con-tvn-chile\/"]}]},{"@type":"BreadcrumbList","@id":"https:\/\/www.exitmusic.com.ar\/news\/prensatraducciones\/entrevista-a-thom-yorke-y-ed-obrien-con-tvn-chile\/#breadcrumb","itemListElement":[{"@type":"ListItem","position":1,"name":"Inicio","item":"https:\/\/www.exitmusic.com.ar\/news\/"},{"@type":"ListItem","position":2,"name":"Prensa\/Traducciones","item":"https:\/\/www.exitmusic.com.ar\/news\/prensatraducciones\/"},{"@type":"ListItem","position":3,"name":"Entrevista a Thom Yorke y Ed O&#8217;Brien con TVN Chile"}]},{"@type":"WebSite","@id":"https:\/\/www.exitmusic.com.ar\/news\/#website","url":"https:\/\/www.exitmusic.com.ar\/news\/","name":"ExitMusicAr | Radiohead Argentina","description":"Noticias e informaci\u00f3n sobre Radiohead, EOB, Philip Selway, Jonny Greenwood, Thom Yorke, Atoms for Peace y The Smile","potentialAction":[{"@type":"SearchAction","target":{"@type":"EntryPoint","urlTemplate":"https:\/\/www.exitmusic.com.ar\/news\/?s={search_term_string}"},"query-input":{"@type":"PropertyValueSpecification","valueRequired":true,"valueName":"search_term_string"}}],"inLanguage":"es"},{"@type":"Person","@id":"https:\/\/www.exitmusic.com.ar\/news\/#\/schema\/person\/5b17484c1a134bd78759c85b056b2e9a","name":"britbomber","image":{"@type":"ImageObject","inLanguage":"es","@id":"https:\/\/secure.gravatar.com\/avatar\/7aa60245619700190832ac995e42108bfadba25baafc3bf5bb91e97db0e7a0bd?s=96&d=identicon&r=r","url":"https:\/\/secure.gravatar.com\/avatar\/7aa60245619700190832ac995e42108bfadba25baafc3bf5bb91e97db0e7a0bd?s=96&d=identicon&r=r","contentUrl":"https:\/\/secure.gravatar.com\/avatar\/7aa60245619700190832ac995e42108bfadba25baafc3bf5bb91e97db0e7a0bd?s=96&d=identicon&r=r","caption":"britbomber"}}]}},"amp_enabled":true,"_links":{"self":[{"href":"https:\/\/www.exitmusic.com.ar\/news\/wp-json\/wp\/v2\/pages\/14955","targetHints":{"allow":["GET"]}}],"collection":[{"href":"https:\/\/www.exitmusic.com.ar\/news\/wp-json\/wp\/v2\/pages"}],"about":[{"href":"https:\/\/www.exitmusic.com.ar\/news\/wp-json\/wp\/v2\/types\/page"}],"author":[{"embeddable":true,"href":"https:\/\/www.exitmusic.com.ar\/news\/wp-json\/wp\/v2\/users\/2"}],"replies":[{"embeddable":true,"href":"https:\/\/www.exitmusic.com.ar\/news\/wp-json\/wp\/v2\/comments?post=14955"}],"version-history":[{"count":0,"href":"https:\/\/www.exitmusic.com.ar\/news\/wp-json\/wp\/v2\/pages\/14955\/revisions"}],"up":[{"embeddable":true,"href":"https:\/\/www.exitmusic.com.ar\/news\/wp-json\/wp\/v2\/pages\/7671"}],"wp:attachment":[{"href":"https:\/\/www.exitmusic.com.ar\/news\/wp-json\/wp\/v2\/media?parent=14955"}],"wp:term":[{"taxonomy":"category","embeddable":true,"href":"https:\/\/www.exitmusic.com.ar\/news\/wp-json\/wp\/v2\/categories?post=14955"},{"taxonomy":"post_tag","embeddable":true,"href":"https:\/\/www.exitmusic.com.ar\/news\/wp-json\/wp\/v2\/tags?post=14955"}],"curies":[{"name":"wp","href":"https:\/\/api.w.org\/{rel}","templated":true}]}}