{"id":15023,"date":"2020-05-14T08:28:21","date_gmt":"2020-05-14T11:28:21","guid":{"rendered":"https:\/\/www.exitmusic.com.ar\/news\/?page_id=15023"},"modified":"2026-02-14T05:52:04","modified_gmt":"2026-02-14T08:52:04","slug":"un-vistazo-al-intento-de-radiohead-de-archivar-todo","status":"publish","type":"page","link":"https:\/\/www.exitmusic.com.ar\/news\/prensatraducciones\/un-vistazo-al-intento-de-radiohead-de-archivar-todo\/","title":{"rendered":"Un vistazo al intento de Radiohead de archivar todo"},"content":{"rendered":"<p>A comienzos del milenio, Radiohead casi invent\u00f3 las redes sociales. \u00abTen\u00edamos la idea de crear algo que llamamos un <em>ziggurat<\/em>\u00ab, explica Yorke a trav\u00e9s de una videollamada desde el estudio. \u00abCada uno tendr\u00eda una sala, donde podr\u00edas dejar tus cosas, tus opiniones, fragmentos de m\u00fasica, lo que est\u00e1s haciendo en el momento. Despu\u00e9s pod\u00edas pasar por otras salas, mandarles mensajes. Como una versi\u00f3n extra\u00f1a de Facebook\u00bb.<br>Aunque nunca construyeron un Facebook, a mediados de los 90, Radiohead fue una de las primeras bandas en tener una web. A lo largo de los a\u00f1os, \u00abintentaron activamente crear una comunidad por fuera de de los sitios est\u00fapidos que te dan los sellos grandes\u00bb, dice Yorke. En ese momento, los sellos creaban sitios web para que los artistas publiquen informaci\u00f3n sobre cu\u00e1ntos discos vendieron en diferentes lugares. \u00abNos dimos cuenta de que no era lo que quer\u00edamos hacer\u00bb, recuerda Colin Greenwood con una sonrisa.<\/p>\n\n\n\n<p>En Enero de 2020, todas las versiones anteriores de la web oficial de Radiohead volvieron a la vida cuando la banda lanz\u00f3 la Biblioteca P\u00fablica. Si visitas <a href=\"https:\/\/www.radiohead.com\/\">radiohead.com<\/a> ahora, podr\u00e1s encontrar \u00abestanter\u00edas\u00bb digitales muy ordenadas, llenas de m\u00fasica, videos en alta calidad, merchandising y material promocional de cada era de la banda. La mayor\u00eda de esos websites preservados son deliberadamente confusos. Uno, de la era <em><a href=\"https:\/\/www.exitmusic.com.ar\/discografia\/thebends\/\">The Bends<\/a><\/em>, recopila cr\u00edticas negativas del sitio contra un fondo de ne\u00f3n (\u00abNO visites esta web. Es una mierda confusa\u00bb, dice una). Pero si el Radiohead del nuevo milenio encontr\u00f3 que la confusi\u00f3n puede ser innovadora, en 2020 la banda se dio cuenta de que proveer claridad en la era digital es algo revolucionario.<\/p>\n\n\n\n<p>El dise\u00f1ador Max Kolombos ha estado trabajando en la presencia en linea de la banda desde comienzos del nuevo siglo. Dos a\u00f1os atr\u00e1s, recuerda Kolombos, un pariente j\u00f3ven de \u00e9l que no sab\u00eda nada de Radiohead decidi\u00f3 sumergirse en ellos y entonces escribi\u00f3 su nombre en los buscadores. \u00abLo que nos devolvi\u00f3 fue una sopa de contenido bastante inconexo, cronol\u00f3gicamente invertido, elegido por un algoritmo en base a la popularidad, o simplemente falso\u00bb, dice Kolombos. \u00abEso me molest\u00f3, pero mientras trataba de encontrar las piezas que faltaban, terminaba compilando las m\u00e1s bizantinas de las b\u00fasquedas y generalmente terminaba sin encontrar lo que buscaba. No se sent\u00eda bien\u00bb.<\/p>\n\n\n\n<p>Kolombos pas\u00f3 los siguientes dos a\u00f1os construyendo la Biblioteca P\u00fablica de Radiohead, buceando en los archivos para tratar de crear algo similar a una l\u00ednea de tiempo de todo lo que hab\u00edan lanzado, y despu\u00e9s comenzar una \u00abb\u00fasqueda arqueol\u00f3gica digital\u00bb para encontrar las mejores versiones de todo. \u00abLos sitios web antiguos requirieron de trucos para funcionar en servidores modernos; fue necesario restaurar digitalmente dise\u00f1os de remeras antiguos para que puedan reimprimirse bajo demanda, y el management trabaj\u00f3 sin descanso para conseguir el material necesario\u00bb, dice Kolombos. \u00abEsto abri\u00f3 mis ojos al mundo de la restauraci\u00f3n y preservaci\u00f3n digital. Asum\u00ed que porque todo hab\u00eda sido publicado en la web en alg\u00fan momento, estar\u00eda all\u00ed para siempre. Eso no fue as\u00ed &#8211; el tiempo puede ocultar cosas en la internet muy f\u00e1cilmente\u00bb.<\/p>\n\n\n<div id=\"ads_page\"><!-- wpPagead_2 -->\n\t<amp-ad width=\"100vw\" height=\"320\"\n\t\t type=\"adsense\"\n\t\t data-ad-client=\"ca-pub-1186082079292141\"\n\t\t data-ad-slot=\"6487197087\"\n\t\t data-auto-format=\"rspv\"\n\t\t data-full-width=\"\">\n\t  <div overflow=\"\"><\/div>\n\t<\/amp-ad>\n\t<\/div>\n\n\n\n<p>El optimismo tecnol\u00f3gico de los primeros d\u00edas de la banda parece haber pasado. \u00abMi percepci\u00f3n de la internet ha dado un giro de 180 grados\u00bb, dice Stanley Donwood, el creador de todo el arte relacionado a los \u00e1lbumes y ha colaborado en los dise\u00f1os de sitios web. \u00abSol\u00eda pensar que era genial, que iba a cambiar el mundo y lo har\u00eda inconmensurablemente mejor. Ahora creo que es peligroso, y tambi\u00e9n aburrido, frustrante y est\u00fapido\u00bb. Nos cuenta una historia de un hombre que hab\u00eda estado escapando de las autoridades chinas por varias d\u00e9cadas y viviendo independientemente en las selvas; eventualmente fue atrapado despu\u00e9s de que un drone de vigilancia lo vio. \u00abEsa es la internet\u00bb, dice. \u00ab\u00c9l es cada uno de nosotros\u00bb.<\/p>\n\n\n\n<p>Como m\u00fasico y, particularmente como fan de la m\u00fasica, Yorke es\u00e1 frustrado con la forma en la internet ha cambiado la forma en que se descubre la m\u00fasica. \u00abToda tu creatividad es analizada y comodificada\u00bb, dice. \u00abSe basa en un concepto en el que todos creemos: que a todos nos dicen lo que nos tiene que gustar. Pero si te apasiona la m\u00fasica, buscas algo que te desaf\u00ede, algo que no esperas. La primera vez que escuch\u00e9 CAN, pens\u00e9 &#8216;no entiendo esto en lo m\u00e1s m\u00ednimo&#8217;. Eso es algo importante. No te desaf\u00eda estar constantemente en un bucle que se retroalimenta con lo que ya conoces. Cuando la m\u00fasica en s\u00ed comienza a seguir algoritmos\u2026 est\u00e1s jodido\u00bb.<\/p>\n\n\n\n<p>Si bien la banda fue una de las primeras en conectar directamente con los fans a trav\u00e9s de la red &#8211; ya sea a trav\u00e9s de los sitios web, transmisiones en vivo durante el per\u00edodo <a href=\"https:\/\/www.exitmusic.com.ar\/discografia\/kida\/\">Kid A<\/a>, para las que tuvieron que contratar un cami\u00f3n de transmisi\u00f3n &#8211; la banda siempre se sinti\u00f3 m\u00e1s c\u00f3moda con sus propios medios en linea que con las redes sociales. \u00abLo veo como un medio para muchas de las cosas que estamos viviendo actualmente, como el populismo y la estupidizaci\u00f3n\u00bb, dice Greenwood.<\/p>\n\n\n\n<p>Yorke agrega que no siente \u00abel sentido de comunidad que se deber\u00eda sentir en estos casos. Porque no me gusta que me <em>trolleen<\/em>. Ya pas\u00e9 por eso hace tiempo\u00bb. Agrega que en el pasado, se encontr\u00f3 por casualidad con gente que hab\u00eda publicado mensajes negativos en el foro de la p\u00e1gina de Radiohead y le dijeron en persona que se hab\u00edan arrepentido. Estos encuentros le hicieron sentir l\u00e1stima por la gente que publica cosas negativas en l\u00ednea. \u00abEn general, no creo que sea sano. Es algo que parece contacto directo, pero no lo es. Son dos sombras hablando en un cuarto\u00bb.<\/p>\n\n\n<div id=\"ads_page\">\n\t<!-- wpPageAd_1 -->\n\t<amp-ad width=\"100vw\" height=\"320\"\n\t\ttype=\"adsense\"\n     \tdata-ad-client=\"ca-pub-1186082079292141\"\n     \tdata-ad-slot=\"6678768770\"\n     \tdata-auto-format=\"rspv\"\n     \tdata-full-width=\"\">\n  \t<div overflow=\"\"><\/div>\n\t<\/amp-ad>\n\t<\/div>\n\n\n\n<p>Este a\u00f1o, Radiohead se toma el a\u00f1o para trabajar en otras cosas &#8211; Greenwood espera hacer m\u00e1s con el cantante <a href=\"https:\/\/exitmusic.com.ar\/discografia\/colingreenwood.php\">Tamino<\/a>, y Yorke tiene \u00abun mont\u00f3n\u00bb de cosas por hacer, pero no revela nada &#8211; la banda desea que la Biblioteca P\u00fablica permanezca all\u00ed por siempre, como un archivo permanente en un mar de impermanencia. \u00abTodos los d\u00edas, se hacen muchas cosas; es un rio enorme y tempestuoso que nos pasa por encima\u00bb, dice Yorke. La biblioteca es \u00abun intento de crear una peque\u00f1a isla, apilando un mont\u00f3n de piedras en el rio, para que se pueda ver\u00bb.<\/p>\n\n\n\n<p>\u00bfAgregar\u00e1n m\u00e1s elementos a la plila? Yorke se r\u00ede. \u00abEso requerir\u00eda de que trabajemos m\u00e1s. As\u00ed que no estoy seguro por ahora. \u00a1Supongo que si!\u00bb.<\/p>\n\n\n\n<p class=\"has-text-align-right\">Texto original por Aimee Cliff.<br>Publicado por <a href=\"https:\/\/www.wired.co.uk\/article\/radiohead-public-library\" target=\"_blank\" rel=\"noreferrer noopener\">Wired<\/a>, el 14 de Mayo de 2020<\/p>","protected":false},"excerpt":{"rendered":"<p>A comienzos del milenio, Radiohead casi invent\u00f3 las redes sociales. \u00abTen\u00edamos la idea de crear algo que llamamos un ziggurat\u00ab, explica Yorke a trav\u00e9s de una videollamada desde el estudio. \u00abCada uno tendr\u00eda una sala,&hellip; <a href=\"https:\/\/www.exitmusic.com.ar\/news\/prensatraducciones\/un-vistazo-al-intento-de-radiohead-de-archivar-todo\/\" class=\"morelink\"> m\u00e1s \u00bb<\/a><\/p>","protected":false},"author":2,"featured_media":15024,"parent":7671,"menu_order":0,"comment_status":"open","ping_status":"closed","template":"","meta":{"footnotes":""},"categories":[1383],"tags":[1528,14,1530,1180,1176],"class_list":["post-15023","page","type-page","status-publish","has-post-thumbnail","hentry","category-radiohead","tag-biblioteca-publica","tag-colin-greenwood","tag-max-kolombos","tag-radiohead","tag-thom-yorke"],"yoast_head":"<!-- This site is optimized with the Yoast SEO plugin v27.5 - https:\/\/yoast.com\/product\/yoast-seo-wordpress\/ -->\n<title>Un vistazo al intento de Radiohead de archivar todo &#8211; ExitMusicAr | Radiohead Argentina - \u00faltimas noticias<\/title>\n<meta name=\"description\" content=\"Thom Yorke, Colin Greenwood y Max Kolombos explican a Wired la intenci\u00f3n detr\u00e1s de la Biblioteca P\u00fablica de Radiohead, lanzada en 2020.\" \/>\n<meta name=\"robots\" content=\"index, follow, max-snippet:-1, max-image-preview:large, max-video-preview:-1\" \/>\n<link rel=\"canonical\" href=\"https:\/\/www.exitmusic.com.ar\/news\/prensatraducciones\/un-vistazo-al-intento-de-radiohead-de-archivar-todo\/\" \/>\n<meta property=\"og:locale\" content=\"es_ES\" \/>\n<meta property=\"og:type\" content=\"article\" \/>\n<meta property=\"og:title\" content=\"Un vistazo al intento de Radiohead de archivar todo &#8211; ExitMusicAr | Radiohead Argentina - \u00faltimas noticias\" \/>\n<meta property=\"og:description\" content=\"Thom Yorke, Colin Greenwood y Max Kolombos explican a Wired la intenci\u00f3n detr\u00e1s de la Biblioteca P\u00fablica de Radiohead, lanzada en 2020.\" \/>\n<meta property=\"og:url\" content=\"https:\/\/www.exitmusic.com.ar\/news\/prensatraducciones\/un-vistazo-al-intento-de-radiohead-de-archivar-todo\/\" \/>\n<meta property=\"og:site_name\" content=\"ExitMusicAr | Radiohead Argentina - \u00faltimas noticias\" \/>\n<meta property=\"article:publisher\" content=\"https:\/\/www.facebook.com\/ExitMusicAr\" \/>\n<meta property=\"article:modified_time\" content=\"2026-02-14T08:52:04+00:00\" \/>\n<meta property=\"og:image\" content=\"https:\/\/www.exitmusic.com.ar\/news\/wp-content\/uploads\/2020\/05\/rpl.jpg\" \/>\n\t<meta property=\"og:image:width\" content=\"439\" \/>\n\t<meta property=\"og:image:height\" content=\"247\" \/>\n\t<meta property=\"og:image:type\" content=\"image\/jpeg\" \/>\n<meta name=\"twitter:card\" content=\"summary_large_image\" \/>\n<meta name=\"twitter:site\" content=\"@ExitMusicAr\" \/>\n<meta name=\"twitter:label1\" content=\"Tiempo de lectura\" \/>\n\t<meta name=\"twitter:data1\" content=\"10 minutos\" \/>\n<script type=\"application\/ld+json\" class=\"yoast-schema-graph\">{\"@context\":\"https:\\\/\\\/schema.org\",\"@graph\":[{\"@type\":\"NewsArticle\",\"@id\":\"https:\\\/\\\/www.exitmusic.com.ar\\\/news\\\/prensatraducciones\\\/un-vistazo-al-intento-de-radiohead-de-archivar-todo\\\/#article\",\"isPartOf\":{\"@id\":\"https:\\\/\\\/www.exitmusic.com.ar\\\/news\\\/prensatraducciones\\\/un-vistazo-al-intento-de-radiohead-de-archivar-todo\\\/\"},\"author\":{\"name\":\"britbomber\",\"@id\":\"https:\\\/\\\/www.exitmusic.com.ar\\\/news\\\/#\\\/schema\\\/person\\\/5b17484c1a134bd78759c85b056b2e9a\"},\"headline\":\"Un vistazo al intento de Radiohead de archivar todo\",\"datePublished\":\"2020-05-14T11:28:21+00:00\",\"dateModified\":\"2026-02-14T08:52:04+00:00\",\"mainEntityOfPage\":{\"@id\":\"https:\\\/\\\/www.exitmusic.com.ar\\\/news\\\/prensatraducciones\\\/un-vistazo-al-intento-de-radiohead-de-archivar-todo\\\/\"},\"wordCount\":1170,\"commentCount\":1,\"image\":{\"@id\":\"https:\\\/\\\/www.exitmusic.com.ar\\\/news\\\/prensatraducciones\\\/un-vistazo-al-intento-de-radiohead-de-archivar-todo\\\/#primaryimage\"},\"thumbnailUrl\":\"https:\\\/\\\/www.exitmusic.com.ar\\\/news\\\/wp-content\\\/uploads\\\/2020\\\/05\\\/rpl.jpg\",\"keywords\":[\"biblioteca publica\",\"colin greenwood\",\"max kolombos\",\"radiohead\",\"thom yorke\"],\"articleSection\":[\"Radiohead\"],\"inLanguage\":\"es\",\"potentialAction\":[{\"@type\":\"CommentAction\",\"name\":\"Comment\",\"target\":[\"https:\\\/\\\/www.exitmusic.com.ar\\\/news\\\/prensatraducciones\\\/un-vistazo-al-intento-de-radiohead-de-archivar-todo\\\/#respond\"]}]},{\"@type\":[\"WebPage\",\"ItemPage\"],\"@id\":\"https:\\\/\\\/www.exitmusic.com.ar\\\/news\\\/prensatraducciones\\\/un-vistazo-al-intento-de-radiohead-de-archivar-todo\\\/\",\"url\":\"https:\\\/\\\/www.exitmusic.com.ar\\\/news\\\/prensatraducciones\\\/un-vistazo-al-intento-de-radiohead-de-archivar-todo\\\/\",\"name\":\"Un vistazo al intento de Radiohead de archivar todo &#8211; ExitMusicAr | Radiohead Argentina - \u00faltimas noticias\",\"isPartOf\":{\"@id\":\"https:\\\/\\\/www.exitmusic.com.ar\\\/news\\\/#website\"},\"primaryImageOfPage\":{\"@id\":\"https:\\\/\\\/www.exitmusic.com.ar\\\/news\\\/prensatraducciones\\\/un-vistazo-al-intento-de-radiohead-de-archivar-todo\\\/#primaryimage\"},\"image\":{\"@id\":\"https:\\\/\\\/www.exitmusic.com.ar\\\/news\\\/prensatraducciones\\\/un-vistazo-al-intento-de-radiohead-de-archivar-todo\\\/#primaryimage\"},\"thumbnailUrl\":\"https:\\\/\\\/www.exitmusic.com.ar\\\/news\\\/wp-content\\\/uploads\\\/2020\\\/05\\\/rpl.jpg\",\"datePublished\":\"2020-05-14T11:28:21+00:00\",\"dateModified\":\"2026-02-14T08:52:04+00:00\",\"description\":\"Thom Yorke, Colin Greenwood y Max Kolombos explican a Wired la intenci\u00f3n detr\u00e1s de la Biblioteca P\u00fablica de Radiohead, lanzada en 2020.\",\"breadcrumb\":{\"@id\":\"https:\\\/\\\/www.exitmusic.com.ar\\\/news\\\/prensatraducciones\\\/un-vistazo-al-intento-de-radiohead-de-archivar-todo\\\/#breadcrumb\"},\"inLanguage\":\"es\",\"potentialAction\":[{\"@type\":\"ReadAction\",\"target\":[\"https:\\\/\\\/www.exitmusic.com.ar\\\/news\\\/prensatraducciones\\\/un-vistazo-al-intento-de-radiohead-de-archivar-todo\\\/\"]}]},{\"@type\":\"ImageObject\",\"inLanguage\":\"es\",\"@id\":\"https:\\\/\\\/www.exitmusic.com.ar\\\/news\\\/prensatraducciones\\\/un-vistazo-al-intento-de-radiohead-de-archivar-todo\\\/#primaryimage\",\"url\":\"https:\\\/\\\/www.exitmusic.com.ar\\\/news\\\/wp-content\\\/uploads\\\/2020\\\/05\\\/rpl.jpg\",\"contentUrl\":\"https:\\\/\\\/www.exitmusic.com.ar\\\/news\\\/wp-content\\\/uploads\\\/2020\\\/05\\\/rpl.jpg\",\"width\":439,\"height\":247,\"caption\":\"Radiohead Public Library Logo\"},{\"@type\":\"BreadcrumbList\",\"@id\":\"https:\\\/\\\/www.exitmusic.com.ar\\\/news\\\/prensatraducciones\\\/un-vistazo-al-intento-de-radiohead-de-archivar-todo\\\/#breadcrumb\",\"itemListElement\":[{\"@type\":\"ListItem\",\"position\":1,\"name\":\"Inicio\",\"item\":\"https:\\\/\\\/www.exitmusic.com.ar\\\/news\\\/\"},{\"@type\":\"ListItem\",\"position\":2,\"name\":\"Prensa\\\/Traducciones\",\"item\":\"https:\\\/\\\/www.exitmusic.com.ar\\\/news\\\/prensatraducciones\\\/\"},{\"@type\":\"ListItem\",\"position\":3,\"name\":\"Un vistazo al intento de Radiohead de archivar todo\"}]},{\"@type\":\"WebSite\",\"@id\":\"https:\\\/\\\/www.exitmusic.com.ar\\\/news\\\/#website\",\"url\":\"https:\\\/\\\/www.exitmusic.com.ar\\\/news\\\/\",\"name\":\"ExitMusicAr | Radiohead Argentina\",\"description\":\"Noticias e informaci\u00f3n sobre Radiohead, EOB, Philip Selway, Jonny Greenwood, Thom Yorke, Atoms for Peace y The Smile\",\"potentialAction\":[{\"@type\":\"SearchAction\",\"target\":{\"@type\":\"EntryPoint\",\"urlTemplate\":\"https:\\\/\\\/www.exitmusic.com.ar\\\/news\\\/?s={search_term_string}\"},\"query-input\":{\"@type\":\"PropertyValueSpecification\",\"valueRequired\":true,\"valueName\":\"search_term_string\"}}],\"inLanguage\":\"es\"},{\"@type\":\"Person\",\"@id\":\"https:\\\/\\\/www.exitmusic.com.ar\\\/news\\\/#\\\/schema\\\/person\\\/5b17484c1a134bd78759c85b056b2e9a\",\"name\":\"britbomber\",\"image\":{\"@type\":\"ImageObject\",\"inLanguage\":\"es\",\"@id\":\"https:\\\/\\\/secure.gravatar.com\\\/avatar\\\/7aa60245619700190832ac995e42108bfadba25baafc3bf5bb91e97db0e7a0bd?s=96&d=identicon&r=r\",\"url\":\"https:\\\/\\\/secure.gravatar.com\\\/avatar\\\/7aa60245619700190832ac995e42108bfadba25baafc3bf5bb91e97db0e7a0bd?s=96&d=identicon&r=r\",\"contentUrl\":\"https:\\\/\\\/secure.gravatar.com\\\/avatar\\\/7aa60245619700190832ac995e42108bfadba25baafc3bf5bb91e97db0e7a0bd?s=96&d=identicon&r=r\",\"caption\":\"britbomber\"}}]}<\/script>\n<!-- \/ Yoast SEO plugin. -->","yoast_head_json":{"title":"Un vistazo al intento de Radiohead de archivar todo &#8211; ExitMusicAr | Radiohead Argentina - \u00faltimas noticias","description":"Thom Yorke, Colin Greenwood y Max Kolombos explican a Wired la intenci\u00f3n detr\u00e1s de la Biblioteca P\u00fablica de Radiohead, lanzada en 2020.","robots":{"index":"index","follow":"follow","max-snippet":"max-snippet:-1","max-image-preview":"max-image-preview:large","max-video-preview":"max-video-preview:-1"},"canonical":"https:\/\/www.exitmusic.com.ar\/news\/prensatraducciones\/un-vistazo-al-intento-de-radiohead-de-archivar-todo\/","og_locale":"es_ES","og_type":"article","og_title":"Un vistazo al intento de Radiohead de archivar todo &#8211; ExitMusicAr | Radiohead Argentina - \u00faltimas noticias","og_description":"Thom Yorke, Colin Greenwood y Max Kolombos explican a Wired la intenci\u00f3n detr\u00e1s de la Biblioteca P\u00fablica de Radiohead, lanzada en 2020.","og_url":"https:\/\/www.exitmusic.com.ar\/news\/prensatraducciones\/un-vistazo-al-intento-de-radiohead-de-archivar-todo\/","og_site_name":"ExitMusicAr | Radiohead Argentina - \u00faltimas noticias","article_publisher":"https:\/\/www.facebook.com\/ExitMusicAr","article_modified_time":"2026-02-14T08:52:04+00:00","og_image":[{"width":439,"height":247,"url":"https:\/\/www.exitmusic.com.ar\/news\/wp-content\/uploads\/2020\/05\/rpl.jpg","type":"image\/jpeg"}],"twitter_card":"summary_large_image","twitter_site":"@ExitMusicAr","twitter_misc":{"Tiempo de lectura":"10 minutos"},"schema":{"@context":"https:\/\/schema.org","@graph":[{"@type":"NewsArticle","@id":"https:\/\/www.exitmusic.com.ar\/news\/prensatraducciones\/un-vistazo-al-intento-de-radiohead-de-archivar-todo\/#article","isPartOf":{"@id":"https:\/\/www.exitmusic.com.ar\/news\/prensatraducciones\/un-vistazo-al-intento-de-radiohead-de-archivar-todo\/"},"author":{"name":"britbomber","@id":"https:\/\/www.exitmusic.com.ar\/news\/#\/schema\/person\/5b17484c1a134bd78759c85b056b2e9a"},"headline":"Un vistazo al intento de Radiohead de archivar todo","datePublished":"2020-05-14T11:28:21+00:00","dateModified":"2026-02-14T08:52:04+00:00","mainEntityOfPage":{"@id":"https:\/\/www.exitmusic.com.ar\/news\/prensatraducciones\/un-vistazo-al-intento-de-radiohead-de-archivar-todo\/"},"wordCount":1170,"commentCount":1,"image":{"@id":"https:\/\/www.exitmusic.com.ar\/news\/prensatraducciones\/un-vistazo-al-intento-de-radiohead-de-archivar-todo\/#primaryimage"},"thumbnailUrl":"https:\/\/www.exitmusic.com.ar\/news\/wp-content\/uploads\/2020\/05\/rpl.jpg","keywords":["biblioteca publica","colin greenwood","max kolombos","radiohead","thom yorke"],"articleSection":["Radiohead"],"inLanguage":"es","potentialAction":[{"@type":"CommentAction","name":"Comment","target":["https:\/\/www.exitmusic.com.ar\/news\/prensatraducciones\/un-vistazo-al-intento-de-radiohead-de-archivar-todo\/#respond"]}]},{"@type":["WebPage","ItemPage"],"@id":"https:\/\/www.exitmusic.com.ar\/news\/prensatraducciones\/un-vistazo-al-intento-de-radiohead-de-archivar-todo\/","url":"https:\/\/www.exitmusic.com.ar\/news\/prensatraducciones\/un-vistazo-al-intento-de-radiohead-de-archivar-todo\/","name":"Un vistazo al intento de Radiohead de archivar todo &#8211; ExitMusicAr | Radiohead Argentina - \u00faltimas noticias","isPartOf":{"@id":"https:\/\/www.exitmusic.com.ar\/news\/#website"},"primaryImageOfPage":{"@id":"https:\/\/www.exitmusic.com.ar\/news\/prensatraducciones\/un-vistazo-al-intento-de-radiohead-de-archivar-todo\/#primaryimage"},"image":{"@id":"https:\/\/www.exitmusic.com.ar\/news\/prensatraducciones\/un-vistazo-al-intento-de-radiohead-de-archivar-todo\/#primaryimage"},"thumbnailUrl":"https:\/\/www.exitmusic.com.ar\/news\/wp-content\/uploads\/2020\/05\/rpl.jpg","datePublished":"2020-05-14T11:28:21+00:00","dateModified":"2026-02-14T08:52:04+00:00","description":"Thom Yorke, Colin Greenwood y Max Kolombos explican a Wired la intenci\u00f3n detr\u00e1s de la Biblioteca P\u00fablica de Radiohead, lanzada en 2020.","breadcrumb":{"@id":"https:\/\/www.exitmusic.com.ar\/news\/prensatraducciones\/un-vistazo-al-intento-de-radiohead-de-archivar-todo\/#breadcrumb"},"inLanguage":"es","potentialAction":[{"@type":"ReadAction","target":["https:\/\/www.exitmusic.com.ar\/news\/prensatraducciones\/un-vistazo-al-intento-de-radiohead-de-archivar-todo\/"]}]},{"@type":"ImageObject","inLanguage":"es","@id":"https:\/\/www.exitmusic.com.ar\/news\/prensatraducciones\/un-vistazo-al-intento-de-radiohead-de-archivar-todo\/#primaryimage","url":"https:\/\/www.exitmusic.com.ar\/news\/wp-content\/uploads\/2020\/05\/rpl.jpg","contentUrl":"https:\/\/www.exitmusic.com.ar\/news\/wp-content\/uploads\/2020\/05\/rpl.jpg","width":439,"height":247,"caption":"Radiohead Public Library Logo"},{"@type":"BreadcrumbList","@id":"https:\/\/www.exitmusic.com.ar\/news\/prensatraducciones\/un-vistazo-al-intento-de-radiohead-de-archivar-todo\/#breadcrumb","itemListElement":[{"@type":"ListItem","position":1,"name":"Inicio","item":"https:\/\/www.exitmusic.com.ar\/news\/"},{"@type":"ListItem","position":2,"name":"Prensa\/Traducciones","item":"https:\/\/www.exitmusic.com.ar\/news\/prensatraducciones\/"},{"@type":"ListItem","position":3,"name":"Un vistazo al intento de Radiohead de archivar todo"}]},{"@type":"WebSite","@id":"https:\/\/www.exitmusic.com.ar\/news\/#website","url":"https:\/\/www.exitmusic.com.ar\/news\/","name":"ExitMusicAr | Radiohead Argentina","description":"Noticias e informaci\u00f3n sobre Radiohead, EOB, Philip Selway, Jonny Greenwood, Thom Yorke, Atoms for Peace y The Smile","potentialAction":[{"@type":"SearchAction","target":{"@type":"EntryPoint","urlTemplate":"https:\/\/www.exitmusic.com.ar\/news\/?s={search_term_string}"},"query-input":{"@type":"PropertyValueSpecification","valueRequired":true,"valueName":"search_term_string"}}],"inLanguage":"es"},{"@type":"Person","@id":"https:\/\/www.exitmusic.com.ar\/news\/#\/schema\/person\/5b17484c1a134bd78759c85b056b2e9a","name":"britbomber","image":{"@type":"ImageObject","inLanguage":"es","@id":"https:\/\/secure.gravatar.com\/avatar\/7aa60245619700190832ac995e42108bfadba25baafc3bf5bb91e97db0e7a0bd?s=96&d=identicon&r=r","url":"https:\/\/secure.gravatar.com\/avatar\/7aa60245619700190832ac995e42108bfadba25baafc3bf5bb91e97db0e7a0bd?s=96&d=identicon&r=r","contentUrl":"https:\/\/secure.gravatar.com\/avatar\/7aa60245619700190832ac995e42108bfadba25baafc3bf5bb91e97db0e7a0bd?s=96&d=identicon&r=r","caption":"britbomber"}}]}},"amp_enabled":true,"_links":{"self":[{"href":"https:\/\/www.exitmusic.com.ar\/news\/wp-json\/wp\/v2\/pages\/15023","targetHints":{"allow":["GET"]}}],"collection":[{"href":"https:\/\/www.exitmusic.com.ar\/news\/wp-json\/wp\/v2\/pages"}],"about":[{"href":"https:\/\/www.exitmusic.com.ar\/news\/wp-json\/wp\/v2\/types\/page"}],"author":[{"embeddable":true,"href":"https:\/\/www.exitmusic.com.ar\/news\/wp-json\/wp\/v2\/users\/2"}],"replies":[{"embeddable":true,"href":"https:\/\/www.exitmusic.com.ar\/news\/wp-json\/wp\/v2\/comments?post=15023"}],"version-history":[{"count":0,"href":"https:\/\/www.exitmusic.com.ar\/news\/wp-json\/wp\/v2\/pages\/15023\/revisions"}],"up":[{"embeddable":true,"href":"https:\/\/www.exitmusic.com.ar\/news\/wp-json\/wp\/v2\/pages\/7671"}],"wp:featuredmedia":[{"embeddable":true,"href":"https:\/\/www.exitmusic.com.ar\/news\/wp-json\/wp\/v2\/media\/15024"}],"wp:attachment":[{"href":"https:\/\/www.exitmusic.com.ar\/news\/wp-json\/wp\/v2\/media?parent=15023"}],"wp:term":[{"taxonomy":"category","embeddable":true,"href":"https:\/\/www.exitmusic.com.ar\/news\/wp-json\/wp\/v2\/categories?post=15023"},{"taxonomy":"post_tag","embeddable":true,"href":"https:\/\/www.exitmusic.com.ar\/news\/wp-json\/wp\/v2\/tags?post=15023"}],"curies":[{"name":"wp","href":"https:\/\/api.w.org\/{rel}","templated":true}]}}