{"id":15058,"date":"2001-11-01T20:36:36","date_gmt":"2001-11-01T23:36:36","guid":{"rendered":"https:\/\/www.exitmusic.com.ar\/news\/?page_id=15058"},"modified":"2021-01-28T15:28:54","modified_gmt":"2021-01-28T18:28:54","slug":"las-frecuencias-jazzeras-de-radiohead","status":"publish","type":"page","link":"https:\/\/www.exitmusic.com.ar\/news\/prensatraducciones\/las-frecuencias-jazzeras-de-radiohead\/","title":{"rendered":"Las frecuencias jazzeras de Radiohead"},"content":{"rendered":"<p>Los fans de la m\u00fasica de todo el mundo han dado con Radiohead, la banda de rock moderno que m\u00e1s exito tuvo expandiendo los l\u00edmites y m\u00e1s arriesgada. Pero pocos est\u00e1n al tanto de que este quinteto ingl\u00e9s ganador del Grammy toma inspiraci\u00f3n del jazz en general, y de la m\u00fasica \u00e9pica de Miles Davis, Charles Mingus y John y Alice Coltrane junto al Art Ensemble de Chicago.<br>\u00abEso es bastante preciso, y es algo que siempre hemos hecho\u00bb, dice Jonny Greenwood &#8211; principal guitarrista y arreglista de la banda y arquitecto sonoro de Radiohead. El grado del impacto que ha tenido el jezz en Radiohead salt\u00f3 a la vista por primera vez &#8211; aunque un poco camufladamente &#8211; en el tercer \u00e1lbum de la banda, <em><a href=\"https:\/\/www.exitmusic.com.ar\/discografia\/okcomputer\/\">OK Computer<\/a><\/em>.<br>Aunque muchos fans y cr\u00edticos ven a <em>OK Computer<\/em> como una respuesta del rock alternativo a <em>Dark Side of The Moon<\/em> de Pink Floyd, de 1973, Greenwood cita a <em>Bitches Brew<\/em>, el cl\u00e1sico de Davis de 1969, como la plantilla que siguieron. \u00abNos encanta la atm\u00f3sfera y caos en <em>Bitches Brew<\/em> &#8211; el sonido grave y sucio de dos pianos el\u00e9ctricos y los [m\u00faltiples] bateristas\u00bb, dice Greenwood. \u00abEs por eso ese \u00e1lbum es tan bueno, adem\u00e1s de la trompeta de Miles. Nos encanta como mantuvo esa sensaci\u00f3n de caos\u00bb.<\/p>\n\n\n\n<p>El impacto del jazz en Radiohead es m\u00e1s evidente en los \u00faltimos dos \u00e1lbumes de la banda &#8211; el desafiante <em><a href=\"https:\/\/www.exitmusic.com.ar\/discografia\/kida\/\">Kid A<\/a><\/em> y el igualmente inquieto <em><a href=\"https:\/\/www.exitmusic.com.ar\/discografia\/amnesiac\/\">Amnesiac<\/a><\/em>. Ambos trabajos son testimonio de una banda reinvent\u00e1ndose; ambos abandonan la instrumentaci\u00f3n las estructuras orientadas a la canci\u00f3n convencional para adoptar un abordaje deconstru\u00eddo de composici\u00f3n e interpretaci\u00f3n. Como resultado, la m\u00fasica es deliberadamente indirecta y demanda una escucha atenta &#8211; y la recompensa muy bien. No es coincidencia que algunos de los momentos m\u00e1s memorables de ambos tomen elementos conceptuales del jazz.<br><a href=\"https:\/\/www.exitmusic.com.ar\/letras\/thenationalanthem.php\">\u00abThe National Anthem\u00bb<\/a>, un destacado de <em>Kid A<\/em>, cuenta con una secci\u00f3n de vientos de ocho personas que interpreta un arreglo libre de Greenwood que no sonar\u00eda fuera de lugar en un \u00e1lbum de World Saxophone Quartet o Ray Anderson (durante su fase en Slickaphonics). \u00abTheme de Yo-Yo\u00bb, un tema del \u00e1lbum Les Stances \u00e0 Sophie de Art Ensemble of Chicago sirvi\u00f3 de inspiraci\u00f3n para la canci\u00f3n.<br>Y tambi\u00e9n est\u00e1 <a href=\"https:\/\/www.exitmusic.com.ar\/letras\/pyramidsong.php\">\u00abPyramid Song\u00bb<\/a>, corte de <em>Amnesiac<\/em> que entr\u00f3 a los rankings de singles pop en el n\u00famero 5. Anclada por un ritmo casi swing, la canci\u00f3n fue encarada siguiendo el modelo de \u00abFreedom\u00bb, una composici\u00f3n de <em>Epitaph<\/em>, el \u00e1lbum p\u00f3stumo de Charles Mingus. De acuerdo con Yorke, principal eje creativo y cantante de la banda, la primera versi\u00f3n del tema incluso sampleaba las palmas de \u00abFreedom\u00bb.<br>Otro destacado en <a href=\"https:\/\/www.exitmusic.com.ar\/letras\/dollarsandcents.php\">\u00abDollars and Cents\u00bb<\/a>, un homenaje a las arpas et\u00e9reas del \u00e1lbum de 1970 de Alice Coltrane, <em>Journey in Satchidananda<\/em>. <a href=\"https:\/\/www.exitmusic.com.ar\/letras\/lifeinaglasshouse.php\">\u00abLife in a Glass House\u00bb<\/a> incluye una marcha f\u00fanebre llena de vientos, al estilo de Nueva Orleans, que encaja perfecto con las letras melanc\u00f3licas de Yorke sobre muerte y trascendencia.<br><a href=\"https:\/\/www.exitmusic.com.ar\/letras\/youandwhosearmy.php\">\u00abYou and Whose Army?\u00bb<\/a> es un homenaje a Ink Spots, pero pasado por una licuadora de \u00faltima tecnolog\u00eda; <a href=\"https:\/\/www.exitmusic.com.ar\/letras\/packtlikesardines.php\">\u00abPackt Like Sardines in a Crushd Tin Box\u00bb<\/a> se apoya en las mismas tradiciones musicales del sudeste asi\u00e1tico que influyeron en los \u00faltimos a\u00f1os de John Coltrane.<\/p>\n\n\n<div id=\"ads_page\">\n\t<!-- wpPageAd_1 -->\n\t<amp-ad width=\"100vw\" height=\"320\"\n\t\ttype=\"adsense\"\n     \tdata-ad-client=\"ca-pub-1186082079292141\"\n     \tdata-ad-slot=\"6678768770\"\n     \tdata-auto-format=\"rspv\"\n     \tdata-full-width=\"\">\n  \t<div overflow=\"\"><\/div>\n\t<\/amp-ad>\n\t<\/div>\n\n\n\n<p>\u00abMi hermano dice que la ambici\u00f3n supera la falta de habilidad\u00bb, dice Jonny al tratar de explicar las tendencias de su banda al jazz. \u00abTraemos nuestros discos de jazz favoritos y les decimos &#8216;queremos hacer esto&#8217; \u2026 luego disfrutamos escuchar como suena nuestro fracaso.<br>Eso es lo que hacemos, y lo que han hecho todos, desde fines de los 50: un grupo de gente en Inglaterra escucha discos de blues americanos e intenta copiarlos. En nuestro caso, es el jazz\u00bb.<br>La afinidad de Radiohead por el jazz es tal, seg\u00fan Greenwood, que la banda suele reproducir sus temas en desarrollo junto con sus \u00e1lbumes favoritos de jazz, para compararlos. \u00abColin viene con un \u00e1lbum de Coltrane y nos pregunta &#8216;\u00bfno es genial?&#8217; y lo pone junto con lo que grabamos. Para &#8216;Dollars and Cents&#8217; trajo un \u00e1lbum de Alice Coltrane de cuerdas al estudio. Lo puso junto con lo que tocamos; constantemente baj\u00e1bamos el volumen de lo nuestro y sub\u00edamos el de Coltrane, hasta que era lo \u00fanico que sonaba. Quer\u00edamos cuerdas y arpas, pero no ten\u00edamos un arpa y no toco el contrabajo\u00bb, recuerda Greenwood. \u00abTuve que poner cinta de electricista en las notas que ten\u00eda que tocar. Fue un intento burdo de imitar lo que hizo Coltrane en los \u00e1lbumes <em>Journey in Satchidananda<\/em> y <em>Ptah, the El Daoud<\/em>. Algo en esos intentos de imitar los efectos en nuestros \u00e1lbumes nos encanta\u00bb.<\/p>\n\n\n\n<p>Los miembros de Radiohead reconocen las influencias de Pixies, R.E.M., Aphex Twin, Autechre y otros artistas vanguardistas del rock y la electr\u00f3nica. Pero todos los miembros de la banda de Oxford comparten una admiraci\u00f3n por la obra de Miles Davis, tanto previa como posterior a Bitches Brew.<br>El tempestuoso \u00edcono del jazz afect\u00f3 profundamente a Radiohead, tanto con sus exploraciones estil\u00edsticas constantes como con su desd\u00e9n por lo convencional. La actitud sin rodeos de Davis, como su negaci\u00f3n absoluta a ceder a las expectativas influy\u00f3 en Greenwood y sus compa\u00f1eros de banda.<br>\u00abHablar de Miles te hace sentir como el novelista amateur que analiza Shakespeare\u00bb, dice Greenwood. \u00abNos pone inc\u00f3modos hablar de Miles como influencia porque lo que \u00e9l hizo es mucho m\u00e1s grande que y diferente a lo que nosotros hacemos. Le hemos robado descaradamente, no solo musicalmente sino tambi\u00e9n en t\u00e9rminos de actitud de progresar siempre\u00bb.<br><\/p>\n\n\n\n<p>Texto original por George Varga &#8211; Publicado originalmente en <a href=\"https:\/\/jazztimes.com\/archives\/radioheads-jazz-frequencies\/\" target=\"_blank\" rel=\"noreferrer noopener\">Jazz Times<\/a><\/p>","protected":false},"excerpt":{"rendered":"<p>Los fans de la m\u00fasica de todo el mundo han dado con Radiohead, la banda de rock moderno que m\u00e1s exito tuvo expandiendo los l\u00edmites y m\u00e1s arriesgada. Pero pocos est\u00e1n al tanto de que&hellip; <a href=\"https:\/\/www.exitmusic.com.ar\/news\/prensatraducciones\/las-frecuencias-jazzeras-de-radiohead\/\" class=\"morelink\"> m\u00e1s \u00bb<\/a><\/p>","protected":false},"author":2,"featured_media":15061,"parent":7671,"menu_order":0,"comment_status":"open","ping_status":"closed","template":"","meta":{"footnotes":""},"categories":[1383],"tags":[65,466,64],"class_list":["post-15058","page","type-page","status-publish","has-post-thumbnail","hentry","category-radiohead","tag-amnesiac","tag-jazz","tag-kid-a"],"yoast_head":"<!-- This site is optimized with the Yoast SEO plugin v27.4 - https:\/\/yoast.com\/product\/yoast-seo-wordpress\/ -->\n<title>Las frecuencias jazzeras de Radiohead &#8211; ExitMusicAr | Radiohead Argentina - \u00faltimas noticias<\/title>\n<meta name=\"description\" content=\"Jazz Times convers\u00f3 con Jonny Greenwood y Colin Greenwood sobre las influencias del jazz en Kid A y Amnesiac.\" \/>\n<meta name=\"robots\" content=\"index, follow, max-snippet:-1, max-image-preview:large, max-video-preview:-1\" \/>\n<link rel=\"canonical\" href=\"https:\/\/www.exitmusic.com.ar\/news\/prensatraducciones\/las-frecuencias-jazzeras-de-radiohead\/\" \/>\n<meta property=\"og:locale\" content=\"es_ES\" \/>\n<meta property=\"og:type\" content=\"article\" \/>\n<meta property=\"og:title\" content=\"Las frecuencias jazzeras de Radiohead &#8211; ExitMusicAr | Radiohead Argentina - \u00faltimas noticias\" \/>\n<meta property=\"og:description\" content=\"Jazz Times convers\u00f3 con Jonny Greenwood y Colin Greenwood sobre las influencias del jazz en Kid A y Amnesiac.\" \/>\n<meta property=\"og:url\" content=\"https:\/\/www.exitmusic.com.ar\/news\/prensatraducciones\/las-frecuencias-jazzeras-de-radiohead\/\" \/>\n<meta property=\"og:site_name\" content=\"ExitMusicAr | Radiohead Argentina - \u00faltimas noticias\" \/>\n<meta property=\"article:publisher\" content=\"https:\/\/www.facebook.com\/ExitMusicAr\" \/>\n<meta property=\"article:modified_time\" content=\"2021-01-28T18:28:54+00:00\" \/>\n<meta property=\"og:image\" content=\"https:\/\/www.exitmusic.com.ar\/news\/wp-content\/uploads\/2020\/05\/2001spinks-03.jpg\" \/>\n\t<meta property=\"og:image:width\" content=\"1429\" \/>\n\t<meta property=\"og:image:height\" content=\"804\" \/>\n\t<meta property=\"og:image:type\" content=\"image\/jpeg\" \/>\n<meta name=\"twitter:card\" content=\"summary_large_image\" \/>\n<meta name=\"twitter:site\" content=\"@ExitMusicAr\" \/>\n<meta name=\"twitter:label1\" content=\"Tiempo de lectura\" \/>\n\t<meta name=\"twitter:data1\" content=\"5 minutos\" \/>\n<script type=\"application\/ld+json\" class=\"yoast-schema-graph\">{\"@context\":\"https:\\\/\\\/schema.org\",\"@graph\":[{\"@type\":\"NewsArticle\",\"@id\":\"https:\\\/\\\/www.exitmusic.com.ar\\\/news\\\/prensatraducciones\\\/las-frecuencias-jazzeras-de-radiohead\\\/#article\",\"isPartOf\":{\"@id\":\"https:\\\/\\\/www.exitmusic.com.ar\\\/news\\\/prensatraducciones\\\/las-frecuencias-jazzeras-de-radiohead\\\/\"},\"author\":{\"name\":\"britbomber\",\"@id\":\"https:\\\/\\\/www.exitmusic.com.ar\\\/news\\\/#\\\/schema\\\/person\\\/5b17484c1a134bd78759c85b056b2e9a\"},\"headline\":\"Las frecuencias jazzeras de Radiohead\",\"datePublished\":\"2001-11-01T23:36:36+00:00\",\"dateModified\":\"2021-01-28T18:28:54+00:00\",\"mainEntityOfPage\":{\"@id\":\"https:\\\/\\\/www.exitmusic.com.ar\\\/news\\\/prensatraducciones\\\/las-frecuencias-jazzeras-de-radiohead\\\/\"},\"wordCount\":989,\"commentCount\":0,\"image\":{\"@id\":\"https:\\\/\\\/www.exitmusic.com.ar\\\/news\\\/prensatraducciones\\\/las-frecuencias-jazzeras-de-radiohead\\\/#primaryimage\"},\"thumbnailUrl\":\"https:\\\/\\\/www.exitmusic.com.ar\\\/news\\\/wp-content\\\/uploads\\\/2020\\\/05\\\/2001spinks-03.jpg\",\"keywords\":[\"amnesiac\",\"jazz\",\"kid a\"],\"articleSection\":[\"Radiohead\"],\"inLanguage\":\"es\",\"potentialAction\":[{\"@type\":\"CommentAction\",\"name\":\"Comment\",\"target\":[\"https:\\\/\\\/www.exitmusic.com.ar\\\/news\\\/prensatraducciones\\\/las-frecuencias-jazzeras-de-radiohead\\\/#respond\"]}]},{\"@type\":[\"WebPage\",\"ItemPage\"],\"@id\":\"https:\\\/\\\/www.exitmusic.com.ar\\\/news\\\/prensatraducciones\\\/las-frecuencias-jazzeras-de-radiohead\\\/\",\"url\":\"https:\\\/\\\/www.exitmusic.com.ar\\\/news\\\/prensatraducciones\\\/las-frecuencias-jazzeras-de-radiohead\\\/\",\"name\":\"Las frecuencias jazzeras de Radiohead &#8211; ExitMusicAr | Radiohead Argentina - \u00faltimas noticias\",\"isPartOf\":{\"@id\":\"https:\\\/\\\/www.exitmusic.com.ar\\\/news\\\/#website\"},\"primaryImageOfPage\":{\"@id\":\"https:\\\/\\\/www.exitmusic.com.ar\\\/news\\\/prensatraducciones\\\/las-frecuencias-jazzeras-de-radiohead\\\/#primaryimage\"},\"image\":{\"@id\":\"https:\\\/\\\/www.exitmusic.com.ar\\\/news\\\/prensatraducciones\\\/las-frecuencias-jazzeras-de-radiohead\\\/#primaryimage\"},\"thumbnailUrl\":\"https:\\\/\\\/www.exitmusic.com.ar\\\/news\\\/wp-content\\\/uploads\\\/2020\\\/05\\\/2001spinks-03.jpg\",\"datePublished\":\"2001-11-01T23:36:36+00:00\",\"dateModified\":\"2021-01-28T18:28:54+00:00\",\"description\":\"Jazz Times convers\u00f3 con Jonny Greenwood y Colin Greenwood sobre las influencias del jazz en Kid A y Amnesiac.\",\"breadcrumb\":{\"@id\":\"https:\\\/\\\/www.exitmusic.com.ar\\\/news\\\/prensatraducciones\\\/las-frecuencias-jazzeras-de-radiohead\\\/#breadcrumb\"},\"inLanguage\":\"es\",\"potentialAction\":[{\"@type\":\"ReadAction\",\"target\":[\"https:\\\/\\\/www.exitmusic.com.ar\\\/news\\\/prensatraducciones\\\/las-frecuencias-jazzeras-de-radiohead\\\/\"]}]},{\"@type\":\"ImageObject\",\"inLanguage\":\"es\",\"@id\":\"https:\\\/\\\/www.exitmusic.com.ar\\\/news\\\/prensatraducciones\\\/las-frecuencias-jazzeras-de-radiohead\\\/#primaryimage\",\"url\":\"https:\\\/\\\/www.exitmusic.com.ar\\\/news\\\/wp-content\\\/uploads\\\/2020\\\/05\\\/2001spinks-03.jpg\",\"contentUrl\":\"https:\\\/\\\/www.exitmusic.com.ar\\\/news\\\/wp-content\\\/uploads\\\/2020\\\/05\\\/2001spinks-03.jpg\",\"width\":1429,\"height\":804,\"caption\":\"(c) John Spinks\"},{\"@type\":\"BreadcrumbList\",\"@id\":\"https:\\\/\\\/www.exitmusic.com.ar\\\/news\\\/prensatraducciones\\\/las-frecuencias-jazzeras-de-radiohead\\\/#breadcrumb\",\"itemListElement\":[{\"@type\":\"ListItem\",\"position\":1,\"name\":\"Inicio\",\"item\":\"https:\\\/\\\/www.exitmusic.com.ar\\\/news\\\/\"},{\"@type\":\"ListItem\",\"position\":2,\"name\":\"Prensa\\\/Traducciones\",\"item\":\"https:\\\/\\\/www.exitmusic.com.ar\\\/news\\\/prensatraducciones\\\/\"},{\"@type\":\"ListItem\",\"position\":3,\"name\":\"Las frecuencias jazzeras de Radiohead\"}]},{\"@type\":\"WebSite\",\"@id\":\"https:\\\/\\\/www.exitmusic.com.ar\\\/news\\\/#website\",\"url\":\"https:\\\/\\\/www.exitmusic.com.ar\\\/news\\\/\",\"name\":\"ExitMusicAr | Radiohead Argentina\",\"description\":\"Noticias e informaci\u00f3n sobre Radiohead, EOB, Philip Selway, Jonny Greenwood, Thom Yorke, Atoms for Peace y The Smile\",\"potentialAction\":[{\"@type\":\"SearchAction\",\"target\":{\"@type\":\"EntryPoint\",\"urlTemplate\":\"https:\\\/\\\/www.exitmusic.com.ar\\\/news\\\/?s={search_term_string}\"},\"query-input\":{\"@type\":\"PropertyValueSpecification\",\"valueRequired\":true,\"valueName\":\"search_term_string\"}}],\"inLanguage\":\"es\"},{\"@type\":\"Person\",\"@id\":\"https:\\\/\\\/www.exitmusic.com.ar\\\/news\\\/#\\\/schema\\\/person\\\/5b17484c1a134bd78759c85b056b2e9a\",\"name\":\"britbomber\",\"image\":{\"@type\":\"ImageObject\",\"inLanguage\":\"es\",\"@id\":\"https:\\\/\\\/secure.gravatar.com\\\/avatar\\\/7aa60245619700190832ac995e42108bfadba25baafc3bf5bb91e97db0e7a0bd?s=96&d=identicon&r=r\",\"url\":\"https:\\\/\\\/secure.gravatar.com\\\/avatar\\\/7aa60245619700190832ac995e42108bfadba25baafc3bf5bb91e97db0e7a0bd?s=96&d=identicon&r=r\",\"contentUrl\":\"https:\\\/\\\/secure.gravatar.com\\\/avatar\\\/7aa60245619700190832ac995e42108bfadba25baafc3bf5bb91e97db0e7a0bd?s=96&d=identicon&r=r\",\"caption\":\"britbomber\"}}]}<\/script>\n<!-- \/ Yoast SEO plugin. -->","yoast_head_json":{"title":"Las frecuencias jazzeras de Radiohead &#8211; ExitMusicAr | Radiohead Argentina - \u00faltimas noticias","description":"Jazz Times convers\u00f3 con Jonny Greenwood y Colin Greenwood sobre las influencias del jazz en Kid A y Amnesiac.","robots":{"index":"index","follow":"follow","max-snippet":"max-snippet:-1","max-image-preview":"max-image-preview:large","max-video-preview":"max-video-preview:-1"},"canonical":"https:\/\/www.exitmusic.com.ar\/news\/prensatraducciones\/las-frecuencias-jazzeras-de-radiohead\/","og_locale":"es_ES","og_type":"article","og_title":"Las frecuencias jazzeras de Radiohead &#8211; ExitMusicAr | Radiohead Argentina - \u00faltimas noticias","og_description":"Jazz Times convers\u00f3 con Jonny Greenwood y Colin Greenwood sobre las influencias del jazz en Kid A y Amnesiac.","og_url":"https:\/\/www.exitmusic.com.ar\/news\/prensatraducciones\/las-frecuencias-jazzeras-de-radiohead\/","og_site_name":"ExitMusicAr | Radiohead Argentina - \u00faltimas noticias","article_publisher":"https:\/\/www.facebook.com\/ExitMusicAr","article_modified_time":"2021-01-28T18:28:54+00:00","og_image":[{"width":1429,"height":804,"url":"https:\/\/www.exitmusic.com.ar\/news\/wp-content\/uploads\/2020\/05\/2001spinks-03.jpg","type":"image\/jpeg"}],"twitter_card":"summary_large_image","twitter_site":"@ExitMusicAr","twitter_misc":{"Tiempo de lectura":"5 minutos"},"schema":{"@context":"https:\/\/schema.org","@graph":[{"@type":"NewsArticle","@id":"https:\/\/www.exitmusic.com.ar\/news\/prensatraducciones\/las-frecuencias-jazzeras-de-radiohead\/#article","isPartOf":{"@id":"https:\/\/www.exitmusic.com.ar\/news\/prensatraducciones\/las-frecuencias-jazzeras-de-radiohead\/"},"author":{"name":"britbomber","@id":"https:\/\/www.exitmusic.com.ar\/news\/#\/schema\/person\/5b17484c1a134bd78759c85b056b2e9a"},"headline":"Las frecuencias jazzeras de Radiohead","datePublished":"2001-11-01T23:36:36+00:00","dateModified":"2021-01-28T18:28:54+00:00","mainEntityOfPage":{"@id":"https:\/\/www.exitmusic.com.ar\/news\/prensatraducciones\/las-frecuencias-jazzeras-de-radiohead\/"},"wordCount":989,"commentCount":0,"image":{"@id":"https:\/\/www.exitmusic.com.ar\/news\/prensatraducciones\/las-frecuencias-jazzeras-de-radiohead\/#primaryimage"},"thumbnailUrl":"https:\/\/www.exitmusic.com.ar\/news\/wp-content\/uploads\/2020\/05\/2001spinks-03.jpg","keywords":["amnesiac","jazz","kid a"],"articleSection":["Radiohead"],"inLanguage":"es","potentialAction":[{"@type":"CommentAction","name":"Comment","target":["https:\/\/www.exitmusic.com.ar\/news\/prensatraducciones\/las-frecuencias-jazzeras-de-radiohead\/#respond"]}]},{"@type":["WebPage","ItemPage"],"@id":"https:\/\/www.exitmusic.com.ar\/news\/prensatraducciones\/las-frecuencias-jazzeras-de-radiohead\/","url":"https:\/\/www.exitmusic.com.ar\/news\/prensatraducciones\/las-frecuencias-jazzeras-de-radiohead\/","name":"Las frecuencias jazzeras de Radiohead &#8211; ExitMusicAr | Radiohead Argentina - \u00faltimas noticias","isPartOf":{"@id":"https:\/\/www.exitmusic.com.ar\/news\/#website"},"primaryImageOfPage":{"@id":"https:\/\/www.exitmusic.com.ar\/news\/prensatraducciones\/las-frecuencias-jazzeras-de-radiohead\/#primaryimage"},"image":{"@id":"https:\/\/www.exitmusic.com.ar\/news\/prensatraducciones\/las-frecuencias-jazzeras-de-radiohead\/#primaryimage"},"thumbnailUrl":"https:\/\/www.exitmusic.com.ar\/news\/wp-content\/uploads\/2020\/05\/2001spinks-03.jpg","datePublished":"2001-11-01T23:36:36+00:00","dateModified":"2021-01-28T18:28:54+00:00","description":"Jazz Times convers\u00f3 con Jonny Greenwood y Colin Greenwood sobre las influencias del jazz en Kid A y Amnesiac.","breadcrumb":{"@id":"https:\/\/www.exitmusic.com.ar\/news\/prensatraducciones\/las-frecuencias-jazzeras-de-radiohead\/#breadcrumb"},"inLanguage":"es","potentialAction":[{"@type":"ReadAction","target":["https:\/\/www.exitmusic.com.ar\/news\/prensatraducciones\/las-frecuencias-jazzeras-de-radiohead\/"]}]},{"@type":"ImageObject","inLanguage":"es","@id":"https:\/\/www.exitmusic.com.ar\/news\/prensatraducciones\/las-frecuencias-jazzeras-de-radiohead\/#primaryimage","url":"https:\/\/www.exitmusic.com.ar\/news\/wp-content\/uploads\/2020\/05\/2001spinks-03.jpg","contentUrl":"https:\/\/www.exitmusic.com.ar\/news\/wp-content\/uploads\/2020\/05\/2001spinks-03.jpg","width":1429,"height":804,"caption":"(c) John Spinks"},{"@type":"BreadcrumbList","@id":"https:\/\/www.exitmusic.com.ar\/news\/prensatraducciones\/las-frecuencias-jazzeras-de-radiohead\/#breadcrumb","itemListElement":[{"@type":"ListItem","position":1,"name":"Inicio","item":"https:\/\/www.exitmusic.com.ar\/news\/"},{"@type":"ListItem","position":2,"name":"Prensa\/Traducciones","item":"https:\/\/www.exitmusic.com.ar\/news\/prensatraducciones\/"},{"@type":"ListItem","position":3,"name":"Las frecuencias jazzeras de Radiohead"}]},{"@type":"WebSite","@id":"https:\/\/www.exitmusic.com.ar\/news\/#website","url":"https:\/\/www.exitmusic.com.ar\/news\/","name":"ExitMusicAr | Radiohead Argentina","description":"Noticias e informaci\u00f3n sobre Radiohead, EOB, Philip Selway, Jonny Greenwood, Thom Yorke, Atoms for Peace y The Smile","potentialAction":[{"@type":"SearchAction","target":{"@type":"EntryPoint","urlTemplate":"https:\/\/www.exitmusic.com.ar\/news\/?s={search_term_string}"},"query-input":{"@type":"PropertyValueSpecification","valueRequired":true,"valueName":"search_term_string"}}],"inLanguage":"es"},{"@type":"Person","@id":"https:\/\/www.exitmusic.com.ar\/news\/#\/schema\/person\/5b17484c1a134bd78759c85b056b2e9a","name":"britbomber","image":{"@type":"ImageObject","inLanguage":"es","@id":"https:\/\/secure.gravatar.com\/avatar\/7aa60245619700190832ac995e42108bfadba25baafc3bf5bb91e97db0e7a0bd?s=96&d=identicon&r=r","url":"https:\/\/secure.gravatar.com\/avatar\/7aa60245619700190832ac995e42108bfadba25baafc3bf5bb91e97db0e7a0bd?s=96&d=identicon&r=r","contentUrl":"https:\/\/secure.gravatar.com\/avatar\/7aa60245619700190832ac995e42108bfadba25baafc3bf5bb91e97db0e7a0bd?s=96&d=identicon&r=r","caption":"britbomber"}}]}},"amp_enabled":true,"_links":{"self":[{"href":"https:\/\/www.exitmusic.com.ar\/news\/wp-json\/wp\/v2\/pages\/15058","targetHints":{"allow":["GET"]}}],"collection":[{"href":"https:\/\/www.exitmusic.com.ar\/news\/wp-json\/wp\/v2\/pages"}],"about":[{"href":"https:\/\/www.exitmusic.com.ar\/news\/wp-json\/wp\/v2\/types\/page"}],"author":[{"embeddable":true,"href":"https:\/\/www.exitmusic.com.ar\/news\/wp-json\/wp\/v2\/users\/2"}],"replies":[{"embeddable":true,"href":"https:\/\/www.exitmusic.com.ar\/news\/wp-json\/wp\/v2\/comments?post=15058"}],"version-history":[{"count":0,"href":"https:\/\/www.exitmusic.com.ar\/news\/wp-json\/wp\/v2\/pages\/15058\/revisions"}],"up":[{"embeddable":true,"href":"https:\/\/www.exitmusic.com.ar\/news\/wp-json\/wp\/v2\/pages\/7671"}],"wp:featuredmedia":[{"embeddable":true,"href":"https:\/\/www.exitmusic.com.ar\/news\/wp-json\/wp\/v2\/media\/15061"}],"wp:attachment":[{"href":"https:\/\/www.exitmusic.com.ar\/news\/wp-json\/wp\/v2\/media?parent=15058"}],"wp:term":[{"taxonomy":"category","embeddable":true,"href":"https:\/\/www.exitmusic.com.ar\/news\/wp-json\/wp\/v2\/categories?post=15058"},{"taxonomy":"post_tag","embeddable":true,"href":"https:\/\/www.exitmusic.com.ar\/news\/wp-json\/wp\/v2\/tags?post=15058"}],"curies":[{"name":"wp","href":"https:\/\/api.w.org\/{rel}","templated":true}]}}