{"id":16924,"date":"2001-04-03T17:31:00","date_gmt":"2001-04-03T20:31:00","guid":{"rendered":"https:\/\/www.exitmusic.com.ar\/news\/?page_id=16924"},"modified":"2021-06-28T17:18:41","modified_gmt":"2021-06-28T20:18:41","slug":"roba-este-blip","status":"publish","type":"page","link":"https:\/\/www.exitmusic.com.ar\/news\/prensatraducciones\/roba-este-blip\/","title":{"rendered":"Rob\u00e1 este blip"},"content":{"rendered":"<p><em>Kid A<\/em> abri\u00f3 un nuevo territorio musical, seg\u00fan la mayor\u00eda de la cr\u00edtica. La campa\u00f1a de promoci\u00f3n fue tambi\u00e9n innovadora. La banda colabor\u00f3 con Stanley Donwood &#8211; el artista a cargo de sus cubiertas desde hace a\u00f1os, con el animador, y creador audiovisual Chris Bran, con el colectivo de entretenimiento digital Shynola (conformado por los artistas de multimedios Jason Groves, Gideon Baws, Richard Kenworthy y Chris Hardin) y con el productor Dilly Gent. El resultado fueron videos cortos de 10 a 30 segundos, acompa\u00f1ados por fragmentos del nuevo \u00e1lbum. <a href=\"\/videografia\/blips\/index.php\">Los blips<\/a> tienen m\u00e1s relaci\u00f3n con publicidades impresionistas que con videos de rock tradicionales\u2026 hechos con el prop\u00f3sito espec\u00edfico de ser distribuidos en l\u00ednea y v\u00eda email.<\/p>\n\n\n\n<p>Y eso me retrotrae a cosas \u2026 \u00bfqu\u00e9 sucedi\u00f3 primero? \u00bfLas grabaciones pirata de <em><a href=\"\/discografia\/kida\/\">Kid A<\/a><\/em>? \u00bfver los blips en mi computadora personal despu\u00e9s de leer en publicaciones de listserv que eran geniales? No importa ahora. Estaba perdido. En aquellos d\u00edas de amor libre y compartir archivos, previos al malestar de Bertelsmann\/Napster, todo el asunto me molestaba.<\/p>\n\n\n\n<p>De acuerdo con Rob Gordon &#8211; vicepresidente de marketing de Capitol &#8211; los blips fueron una idea de la banda. \u00abEstuvieron a cargo del proceso creativo con su equipo creativo desde el primer d\u00eda\u00bb. Para la promoci\u00f3n, Capitol cre\u00f3 mini-websites que alojaban contenido exclusivo para sitios de fans y afiliados como heavy.com, mtv.com y amazon.com. Otros elementos que formaron parte de la campa\u00f1a fueron postales listas para imprimir y una fiesta de preescucha de <em>Kid A<\/em>, para que los fans escuchen el \u00e1lbum completo semanas antes del lanzamiento. \u00abLa gente quer\u00eda escuchar el \u00e1lbum y encontraron c\u00f3mo tenerlo antes de tiempo\u00bb, dijo la Directora de Nuevos Medios de Capitol, Robin Betchel. Los fans de Radiohead son conocidos por ser activos en l\u00ednea, por lo que el rumor se esparci\u00f3 de \u00abmouse en mouse\u00bb. \u00abSab\u00edamos que el \u00e1lbum entero terminar\u00eda en la red de todos modos, as\u00ed que quer\u00edamos ser proactivos\u00bb.<\/p>\n\n\n<div id=\"ads_page\">\n\t<!-- wpPageAd_1 -->\n\t<amp-ad width=\"100vw\" height=\"320\"\n\t\ttype=\"adsense\"\n     \tdata-ad-client=\"ca-pub-1186082079292141\"\n     \tdata-ad-slot=\"6678768770\"\n     \tdata-auto-format=\"rspv\"\n     \tdata-full-width=\"\">\n  \t<div overflow=\"\"><\/div>\n\t<\/amp-ad>\n\t<\/div>\n\n\n\n<p>\u00abLo que no me gusta de lo que hago es que las im\u00e1genes no se mueven\u00bb, dice Stanley Donwood, el artista detr\u00e1s del arte de tapa de <em>Kid A<\/em> y de mucho de la est\u00e9tica de Radiohead desde el EP <em><a href=\"\/discografia\/myironlung\/\">My Iron Lung<\/a><\/em>. \u00abTengo ideas sobre lo que les est\u00e1 pasando, pero tengo que detenerme en cierto punto\u00bb. Stanley conoci\u00f3 a Yorke en la universidad. Ambos hacen lluvias de ideas habitualmente: \u00abbebemos mucho y despu\u00e9s discutimos\u00bb, explica. \u00ab<em>Kid A<\/em> es un \u00e1lbum muy agoraf\u00f3bico. La m\u00fasica hace formas y colores que intent\u00e9 usar\u2026me gustan las pinturas antiguas de batallas, en las que los ej\u00e9rcitos parecen joyas desparramadas en el barro, pero de cerca es como un ballet de atrocidades. Empec\u00e9 con las pinturas durante el horror de Bosnia\u00bb.<br>El \u00edcono del oso de la muerte de Radiohead naci\u00f3 de unas historias que Donwood sol\u00eda contarle a su hija antes de dormir; las piletas rojas son una referencia a <em>Brought to Light<\/em>, la novela gr\u00e1fica de Alan Moore sobre las atrocidades cometidas por el FBI en la que las v\u00edctimas de la guerra fr\u00eda son comparadas por los galones de sangre que se requieren para llenar una pileta de nataci\u00f3n. Los monstruos dibujados con palitos le deben la est\u00e9tica a la admiraci\u00f3n de Donwood por el artista brit\u00e1nico L.S. Lowry. Uno de los blips, estelarizado por un oso de la muerte en p\u00e1nico parece una referencia a otro fen\u00f3meno cultura \u2026 \u00bfel proyecto Bear Witch?<\/p>\n\n\n\n<p>Antes de la salida de <em>Kid A<\/em>, uno de los servidores de Capitol\/EMI que alojaba muchos de los todav\u00eda in\u00e9ditos blips fue hackeado, para la sorpresa de muchos de los involucrados. \u00abMe encant\u00f3\u00bb, dijo Stanley. \u00abEMI cre\u00eda tener un servidor seguro &#8211; no existe eso. Hasta donde yo s\u00e9, una vez que terminamos con los blips, eran libres de reproducirse donde quisieran\u2026no deber\u00eda haber derechos de autor en la red. Es nuestro espacio libre m\u00e1s moderno. Rob\u00e1 lo que quieras y usalo para hacer cosas geniales\u00bb.<br>\u00abLos blips nacieron para ser robados, copiados, tirados, coleccionados, ignorados\u2026lo que sea que la gente quiera hacer con ellos\u00bb, dice el co-colaborador Chris Bran. \u00abCuando ves una pintura por primera vez, te lleva unos segundos digerir los colores y las formas. Despu\u00e9s, con suerte, hay una r\u00e1faga de pensamientos y emociones. Despu\u00e9s de 30 segundos, comenz\u00e1s a examinarlo t\u00e9cnicamente \u2026 las pinceladas, el detalle \u2026 pero la reacci\u00f3n inicial es la m\u00e1s importante\u00bb.<\/p>\n\n\n\n<p>Chris conoci\u00f3 a la banda cuando los ayud\u00f3 a producir un webcast desde su estudio, en Oxford. \u00abEn aquellos d\u00edas, todos est\u00e1bamos experimentando con animaciones y videos en nuestras Mac, creando cosas que pudi\u00e9ramos usar durante los webcasts. Me llev\u00e9 algo del material de Stanley a casa una noche, y arm\u00e9 algunas animaciones loopeadas. Despu\u00e9s, me pidieron que edite 7 u 8 clips cortos usando material de los webcasts\u2026 les agregu\u00e9 el logo del oso que gui\u00f1a el ojo al final. Ellos desarrollaron la idea y me animaron a hacer m\u00e1s.<\/p>\n\n\n\n<p>Shynola &#8211; quienes prefieren hablar en nombre de todos &#8211; acuerdan con que el proceso creativo de los blips dej\u00f3 mucho espacio a la experimentaci\u00f3n. \u00abEn el comienzo del proyecto, Stanley nos visit\u00f3 y trajo un mont\u00f3n de fotos y escaneos de sus pinturas y dibujos, y una cinta con los primeros blips que hab\u00eda hecho con Chris Bran. Nos habl\u00f3 sobre lo que quer\u00edan expresar sus pinturas y lo que esperaba lograr con los blips. Para nuestra sorpresa, nos permitieron usar cualquier fragmento de <em>Kid A<\/em> que fuera con nuestra animaci\u00f3n\u00bb.<\/p>\n\n\n<div id=\"ads_page\"><!-- wpPagead_2 -->\n\t<amp-ad width=\"100vw\" height=\"320\"\n\t\t type=\"adsense\"\n\t\t data-ad-client=\"ca-pub-1186082079292141\"\n\t\t data-ad-slot=\"6487197087\"\n\t\t data-auto-format=\"rspv\"\n\t\t data-full-width=\"\">\n\t  <div overflow=\"\"><\/div>\n\t<\/amp-ad>\n\t<\/div>\n\n\n\n<p>La cuenta oficial de blips es un misterio: Chris Bran recuerda crear unos 25 o 30; Shynola estima que un n\u00famero similar de los que hicieron ellos termin\u00f3 en la red. El quinto \u00e1lbum de Radiohead, <em><a href=\"\/discografia\/amnesiac\/\">Amnesiac<\/a><\/em>, sale en la primavera de 2001. Esta vez hay m\u00e1s fechas planeadas, pero nadie habla mucho sobre los proyectos futuros. \u00abEstoy trabajando como loco en el arte para el pr\u00f3ximo \u00e1lbum\u00bb, contesta Donwood cuando le preguntamos por el proyecto. \u00abEso y algo m\u00e1s de lo que no dir\u00e9 mucho para no echarlo a perder\u2026 es un libro\u00bb.<\/p>\n\n\n\n<p>Fragmento de un art\u00edculo publicado por Silicon Alley Reporter Magazine, en su edici\u00f3n #41, de Abril 2001<\/p>","protected":false},"excerpt":{"rendered":"<p>Kid A abri\u00f3 un nuevo territorio musical, seg\u00fan la mayor\u00eda de la cr\u00edtica. La campa\u00f1a de promoci\u00f3n fue tambi\u00e9n innovadora. La banda colabor\u00f3 con Stanley Donwood &#8211; el artista a cargo de sus cubiertas desde&hellip; <a href=\"https:\/\/www.exitmusic.com.ar\/news\/prensatraducciones\/roba-este-blip\/\" class=\"morelink\"> m\u00e1s \u00bb<\/a><\/p>","protected":false},"author":2,"featured_media":16926,"parent":7671,"menu_order":0,"comment_status":"open","ping_status":"closed","template":"","meta":{"footnotes":""},"categories":[1383],"tags":[65,1578,1883,64,1882,230],"class_list":["post-16924","page","type-page","status-publish","has-post-thumbnail","hentry","category-radiohead","tag-amnesiac","tag-blips","tag-chris-bran","tag-kid-a","tag-shynola","tag-stanley-donwood"],"yoast_head":"<!-- This site is optimized with the Yoast SEO plugin v27.4 - https:\/\/yoast.com\/product\/yoast-seo-wordpress\/ -->\n<title>Rob\u00e1 este blip &#8211; ExitMusicAr | Radiohead Argentina - \u00faltimas noticias<\/title>\n<meta name=\"description\" content=\"Fragmento de un art\u00edculo publicado por Silicon Alley Reporter Magazine, en su edici\u00f3n #41, de Abril 2001\" \/>\n<meta name=\"robots\" content=\"index, follow, max-snippet:-1, max-image-preview:large, max-video-preview:-1\" \/>\n<link rel=\"canonical\" href=\"https:\/\/www.exitmusic.com.ar\/news\/prensatraducciones\/roba-este-blip\/\" \/>\n<meta property=\"og:locale\" content=\"es_ES\" \/>\n<meta property=\"og:type\" content=\"article\" \/>\n<meta property=\"og:title\" content=\"Rob\u00e1 este blip &#8211; ExitMusicAr | Radiohead Argentina - \u00faltimas noticias\" \/>\n<meta property=\"og:description\" content=\"Fragmento de un art\u00edculo publicado por Silicon Alley Reporter Magazine, en su edici\u00f3n #41, de Abril 2001\" \/>\n<meta property=\"og:url\" content=\"https:\/\/www.exitmusic.com.ar\/news\/prensatraducciones\/roba-este-blip\/\" \/>\n<meta property=\"og:site_name\" content=\"ExitMusicAr | Radiohead Argentina - \u00faltimas noticias\" \/>\n<meta property=\"article:publisher\" content=\"https:\/\/www.facebook.com\/ExitMusicAr\" \/>\n<meta property=\"article:modified_time\" content=\"2021-06-28T20:18:41+00:00\" \/>\n<meta property=\"og:image\" content=\"https:\/\/www.exitmusic.com.ar\/news\/wp-content\/uploads\/2021\/06\/Untitled.jpg\" \/>\n\t<meta property=\"og:image:width\" content=\"700\" \/>\n\t<meta property=\"og:image:height\" content=\"394\" \/>\n\t<meta property=\"og:image:type\" content=\"image\/jpeg\" \/>\n<meta name=\"twitter:card\" content=\"summary_large_image\" \/>\n<meta name=\"twitter:site\" content=\"@ExitMusicAr\" \/>\n<meta name=\"twitter:label1\" content=\"Tiempo de lectura\" \/>\n\t<meta name=\"twitter:data1\" content=\"5 minutos\" \/>\n<script type=\"application\/ld+json\" class=\"yoast-schema-graph\">{\"@context\":\"https:\\\/\\\/schema.org\",\"@graph\":[{\"@type\":\"NewsArticle\",\"@id\":\"https:\\\/\\\/www.exitmusic.com.ar\\\/news\\\/prensatraducciones\\\/roba-este-blip\\\/#article\",\"isPartOf\":{\"@id\":\"https:\\\/\\\/www.exitmusic.com.ar\\\/news\\\/prensatraducciones\\\/roba-este-blip\\\/\"},\"author\":{\"name\":\"britbomber\",\"@id\":\"https:\\\/\\\/www.exitmusic.com.ar\\\/news\\\/#\\\/schema\\\/person\\\/5b17484c1a134bd78759c85b056b2e9a\"},\"headline\":\"Rob\u00e1 este blip\",\"datePublished\":\"2001-04-03T20:31:00+00:00\",\"dateModified\":\"2021-06-28T20:18:41+00:00\",\"mainEntityOfPage\":{\"@id\":\"https:\\\/\\\/www.exitmusic.com.ar\\\/news\\\/prensatraducciones\\\/roba-este-blip\\\/\"},\"wordCount\":1089,\"commentCount\":0,\"image\":{\"@id\":\"https:\\\/\\\/www.exitmusic.com.ar\\\/news\\\/prensatraducciones\\\/roba-este-blip\\\/#primaryimage\"},\"thumbnailUrl\":\"https:\\\/\\\/www.exitmusic.com.ar\\\/news\\\/wp-content\\\/uploads\\\/2021\\\/06\\\/Untitled.jpg\",\"keywords\":[\"amnesiac\",\"blips\",\"chris bran\",\"kid a\",\"shynola\",\"stanley donwood\"],\"articleSection\":[\"Radiohead\"],\"inLanguage\":\"es\",\"potentialAction\":[{\"@type\":\"CommentAction\",\"name\":\"Comment\",\"target\":[\"https:\\\/\\\/www.exitmusic.com.ar\\\/news\\\/prensatraducciones\\\/roba-este-blip\\\/#respond\"]}]},{\"@type\":[\"WebPage\",\"ItemPage\"],\"@id\":\"https:\\\/\\\/www.exitmusic.com.ar\\\/news\\\/prensatraducciones\\\/roba-este-blip\\\/\",\"url\":\"https:\\\/\\\/www.exitmusic.com.ar\\\/news\\\/prensatraducciones\\\/roba-este-blip\\\/\",\"name\":\"Rob\u00e1 este blip &#8211; ExitMusicAr | Radiohead Argentina - \u00faltimas noticias\",\"isPartOf\":{\"@id\":\"https:\\\/\\\/www.exitmusic.com.ar\\\/news\\\/#website\"},\"primaryImageOfPage\":{\"@id\":\"https:\\\/\\\/www.exitmusic.com.ar\\\/news\\\/prensatraducciones\\\/roba-este-blip\\\/#primaryimage\"},\"image\":{\"@id\":\"https:\\\/\\\/www.exitmusic.com.ar\\\/news\\\/prensatraducciones\\\/roba-este-blip\\\/#primaryimage\"},\"thumbnailUrl\":\"https:\\\/\\\/www.exitmusic.com.ar\\\/news\\\/wp-content\\\/uploads\\\/2021\\\/06\\\/Untitled.jpg\",\"datePublished\":\"2001-04-03T20:31:00+00:00\",\"dateModified\":\"2021-06-28T20:18:41+00:00\",\"description\":\"Fragmento de un art\u00edculo publicado por Silicon Alley Reporter Magazine, en su edici\u00f3n #41, de Abril 2001\",\"breadcrumb\":{\"@id\":\"https:\\\/\\\/www.exitmusic.com.ar\\\/news\\\/prensatraducciones\\\/roba-este-blip\\\/#breadcrumb\"},\"inLanguage\":\"es\",\"potentialAction\":[{\"@type\":\"ReadAction\",\"target\":[\"https:\\\/\\\/www.exitmusic.com.ar\\\/news\\\/prensatraducciones\\\/roba-este-blip\\\/\"]}]},{\"@type\":\"ImageObject\",\"inLanguage\":\"es\",\"@id\":\"https:\\\/\\\/www.exitmusic.com.ar\\\/news\\\/prensatraducciones\\\/roba-este-blip\\\/#primaryimage\",\"url\":\"https:\\\/\\\/www.exitmusic.com.ar\\\/news\\\/wp-content\\\/uploads\\\/2021\\\/06\\\/Untitled.jpg\",\"contentUrl\":\"https:\\\/\\\/www.exitmusic.com.ar\\\/news\\\/wp-content\\\/uploads\\\/2021\\\/06\\\/Untitled.jpg\",\"width\":700,\"height\":394,\"caption\":\"Kid A Blips\"},{\"@type\":\"BreadcrumbList\",\"@id\":\"https:\\\/\\\/www.exitmusic.com.ar\\\/news\\\/prensatraducciones\\\/roba-este-blip\\\/#breadcrumb\",\"itemListElement\":[{\"@type\":\"ListItem\",\"position\":1,\"name\":\"Inicio\",\"item\":\"https:\\\/\\\/www.exitmusic.com.ar\\\/news\\\/\"},{\"@type\":\"ListItem\",\"position\":2,\"name\":\"Prensa\\\/Traducciones\",\"item\":\"https:\\\/\\\/www.exitmusic.com.ar\\\/news\\\/prensatraducciones\\\/\"},{\"@type\":\"ListItem\",\"position\":3,\"name\":\"Rob\u00e1 este blip\"}]},{\"@type\":\"WebSite\",\"@id\":\"https:\\\/\\\/www.exitmusic.com.ar\\\/news\\\/#website\",\"url\":\"https:\\\/\\\/www.exitmusic.com.ar\\\/news\\\/\",\"name\":\"ExitMusicAr | Radiohead Argentina\",\"description\":\"Noticias e informaci\u00f3n sobre Radiohead, EOB, Philip Selway, Jonny Greenwood, Thom Yorke, Atoms for Peace y The Smile\",\"potentialAction\":[{\"@type\":\"SearchAction\",\"target\":{\"@type\":\"EntryPoint\",\"urlTemplate\":\"https:\\\/\\\/www.exitmusic.com.ar\\\/news\\\/?s={search_term_string}\"},\"query-input\":{\"@type\":\"PropertyValueSpecification\",\"valueRequired\":true,\"valueName\":\"search_term_string\"}}],\"inLanguage\":\"es\"},{\"@type\":\"Person\",\"@id\":\"https:\\\/\\\/www.exitmusic.com.ar\\\/news\\\/#\\\/schema\\\/person\\\/5b17484c1a134bd78759c85b056b2e9a\",\"name\":\"britbomber\",\"image\":{\"@type\":\"ImageObject\",\"inLanguage\":\"es\",\"@id\":\"https:\\\/\\\/secure.gravatar.com\\\/avatar\\\/7aa60245619700190832ac995e42108bfadba25baafc3bf5bb91e97db0e7a0bd?s=96&d=identicon&r=r\",\"url\":\"https:\\\/\\\/secure.gravatar.com\\\/avatar\\\/7aa60245619700190832ac995e42108bfadba25baafc3bf5bb91e97db0e7a0bd?s=96&d=identicon&r=r\",\"contentUrl\":\"https:\\\/\\\/secure.gravatar.com\\\/avatar\\\/7aa60245619700190832ac995e42108bfadba25baafc3bf5bb91e97db0e7a0bd?s=96&d=identicon&r=r\",\"caption\":\"britbomber\"}}]}<\/script>\n<!-- \/ Yoast SEO plugin. -->","yoast_head_json":{"title":"Rob\u00e1 este blip &#8211; ExitMusicAr | Radiohead Argentina - \u00faltimas noticias","description":"Fragmento de un art\u00edculo publicado por Silicon Alley Reporter Magazine, en su edici\u00f3n #41, de Abril 2001","robots":{"index":"index","follow":"follow","max-snippet":"max-snippet:-1","max-image-preview":"max-image-preview:large","max-video-preview":"max-video-preview:-1"},"canonical":"https:\/\/www.exitmusic.com.ar\/news\/prensatraducciones\/roba-este-blip\/","og_locale":"es_ES","og_type":"article","og_title":"Rob\u00e1 este blip &#8211; ExitMusicAr | Radiohead Argentina - \u00faltimas noticias","og_description":"Fragmento de un art\u00edculo publicado por Silicon Alley Reporter Magazine, en su edici\u00f3n #41, de Abril 2001","og_url":"https:\/\/www.exitmusic.com.ar\/news\/prensatraducciones\/roba-este-blip\/","og_site_name":"ExitMusicAr | Radiohead Argentina - \u00faltimas noticias","article_publisher":"https:\/\/www.facebook.com\/ExitMusicAr","article_modified_time":"2021-06-28T20:18:41+00:00","og_image":[{"width":700,"height":394,"url":"https:\/\/www.exitmusic.com.ar\/news\/wp-content\/uploads\/2021\/06\/Untitled.jpg","type":"image\/jpeg"}],"twitter_card":"summary_large_image","twitter_site":"@ExitMusicAr","twitter_misc":{"Tiempo de lectura":"5 minutos"},"schema":{"@context":"https:\/\/schema.org","@graph":[{"@type":"NewsArticle","@id":"https:\/\/www.exitmusic.com.ar\/news\/prensatraducciones\/roba-este-blip\/#article","isPartOf":{"@id":"https:\/\/www.exitmusic.com.ar\/news\/prensatraducciones\/roba-este-blip\/"},"author":{"name":"britbomber","@id":"https:\/\/www.exitmusic.com.ar\/news\/#\/schema\/person\/5b17484c1a134bd78759c85b056b2e9a"},"headline":"Rob\u00e1 este blip","datePublished":"2001-04-03T20:31:00+00:00","dateModified":"2021-06-28T20:18:41+00:00","mainEntityOfPage":{"@id":"https:\/\/www.exitmusic.com.ar\/news\/prensatraducciones\/roba-este-blip\/"},"wordCount":1089,"commentCount":0,"image":{"@id":"https:\/\/www.exitmusic.com.ar\/news\/prensatraducciones\/roba-este-blip\/#primaryimage"},"thumbnailUrl":"https:\/\/www.exitmusic.com.ar\/news\/wp-content\/uploads\/2021\/06\/Untitled.jpg","keywords":["amnesiac","blips","chris bran","kid a","shynola","stanley donwood"],"articleSection":["Radiohead"],"inLanguage":"es","potentialAction":[{"@type":"CommentAction","name":"Comment","target":["https:\/\/www.exitmusic.com.ar\/news\/prensatraducciones\/roba-este-blip\/#respond"]}]},{"@type":["WebPage","ItemPage"],"@id":"https:\/\/www.exitmusic.com.ar\/news\/prensatraducciones\/roba-este-blip\/","url":"https:\/\/www.exitmusic.com.ar\/news\/prensatraducciones\/roba-este-blip\/","name":"Rob\u00e1 este blip &#8211; ExitMusicAr | Radiohead Argentina - \u00faltimas noticias","isPartOf":{"@id":"https:\/\/www.exitmusic.com.ar\/news\/#website"},"primaryImageOfPage":{"@id":"https:\/\/www.exitmusic.com.ar\/news\/prensatraducciones\/roba-este-blip\/#primaryimage"},"image":{"@id":"https:\/\/www.exitmusic.com.ar\/news\/prensatraducciones\/roba-este-blip\/#primaryimage"},"thumbnailUrl":"https:\/\/www.exitmusic.com.ar\/news\/wp-content\/uploads\/2021\/06\/Untitled.jpg","datePublished":"2001-04-03T20:31:00+00:00","dateModified":"2021-06-28T20:18:41+00:00","description":"Fragmento de un art\u00edculo publicado por Silicon Alley Reporter Magazine, en su edici\u00f3n #41, de Abril 2001","breadcrumb":{"@id":"https:\/\/www.exitmusic.com.ar\/news\/prensatraducciones\/roba-este-blip\/#breadcrumb"},"inLanguage":"es","potentialAction":[{"@type":"ReadAction","target":["https:\/\/www.exitmusic.com.ar\/news\/prensatraducciones\/roba-este-blip\/"]}]},{"@type":"ImageObject","inLanguage":"es","@id":"https:\/\/www.exitmusic.com.ar\/news\/prensatraducciones\/roba-este-blip\/#primaryimage","url":"https:\/\/www.exitmusic.com.ar\/news\/wp-content\/uploads\/2021\/06\/Untitled.jpg","contentUrl":"https:\/\/www.exitmusic.com.ar\/news\/wp-content\/uploads\/2021\/06\/Untitled.jpg","width":700,"height":394,"caption":"Kid A Blips"},{"@type":"BreadcrumbList","@id":"https:\/\/www.exitmusic.com.ar\/news\/prensatraducciones\/roba-este-blip\/#breadcrumb","itemListElement":[{"@type":"ListItem","position":1,"name":"Inicio","item":"https:\/\/www.exitmusic.com.ar\/news\/"},{"@type":"ListItem","position":2,"name":"Prensa\/Traducciones","item":"https:\/\/www.exitmusic.com.ar\/news\/prensatraducciones\/"},{"@type":"ListItem","position":3,"name":"Rob\u00e1 este blip"}]},{"@type":"WebSite","@id":"https:\/\/www.exitmusic.com.ar\/news\/#website","url":"https:\/\/www.exitmusic.com.ar\/news\/","name":"ExitMusicAr | Radiohead Argentina","description":"Noticias e informaci\u00f3n sobre Radiohead, EOB, Philip Selway, Jonny Greenwood, Thom Yorke, Atoms for Peace y The Smile","potentialAction":[{"@type":"SearchAction","target":{"@type":"EntryPoint","urlTemplate":"https:\/\/www.exitmusic.com.ar\/news\/?s={search_term_string}"},"query-input":{"@type":"PropertyValueSpecification","valueRequired":true,"valueName":"search_term_string"}}],"inLanguage":"es"},{"@type":"Person","@id":"https:\/\/www.exitmusic.com.ar\/news\/#\/schema\/person\/5b17484c1a134bd78759c85b056b2e9a","name":"britbomber","image":{"@type":"ImageObject","inLanguage":"es","@id":"https:\/\/secure.gravatar.com\/avatar\/7aa60245619700190832ac995e42108bfadba25baafc3bf5bb91e97db0e7a0bd?s=96&d=identicon&r=r","url":"https:\/\/secure.gravatar.com\/avatar\/7aa60245619700190832ac995e42108bfadba25baafc3bf5bb91e97db0e7a0bd?s=96&d=identicon&r=r","contentUrl":"https:\/\/secure.gravatar.com\/avatar\/7aa60245619700190832ac995e42108bfadba25baafc3bf5bb91e97db0e7a0bd?s=96&d=identicon&r=r","caption":"britbomber"}}]}},"amp_enabled":true,"_links":{"self":[{"href":"https:\/\/www.exitmusic.com.ar\/news\/wp-json\/wp\/v2\/pages\/16924","targetHints":{"allow":["GET"]}}],"collection":[{"href":"https:\/\/www.exitmusic.com.ar\/news\/wp-json\/wp\/v2\/pages"}],"about":[{"href":"https:\/\/www.exitmusic.com.ar\/news\/wp-json\/wp\/v2\/types\/page"}],"author":[{"embeddable":true,"href":"https:\/\/www.exitmusic.com.ar\/news\/wp-json\/wp\/v2\/users\/2"}],"replies":[{"embeddable":true,"href":"https:\/\/www.exitmusic.com.ar\/news\/wp-json\/wp\/v2\/comments?post=16924"}],"version-history":[{"count":0,"href":"https:\/\/www.exitmusic.com.ar\/news\/wp-json\/wp\/v2\/pages\/16924\/revisions"}],"up":[{"embeddable":true,"href":"https:\/\/www.exitmusic.com.ar\/news\/wp-json\/wp\/v2\/pages\/7671"}],"wp:featuredmedia":[{"embeddable":true,"href":"https:\/\/www.exitmusic.com.ar\/news\/wp-json\/wp\/v2\/media\/16926"}],"wp:attachment":[{"href":"https:\/\/www.exitmusic.com.ar\/news\/wp-json\/wp\/v2\/media?parent=16924"}],"wp:term":[{"taxonomy":"category","embeddable":true,"href":"https:\/\/www.exitmusic.com.ar\/news\/wp-json\/wp\/v2\/categories?post=16924"},{"taxonomy":"post_tag","embeddable":true,"href":"https:\/\/www.exitmusic.com.ar\/news\/wp-json\/wp\/v2\/tags?post=16924"}],"curies":[{"name":"wp","href":"https:\/\/api.w.org\/{rel}","templated":true}]}}