{"id":1852,"date":"2009-01-17T13:53:00","date_gmt":"2009-01-17T16:53:00","guid":{"rendered":"http:\/\/www.exitmusic.com.ar\/news\/?page_id=1852"},"modified":"2009-01-17T13:53:00","modified_gmt":"2009-01-17T16:53:00","slug":"grammy-nominees-2009","status":"publish","type":"page","link":"https:\/\/www.exitmusic.com.ar\/news\/grammy-nominees-2009\/","title":{"rendered":"Grammy Nominees 2009"},"content":{"rendered":"<p>Para participar del sorteo de una copia del album <em>Grammy Nominees 2009<\/em> solo ten\u00e9s que contestar correctamente la siguiente pregunta:<\/p>\n<p style=\"text-align: center;\"><strong>\u00bfCuantas veces gan\u00f3 en el pasado Radiohead en la categor\u00eda de Mejor Album de M\u00fasica Alternativa?<\/strong><\/p>\n<p><strong><!--cforms name=\"Concurso Grammy Nominees 09\"--><\/strong><\/p>\n<p>Apurate, solo hay tiempo hasta el 24 de Enero medianoche!. El ganador ser\u00e1 notificado por email.<\/p>\n<p>El tracklist del album es el siguiente:<\/p>\n<ol>\n<li>Viva La Vida &#8211; COLDPLAY<\/li>\n<li>American Boy &#8211; ESTELLE Featuring KANYE WEST<\/li>\n<li>Love Song &#8211; SARA BAREILLES<\/li>\n<li>Closer &#8211; NE-YO<\/li>\n<li>Got Money &#8211; LIL WAYNE Featuring T-PAIN<\/li>\n<li>Please Read The Letter &#8211; ROBERT PLANT &amp; ALISON KRAUSS<\/li>\n<li>House Of Cards &#8211; RADIOHEAD<\/li>\n<li>Love Don&#8217;t Live Here &#8211; LADY ANTEBELLUM<\/li>\n<li>Burnin&#8217; Up &#8211; JONAS BROTHERS<\/li>\n<li>Need U Bad &#8211; JAZMINE SULLIVAN<\/li>\n<li>Mercy &#8211; DUFFY<\/li>\n<li>Paper Planes &#8211; M.I.A.<\/li>\n<li>Chasing Pavements &#8211; ADELE<\/li>\n<li>I kissed A Girl &#8211; Katy Perry<\/li>\n<li>Bleeding Love &#8211; LEONA LEWIS<\/li>\n<li>So What &#8211; PINK<\/li>\n<li>Going On &#8211; GNARLS BARKLEY<\/li>\n<li>Apologies &#8211; ONEREPUBLIC<\/li>\n<li>Won&#8217;t Go Home Without You &#8211; MAROON 5<\/li>\n<li>Waiting In The Weeds &#8211; EAGLES<\/li>\n<\/ol>","protected":false},"excerpt":{"rendered":"<p>Para participar del sorteo de una copia del album Grammy Nominees 2009 solo ten\u00e9s que contestar correctamente la siguiente pregunta: \u00bfCuantas veces gan\u00f3 en el pasado Radiohead en la categor\u00eda de Mejor Album de M\u00fasica&hellip; <a href=\"https:\/\/www.exitmusic.com.ar\/news\/grammy-nominees-2009\/\" class=\"morelink\"> m\u00e1s \u00bb<\/a><\/p>","protected":false},"author":2,"featured_media":0,"parent":0,"menu_order":0,"comment_status":"open","ping_status":"open","template":"","meta":{"footnotes":""},"categories":[1],"tags":[],"class_list":["post-1852","page","type-page","status-publish","hentry","category-noticias"],"yoast_head":"<!-- This site is optimized with the Yoast SEO plugin v27.5 - https:\/\/yoast.com\/product\/yoast-seo-wordpress\/ -->\n<title>Grammy Nominees 2009 &#8211; ExitMusicAr | Radiohead Argentina - \u00faltimas noticias<\/title>\n<meta name=\"robots\" content=\"index, follow, max-snippet:-1, max-image-preview:large, max-video-preview:-1\" \/>\n<link rel=\"canonical\" href=\"https:\/\/www.exitmusic.com.ar\/news\/grammy-nominees-2009\/\" \/>\n<meta property=\"og:locale\" content=\"es_ES\" \/>\n<meta property=\"og:type\" content=\"article\" \/>\n<meta property=\"og:title\" content=\"Grammy Nominees 2009 &#8211; ExitMusicAr | Radiohead Argentina - \u00faltimas noticias\" \/>\n<meta property=\"og:description\" content=\"Para participar del sorteo de una copia del album Grammy Nominees 2009 solo ten\u00e9s que contestar correctamente la siguiente pregunta: \u00bfCuantas veces gan\u00f3 en el pasado Radiohead en la categor\u00eda de Mejor Album de M\u00fasica&hellip; m\u00e1s \u00bb\" \/>\n<meta property=\"og:url\" content=\"https:\/\/www.exitmusic.com.ar\/news\/grammy-nominees-2009\/\" \/>\n<meta property=\"og:site_name\" content=\"ExitMusicAr | Radiohead Argentina - \u00faltimas noticias\" \/>\n<meta property=\"article:publisher\" content=\"https:\/\/www.facebook.com\/ExitMusicAr\" \/>\n<meta name=\"twitter:card\" content=\"summary_large_image\" \/>\n<meta name=\"twitter:site\" content=\"@ExitMusicAr\" \/>\n<meta name=\"twitter:label1\" content=\"Tiempo de lectura\" \/>\n\t<meta name=\"twitter:data1\" content=\"1 minuto\" \/>\n<script type=\"application\/ld+json\" class=\"yoast-schema-graph\">{\"@context\":\"https:\\\/\\\/schema.org\",\"@graph\":[{\"@type\":\"NewsArticle\",\"@id\":\"https:\\\/\\\/www.exitmusic.com.ar\\\/news\\\/grammy-nominees-2009\\\/#article\",\"isPartOf\":{\"@id\":\"https:\\\/\\\/www.exitmusic.com.ar\\\/news\\\/grammy-nominees-2009\\\/\"},\"author\":{\"name\":\"britbomber\",\"@id\":\"https:\\\/\\\/www.exitmusic.com.ar\\\/news\\\/#\\\/schema\\\/person\\\/5b17484c1a134bd78759c85b056b2e9a\"},\"headline\":\"Grammy Nominees 2009\",\"datePublished\":\"2009-01-17T16:53:00+00:00\",\"mainEntityOfPage\":{\"@id\":\"https:\\\/\\\/www.exitmusic.com.ar\\\/news\\\/grammy-nominees-2009\\\/\"},\"wordCount\":174,\"commentCount\":1,\"articleSection\":[\"Noticias\"],\"inLanguage\":\"es\",\"potentialAction\":[{\"@type\":\"CommentAction\",\"name\":\"Comment\",\"target\":[\"https:\\\/\\\/www.exitmusic.com.ar\\\/news\\\/grammy-nominees-2009\\\/#respond\"]}]},{\"@type\":[\"WebPage\",\"ItemPage\"],\"@id\":\"https:\\\/\\\/www.exitmusic.com.ar\\\/news\\\/grammy-nominees-2009\\\/\",\"url\":\"https:\\\/\\\/www.exitmusic.com.ar\\\/news\\\/grammy-nominees-2009\\\/\",\"name\":\"Grammy Nominees 2009 &#8211; ExitMusicAr | Radiohead Argentina - \u00faltimas noticias\",\"isPartOf\":{\"@id\":\"https:\\\/\\\/www.exitmusic.com.ar\\\/news\\\/#website\"},\"datePublished\":\"2009-01-17T16:53:00+00:00\",\"breadcrumb\":{\"@id\":\"https:\\\/\\\/www.exitmusic.com.ar\\\/news\\\/grammy-nominees-2009\\\/#breadcrumb\"},\"inLanguage\":\"es\",\"potentialAction\":[{\"@type\":\"ReadAction\",\"target\":[\"https:\\\/\\\/www.exitmusic.com.ar\\\/news\\\/grammy-nominees-2009\\\/\"]}]},{\"@type\":\"BreadcrumbList\",\"@id\":\"https:\\\/\\\/www.exitmusic.com.ar\\\/news\\\/grammy-nominees-2009\\\/#breadcrumb\",\"itemListElement\":[{\"@type\":\"ListItem\",\"position\":1,\"name\":\"Inicio\",\"item\":\"https:\\\/\\\/www.exitmusic.com.ar\\\/news\\\/\"},{\"@type\":\"ListItem\",\"position\":2,\"name\":\"Noticias\",\"item\":\"https:\\\/\\\/www.exitmusic.com.ar\\\/news\\\/secciones\\\/noticias\\\/\"},{\"@type\":\"ListItem\",\"position\":3,\"name\":\"Grammy Nominees 2009\"}]},{\"@type\":\"WebSite\",\"@id\":\"https:\\\/\\\/www.exitmusic.com.ar\\\/news\\\/#website\",\"url\":\"https:\\\/\\\/www.exitmusic.com.ar\\\/news\\\/\",\"name\":\"ExitMusicAr | Radiohead Argentina\",\"description\":\"Noticias e informaci\u00f3n sobre Radiohead, EOB, Philip Selway, Jonny Greenwood, Thom Yorke, Atoms for Peace y The Smile\",\"potentialAction\":[{\"@type\":\"SearchAction\",\"target\":{\"@type\":\"EntryPoint\",\"urlTemplate\":\"https:\\\/\\\/www.exitmusic.com.ar\\\/news\\\/?s={search_term_string}\"},\"query-input\":{\"@type\":\"PropertyValueSpecification\",\"valueRequired\":true,\"valueName\":\"search_term_string\"}}],\"inLanguage\":\"es\"},{\"@type\":\"Person\",\"@id\":\"https:\\\/\\\/www.exitmusic.com.ar\\\/news\\\/#\\\/schema\\\/person\\\/5b17484c1a134bd78759c85b056b2e9a\",\"name\":\"britbomber\",\"image\":{\"@type\":\"ImageObject\",\"inLanguage\":\"es\",\"@id\":\"https:\\\/\\\/secure.gravatar.com\\\/avatar\\\/7aa60245619700190832ac995e42108bfadba25baafc3bf5bb91e97db0e7a0bd?s=96&d=identicon&r=r\",\"url\":\"https:\\\/\\\/secure.gravatar.com\\\/avatar\\\/7aa60245619700190832ac995e42108bfadba25baafc3bf5bb91e97db0e7a0bd?s=96&d=identicon&r=r\",\"contentUrl\":\"https:\\\/\\\/secure.gravatar.com\\\/avatar\\\/7aa60245619700190832ac995e42108bfadba25baafc3bf5bb91e97db0e7a0bd?s=96&d=identicon&r=r\",\"caption\":\"britbomber\"}}]}<\/script>\n<!-- \/ Yoast SEO plugin. -->","yoast_head_json":{"title":"Grammy Nominees 2009 &#8211; ExitMusicAr | Radiohead Argentina - \u00faltimas noticias","robots":{"index":"index","follow":"follow","max-snippet":"max-snippet:-1","max-image-preview":"max-image-preview:large","max-video-preview":"max-video-preview:-1"},"canonical":"https:\/\/www.exitmusic.com.ar\/news\/grammy-nominees-2009\/","og_locale":"es_ES","og_type":"article","og_title":"Grammy Nominees 2009 &#8211; ExitMusicAr | Radiohead Argentina - \u00faltimas noticias","og_description":"Para participar del sorteo de una copia del album Grammy Nominees 2009 solo ten\u00e9s que contestar correctamente la siguiente pregunta: \u00bfCuantas veces gan\u00f3 en el pasado Radiohead en la categor\u00eda de Mejor Album de M\u00fasica&hellip; m\u00e1s \u00bb","og_url":"https:\/\/www.exitmusic.com.ar\/news\/grammy-nominees-2009\/","og_site_name":"ExitMusicAr | Radiohead Argentina - \u00faltimas noticias","article_publisher":"https:\/\/www.facebook.com\/ExitMusicAr","twitter_card":"summary_large_image","twitter_site":"@ExitMusicAr","twitter_misc":{"Tiempo de lectura":"1 minuto"},"schema":{"@context":"https:\/\/schema.org","@graph":[{"@type":"NewsArticle","@id":"https:\/\/www.exitmusic.com.ar\/news\/grammy-nominees-2009\/#article","isPartOf":{"@id":"https:\/\/www.exitmusic.com.ar\/news\/grammy-nominees-2009\/"},"author":{"name":"britbomber","@id":"https:\/\/www.exitmusic.com.ar\/news\/#\/schema\/person\/5b17484c1a134bd78759c85b056b2e9a"},"headline":"Grammy Nominees 2009","datePublished":"2009-01-17T16:53:00+00:00","mainEntityOfPage":{"@id":"https:\/\/www.exitmusic.com.ar\/news\/grammy-nominees-2009\/"},"wordCount":174,"commentCount":1,"articleSection":["Noticias"],"inLanguage":"es","potentialAction":[{"@type":"CommentAction","name":"Comment","target":["https:\/\/www.exitmusic.com.ar\/news\/grammy-nominees-2009\/#respond"]}]},{"@type":["WebPage","ItemPage"],"@id":"https:\/\/www.exitmusic.com.ar\/news\/grammy-nominees-2009\/","url":"https:\/\/www.exitmusic.com.ar\/news\/grammy-nominees-2009\/","name":"Grammy Nominees 2009 &#8211; ExitMusicAr | Radiohead Argentina - \u00faltimas noticias","isPartOf":{"@id":"https:\/\/www.exitmusic.com.ar\/news\/#website"},"datePublished":"2009-01-17T16:53:00+00:00","breadcrumb":{"@id":"https:\/\/www.exitmusic.com.ar\/news\/grammy-nominees-2009\/#breadcrumb"},"inLanguage":"es","potentialAction":[{"@type":"ReadAction","target":["https:\/\/www.exitmusic.com.ar\/news\/grammy-nominees-2009\/"]}]},{"@type":"BreadcrumbList","@id":"https:\/\/www.exitmusic.com.ar\/news\/grammy-nominees-2009\/#breadcrumb","itemListElement":[{"@type":"ListItem","position":1,"name":"Inicio","item":"https:\/\/www.exitmusic.com.ar\/news\/"},{"@type":"ListItem","position":2,"name":"Noticias","item":"https:\/\/www.exitmusic.com.ar\/news\/secciones\/noticias\/"},{"@type":"ListItem","position":3,"name":"Grammy Nominees 2009"}]},{"@type":"WebSite","@id":"https:\/\/www.exitmusic.com.ar\/news\/#website","url":"https:\/\/www.exitmusic.com.ar\/news\/","name":"ExitMusicAr | Radiohead Argentina","description":"Noticias e informaci\u00f3n sobre Radiohead, EOB, Philip Selway, Jonny Greenwood, Thom Yorke, Atoms for Peace y The Smile","potentialAction":[{"@type":"SearchAction","target":{"@type":"EntryPoint","urlTemplate":"https:\/\/www.exitmusic.com.ar\/news\/?s={search_term_string}"},"query-input":{"@type":"PropertyValueSpecification","valueRequired":true,"valueName":"search_term_string"}}],"inLanguage":"es"},{"@type":"Person","@id":"https:\/\/www.exitmusic.com.ar\/news\/#\/schema\/person\/5b17484c1a134bd78759c85b056b2e9a","name":"britbomber","image":{"@type":"ImageObject","inLanguage":"es","@id":"https:\/\/secure.gravatar.com\/avatar\/7aa60245619700190832ac995e42108bfadba25baafc3bf5bb91e97db0e7a0bd?s=96&d=identicon&r=r","url":"https:\/\/secure.gravatar.com\/avatar\/7aa60245619700190832ac995e42108bfadba25baafc3bf5bb91e97db0e7a0bd?s=96&d=identicon&r=r","contentUrl":"https:\/\/secure.gravatar.com\/avatar\/7aa60245619700190832ac995e42108bfadba25baafc3bf5bb91e97db0e7a0bd?s=96&d=identicon&r=r","caption":"britbomber"}}]}},"amp_enabled":true,"_links":{"self":[{"href":"https:\/\/www.exitmusic.com.ar\/news\/wp-json\/wp\/v2\/pages\/1852","targetHints":{"allow":["GET"]}}],"collection":[{"href":"https:\/\/www.exitmusic.com.ar\/news\/wp-json\/wp\/v2\/pages"}],"about":[{"href":"https:\/\/www.exitmusic.com.ar\/news\/wp-json\/wp\/v2\/types\/page"}],"author":[{"embeddable":true,"href":"https:\/\/www.exitmusic.com.ar\/news\/wp-json\/wp\/v2\/users\/2"}],"replies":[{"embeddable":true,"href":"https:\/\/www.exitmusic.com.ar\/news\/wp-json\/wp\/v2\/comments?post=1852"}],"version-history":[{"count":0,"href":"https:\/\/www.exitmusic.com.ar\/news\/wp-json\/wp\/v2\/pages\/1852\/revisions"}],"wp:attachment":[{"href":"https:\/\/www.exitmusic.com.ar\/news\/wp-json\/wp\/v2\/media?parent=1852"}],"wp:term":[{"taxonomy":"category","embeddable":true,"href":"https:\/\/www.exitmusic.com.ar\/news\/wp-json\/wp\/v2\/categories?post=1852"},{"taxonomy":"post_tag","embeddable":true,"href":"https:\/\/www.exitmusic.com.ar\/news\/wp-json\/wp\/v2\/tags?post=1852"}],"curies":[{"name":"wp","href":"https:\/\/api.w.org\/{rel}","templated":true}]}}