{"id":18605,"date":"2022-10-30T04:32:55","date_gmt":"2022-10-30T07:32:55","guid":{"rendered":"https:\/\/www.exitmusic.com.ar\/news\/?page_id=18605"},"modified":"2022-12-27T05:22:58","modified_gmt":"2022-12-27T08:22:58","slug":"stewart-geddes-y-el-arte-de-strange-dance","status":"publish","type":"page","link":"https:\/\/www.exitmusic.com.ar\/news\/prensatraducciones\/stewart-geddes-y-el-arte-de-strange-dance\/","title":{"rendered":"Stewart Geddes y el arte de Strange Dance"},"content":{"rendered":"<p class=\"has-text-align-right has-medium-font-size\"><a href=\"#english\"><strong>English version<\/strong><\/a> available<\/p>\n\n\n\n<p class=\"has-text-align-right\">Texto por Leonardo Ebel \/ Stewart Geddes<\/p>\n\n\n\n<p>Stewart Geddes tuvo la gentileza de conversar con nosotros recientemente sobre su participaci\u00f3n en el arte de tapa de <em><a href=\"\/discografia\/strangedance\/\">Strange Dance<\/a><\/em>, el nuevo \u00e1lbum solista de Philip Selway.<\/p>\n\n\n\n<p>Geddes y Selway se conocieron originalmente a trav\u00e9s de la esposa de Philip, Cait, que estudi\u00f3 Bellas Artes en la escuela de arte de Cheltenham, donde Geddes trabajaba como profesor. Los artistas se hicieron amigos a trav\u00e9s del arte al comienzo, pero tambi\u00e9n encontraron cosas m\u00e1s cotidianas en com\u00fan &#8211; ambos tienen hijos de edades similares y los apasiona el f\u00fatbol, aunque no el mismo equipo. Selway es seguidor de Oxford United y Geddes de West Ham. <br>Poco tiempo despu\u00e9s del comienzo de su amistad, ambos fueron a un partido entre ambos equipos en Oxford. Por desgracia, para Geddes, Oxford United aniquil\u00f3 a West Ham ese d\u00eda: \u00ab\u00bfser\u00e1 que Philip piensa que traigo suerte a Oxford United ahora?\u00bb, bromea. Estas pasiones en com\u00fan sirvieron para hacer avanzar la amistad, y posteriormente Selway compr\u00f3 pinturas de Geddes.<\/p>\n\n\n<div id=\"ads_page\">\n\t<!-- wpPageAd_1 -->\n\t<amp-ad width=\"100vw\" height=\"320\"\n\t\ttype=\"adsense\"\n     \tdata-ad-client=\"ca-pub-1186082079292141\"\n     \tdata-ad-slot=\"6678768770\"\n     \tdata-auto-format=\"rspv\"\n     \tdata-full-width=\"\">\n  \t<div overflow=\"\"><\/div>\n\t<\/amp-ad>\n\t<\/div>\n\n\n\n<p>Las canciones de <em>Strange Dance<\/em> comenzaron a tomar forma durante el aislamiento provocado por la pandemia de Covid-19. Durante este per\u00edodo, ambos artistas continuaron el contacto de manera virtual: \u00abcada dos o tres semanas nos conect\u00e1bamos via Zoom desde nuestros estudios. Hablamos sobre diversos temas creativos y Philip mencion\u00f3 su \u00e1lbum y me pregunt\u00f3 si quer\u00eda hacer el arte visual.<br>Philip le envi\u00f3 a Stewart versiones tempranas de las canciones, a las que comenz\u00f3 a reaccionar en el lienzo. \u00abRespond\u00eda al tono, el humor y el espacio de las canciones, y dejaba que las pinturas encuentren una manera de relacionarse con ellas. Esta es la idea de tres de las cuatro pinturas que ser\u00e1n usadas, pero una, &#8216;Canaro&#8217; [que pod\u00e9s ver m\u00e1s abajo], fue una respuesta directa a la visita al estudio de grabaci\u00f3n en las afueras de Oxford\u00bb. Recuerda un d\u00eda en el que la productora Marta Salogni estaba escuchando versiones terminadas de los temas junto a Philip y los m\u00fasicos invitados Adrian Utley y Hannah Peel. En un momento, Utley fue a la sala de grabaci\u00f3n en el cuarto contiguo para agregar sonidos de guitarra a una canci\u00f3n. \u00abEstoy acostumbrado a visitar estudios de artistas, pero no de grabaci\u00f3n, y me impact\u00f3 la intimidad de estos cuartos, el desorden de cables y la ropa de los m\u00fasicos. Philip ten\u00eda puesta una remera rosa, y por eso hay un poco de rosa en la parte superior de la pintura; tambi\u00e9n hay mucho naranja y eso es por el cabello de Hannah. Adrian inspir\u00f3 el color rojo brillante con sus extraordinarios sonidos de guitarra\u00bb.<\/p>\n\n\n\n<p>Inevitablemente, el nombre de Stanley Donwood surgi\u00f3 durante nuestra conversaci\u00f3n, pero la producci\u00f3n de Geddes y de Donwood son fundamentalmente diferentes: el primero es m\u00e1s abstracto mientras que el segundo es m\u00e1s figurativo. A pesar de la relaci\u00f3n \u00edntima de Donwood con el aspecto visual de Radiohead, Geddes coment\u00f3 que la idea nunca fue seguir un estilo o enfoque similar. \u00abMi obra comenz\u00f3 con paisajes pero ha progresado a una forma m\u00e1s aut\u00f3noma de pintura abstracta. Aunque debo aceptar que puede recordarte a ciertos elementos del mundo exterior, yo las concibo como improvisaciones que exploran las caracter\u00edsticas de la pintura, las relaciones entre los colores y el espacio pict\u00f3rico. Y aunque no es mi intenci\u00f3n guiar al espectador, creo que las cuatro pinturas producidas para este \u00e1lbum tienen un espacio propio\u00bb.<\/p>\n\n\n\n<p>Aunque Geddes es un artista reconocido en su \u00e1mbito, con una frondosa carrera en pintura, esta fue la primera vez que colabor\u00f3 con un m\u00fasico en un proyecto similar. Si la emoci\u00f3n en su voz durante la conversaci\u00f3n nos permite deducir algo, es que probablemente esta experiencia no sea la \u00faltima.<\/p>\n\n\n\n<p>En la <a href=\"https:\/\/stewartgeddes.weebly.com\/\" target=\"_blank\" rel=\"noreferrer noopener\">web del artista<\/a> pod\u00e9s ver m\u00e1s pinturas de su autor\u00eda.<\/p>\n\n\n\n<p class=\"has-text-align-right\"><em>Agradecemos profundamente a Stewart por su tiempo y la rapidez con la que nos respondi\u00f3<\/em>.<\/p>\n\n\n\n<figure class=\"wp-block-image size-large\"><img loading=\"lazy\" decoding=\"async\" width=\"1024\" height=\"683\" src=\"https:\/\/www.exitmusic.com.ar\/news\/wp-content\/uploads\/2022\/10\/Canaro-122x122cm-acrylic-on-canvas--1024x683.jpg\" alt=\"\" class=\"wp-image-18608\" srcset=\"https:\/\/www.exitmusic.com.ar\/news\/wp-content\/uploads\/2022\/10\/Canaro-122x122cm-acrylic-on-canvas--1024x683.jpg 1024w,  https:\/\/www.exitmusic.com.ar\/news\/wp-content\/uploads\/2022\/10\/Canaro-122x122cm-acrylic-on-canvas--300x200.jpg 300w,  https:\/\/www.exitmusic.com.ar\/news\/wp-content\/uploads\/2022\/10\/Canaro-122x122cm-acrylic-on-canvas--768x512.jpg 768w,  https:\/\/www.exitmusic.com.ar\/news\/wp-content\/uploads\/2022\/10\/Canaro-122x122cm-acrylic-on-canvas--1536x1025.jpg 1536w,  https:\/\/www.exitmusic.com.ar\/news\/wp-content\/uploads\/2022\/10\/Canaro-122x122cm-acrylic-on-canvas--120x80.jpg 120w,  https:\/\/www.exitmusic.com.ar\/news\/wp-content\/uploads\/2022\/10\/Canaro-122x122cm-acrylic-on-canvas--150x100.jpg 150w,  https:\/\/www.exitmusic.com.ar\/news\/wp-content\/uploads\/2022\/10\/Canaro-122x122cm-acrylic-on-canvas-.jpg 1559w\" sizes=\"auto, (max-width: 1024px) 100vw, 1024px\" \/><figcaption class=\"wp-element-caption\">\u00abCanaro\u00bb &#8211; Stewart Geddes, 2022<\/figcaption><\/figure>\n\n\n\n<hr class=\"wp-block-separator has-alpha-channel-opacity is-style-wide\"\/>\n\n\n\n<p id=\"english\">Stewart Geddes was so kind to grant ExitMusicAr a Q&amp;A session recently, to discuss his involvement in the artwork for <em><a href=\"\/discografia\/strangedance\/\">Strange Dance<\/a><\/em>, Philip Selway&#8217;s new album.<\/p>\n\n\n\n<p>Geddes and Selway initially met through Philip&#8217;s wife &#8211; Cait &#8211; who was a student on the Fine Art degree course at Cheltenham art school where Geddes taught. The two artists became friends through art at the beginning, as well as everyday things like having children of similar ages and football &#8211; though not supporters of the same team. Selway is an Oxford United supporter and Geddes is a West Ham fan, and early in their friendship they attended a match between their teams in Oxford. Unfortunately for Geddes, Oxford United thrashed West Ham that day. \u00abPerhaps Philip thinks I bring luck to Oxford United now?\u00bb, he jokes. These common passions added a new level to their relationship, and then Selway bought some of Geddes&#8217; work.<\/p>\n\n\n\n<p>The songs for <em>Strange Dance<\/em> started to come to life during the pandemic, when both stayed in touch during lockdown. \u00abEvery two or three weeks or so we&#8217;d Zoom each other from our respective studios. We chatted about our various creative stuff, and then Philip mentioned his album and asked if I would like to do the visuals for it\u00bb. <br>Philip sent Stewart early stages of the songs, to which he started reacting in the canvas. \u00abI was responding to the tone and mood and space in the songs, and allowing the paintings to find their relationship with it. Three of the four paintings that are being used hold these ideas, but one, &#8216;Canaro&#8217; [see above], was a direct response to visiting the recording studio on the edge of Oxford one day\u00bb. He remembers the day with producer Marta Salogni, and musicians Adrian Utley and Hannah Peel as well as Philip, listening to playbacks of songs. At one point Utley went into the recording room next door and added some guitar sounds to one of the tracks. \u00abI&#8217;m used to visiting artists&#8217; studios, but not recording studios, and I was struck by the intimate character of the rooms; the tangle of cabling, even the clothes of the musicians. Philip was wearing a pink shirt, and this colour appears at the top of the painting, along with some oranges that are derived from Hannah&#8217;s hair. Adrian got translated into bright red as an equivalent to the extraordinary sounds he generated from his guitar\u00bb.<\/p>\n\n\n<div id=\"ads_page\"><!-- wpPagead_2 -->\n\t<amp-ad width=\"100vw\" height=\"320\"\n\t\t type=\"adsense\"\n\t\t data-ad-client=\"ca-pub-1186082079292141\"\n\t\t data-ad-slot=\"6487197087\"\n\t\t data-auto-format=\"rspv\"\n\t\t data-full-width=\"\">\n\t  <div overflow=\"\"><\/div>\n\t<\/amp-ad>\n\t<\/div>\n\n\n\n<p>During our conversation, the name of Stanley Donwood inevitably came up; however, Geddes&#8217; and Donwood&#8217;s work is fundamentally different, since the former&#8217;s is abstract, whereas the latter is more figurative. Despite Donwood&#8217;s deep relation to Radiohead&#8217;s visual side, Geddes commented it was never the case of trying to follow a similar line or approach. \u00abFrom its landscape origins, my work has moved toward a more autonomous form of abstract painting; although I acknowledge it might remind you of things in the world. I think of it as improvisations that explore the characteristics of paint, colour relationship and pictorial space. And although I wouldn&#8217;t want to lead the viewer, I think of the 4 paintings for this project as having a contained, room space.\u00bb<\/p>\n\n\n\n<p>Though Geddes is a well-regarded artist in his own field, with a long career in painting, this was Geddes&#8217; first time working with a musician in a project like this. Judging from the excitement in his voice through the phone call, maybe this won&#8217;t be the last time.<\/p>\n\n\n\n<p>Check more of Stewart&#8217;s work on <a href=\"https:\/\/stewartgeddes.weebly.com\/\" target=\"_blank\" rel=\"noreferrer noopener\">his website<\/a>.<\/p>\n\n\n\n<p class=\"has-text-align-right\"><em>We&#8217;d like to thank Stewart for his kindness and prompt reply to our request<\/em>.<\/p>","protected":false},"excerpt":{"rendered":"<p>English version available Texto por Leonardo Ebel \/ Stewart Geddes Stewart Geddes tuvo la gentileza de conversar con nosotros recientemente sobre su participaci\u00f3n en el arte de tapa de Strange Dance, el nuevo \u00e1lbum solista&hellip; <a href=\"https:\/\/www.exitmusic.com.ar\/news\/prensatraducciones\/stewart-geddes-y-el-arte-de-strange-dance\/\" class=\"morelink\"> m\u00e1s \u00bb<\/a><\/p>","protected":false},"author":2,"featured_media":18610,"parent":7671,"menu_order":0,"comment_status":"open","ping_status":"closed","template":"","meta":{"footnotes":""},"categories":[1382],"tags":[23,1408,1043,1955,1951],"class_list":["post-18605","page","type-page","status-publish","has-post-thumbnail","hentry","category-philip-selway","tag-entrevista","tag-interview","tag-philip-selway","tag-stewart-geddes","tag-strange-dance"],"yoast_head":"<!-- This site is optimized with the Yoast SEO plugin v27.4 - https:\/\/yoast.com\/product\/yoast-seo-wordpress\/ -->\n<title>Stewart Geddes y el arte de Strange Dance &#8211; ExitMusicAr | Radiohead Argentina - \u00faltimas noticias<\/title>\n<meta name=\"description\" content=\"El artista Stewart Geddes convers\u00f3 con ExitMusicAr sobre el arte de tapa creado para Strange Dance, el nuevo \u00e1lbum de Philip Selway.\" \/>\n<meta name=\"robots\" content=\"index, follow, max-snippet:-1, max-image-preview:large, max-video-preview:-1\" \/>\n<link rel=\"canonical\" href=\"https:\/\/www.exitmusic.com.ar\/news\/prensatraducciones\/stewart-geddes-y-el-arte-de-strange-dance\/\" \/>\n<meta property=\"og:locale\" content=\"es_ES\" \/>\n<meta property=\"og:type\" content=\"article\" \/>\n<meta property=\"og:title\" content=\"Stewart Geddes y el arte de Strange Dance &#8211; ExitMusicAr | Radiohead Argentina - \u00faltimas noticias\" \/>\n<meta property=\"og:description\" content=\"El artista Stewart Geddes convers\u00f3 con ExitMusicAr sobre el arte de tapa creado para Strange Dance, el nuevo \u00e1lbum de Philip Selway.\" \/>\n<meta property=\"og:url\" content=\"https:\/\/www.exitmusic.com.ar\/news\/prensatraducciones\/stewart-geddes-y-el-arte-de-strange-dance\/\" \/>\n<meta property=\"og:site_name\" content=\"ExitMusicAr | Radiohead Argentina - \u00faltimas noticias\" \/>\n<meta property=\"article:publisher\" content=\"https:\/\/www.facebook.com\/ExitMusicAr\" \/>\n<meta property=\"article:modified_time\" content=\"2022-12-27T08:22:58+00:00\" \/>\n<meta property=\"og:image\" content=\"https:\/\/www.exitmusic.com.ar\/news\/wp-content\/uploads\/2022\/10\/canaro_cropped.jpg\" \/>\n\t<meta property=\"og:image:width\" content=\"971\" \/>\n\t<meta property=\"og:image:height\" content=\"546\" \/>\n\t<meta property=\"og:image:type\" content=\"image\/jpeg\" \/>\n<meta name=\"twitter:card\" content=\"summary_large_image\" \/>\n<meta name=\"twitter:site\" content=\"@ExitMusicAr\" \/>\n<meta name=\"twitter:label1\" content=\"Tiempo de lectura\" \/>\n\t<meta name=\"twitter:data1\" content=\"6 minutos\" \/>\n<script type=\"application\/ld+json\" class=\"yoast-schema-graph\">{\"@context\":\"https:\\\/\\\/schema.org\",\"@graph\":[{\"@type\":\"NewsArticle\",\"@id\":\"https:\\\/\\\/www.exitmusic.com.ar\\\/news\\\/prensatraducciones\\\/stewart-geddes-y-el-arte-de-strange-dance\\\/#article\",\"isPartOf\":{\"@id\":\"https:\\\/\\\/www.exitmusic.com.ar\\\/news\\\/prensatraducciones\\\/stewart-geddes-y-el-arte-de-strange-dance\\\/\"},\"author\":{\"name\":\"britbomber\",\"@id\":\"https:\\\/\\\/www.exitmusic.com.ar\\\/news\\\/#\\\/schema\\\/person\\\/5b17484c1a134bd78759c85b056b2e9a\"},\"headline\":\"Stewart Geddes y el arte de Strange Dance\",\"datePublished\":\"2022-10-30T07:32:55+00:00\",\"dateModified\":\"2022-12-27T08:22:58+00:00\",\"mainEntityOfPage\":{\"@id\":\"https:\\\/\\\/www.exitmusic.com.ar\\\/news\\\/prensatraducciones\\\/stewart-geddes-y-el-arte-de-strange-dance\\\/\"},\"wordCount\":1311,\"commentCount\":0,\"image\":{\"@id\":\"https:\\\/\\\/www.exitmusic.com.ar\\\/news\\\/prensatraducciones\\\/stewart-geddes-y-el-arte-de-strange-dance\\\/#primaryimage\"},\"thumbnailUrl\":\"https:\\\/\\\/www.exitmusic.com.ar\\\/news\\\/wp-content\\\/uploads\\\/2022\\\/10\\\/canaro_cropped.jpg\",\"keywords\":[\"entrevista\",\"interview\",\"philip selway\",\"stewart geddes\",\"strange dance\"],\"articleSection\":[\"Philip Selway\"],\"inLanguage\":\"es\",\"potentialAction\":[{\"@type\":\"CommentAction\",\"name\":\"Comment\",\"target\":[\"https:\\\/\\\/www.exitmusic.com.ar\\\/news\\\/prensatraducciones\\\/stewart-geddes-y-el-arte-de-strange-dance\\\/#respond\"]}]},{\"@type\":[\"WebPage\",\"ItemPage\"],\"@id\":\"https:\\\/\\\/www.exitmusic.com.ar\\\/news\\\/prensatraducciones\\\/stewart-geddes-y-el-arte-de-strange-dance\\\/\",\"url\":\"https:\\\/\\\/www.exitmusic.com.ar\\\/news\\\/prensatraducciones\\\/stewart-geddes-y-el-arte-de-strange-dance\\\/\",\"name\":\"Stewart Geddes y el arte de Strange Dance &#8211; ExitMusicAr | Radiohead Argentina - \u00faltimas noticias\",\"isPartOf\":{\"@id\":\"https:\\\/\\\/www.exitmusic.com.ar\\\/news\\\/#website\"},\"primaryImageOfPage\":{\"@id\":\"https:\\\/\\\/www.exitmusic.com.ar\\\/news\\\/prensatraducciones\\\/stewart-geddes-y-el-arte-de-strange-dance\\\/#primaryimage\"},\"image\":{\"@id\":\"https:\\\/\\\/www.exitmusic.com.ar\\\/news\\\/prensatraducciones\\\/stewart-geddes-y-el-arte-de-strange-dance\\\/#primaryimage\"},\"thumbnailUrl\":\"https:\\\/\\\/www.exitmusic.com.ar\\\/news\\\/wp-content\\\/uploads\\\/2022\\\/10\\\/canaro_cropped.jpg\",\"datePublished\":\"2022-10-30T07:32:55+00:00\",\"dateModified\":\"2022-12-27T08:22:58+00:00\",\"description\":\"El artista Stewart Geddes convers\u00f3 con ExitMusicAr sobre el arte de tapa creado para Strange Dance, el nuevo \u00e1lbum de Philip Selway.\",\"breadcrumb\":{\"@id\":\"https:\\\/\\\/www.exitmusic.com.ar\\\/news\\\/prensatraducciones\\\/stewart-geddes-y-el-arte-de-strange-dance\\\/#breadcrumb\"},\"inLanguage\":\"es\",\"potentialAction\":[{\"@type\":\"ReadAction\",\"target\":[\"https:\\\/\\\/www.exitmusic.com.ar\\\/news\\\/prensatraducciones\\\/stewart-geddes-y-el-arte-de-strange-dance\\\/\"]}]},{\"@type\":\"ImageObject\",\"inLanguage\":\"es\",\"@id\":\"https:\\\/\\\/www.exitmusic.com.ar\\\/news\\\/prensatraducciones\\\/stewart-geddes-y-el-arte-de-strange-dance\\\/#primaryimage\",\"url\":\"https:\\\/\\\/www.exitmusic.com.ar\\\/news\\\/wp-content\\\/uploads\\\/2022\\\/10\\\/canaro_cropped.jpg\",\"contentUrl\":\"https:\\\/\\\/www.exitmusic.com.ar\\\/news\\\/wp-content\\\/uploads\\\/2022\\\/10\\\/canaro_cropped.jpg\",\"width\":971,\"height\":546,\"caption\":\"Canaro (Cropped)\"},{\"@type\":\"BreadcrumbList\",\"@id\":\"https:\\\/\\\/www.exitmusic.com.ar\\\/news\\\/prensatraducciones\\\/stewart-geddes-y-el-arte-de-strange-dance\\\/#breadcrumb\",\"itemListElement\":[{\"@type\":\"ListItem\",\"position\":1,\"name\":\"Inicio\",\"item\":\"https:\\\/\\\/www.exitmusic.com.ar\\\/news\\\/\"},{\"@type\":\"ListItem\",\"position\":2,\"name\":\"Prensa\\\/Traducciones\",\"item\":\"https:\\\/\\\/www.exitmusic.com.ar\\\/news\\\/prensatraducciones\\\/\"},{\"@type\":\"ListItem\",\"position\":3,\"name\":\"Stewart Geddes y el arte de Strange Dance\"}]},{\"@type\":\"WebSite\",\"@id\":\"https:\\\/\\\/www.exitmusic.com.ar\\\/news\\\/#website\",\"url\":\"https:\\\/\\\/www.exitmusic.com.ar\\\/news\\\/\",\"name\":\"ExitMusicAr | Radiohead Argentina\",\"description\":\"Noticias e informaci\u00f3n sobre Radiohead, EOB, Philip Selway, Jonny Greenwood, Thom Yorke, Atoms for Peace y The Smile\",\"potentialAction\":[{\"@type\":\"SearchAction\",\"target\":{\"@type\":\"EntryPoint\",\"urlTemplate\":\"https:\\\/\\\/www.exitmusic.com.ar\\\/news\\\/?s={search_term_string}\"},\"query-input\":{\"@type\":\"PropertyValueSpecification\",\"valueRequired\":true,\"valueName\":\"search_term_string\"}}],\"inLanguage\":\"es\"},{\"@type\":\"Person\",\"@id\":\"https:\\\/\\\/www.exitmusic.com.ar\\\/news\\\/#\\\/schema\\\/person\\\/5b17484c1a134bd78759c85b056b2e9a\",\"name\":\"britbomber\",\"image\":{\"@type\":\"ImageObject\",\"inLanguage\":\"es\",\"@id\":\"https:\\\/\\\/secure.gravatar.com\\\/avatar\\\/7aa60245619700190832ac995e42108bfadba25baafc3bf5bb91e97db0e7a0bd?s=96&d=identicon&r=r\",\"url\":\"https:\\\/\\\/secure.gravatar.com\\\/avatar\\\/7aa60245619700190832ac995e42108bfadba25baafc3bf5bb91e97db0e7a0bd?s=96&d=identicon&r=r\",\"contentUrl\":\"https:\\\/\\\/secure.gravatar.com\\\/avatar\\\/7aa60245619700190832ac995e42108bfadba25baafc3bf5bb91e97db0e7a0bd?s=96&d=identicon&r=r\",\"caption\":\"britbomber\"}}]}<\/script>\n<!-- \/ Yoast SEO plugin. -->","yoast_head_json":{"title":"Stewart Geddes y el arte de Strange Dance &#8211; ExitMusicAr | Radiohead Argentina - \u00faltimas noticias","description":"El artista Stewart Geddes convers\u00f3 con ExitMusicAr sobre el arte de tapa creado para Strange Dance, el nuevo \u00e1lbum de Philip Selway.","robots":{"index":"index","follow":"follow","max-snippet":"max-snippet:-1","max-image-preview":"max-image-preview:large","max-video-preview":"max-video-preview:-1"},"canonical":"https:\/\/www.exitmusic.com.ar\/news\/prensatraducciones\/stewart-geddes-y-el-arte-de-strange-dance\/","og_locale":"es_ES","og_type":"article","og_title":"Stewart Geddes y el arte de Strange Dance &#8211; ExitMusicAr | Radiohead Argentina - \u00faltimas noticias","og_description":"El artista Stewart Geddes convers\u00f3 con ExitMusicAr sobre el arte de tapa creado para Strange Dance, el nuevo \u00e1lbum de Philip Selway.","og_url":"https:\/\/www.exitmusic.com.ar\/news\/prensatraducciones\/stewart-geddes-y-el-arte-de-strange-dance\/","og_site_name":"ExitMusicAr | Radiohead Argentina - \u00faltimas noticias","article_publisher":"https:\/\/www.facebook.com\/ExitMusicAr","article_modified_time":"2022-12-27T08:22:58+00:00","og_image":[{"width":971,"height":546,"url":"https:\/\/www.exitmusic.com.ar\/news\/wp-content\/uploads\/2022\/10\/canaro_cropped.jpg","type":"image\/jpeg"}],"twitter_card":"summary_large_image","twitter_site":"@ExitMusicAr","twitter_misc":{"Tiempo de lectura":"6 minutos"},"schema":{"@context":"https:\/\/schema.org","@graph":[{"@type":"NewsArticle","@id":"https:\/\/www.exitmusic.com.ar\/news\/prensatraducciones\/stewart-geddes-y-el-arte-de-strange-dance\/#article","isPartOf":{"@id":"https:\/\/www.exitmusic.com.ar\/news\/prensatraducciones\/stewart-geddes-y-el-arte-de-strange-dance\/"},"author":{"name":"britbomber","@id":"https:\/\/www.exitmusic.com.ar\/news\/#\/schema\/person\/5b17484c1a134bd78759c85b056b2e9a"},"headline":"Stewart Geddes y el arte de Strange Dance","datePublished":"2022-10-30T07:32:55+00:00","dateModified":"2022-12-27T08:22:58+00:00","mainEntityOfPage":{"@id":"https:\/\/www.exitmusic.com.ar\/news\/prensatraducciones\/stewart-geddes-y-el-arte-de-strange-dance\/"},"wordCount":1311,"commentCount":0,"image":{"@id":"https:\/\/www.exitmusic.com.ar\/news\/prensatraducciones\/stewart-geddes-y-el-arte-de-strange-dance\/#primaryimage"},"thumbnailUrl":"https:\/\/www.exitmusic.com.ar\/news\/wp-content\/uploads\/2022\/10\/canaro_cropped.jpg","keywords":["entrevista","interview","philip selway","stewart geddes","strange dance"],"articleSection":["Philip Selway"],"inLanguage":"es","potentialAction":[{"@type":"CommentAction","name":"Comment","target":["https:\/\/www.exitmusic.com.ar\/news\/prensatraducciones\/stewart-geddes-y-el-arte-de-strange-dance\/#respond"]}]},{"@type":["WebPage","ItemPage"],"@id":"https:\/\/www.exitmusic.com.ar\/news\/prensatraducciones\/stewart-geddes-y-el-arte-de-strange-dance\/","url":"https:\/\/www.exitmusic.com.ar\/news\/prensatraducciones\/stewart-geddes-y-el-arte-de-strange-dance\/","name":"Stewart Geddes y el arte de Strange Dance &#8211; ExitMusicAr | Radiohead Argentina - \u00faltimas noticias","isPartOf":{"@id":"https:\/\/www.exitmusic.com.ar\/news\/#website"},"primaryImageOfPage":{"@id":"https:\/\/www.exitmusic.com.ar\/news\/prensatraducciones\/stewart-geddes-y-el-arte-de-strange-dance\/#primaryimage"},"image":{"@id":"https:\/\/www.exitmusic.com.ar\/news\/prensatraducciones\/stewart-geddes-y-el-arte-de-strange-dance\/#primaryimage"},"thumbnailUrl":"https:\/\/www.exitmusic.com.ar\/news\/wp-content\/uploads\/2022\/10\/canaro_cropped.jpg","datePublished":"2022-10-30T07:32:55+00:00","dateModified":"2022-12-27T08:22:58+00:00","description":"El artista Stewart Geddes convers\u00f3 con ExitMusicAr sobre el arte de tapa creado para Strange Dance, el nuevo \u00e1lbum de Philip Selway.","breadcrumb":{"@id":"https:\/\/www.exitmusic.com.ar\/news\/prensatraducciones\/stewart-geddes-y-el-arte-de-strange-dance\/#breadcrumb"},"inLanguage":"es","potentialAction":[{"@type":"ReadAction","target":["https:\/\/www.exitmusic.com.ar\/news\/prensatraducciones\/stewart-geddes-y-el-arte-de-strange-dance\/"]}]},{"@type":"ImageObject","inLanguage":"es","@id":"https:\/\/www.exitmusic.com.ar\/news\/prensatraducciones\/stewart-geddes-y-el-arte-de-strange-dance\/#primaryimage","url":"https:\/\/www.exitmusic.com.ar\/news\/wp-content\/uploads\/2022\/10\/canaro_cropped.jpg","contentUrl":"https:\/\/www.exitmusic.com.ar\/news\/wp-content\/uploads\/2022\/10\/canaro_cropped.jpg","width":971,"height":546,"caption":"Canaro (Cropped)"},{"@type":"BreadcrumbList","@id":"https:\/\/www.exitmusic.com.ar\/news\/prensatraducciones\/stewart-geddes-y-el-arte-de-strange-dance\/#breadcrumb","itemListElement":[{"@type":"ListItem","position":1,"name":"Inicio","item":"https:\/\/www.exitmusic.com.ar\/news\/"},{"@type":"ListItem","position":2,"name":"Prensa\/Traducciones","item":"https:\/\/www.exitmusic.com.ar\/news\/prensatraducciones\/"},{"@type":"ListItem","position":3,"name":"Stewart Geddes y el arte de Strange Dance"}]},{"@type":"WebSite","@id":"https:\/\/www.exitmusic.com.ar\/news\/#website","url":"https:\/\/www.exitmusic.com.ar\/news\/","name":"ExitMusicAr | Radiohead Argentina","description":"Noticias e informaci\u00f3n sobre Radiohead, EOB, Philip Selway, Jonny Greenwood, Thom Yorke, Atoms for Peace y The Smile","potentialAction":[{"@type":"SearchAction","target":{"@type":"EntryPoint","urlTemplate":"https:\/\/www.exitmusic.com.ar\/news\/?s={search_term_string}"},"query-input":{"@type":"PropertyValueSpecification","valueRequired":true,"valueName":"search_term_string"}}],"inLanguage":"es"},{"@type":"Person","@id":"https:\/\/www.exitmusic.com.ar\/news\/#\/schema\/person\/5b17484c1a134bd78759c85b056b2e9a","name":"britbomber","image":{"@type":"ImageObject","inLanguage":"es","@id":"https:\/\/secure.gravatar.com\/avatar\/7aa60245619700190832ac995e42108bfadba25baafc3bf5bb91e97db0e7a0bd?s=96&d=identicon&r=r","url":"https:\/\/secure.gravatar.com\/avatar\/7aa60245619700190832ac995e42108bfadba25baafc3bf5bb91e97db0e7a0bd?s=96&d=identicon&r=r","contentUrl":"https:\/\/secure.gravatar.com\/avatar\/7aa60245619700190832ac995e42108bfadba25baafc3bf5bb91e97db0e7a0bd?s=96&d=identicon&r=r","caption":"britbomber"}}]}},"amp_enabled":true,"_links":{"self":[{"href":"https:\/\/www.exitmusic.com.ar\/news\/wp-json\/wp\/v2\/pages\/18605","targetHints":{"allow":["GET"]}}],"collection":[{"href":"https:\/\/www.exitmusic.com.ar\/news\/wp-json\/wp\/v2\/pages"}],"about":[{"href":"https:\/\/www.exitmusic.com.ar\/news\/wp-json\/wp\/v2\/types\/page"}],"author":[{"embeddable":true,"href":"https:\/\/www.exitmusic.com.ar\/news\/wp-json\/wp\/v2\/users\/2"}],"replies":[{"embeddable":true,"href":"https:\/\/www.exitmusic.com.ar\/news\/wp-json\/wp\/v2\/comments?post=18605"}],"version-history":[{"count":0,"href":"https:\/\/www.exitmusic.com.ar\/news\/wp-json\/wp\/v2\/pages\/18605\/revisions"}],"up":[{"embeddable":true,"href":"https:\/\/www.exitmusic.com.ar\/news\/wp-json\/wp\/v2\/pages\/7671"}],"wp:featuredmedia":[{"embeddable":true,"href":"https:\/\/www.exitmusic.com.ar\/news\/wp-json\/wp\/v2\/media\/18610"}],"wp:attachment":[{"href":"https:\/\/www.exitmusic.com.ar\/news\/wp-json\/wp\/v2\/media?parent=18605"}],"wp:term":[{"taxonomy":"category","embeddable":true,"href":"https:\/\/www.exitmusic.com.ar\/news\/wp-json\/wp\/v2\/categories?post=18605"},{"taxonomy":"post_tag","embeddable":true,"href":"https:\/\/www.exitmusic.com.ar\/news\/wp-json\/wp\/v2\/tags?post=18605"}],"curies":[{"name":"wp","href":"https:\/\/api.w.org\/{rel}","templated":true}]}}