{"id":18715,"date":"2022-12-01T13:31:13","date_gmt":"2022-12-01T16:31:13","guid":{"rendered":"https:\/\/www.exitmusic.com.ar\/news\/?page_id=18715"},"modified":"2023-04-01T11:51:30","modified_gmt":"2023-04-01T14:51:30","slug":"una-entrevista-a-the-smile-para-uncut","status":"publish","type":"page","link":"https:\/\/www.exitmusic.com.ar\/news\/prensatraducciones\/una-entrevista-a-the-smile-para-uncut\/","title":{"rendered":"Una entrevista a The Smile para Uncut"},"content":{"rendered":"<p class=\"has-text-align-right\">publicado por Uncut Magazine, en su edici\u00f3n de Enero 2023 (lanzada en Noviembre 2022)<br>Texto original por Sam Richards<\/p>\n\n\n\n<h5 class=\"wp-block-heading\">Thom Yorke<\/h5>\n\n\n\n<p><em>Felicitaciones por lanzar el \u00e1lbum del a\u00f1o de Uncut! \u00bfEn qu\u00e9 punto durante el proceso de grabaci\u00f3n comenzaste a pensar que el material podr\u00eda ser algo especial?<\/em><br>Gracias. Hace mucho tiempo no pienso en esos t\u00e9rminos, para ser honesto. Lo que pueda sentir por algo y lo que los dem\u00e1s hagan con eso es un misterio para m\u00ed. La experiencia me ha ense\u00f1ado a nunca tomar este tipo de cosas por sentado, en ning\u00fan contexto.<\/p>\n\n\n\n<p><em>\u00bfQu\u00e9 fue diferente en el proceso con este \u00e1lbum en comparaci\u00f3n con los que has hecho en el pasado?<\/em><br>Fue un proceso muy espor\u00e1dico \u2013 hubo muchas pausas largas por muchas razones (por ejemplo, la pandemia, y adem\u00e1s trabajamos online remotamente). Pero cuando nos reunimos, todo avanz\u00f3 r\u00e1pida y naturalmente, mucho m\u00e1s r\u00e1pido de lo que estoy acostumbrado; tuve que apurarme con las voces, y eso fue un buen desaf\u00edo. En gran parte, es la primera respuesta; todo tom\u00f3 forma antes de poder sobreanalizarlo.<\/p>\n\n\n\n<p><em>Hay momentos particulares en el \u00e1lbum, especialmente <a href=\"\/letras\/freeintheknowledge.php\">\u201cFree in the Knowledge\u201d<\/a>, que se sienten llenos de esperanza. \u00bfQu\u00e9 te da esperanza actualmente?<\/em><br>Los dem\u00e1s. Tu sabes, la gente com\u00fan. No los payasos de extrema derecha que alimentan el miedo y odio que han tomado a nuestros gobiernos como prisioneros. Quiz\u00e1 hemos olvidado, pero mucha gente sali\u00f3 a la calle durante la pandemia \u2013 se form\u00f3 un enorme movimiento femenino y el Black Lives Matter. Particip\u00e9 en una protesta enorme anti-Brexit en Londres con mi familia \u2013 no recuerdo ver tanta gente junta en un solo lugar antes. Dicen que fueron cerca de un mill\u00f3n. Esto dej\u00f3 un gran efecto en mi. Los idiotas extremistas pueden inventar mentiras para enga\u00f1ar a la poblaci\u00f3n durante cierto tiempo, de todos modos, y sus promesas vac\u00edas y el uso de la fuerza pierden fuerza cuando miles salen a la calle, como pasa actualmente.<\/p>\n\n\n\n<p><em>\u201cNo nos aburras, ve directo al estribillo\u201d \u2013 cr\u00edtica ir\u00f3nica a la sobresimplificaci\u00f3n o una nota aut\u00e9ntica para vos mismo?<\/em><br>Sarcasmo<\/p>\n\n\n\n<p><em>\u00bfQui\u00e9nes son tus destacados musicales y culturales de 2022?<\/em><br>M\u00fasica: Gilla Band, Sarah Davachi, Elucid, Overmono, Blawan, Fontaines DC, Quelle Chris.<br>TV: <em>The Offer<\/em>, <em>Severance<\/em>, <em>The Bear<\/em>.<br>Pel\u00edculas: <em>Women Talking<\/em>, <em>Everything Everywhere All At Once<\/em>,<br>Libros: <em>Regenesis <\/em>(George Monbiot),<br>y la extendida y dolorosa destrucci\u00f3n del Brexit y sus mentiras pat\u00e9ticas.<\/p>\n\n\n<div id=\"ads_page\">\n\t<!-- wpPageAd_1 -->\n\t<amp-ad width=\"100vw\" height=\"320\"\n\t\ttype=\"adsense\"\n     \tdata-ad-client=\"ca-pub-1186082079292141\"\n     \tdata-ad-slot=\"6678768770\"\n     \tdata-auto-format=\"rspv\"\n     \tdata-full-width=\"\">\n  \t<div overflow=\"\"><\/div>\n\t<\/amp-ad>\n\t<\/div>\n\n\n\n<h5 class=\"wp-block-heading\">Jonny Greenwood<\/h5>\n\n\n\n<p><em>\u00bfC\u00f3mo se forma una canci\u00f3n de The Smile? Improvisan antes o comienzan con acordes y melod\u00edas?<\/em><br>Cada canci\u00f3n ha sido diferente \u2013 algunas ya estaban compuestas \u2013 pero en general, nacieron de la frustraci\u00f3n de no poder componer o tocar con alguien, combinado con tener muchas ideas sin terminar. Poder tocar con Thom y Tom de pronto fue una liberaci\u00f3n gloriosa. Llev\u00f3 a que la m\u00fasica tome vida. Son una compa\u00f1ia muy inspiradora \u2013 todo sucedi\u00f3 muy r\u00e1pido.<\/p>\n\n\n\n<p><em>\u00bfQu\u00e9 aprendiste sobre las canciones al tocarlas en c\u00edrculo en los primeros shows de la banda?<\/em><br>Fue solo una recreaci\u00f3n de lo que suced\u00eda en los ensayos, porque tocamos mir\u00e1ndonos. Creo que buscamos afirmaci\u00f3n en los otros y familiaridad \u2013 no queremos convertirnos de repente en una banda en vivo, con todo lo que eso implica. De hecho nuestro primer ensayo juntos fue en 2018, as\u00ed que fue un largo proceso.<\/p>\n\n\n\n<p><em>\u00bfQu\u00e9 tanto disfrutas tocar los temas m\u00e1s punk, como <a href=\"\/letras\/youwillneverworkintelevisionagain.php\">\u201cYou Will Never Work in Television Again\u201d<\/a>?<\/em><br>Estuve ansioso durante mucho tiempo de tocar cada nota de ese tema. De hecho, de tocar todos los temas. Es una sensaci\u00f3n genial componer y tocar de nuevo, y enfocarnos en la creaci\u00f3n y la composici\u00f3n con gente \u2013 se siente como una segunda chance que no merecemos.<\/p>\n\n\n\n<p>\u00bfQui\u00e9nes son tus destacados musicales y culturales de 2022?<br>La nueva antolog\u00eda de Dennis Bovell, <em>The Dubmaster<\/em>, es adictiva. Tambi\u00e9n <em>The Four Quarters<\/em> de The Solemn Quartet, un disco hermoso y me mostr\u00f3 el maravilloso trabajo de Cassandra Miller.<\/p>\n\n\n<div id=\"ads_page\"><!-- wpPagead_2 -->\n\t<amp-ad width=\"100vw\" height=\"320\"\n\t\t type=\"adsense\"\n\t\t data-ad-client=\"ca-pub-1186082079292141\"\n\t\t data-ad-slot=\"6487197087\"\n\t\t data-auto-format=\"rspv\"\n\t\t data-full-width=\"\">\n\t  <div overflow=\"\"><\/div>\n\t<\/amp-ad>\n\t<\/div>\n\n\n\n<h5 class=\"wp-block-heading\">Tom Skinner<\/h5>\n\n\n\n<p><em>Debi\u00f3 sentirse un poco intimidante ser invitado a formar una banda con Thom y Jonny. \u00bfC\u00f3mo te hicieron sentir c\u00f3modo, y qu\u00e9 tipo de indicaciones o apoyo te dieron?<\/em><br>La banda siempre fue una conversaci\u00f3n de tres. Cada uno trae cosas diferentes a la mesa; desde lo musical, mi conocimiento viene de un lugar muy diferente al de Thom y Jonny, por lo que se sinti\u00f3 como una colaboraci\u00f3n y un aprendizaje para todos, pero tambi\u00e9n sorprendentemente complementarios. Siento que puedo relajarme y ser yo mismo, musicalmente, tanto o m\u00e1s que en cualquier otra ocasi\u00f3n.<\/p>\n\n\n\n<p><em>Han estrenado varias canciones nuevas. \u00bfDe qu\u00e9 manera muestran una progresi\u00f3n desde el primer \u00e1lbum, y cuando planean grabarlas?<\/em><br>Tuvimos mucho m\u00e1s tiempo para tocar como banda. Sentir que est\u00e1s en una banda fuera del estudio lleva tiempo \u2013 la sensaci\u00f3n de que todo va a salir mal en el escenario es parte de ese proceso. Pero eso te acerca al otro y se refleja en la m\u00fasica. Somos m\u00e1s compactos, y esa experiencia creativa se intensifica; las ideas fluyen mejor. Creo que todos estamos ansiosos de volver al estudio.<\/p>\n\n\n\n<p><em>Algunos grandes nombres de la escena jazz de UK aparecen en el \u00e1lbum. \u00bfCrees que tendr\u00e1n m\u00e1s participaci\u00f3n en el futuro?<\/em><br>Fue una inmensa alegr\u00eda tocar con semejante m\u00fasicos en el \u00e1lbum \u2013 amigos \u00edntimos y gente con la que trabaj\u00e9 durante a\u00f1os. En el futuro, me encantar\u00eda trabajar lo m\u00e1s colaborativamente posible si la m\u00fasica as\u00ed lo dispone; realmente depende de la canci\u00f3n. Robert Stillman, uno de los m\u00fasicos en el \u00e1lbum, abri\u00f3 nuestros shows en Europa y lo har\u00e1 en los de Norteam\u00e9rica tambi\u00e9n. Es un m\u00fasico especial que tambi\u00e9n est\u00e1 involucrado en algunas canciones nuevas que hemos compuesto.<\/p>\n\n\n\n<p>\u00bfQui\u00e9nes son tus destacados musicales y culturales de 2022?<br>M\u00fasica: Sam Gendel, Billy Woods, Ingram Marshall, Low en el Big Ears Festival, Meshel Ndegeocello en Meltdown, Joe Lovano Trio, Tapestry en el Newport Jazz Festival, \u2018Star Star Caf\u00e9\u2019 de Mica Levi en Caf\u00e9 Oto.<br>Arte: Faith Ringgold, Helen Frankenthaler.<br>Libros: <em>The History of Bones<\/em> (John Lurie), <em>The Passengers<\/em> (Will Ashon)<br>TV: <em>RuPaul\u2019s Drag Race<\/em>.<br>Pel\u00edculas: <em>The Hand of God de Paolo<\/em> Sorrentino<\/p>","protected":false},"excerpt":{"rendered":"<p>publicado por Uncut Magazine, en su edici\u00f3n de Enero 2023 (lanzada en Noviembre 2022)Texto original por Sam Richards Thom Yorke Felicitaciones por lanzar el \u00e1lbum del a\u00f1o de Uncut! \u00bfEn qu\u00e9 punto durante el proceso&hellip; <a href=\"https:\/\/www.exitmusic.com.ar\/news\/prensatraducciones\/una-entrevista-a-the-smile-para-uncut\/\" class=\"morelink\"> m\u00e1s \u00bb<\/a><\/p>","protected":false},"author":2,"featured_media":18719,"parent":7671,"menu_order":0,"comment_status":"closed","ping_status":"closed","template":"","meta":{"footnotes":""},"categories":[1381,1935,1380],"tags":[1177,1854,1176,1850,1960],"class_list":["post-18715","page","type-page","status-publish","has-post-thumbnail","hentry","category-jonny-greenwood","category-the-smile","category-thom-yorke","tag-jonny-greenwood","tag-the-smile","tag-thom-yorke","tag-tom-skinner","tag-uncut-magazine"],"yoast_head":"<!-- This site is optimized with the Yoast SEO plugin v27.5 - https:\/\/yoast.com\/product\/yoast-seo-wordpress\/ -->\n<title>Una entrevista a The Smile para Uncut &#8211; ExitMusicAr | Radiohead Argentina - \u00faltimas noticias<\/title>\n<meta name=\"description\" content=\"The Smile le concedi\u00f3 una entrevista breve a la revista inglesa Uncut, publicada en el n\u00famero de Enero 2023 (lanzado en Noviembre 2022)\" \/>\n<meta name=\"robots\" content=\"index, follow, max-snippet:-1, max-image-preview:large, max-video-preview:-1\" \/>\n<link rel=\"canonical\" href=\"https:\/\/www.exitmusic.com.ar\/news\/prensatraducciones\/una-entrevista-a-the-smile-para-uncut\/\" \/>\n<meta property=\"og:locale\" content=\"es_ES\" \/>\n<meta property=\"og:type\" content=\"article\" \/>\n<meta property=\"og:title\" content=\"Una entrevista a The Smile para Uncut &#8211; ExitMusicAr | Radiohead Argentina - \u00faltimas noticias\" \/>\n<meta property=\"og:description\" content=\"The Smile le concedi\u00f3 una entrevista breve a la revista inglesa Uncut, publicada en el n\u00famero de Enero 2023 (lanzado en Noviembre 2022)\" \/>\n<meta property=\"og:url\" content=\"https:\/\/www.exitmusic.com.ar\/news\/prensatraducciones\/una-entrevista-a-the-smile-para-uncut\/\" \/>\n<meta property=\"og:site_name\" content=\"ExitMusicAr | Radiohead Argentina - \u00faltimas noticias\" \/>\n<meta property=\"article:publisher\" content=\"https:\/\/www.facebook.com\/ExitMusicAr\" \/>\n<meta property=\"article:modified_time\" content=\"2023-04-01T14:51:30+00:00\" \/>\n<meta property=\"og:image\" content=\"https:\/\/www.exitmusic.com.ar\/news\/wp-content\/uploads\/2022\/12\/3G5I8835_THE_SMILE_ALEX_LAKE_TWOSHORTDAYS_C-scaled-1.jpg\" \/>\n\t<meta property=\"og:image:width\" content=\"1707\" \/>\n\t<meta property=\"og:image:height\" content=\"960\" \/>\n\t<meta property=\"og:image:type\" content=\"image\/jpeg\" \/>\n<meta name=\"twitter:card\" content=\"summary_large_image\" \/>\n<meta name=\"twitter:site\" content=\"@ExitMusicAr\" \/>\n<meta name=\"twitter:label1\" content=\"Tiempo de lectura\" \/>\n\t<meta name=\"twitter:data1\" content=\"5 minutos\" \/>\n<script type=\"application\/ld+json\" class=\"yoast-schema-graph\">{\"@context\":\"https:\\\/\\\/schema.org\",\"@graph\":[{\"@type\":\"NewsArticle\",\"@id\":\"https:\\\/\\\/www.exitmusic.com.ar\\\/news\\\/prensatraducciones\\\/una-entrevista-a-the-smile-para-uncut\\\/#article\",\"isPartOf\":{\"@id\":\"https:\\\/\\\/www.exitmusic.com.ar\\\/news\\\/prensatraducciones\\\/una-entrevista-a-the-smile-para-uncut\\\/\"},\"author\":{\"name\":\"britbomber\",\"@id\":\"https:\\\/\\\/www.exitmusic.com.ar\\\/news\\\/#\\\/schema\\\/person\\\/5b17484c1a134bd78759c85b056b2e9a\"},\"headline\":\"Una entrevista a The Smile para Uncut\",\"datePublished\":\"2022-12-01T16:31:13+00:00\",\"dateModified\":\"2023-04-01T14:51:30+00:00\",\"mainEntityOfPage\":{\"@id\":\"https:\\\/\\\/www.exitmusic.com.ar\\\/news\\\/prensatraducciones\\\/una-entrevista-a-the-smile-para-uncut\\\/\"},\"wordCount\":1088,\"image\":{\"@id\":\"https:\\\/\\\/www.exitmusic.com.ar\\\/news\\\/prensatraducciones\\\/una-entrevista-a-the-smile-para-uncut\\\/#primaryimage\"},\"thumbnailUrl\":\"https:\\\/\\\/www.exitmusic.com.ar\\\/news\\\/wp-content\\\/uploads\\\/2022\\\/12\\\/3G5I8835_THE_SMILE_ALEX_LAKE_TWOSHORTDAYS_C-scaled-1.jpg\",\"keywords\":[\"jonny greenwood\",\"the smile\",\"thom yorke\",\"tom skinner\",\"uncut magazine\"],\"articleSection\":[\"Jonny Greenwood\",\"The Smile\",\"Thom Yorke\"],\"inLanguage\":\"es\"},{\"@type\":[\"WebPage\",\"ItemPage\"],\"@id\":\"https:\\\/\\\/www.exitmusic.com.ar\\\/news\\\/prensatraducciones\\\/una-entrevista-a-the-smile-para-uncut\\\/\",\"url\":\"https:\\\/\\\/www.exitmusic.com.ar\\\/news\\\/prensatraducciones\\\/una-entrevista-a-the-smile-para-uncut\\\/\",\"name\":\"Una entrevista a The Smile para Uncut &#8211; ExitMusicAr | Radiohead Argentina - \u00faltimas noticias\",\"isPartOf\":{\"@id\":\"https:\\\/\\\/www.exitmusic.com.ar\\\/news\\\/#website\"},\"primaryImageOfPage\":{\"@id\":\"https:\\\/\\\/www.exitmusic.com.ar\\\/news\\\/prensatraducciones\\\/una-entrevista-a-the-smile-para-uncut\\\/#primaryimage\"},\"image\":{\"@id\":\"https:\\\/\\\/www.exitmusic.com.ar\\\/news\\\/prensatraducciones\\\/una-entrevista-a-the-smile-para-uncut\\\/#primaryimage\"},\"thumbnailUrl\":\"https:\\\/\\\/www.exitmusic.com.ar\\\/news\\\/wp-content\\\/uploads\\\/2022\\\/12\\\/3G5I8835_THE_SMILE_ALEX_LAKE_TWOSHORTDAYS_C-scaled-1.jpg\",\"datePublished\":\"2022-12-01T16:31:13+00:00\",\"dateModified\":\"2023-04-01T14:51:30+00:00\",\"description\":\"The Smile le concedi\u00f3 una entrevista breve a la revista inglesa Uncut, publicada en el n\u00famero de Enero 2023 (lanzado en Noviembre 2022)\",\"breadcrumb\":{\"@id\":\"https:\\\/\\\/www.exitmusic.com.ar\\\/news\\\/prensatraducciones\\\/una-entrevista-a-the-smile-para-uncut\\\/#breadcrumb\"},\"inLanguage\":\"es\",\"potentialAction\":[{\"@type\":\"ReadAction\",\"target\":[\"https:\\\/\\\/www.exitmusic.com.ar\\\/news\\\/prensatraducciones\\\/una-entrevista-a-the-smile-para-uncut\\\/\"]}]},{\"@type\":\"ImageObject\",\"inLanguage\":\"es\",\"@id\":\"https:\\\/\\\/www.exitmusic.com.ar\\\/news\\\/prensatraducciones\\\/una-entrevista-a-the-smile-para-uncut\\\/#primaryimage\",\"url\":\"https:\\\/\\\/www.exitmusic.com.ar\\\/news\\\/wp-content\\\/uploads\\\/2022\\\/12\\\/3G5I8835_THE_SMILE_ALEX_LAKE_TWOSHORTDAYS_C-scaled-1.jpg\",\"contentUrl\":\"https:\\\/\\\/www.exitmusic.com.ar\\\/news\\\/wp-content\\\/uploads\\\/2022\\\/12\\\/3G5I8835_THE_SMILE_ALEX_LAKE_TWOSHORTDAYS_C-scaled-1.jpg\",\"width\":1707,\"height\":960,\"caption\":\"(c) Alex Lake\"},{\"@type\":\"BreadcrumbList\",\"@id\":\"https:\\\/\\\/www.exitmusic.com.ar\\\/news\\\/prensatraducciones\\\/una-entrevista-a-the-smile-para-uncut\\\/#breadcrumb\",\"itemListElement\":[{\"@type\":\"ListItem\",\"position\":1,\"name\":\"Inicio\",\"item\":\"https:\\\/\\\/www.exitmusic.com.ar\\\/news\\\/\"},{\"@type\":\"ListItem\",\"position\":2,\"name\":\"Prensa\\\/Traducciones\",\"item\":\"https:\\\/\\\/www.exitmusic.com.ar\\\/news\\\/prensatraducciones\\\/\"},{\"@type\":\"ListItem\",\"position\":3,\"name\":\"Una entrevista a The Smile para Uncut\"}]},{\"@type\":\"WebSite\",\"@id\":\"https:\\\/\\\/www.exitmusic.com.ar\\\/news\\\/#website\",\"url\":\"https:\\\/\\\/www.exitmusic.com.ar\\\/news\\\/\",\"name\":\"ExitMusicAr | Radiohead Argentina\",\"description\":\"Noticias e informaci\u00f3n sobre Radiohead, EOB, Philip Selway, Jonny Greenwood, Thom Yorke, Atoms for Peace y The Smile\",\"potentialAction\":[{\"@type\":\"SearchAction\",\"target\":{\"@type\":\"EntryPoint\",\"urlTemplate\":\"https:\\\/\\\/www.exitmusic.com.ar\\\/news\\\/?s={search_term_string}\"},\"query-input\":{\"@type\":\"PropertyValueSpecification\",\"valueRequired\":true,\"valueName\":\"search_term_string\"}}],\"inLanguage\":\"es\"},{\"@type\":\"Person\",\"@id\":\"https:\\\/\\\/www.exitmusic.com.ar\\\/news\\\/#\\\/schema\\\/person\\\/5b17484c1a134bd78759c85b056b2e9a\",\"name\":\"britbomber\",\"image\":{\"@type\":\"ImageObject\",\"inLanguage\":\"es\",\"@id\":\"https:\\\/\\\/secure.gravatar.com\\\/avatar\\\/7aa60245619700190832ac995e42108bfadba25baafc3bf5bb91e97db0e7a0bd?s=96&d=identicon&r=r\",\"url\":\"https:\\\/\\\/secure.gravatar.com\\\/avatar\\\/7aa60245619700190832ac995e42108bfadba25baafc3bf5bb91e97db0e7a0bd?s=96&d=identicon&r=r\",\"contentUrl\":\"https:\\\/\\\/secure.gravatar.com\\\/avatar\\\/7aa60245619700190832ac995e42108bfadba25baafc3bf5bb91e97db0e7a0bd?s=96&d=identicon&r=r\",\"caption\":\"britbomber\"}}]}<\/script>\n<!-- \/ Yoast SEO plugin. -->","yoast_head_json":{"title":"Una entrevista a The Smile para Uncut &#8211; ExitMusicAr | Radiohead Argentina - \u00faltimas noticias","description":"The Smile le concedi\u00f3 una entrevista breve a la revista inglesa Uncut, publicada en el n\u00famero de Enero 2023 (lanzado en Noviembre 2022)","robots":{"index":"index","follow":"follow","max-snippet":"max-snippet:-1","max-image-preview":"max-image-preview:large","max-video-preview":"max-video-preview:-1"},"canonical":"https:\/\/www.exitmusic.com.ar\/news\/prensatraducciones\/una-entrevista-a-the-smile-para-uncut\/","og_locale":"es_ES","og_type":"article","og_title":"Una entrevista a The Smile para Uncut &#8211; ExitMusicAr | Radiohead Argentina - \u00faltimas noticias","og_description":"The Smile le concedi\u00f3 una entrevista breve a la revista inglesa Uncut, publicada en el n\u00famero de Enero 2023 (lanzado en Noviembre 2022)","og_url":"https:\/\/www.exitmusic.com.ar\/news\/prensatraducciones\/una-entrevista-a-the-smile-para-uncut\/","og_site_name":"ExitMusicAr | Radiohead Argentina - \u00faltimas noticias","article_publisher":"https:\/\/www.facebook.com\/ExitMusicAr","article_modified_time":"2023-04-01T14:51:30+00:00","og_image":[{"width":1707,"height":960,"url":"https:\/\/www.exitmusic.com.ar\/news\/wp-content\/uploads\/2022\/12\/3G5I8835_THE_SMILE_ALEX_LAKE_TWOSHORTDAYS_C-scaled-1.jpg","type":"image\/jpeg"}],"twitter_card":"summary_large_image","twitter_site":"@ExitMusicAr","twitter_misc":{"Tiempo de lectura":"5 minutos"},"schema":{"@context":"https:\/\/schema.org","@graph":[{"@type":"NewsArticle","@id":"https:\/\/www.exitmusic.com.ar\/news\/prensatraducciones\/una-entrevista-a-the-smile-para-uncut\/#article","isPartOf":{"@id":"https:\/\/www.exitmusic.com.ar\/news\/prensatraducciones\/una-entrevista-a-the-smile-para-uncut\/"},"author":{"name":"britbomber","@id":"https:\/\/www.exitmusic.com.ar\/news\/#\/schema\/person\/5b17484c1a134bd78759c85b056b2e9a"},"headline":"Una entrevista a The Smile para Uncut","datePublished":"2022-12-01T16:31:13+00:00","dateModified":"2023-04-01T14:51:30+00:00","mainEntityOfPage":{"@id":"https:\/\/www.exitmusic.com.ar\/news\/prensatraducciones\/una-entrevista-a-the-smile-para-uncut\/"},"wordCount":1088,"image":{"@id":"https:\/\/www.exitmusic.com.ar\/news\/prensatraducciones\/una-entrevista-a-the-smile-para-uncut\/#primaryimage"},"thumbnailUrl":"https:\/\/www.exitmusic.com.ar\/news\/wp-content\/uploads\/2022\/12\/3G5I8835_THE_SMILE_ALEX_LAKE_TWOSHORTDAYS_C-scaled-1.jpg","keywords":["jonny greenwood","the smile","thom yorke","tom skinner","uncut magazine"],"articleSection":["Jonny Greenwood","The Smile","Thom Yorke"],"inLanguage":"es"},{"@type":["WebPage","ItemPage"],"@id":"https:\/\/www.exitmusic.com.ar\/news\/prensatraducciones\/una-entrevista-a-the-smile-para-uncut\/","url":"https:\/\/www.exitmusic.com.ar\/news\/prensatraducciones\/una-entrevista-a-the-smile-para-uncut\/","name":"Una entrevista a The Smile para Uncut &#8211; ExitMusicAr | Radiohead Argentina - \u00faltimas noticias","isPartOf":{"@id":"https:\/\/www.exitmusic.com.ar\/news\/#website"},"primaryImageOfPage":{"@id":"https:\/\/www.exitmusic.com.ar\/news\/prensatraducciones\/una-entrevista-a-the-smile-para-uncut\/#primaryimage"},"image":{"@id":"https:\/\/www.exitmusic.com.ar\/news\/prensatraducciones\/una-entrevista-a-the-smile-para-uncut\/#primaryimage"},"thumbnailUrl":"https:\/\/www.exitmusic.com.ar\/news\/wp-content\/uploads\/2022\/12\/3G5I8835_THE_SMILE_ALEX_LAKE_TWOSHORTDAYS_C-scaled-1.jpg","datePublished":"2022-12-01T16:31:13+00:00","dateModified":"2023-04-01T14:51:30+00:00","description":"The Smile le concedi\u00f3 una entrevista breve a la revista inglesa Uncut, publicada en el n\u00famero de Enero 2023 (lanzado en Noviembre 2022)","breadcrumb":{"@id":"https:\/\/www.exitmusic.com.ar\/news\/prensatraducciones\/una-entrevista-a-the-smile-para-uncut\/#breadcrumb"},"inLanguage":"es","potentialAction":[{"@type":"ReadAction","target":["https:\/\/www.exitmusic.com.ar\/news\/prensatraducciones\/una-entrevista-a-the-smile-para-uncut\/"]}]},{"@type":"ImageObject","inLanguage":"es","@id":"https:\/\/www.exitmusic.com.ar\/news\/prensatraducciones\/una-entrevista-a-the-smile-para-uncut\/#primaryimage","url":"https:\/\/www.exitmusic.com.ar\/news\/wp-content\/uploads\/2022\/12\/3G5I8835_THE_SMILE_ALEX_LAKE_TWOSHORTDAYS_C-scaled-1.jpg","contentUrl":"https:\/\/www.exitmusic.com.ar\/news\/wp-content\/uploads\/2022\/12\/3G5I8835_THE_SMILE_ALEX_LAKE_TWOSHORTDAYS_C-scaled-1.jpg","width":1707,"height":960,"caption":"(c) Alex Lake"},{"@type":"BreadcrumbList","@id":"https:\/\/www.exitmusic.com.ar\/news\/prensatraducciones\/una-entrevista-a-the-smile-para-uncut\/#breadcrumb","itemListElement":[{"@type":"ListItem","position":1,"name":"Inicio","item":"https:\/\/www.exitmusic.com.ar\/news\/"},{"@type":"ListItem","position":2,"name":"Prensa\/Traducciones","item":"https:\/\/www.exitmusic.com.ar\/news\/prensatraducciones\/"},{"@type":"ListItem","position":3,"name":"Una entrevista a The Smile para Uncut"}]},{"@type":"WebSite","@id":"https:\/\/www.exitmusic.com.ar\/news\/#website","url":"https:\/\/www.exitmusic.com.ar\/news\/","name":"ExitMusicAr | Radiohead Argentina","description":"Noticias e informaci\u00f3n sobre Radiohead, EOB, Philip Selway, Jonny Greenwood, Thom Yorke, Atoms for Peace y The Smile","potentialAction":[{"@type":"SearchAction","target":{"@type":"EntryPoint","urlTemplate":"https:\/\/www.exitmusic.com.ar\/news\/?s={search_term_string}"},"query-input":{"@type":"PropertyValueSpecification","valueRequired":true,"valueName":"search_term_string"}}],"inLanguage":"es"},{"@type":"Person","@id":"https:\/\/www.exitmusic.com.ar\/news\/#\/schema\/person\/5b17484c1a134bd78759c85b056b2e9a","name":"britbomber","image":{"@type":"ImageObject","inLanguage":"es","@id":"https:\/\/secure.gravatar.com\/avatar\/7aa60245619700190832ac995e42108bfadba25baafc3bf5bb91e97db0e7a0bd?s=96&d=identicon&r=r","url":"https:\/\/secure.gravatar.com\/avatar\/7aa60245619700190832ac995e42108bfadba25baafc3bf5bb91e97db0e7a0bd?s=96&d=identicon&r=r","contentUrl":"https:\/\/secure.gravatar.com\/avatar\/7aa60245619700190832ac995e42108bfadba25baafc3bf5bb91e97db0e7a0bd?s=96&d=identicon&r=r","caption":"britbomber"}}]}},"amp_enabled":true,"_links":{"self":[{"href":"https:\/\/www.exitmusic.com.ar\/news\/wp-json\/wp\/v2\/pages\/18715","targetHints":{"allow":["GET"]}}],"collection":[{"href":"https:\/\/www.exitmusic.com.ar\/news\/wp-json\/wp\/v2\/pages"}],"about":[{"href":"https:\/\/www.exitmusic.com.ar\/news\/wp-json\/wp\/v2\/types\/page"}],"author":[{"embeddable":true,"href":"https:\/\/www.exitmusic.com.ar\/news\/wp-json\/wp\/v2\/users\/2"}],"replies":[{"embeddable":true,"href":"https:\/\/www.exitmusic.com.ar\/news\/wp-json\/wp\/v2\/comments?post=18715"}],"version-history":[{"count":0,"href":"https:\/\/www.exitmusic.com.ar\/news\/wp-json\/wp\/v2\/pages\/18715\/revisions"}],"up":[{"embeddable":true,"href":"https:\/\/www.exitmusic.com.ar\/news\/wp-json\/wp\/v2\/pages\/7671"}],"wp:featuredmedia":[{"embeddable":true,"href":"https:\/\/www.exitmusic.com.ar\/news\/wp-json\/wp\/v2\/media\/18719"}],"wp:attachment":[{"href":"https:\/\/www.exitmusic.com.ar\/news\/wp-json\/wp\/v2\/media?parent=18715"}],"wp:term":[{"taxonomy":"category","embeddable":true,"href":"https:\/\/www.exitmusic.com.ar\/news\/wp-json\/wp\/v2\/categories?post=18715"},{"taxonomy":"post_tag","embeddable":true,"href":"https:\/\/www.exitmusic.com.ar\/news\/wp-json\/wp\/v2\/tags?post=18715"}],"curies":[{"name":"wp","href":"https:\/\/api.w.org\/{rel}","templated":true}]}}