{"id":20012,"date":"2024-10-22T14:04:19","date_gmt":"2024-10-22T17:04:19","guid":{"rendered":"https:\/\/www.exitmusic.com.ar\/news\/?page_id=20012"},"modified":"2024-10-22T14:09:02","modified_gmt":"2024-10-22T17:09:02","slug":"thom-yorke-sobre-the-smile-y-su-gira-solista","status":"publish","type":"page","link":"https:\/\/www.exitmusic.com.ar\/news\/prensatraducciones\/thom-yorke-sobre-the-smile-y-su-gira-solista\/","title":{"rendered":"Thom Yorke sobre The Smile y su gira solista"},"content":{"rendered":"<h5 class=\"wp-block-heading\">Sobre si la existencia de The Smile compromete el futuro de Radiohead<\/h5>\n\n\n\n<p>No estoy al tanto de ese hecho y [cualquier preocupaci\u00f3n de otros al respecto] me importa tres carajos. Perd\u00f3n si ofendo a alguien y gracias por preocuparse. Pero creo que nos ganamos el derecho de hacer lo que tiene sentido para nosotros sin tener que explicarnos o responder a la idea hist\u00f3rica que alguien tiene de lo que deber\u00edamos hacer.<br>No creo que tengamos la obligaci\u00f3n de estar a cierto nivel\u2026 es un no-problema para mi.<br>Estamos en una posici\u00f3n privilegiada en la que podemos hacer m\u00fasica gracias a Radiohead, as\u00ed que no tengo quejas.<\/p>\n\n\n\n<h5 class=\"wp-block-heading\">Sobre el efecto de la pandemia en su trabajo<\/h5>\n\n\n\n<p>Creo que personalmente me ense\u00f1\u00f3 a no dar por seguro trabajar con otros en el mismo cuarto. Tu sabes, lo que no necesita ser dicho, explicado. Lo que no se puede decir en un email, una llamada de Zoom o en un mensaje de texto<\/p>\n\n\n<div id=\"ads_page\">\n\t<!-- wpPageAd_1 -->\n\t<amp-ad width=\"100vw\" height=\"320\"\n\t\ttype=\"adsense\"\n     \tdata-ad-client=\"ca-pub-1186082079292141\"\n     \tdata-ad-slot=\"6678768770\"\n     \tdata-auto-format=\"rspv\"\n     \tdata-full-width=\"\">\n  \t<div overflow=\"\"><\/div>\n\t<\/amp-ad>\n\t<\/div>\n\n\n\n<h5 class=\"wp-block-heading\">Sobre el ritmo fren\u00e9tico de lanzamientos de los \u00faltimos tiempos<\/h5>\n\n\n\n<p>[la prolificidad] es una ilusi\u00f3n la verdad\u2026 para m\u00ed al menos. He estado trabajando en muchas cosas que reci\u00e9n ahora est\u00e1n saliendo a la luz; el hecho de que salgan una tras otra, hace parece que es un per\u00edodo muy fruct\u00edfero.<br>Para ser honesto, The Smile trabaja con un ritmo intenso\u2026colaboramos casi instintivamente. Es la combinaci\u00f3n de los c\u00f3digos que tenemos con Jonny y la habilidad de Skinner de responder y salir con algo extra\u00f1o esperando una respuesta. [Sam Petts-Davies tambi\u00e9n ayuda a capturar ideas] antes de que pasemos a otra cosa o nos perdamos en el camino.<br>Tambi\u00e9n somos muy afortunados de poder lanzar cosas cuando nos da la gana, y que la gente todav\u00eda est\u00e9 interesada. En el pasado, deb\u00edas esperar con tu material hasta que haya un espacio en la agenda corporativa.<\/p>\n\n\n\n<h5 class=\"wp-block-heading\">Sobre la din\u00e1mica de trabajo con The Smile<\/h5>\n\n\n\n<p>Tenemos intereses y conocimientos musicales muy dispares que de alguna forma crean un balance interesante y nos hacen sentir que podemos ir donde queramos. Quer\u00edamos que el proceso se mantenga fluido y flexible, algo como un viaje de descubrimiento.<br>Jonny y yo estamos en extremos opuestos del espectro\u2026 Jonny es m\u00e1s impaciente y generalmente ya est\u00e1 trabajando en otra idea en el cuarto contiguo.<br>A mi me gusta trabajar en los detalles finales. No puedo evitarlo\u2026 es un alivio sentir que todo fluye y encaja correctamente. Por suerte Skinner es un poco mas como yo, y tambi\u00e9n Sam, y generalmente nos proponemos solucionar cualquier cosa que no suene bien en una canci\u00f3n. Me gusta editar; es una forma de componer tambi\u00e9n. Adem\u00e1s, si tambi\u00e9n tienes que escribir letras y cantarlas, buscas que todo est\u00e9 bien hecho; siempre est\u00e1s con la misma mentalidad.<br>A veces, lo que m\u00e1s disfruto es recostarme sobre la consola de mezcla entre los parlantes y escuchar por primera vez algo que terminamos. Es algo genial, aunque dura poco.<\/p>\n\n\n\n<h5 class=\"wp-block-heading\">\u00bfC\u00f3mo saben cuando una canci\u00f3n est\u00e1 terminada o c\u00f3mo terminarla?<\/h5>\n\n\n\n<p>Es algo como un libreto \u2026 a menos que tengas un actor que le de vida, no deja de ser un libreto, palabras en una p\u00e1gina. Si, tenemos ideas, algunas muy viejas y nunca completas. Otras de hace meses, de hace semanas, a veces no tienen sentido hasta que un d\u00eda algo pasa.<\/p>\n\n\n\n<h5 class=\"wp-block-heading\">Sobre la separaci\u00f3n de <em>Wall of Eyes<\/em> y <em>Cutouts<\/em><\/h5>\n\n\n\n<p><em><a href=\"\/discografia\/thesmile\/wallofeyes\/\">Wall of Eyes<\/a><\/em> se gest\u00f3 alrededor de algunos momentos clave, como el desarrollo de <a href=\"\/letras\/bendinghectic.php\">\u00abBending Hectic\u00bb<\/a> en la gira y que le dimos forma a <a href=\"\/letras\/wallofeyes.php\">\u00abWall of Eyes\u00bb<\/a> muy espontaneamente en el estudio. Tomamos una decisi\u00f3n consciente de separar los temas en dos grupos, para poder hacerles justicia a los temas y poder tener la suficiente distancia para trabajar sin estresarnos.<\/p>\n\n\n\n<p><em>Cutout<\/em> es un t\u00e9rmino usado en espionaje. Lo descubr\u00ed leyendo sobre la interferencia rusa en la politica de Estados Unidos y el Reino Unido. Son personajes bidimensionales posicionados para facilitar conexiones secretas con un recurso, potencial o real. Creo que me llam\u00f3 la atenci\u00f3n la naturaleza bidimensional; un nuevo mundo con una guerra fr\u00eda de personajes intermediarios bidimensionales.<br>La atomizaci\u00f3n y aislamiento de los eventos globales se siente diferente ahora [en relaci\u00f3n con los 90]. Somos seres humanos tridimensionales;tenemos emociones; somos gloriosamente imperfectos &#8211; \u00bfpor qu\u00e9 estamos en la red con avatares bidimensionales como si fueran realmente nosotros, y tratamos de discutir temas complejos con dos o tres oraciones?<br>Tenemos la ilusi\u00f3n de que las redes sociales nos dan una plataforma [para participaci\u00f3n, pero] las compa\u00f1\u00edas que han construido esas plataformas act\u00faan como si estuvieran por encima de todo.<br>Es peligroso e irrelevante, y ciertamente no conduce al desarrollo de la compasi\u00f3n y la comprensi\u00f3n. Me aterra realmente, y lo veo muy desestabilizador y creo que es por eso que estamos descendiendo en guerras y miop\u00eda<\/p>\n\n\n<div id=\"ads_page\"><!-- wpPagead_2 -->\n\t<amp-ad width=\"100vw\" height=\"320\"\n\t\t type=\"adsense\"\n\t\t data-ad-client=\"ca-pub-1186082079292141\"\n\t\t data-ad-slot=\"6487197087\"\n\t\t data-auto-format=\"rspv\"\n\t\t data-full-width=\"\">\n\t  <div overflow=\"\"><\/div>\n\t<\/amp-ad>\n\t<\/div>\n\n\n\n<h5 class=\"wp-block-heading\">Sobre componer letras<\/h5>\n\n\n\n<p>Las letras no se han hecho m\u00e1s f\u00e1ciles\u2026 siempre ha sido dif\u00edcil para mi. A veces salen sin mucho trabajo de mi parte, pero la mayor parte del tiempo es como si recolectara pilas de hojas que el viento vuelve a desparramar.<\/p>\n\n\n\n<h5 class=\"wp-block-heading\">Sobre su gira solista<\/h5>\n\n\n\n<p>He estado trabajando en esto hace algunos meses, y con Sam. Es un experimento; uno relativamente sencillo &#8211; bueno, no todo.<br>En el escenario habr\u00e1n m\u00e1quinas, una guitarra, piano y yo. Si es que funciona, se explicar\u00e1 por si mismo.<\/p>\n\n\n\n<p class=\"has-text-align-right\">Publicado por <a href=\"https:\/\/www.abc.net.au\/news\/2024-10-21\/thom-yorke-the-smile-interview-cutouts-australian-solo-tour\/104490320\">ABC News Australia<\/a>, el 21 de Octubre de 2024.<\/p>","protected":false},"excerpt":{"rendered":"<p>Sobre si la existencia de The Smile compromete el futuro de Radiohead No estoy al tanto de ese hecho y [cualquier preocupaci\u00f3n de otros al respecto] me importa tres carajos. Perd\u00f3n si ofendo a alguien&hellip; <a href=\"https:\/\/www.exitmusic.com.ar\/news\/prensatraducciones\/thom-yorke-sobre-the-smile-y-su-gira-solista\/\" class=\"morelink\"> m\u00e1s \u00bb<\/a><\/p>","protected":false},"author":2,"featured_media":20014,"parent":7671,"menu_order":0,"comment_status":"closed","ping_status":"closed","template":"","meta":{"footnotes":""},"categories":[1935,1380],"tags":[2070,2072,1180,1176,2037],"class_list":["post-20012","page","type-page","status-publish","has-post-thumbnail","hentry","category-the-smile","category-thom-yorke","tag-cutouts","tag-gira-solista","tag-radiohead","tag-thom-yorke","tag-wall-of-eyes"],"yoast_head":"<!-- This site is optimized with the Yoast SEO plugin v27.4 - https:\/\/yoast.com\/product\/yoast-seo-wordpress\/ -->\n<title>Thom Yorke sobre The Smile y su gira solista &#8211; ExitMusicAr | Radiohead Argentina - \u00faltimas noticias<\/title>\n<meta name=\"description\" content=\"Thom Yorke convers\u00f3 con ABC News de Australia de cara al comienzo de su gira solista &quot;Everything&quot; por Australia y Jap\u00f3n.\" \/>\n<meta name=\"robots\" content=\"index, follow, max-snippet:-1, max-image-preview:large, max-video-preview:-1\" \/>\n<link rel=\"canonical\" href=\"https:\/\/www.exitmusic.com.ar\/news\/prensatraducciones\/thom-yorke-sobre-the-smile-y-su-gira-solista\/\" \/>\n<meta property=\"og:locale\" content=\"es_ES\" \/>\n<meta property=\"og:type\" content=\"article\" \/>\n<meta property=\"og:title\" content=\"Thom Yorke sobre The Smile y su gira solista &#8211; ExitMusicAr | Radiohead Argentina - \u00faltimas noticias\" \/>\n<meta property=\"og:description\" content=\"Thom Yorke convers\u00f3 con ABC News de Australia de cara al comienzo de su gira solista &quot;Everything&quot; por Australia y Jap\u00f3n.\" \/>\n<meta property=\"og:url\" content=\"https:\/\/www.exitmusic.com.ar\/news\/prensatraducciones\/thom-yorke-sobre-the-smile-y-su-gira-solista\/\" \/>\n<meta property=\"og:site_name\" content=\"ExitMusicAr | Radiohead Argentina - \u00faltimas noticias\" \/>\n<meta property=\"article:publisher\" content=\"https:\/\/www.facebook.com\/ExitMusicAr\" \/>\n<meta property=\"article:modified_time\" content=\"2024-10-22T17:09:02+00:00\" \/>\n<meta property=\"og:image\" content=\"https:\/\/www.exitmusic.com.ar\/news\/wp-content\/uploads\/2024\/10\/thesmile_2024.jpg\" \/>\n\t<meta property=\"og:image:width\" content=\"862\" \/>\n\t<meta property=\"og:image:height\" content=\"485\" \/>\n\t<meta property=\"og:image:type\" content=\"image\/jpeg\" \/>\n<meta name=\"twitter:card\" content=\"summary_large_image\" \/>\n<meta name=\"twitter:site\" content=\"@ExitMusicAr\" \/>\n<meta name=\"twitter:label1\" content=\"Tiempo de lectura\" \/>\n\t<meta name=\"twitter:data1\" content=\"5 minutos\" \/>\n<script type=\"application\/ld+json\" class=\"yoast-schema-graph\">{\"@context\":\"https:\\\/\\\/schema.org\",\"@graph\":[{\"@type\":\"NewsArticle\",\"@id\":\"https:\\\/\\\/www.exitmusic.com.ar\\\/news\\\/prensatraducciones\\\/thom-yorke-sobre-the-smile-y-su-gira-solista\\\/#article\",\"isPartOf\":{\"@id\":\"https:\\\/\\\/www.exitmusic.com.ar\\\/news\\\/prensatraducciones\\\/thom-yorke-sobre-the-smile-y-su-gira-solista\\\/\"},\"author\":{\"name\":\"britbomber\",\"@id\":\"https:\\\/\\\/www.exitmusic.com.ar\\\/news\\\/#\\\/schema\\\/person\\\/5b17484c1a134bd78759c85b056b2e9a\"},\"headline\":\"Thom Yorke sobre The Smile y su gira solista\",\"datePublished\":\"2024-10-22T17:04:19+00:00\",\"dateModified\":\"2024-10-22T17:09:02+00:00\",\"mainEntityOfPage\":{\"@id\":\"https:\\\/\\\/www.exitmusic.com.ar\\\/news\\\/prensatraducciones\\\/thom-yorke-sobre-the-smile-y-su-gira-solista\\\/\"},\"wordCount\":956,\"image\":{\"@id\":\"https:\\\/\\\/www.exitmusic.com.ar\\\/news\\\/prensatraducciones\\\/thom-yorke-sobre-the-smile-y-su-gira-solista\\\/#primaryimage\"},\"thumbnailUrl\":\"https:\\\/\\\/www.exitmusic.com.ar\\\/news\\\/wp-content\\\/uploads\\\/2024\\\/10\\\/thesmile_2024.jpg\",\"keywords\":[\"cutouts\",\"gira solista\",\"radiohead\",\"thom yorke\",\"wall of eyes\"],\"articleSection\":[\"The Smile\",\"Thom Yorke\"],\"inLanguage\":\"es\"},{\"@type\":[\"WebPage\",\"ItemPage\"],\"@id\":\"https:\\\/\\\/www.exitmusic.com.ar\\\/news\\\/prensatraducciones\\\/thom-yorke-sobre-the-smile-y-su-gira-solista\\\/\",\"url\":\"https:\\\/\\\/www.exitmusic.com.ar\\\/news\\\/prensatraducciones\\\/thom-yorke-sobre-the-smile-y-su-gira-solista\\\/\",\"name\":\"Thom Yorke sobre The Smile y su gira solista &#8211; ExitMusicAr | Radiohead Argentina - \u00faltimas noticias\",\"isPartOf\":{\"@id\":\"https:\\\/\\\/www.exitmusic.com.ar\\\/news\\\/#website\"},\"primaryImageOfPage\":{\"@id\":\"https:\\\/\\\/www.exitmusic.com.ar\\\/news\\\/prensatraducciones\\\/thom-yorke-sobre-the-smile-y-su-gira-solista\\\/#primaryimage\"},\"image\":{\"@id\":\"https:\\\/\\\/www.exitmusic.com.ar\\\/news\\\/prensatraducciones\\\/thom-yorke-sobre-the-smile-y-su-gira-solista\\\/#primaryimage\"},\"thumbnailUrl\":\"https:\\\/\\\/www.exitmusic.com.ar\\\/news\\\/wp-content\\\/uploads\\\/2024\\\/10\\\/thesmile_2024.jpg\",\"datePublished\":\"2024-10-22T17:04:19+00:00\",\"dateModified\":\"2024-10-22T17:09:02+00:00\",\"description\":\"Thom Yorke convers\u00f3 con ABC News de Australia de cara al comienzo de su gira solista \\\"Everything\\\" por Australia y Jap\u00f3n.\",\"breadcrumb\":{\"@id\":\"https:\\\/\\\/www.exitmusic.com.ar\\\/news\\\/prensatraducciones\\\/thom-yorke-sobre-the-smile-y-su-gira-solista\\\/#breadcrumb\"},\"inLanguage\":\"es\",\"potentialAction\":[{\"@type\":\"ReadAction\",\"target\":[\"https:\\\/\\\/www.exitmusic.com.ar\\\/news\\\/prensatraducciones\\\/thom-yorke-sobre-the-smile-y-su-gira-solista\\\/\"]}]},{\"@type\":\"ImageObject\",\"inLanguage\":\"es\",\"@id\":\"https:\\\/\\\/www.exitmusic.com.ar\\\/news\\\/prensatraducciones\\\/thom-yorke-sobre-the-smile-y-su-gira-solista\\\/#primaryimage\",\"url\":\"https:\\\/\\\/www.exitmusic.com.ar\\\/news\\\/wp-content\\\/uploads\\\/2024\\\/10\\\/thesmile_2024.jpg\",\"contentUrl\":\"https:\\\/\\\/www.exitmusic.com.ar\\\/news\\\/wp-content\\\/uploads\\\/2024\\\/10\\\/thesmile_2024.jpg\",\"width\":862,\"height\":485},{\"@type\":\"BreadcrumbList\",\"@id\":\"https:\\\/\\\/www.exitmusic.com.ar\\\/news\\\/prensatraducciones\\\/thom-yorke-sobre-the-smile-y-su-gira-solista\\\/#breadcrumb\",\"itemListElement\":[{\"@type\":\"ListItem\",\"position\":1,\"name\":\"Inicio\",\"item\":\"https:\\\/\\\/www.exitmusic.com.ar\\\/news\\\/\"},{\"@type\":\"ListItem\",\"position\":2,\"name\":\"Prensa\\\/Traducciones\",\"item\":\"https:\\\/\\\/www.exitmusic.com.ar\\\/news\\\/prensatraducciones\\\/\"},{\"@type\":\"ListItem\",\"position\":3,\"name\":\"Thom Yorke sobre The Smile y su gira solista\"}]},{\"@type\":\"WebSite\",\"@id\":\"https:\\\/\\\/www.exitmusic.com.ar\\\/news\\\/#website\",\"url\":\"https:\\\/\\\/www.exitmusic.com.ar\\\/news\\\/\",\"name\":\"ExitMusicAr | Radiohead Argentina\",\"description\":\"Noticias e informaci\u00f3n sobre Radiohead, EOB, Philip Selway, Jonny Greenwood, Thom Yorke, Atoms for Peace y The Smile\",\"potentialAction\":[{\"@type\":\"SearchAction\",\"target\":{\"@type\":\"EntryPoint\",\"urlTemplate\":\"https:\\\/\\\/www.exitmusic.com.ar\\\/news\\\/?s={search_term_string}\"},\"query-input\":{\"@type\":\"PropertyValueSpecification\",\"valueRequired\":true,\"valueName\":\"search_term_string\"}}],\"inLanguage\":\"es\"},{\"@type\":\"Person\",\"@id\":\"https:\\\/\\\/www.exitmusic.com.ar\\\/news\\\/#\\\/schema\\\/person\\\/5b17484c1a134bd78759c85b056b2e9a\",\"name\":\"britbomber\",\"image\":{\"@type\":\"ImageObject\",\"inLanguage\":\"es\",\"@id\":\"https:\\\/\\\/secure.gravatar.com\\\/avatar\\\/7aa60245619700190832ac995e42108bfadba25baafc3bf5bb91e97db0e7a0bd?s=96&d=identicon&r=r\",\"url\":\"https:\\\/\\\/secure.gravatar.com\\\/avatar\\\/7aa60245619700190832ac995e42108bfadba25baafc3bf5bb91e97db0e7a0bd?s=96&d=identicon&r=r\",\"contentUrl\":\"https:\\\/\\\/secure.gravatar.com\\\/avatar\\\/7aa60245619700190832ac995e42108bfadba25baafc3bf5bb91e97db0e7a0bd?s=96&d=identicon&r=r\",\"caption\":\"britbomber\"}}]}<\/script>\n<!-- \/ Yoast SEO plugin. -->","yoast_head_json":{"title":"Thom Yorke sobre The Smile y su gira solista &#8211; ExitMusicAr | Radiohead Argentina - \u00faltimas noticias","description":"Thom Yorke convers\u00f3 con ABC News de Australia de cara al comienzo de su gira solista \"Everything\" por Australia y Jap\u00f3n.","robots":{"index":"index","follow":"follow","max-snippet":"max-snippet:-1","max-image-preview":"max-image-preview:large","max-video-preview":"max-video-preview:-1"},"canonical":"https:\/\/www.exitmusic.com.ar\/news\/prensatraducciones\/thom-yorke-sobre-the-smile-y-su-gira-solista\/","og_locale":"es_ES","og_type":"article","og_title":"Thom Yorke sobre The Smile y su gira solista &#8211; ExitMusicAr | Radiohead Argentina - \u00faltimas noticias","og_description":"Thom Yorke convers\u00f3 con ABC News de Australia de cara al comienzo de su gira solista \"Everything\" por Australia y Jap\u00f3n.","og_url":"https:\/\/www.exitmusic.com.ar\/news\/prensatraducciones\/thom-yorke-sobre-the-smile-y-su-gira-solista\/","og_site_name":"ExitMusicAr | Radiohead Argentina - \u00faltimas noticias","article_publisher":"https:\/\/www.facebook.com\/ExitMusicAr","article_modified_time":"2024-10-22T17:09:02+00:00","og_image":[{"width":862,"height":485,"url":"https:\/\/www.exitmusic.com.ar\/news\/wp-content\/uploads\/2024\/10\/thesmile_2024.jpg","type":"image\/jpeg"}],"twitter_card":"summary_large_image","twitter_site":"@ExitMusicAr","twitter_misc":{"Tiempo de lectura":"5 minutos"},"schema":{"@context":"https:\/\/schema.org","@graph":[{"@type":"NewsArticle","@id":"https:\/\/www.exitmusic.com.ar\/news\/prensatraducciones\/thom-yorke-sobre-the-smile-y-su-gira-solista\/#article","isPartOf":{"@id":"https:\/\/www.exitmusic.com.ar\/news\/prensatraducciones\/thom-yorke-sobre-the-smile-y-su-gira-solista\/"},"author":{"name":"britbomber","@id":"https:\/\/www.exitmusic.com.ar\/news\/#\/schema\/person\/5b17484c1a134bd78759c85b056b2e9a"},"headline":"Thom Yorke sobre The Smile y su gira solista","datePublished":"2024-10-22T17:04:19+00:00","dateModified":"2024-10-22T17:09:02+00:00","mainEntityOfPage":{"@id":"https:\/\/www.exitmusic.com.ar\/news\/prensatraducciones\/thom-yorke-sobre-the-smile-y-su-gira-solista\/"},"wordCount":956,"image":{"@id":"https:\/\/www.exitmusic.com.ar\/news\/prensatraducciones\/thom-yorke-sobre-the-smile-y-su-gira-solista\/#primaryimage"},"thumbnailUrl":"https:\/\/www.exitmusic.com.ar\/news\/wp-content\/uploads\/2024\/10\/thesmile_2024.jpg","keywords":["cutouts","gira solista","radiohead","thom yorke","wall of eyes"],"articleSection":["The Smile","Thom Yorke"],"inLanguage":"es"},{"@type":["WebPage","ItemPage"],"@id":"https:\/\/www.exitmusic.com.ar\/news\/prensatraducciones\/thom-yorke-sobre-the-smile-y-su-gira-solista\/","url":"https:\/\/www.exitmusic.com.ar\/news\/prensatraducciones\/thom-yorke-sobre-the-smile-y-su-gira-solista\/","name":"Thom Yorke sobre The Smile y su gira solista &#8211; ExitMusicAr | Radiohead Argentina - \u00faltimas noticias","isPartOf":{"@id":"https:\/\/www.exitmusic.com.ar\/news\/#website"},"primaryImageOfPage":{"@id":"https:\/\/www.exitmusic.com.ar\/news\/prensatraducciones\/thom-yorke-sobre-the-smile-y-su-gira-solista\/#primaryimage"},"image":{"@id":"https:\/\/www.exitmusic.com.ar\/news\/prensatraducciones\/thom-yorke-sobre-the-smile-y-su-gira-solista\/#primaryimage"},"thumbnailUrl":"https:\/\/www.exitmusic.com.ar\/news\/wp-content\/uploads\/2024\/10\/thesmile_2024.jpg","datePublished":"2024-10-22T17:04:19+00:00","dateModified":"2024-10-22T17:09:02+00:00","description":"Thom Yorke convers\u00f3 con ABC News de Australia de cara al comienzo de su gira solista \"Everything\" por Australia y Jap\u00f3n.","breadcrumb":{"@id":"https:\/\/www.exitmusic.com.ar\/news\/prensatraducciones\/thom-yorke-sobre-the-smile-y-su-gira-solista\/#breadcrumb"},"inLanguage":"es","potentialAction":[{"@type":"ReadAction","target":["https:\/\/www.exitmusic.com.ar\/news\/prensatraducciones\/thom-yorke-sobre-the-smile-y-su-gira-solista\/"]}]},{"@type":"ImageObject","inLanguage":"es","@id":"https:\/\/www.exitmusic.com.ar\/news\/prensatraducciones\/thom-yorke-sobre-the-smile-y-su-gira-solista\/#primaryimage","url":"https:\/\/www.exitmusic.com.ar\/news\/wp-content\/uploads\/2024\/10\/thesmile_2024.jpg","contentUrl":"https:\/\/www.exitmusic.com.ar\/news\/wp-content\/uploads\/2024\/10\/thesmile_2024.jpg","width":862,"height":485},{"@type":"BreadcrumbList","@id":"https:\/\/www.exitmusic.com.ar\/news\/prensatraducciones\/thom-yorke-sobre-the-smile-y-su-gira-solista\/#breadcrumb","itemListElement":[{"@type":"ListItem","position":1,"name":"Inicio","item":"https:\/\/www.exitmusic.com.ar\/news\/"},{"@type":"ListItem","position":2,"name":"Prensa\/Traducciones","item":"https:\/\/www.exitmusic.com.ar\/news\/prensatraducciones\/"},{"@type":"ListItem","position":3,"name":"Thom Yorke sobre The Smile y su gira solista"}]},{"@type":"WebSite","@id":"https:\/\/www.exitmusic.com.ar\/news\/#website","url":"https:\/\/www.exitmusic.com.ar\/news\/","name":"ExitMusicAr | Radiohead Argentina","description":"Noticias e informaci\u00f3n sobre Radiohead, EOB, Philip Selway, Jonny Greenwood, Thom Yorke, Atoms for Peace y The Smile","potentialAction":[{"@type":"SearchAction","target":{"@type":"EntryPoint","urlTemplate":"https:\/\/www.exitmusic.com.ar\/news\/?s={search_term_string}"},"query-input":{"@type":"PropertyValueSpecification","valueRequired":true,"valueName":"search_term_string"}}],"inLanguage":"es"},{"@type":"Person","@id":"https:\/\/www.exitmusic.com.ar\/news\/#\/schema\/person\/5b17484c1a134bd78759c85b056b2e9a","name":"britbomber","image":{"@type":"ImageObject","inLanguage":"es","@id":"https:\/\/secure.gravatar.com\/avatar\/7aa60245619700190832ac995e42108bfadba25baafc3bf5bb91e97db0e7a0bd?s=96&d=identicon&r=r","url":"https:\/\/secure.gravatar.com\/avatar\/7aa60245619700190832ac995e42108bfadba25baafc3bf5bb91e97db0e7a0bd?s=96&d=identicon&r=r","contentUrl":"https:\/\/secure.gravatar.com\/avatar\/7aa60245619700190832ac995e42108bfadba25baafc3bf5bb91e97db0e7a0bd?s=96&d=identicon&r=r","caption":"britbomber"}}]}},"amp_enabled":true,"_links":{"self":[{"href":"https:\/\/www.exitmusic.com.ar\/news\/wp-json\/wp\/v2\/pages\/20012","targetHints":{"allow":["GET"]}}],"collection":[{"href":"https:\/\/www.exitmusic.com.ar\/news\/wp-json\/wp\/v2\/pages"}],"about":[{"href":"https:\/\/www.exitmusic.com.ar\/news\/wp-json\/wp\/v2\/types\/page"}],"author":[{"embeddable":true,"href":"https:\/\/www.exitmusic.com.ar\/news\/wp-json\/wp\/v2\/users\/2"}],"replies":[{"embeddable":true,"href":"https:\/\/www.exitmusic.com.ar\/news\/wp-json\/wp\/v2\/comments?post=20012"}],"version-history":[{"count":0,"href":"https:\/\/www.exitmusic.com.ar\/news\/wp-json\/wp\/v2\/pages\/20012\/revisions"}],"up":[{"embeddable":true,"href":"https:\/\/www.exitmusic.com.ar\/news\/wp-json\/wp\/v2\/pages\/7671"}],"wp:featuredmedia":[{"embeddable":true,"href":"https:\/\/www.exitmusic.com.ar\/news\/wp-json\/wp\/v2\/media\/20014"}],"wp:attachment":[{"href":"https:\/\/www.exitmusic.com.ar\/news\/wp-json\/wp\/v2\/media?parent=20012"}],"wp:term":[{"taxonomy":"category","embeddable":true,"href":"https:\/\/www.exitmusic.com.ar\/news\/wp-json\/wp\/v2\/categories?post=20012"},{"taxonomy":"post_tag","embeddable":true,"href":"https:\/\/www.exitmusic.com.ar\/news\/wp-json\/wp\/v2\/tags?post=20012"}],"curies":[{"name":"wp","href":"https:\/\/api.w.org\/{rel}","templated":true}]}}