{"id":20548,"date":"2025-05-02T12:46:30","date_gmt":"2025-05-02T15:46:30","guid":{"rendered":"https:\/\/www.exitmusic.com.ar\/news\/?page_id=20548"},"modified":"2025-05-02T12:46:31","modified_gmt":"2025-05-02T15:46:31","slug":"sobre-el-origen-de-hamlet-hail-to-the-thief","status":"publish","type":"page","link":"https:\/\/www.exitmusic.com.ar\/news\/prensatraducciones\/sobre-el-origen-de-hamlet-hail-to-the-thief\/","title":{"rendered":"Sobre el or\u00edgen de Hamlet Hail to the Thief"},"content":{"rendered":"<p>Thom Yorke lo vio como una locura. \u00abNunca conect\u00e9 favorablemente mi m\u00fasica con Shakespeare\u00bb, dice Yorke. \u00abSiempre vi su obra como algo tot\u00e9mico, por lo que emparejar nuestra m\u00fasica con eso me pareci\u00f3 un sacrilegio .. pero siempre estoy dispuesto a un poco de sacrilegio\u00bb dice mientras se ajusta los anteojos de marco grueso y sonr\u00ede levemente.<\/p>\n\n\n\n<p>En Octubre de 2003, la directora y dise\u00f1adora Christine Jones estaba en el Madison Square Garden mientras Radiohead tocaba canciones de su <em><a href=\"\/discografia\/hailtothethief\/\">Hail To The Thief<\/a><\/em> &#8211; pr\u00f3ximo a ganar un Grammy. Las intoxicantes y propulsivas canciones permanecieron en su cabeza mientras trabajaba en una producci\u00f3n de <em>Hamlet<\/em>, meses despu\u00e9s. El \u00e1lbum no hab\u00eda sido influenciado intencionalmente por la obra de teatro, pero similitudes misteriosas entre ambos comenzaron a hacerse evidentes para Jones. \u00abEstaba hechizada por la idea de que haya un dialogo entre las obras. Ambas analizan la complejidad de la condici\u00f3n humana, el ser v\u00edctima de un enga\u00f1o y de que te enga\u00f1e tu gobierno \u2026 la b\u00fasqueda de una br\u00fajula moral en el mundo\u00bb, dice tratando de describir los ecos entre ambos, como si fueran avistamientos de fantasmas. Comenz\u00f3 a imaginar una producci\u00f3n donde las preguntas oscuras y vacilantes sobre desconfianza y paranoia pudieran entrecruzarse, acentuadas por atisbos de ternura.<\/p>\n\n\n<div id=\"ads_page\">\n\t<!-- wpPageAd_1 -->\n\t<amp-ad width=\"100vw\" height=\"320\"\n\t\ttype=\"adsense\"\n     \tdata-ad-client=\"ca-pub-1186082079292141\"\n     \tdata-ad-slot=\"6678768770\"\n     \tdata-auto-format=\"rspv\"\n     \tdata-full-width=\"\">\n  \t<div overflow=\"\"><\/div>\n\t<\/amp-ad>\n\t<\/div>\n\n\n\n<p>Cuando Jones le sugiri\u00f3 la idea a Yorke, el no pudo dejar de pensar en ella. \u00abAs\u00ed es como juzgo las cosas la mayor parte del tiempo; si permanecen aqu\u00ed\u00bb, dice toc\u00e1ndose la cabeza. Ley\u00f3 que Shakespeare le ped\u00eda a los compositores de la \u00e9poca que escribieran m\u00fasica y colaborar con ellos. \u00abNo eran solamente agregados, sino partes estructurales del trabajo\u00bb, agrega. Quiz\u00e1 la sugerencia de esta forma entrecruzada de producci\u00f3n no es tan radical despu\u00e9s de todo; el equipo creativo simplemente responde a una invitaci\u00f3n extendida hace 400 a\u00f1os.<br>Guiada por sus instintos, Jones adapt\u00f3 el texto y pas\u00f3 de una \u00e9pica de cuatro horas a algo que se desarrolla en aproximadamente 90 minutos. Al comienzo, Yorke experiment\u00f3 con capas de m\u00fasica dando base al texto editado, pero r\u00e1pidamente se dio cuenta de que no funcionar\u00eda usar las canciones en el orden del \u00e1lbum &#8211; o siquiera usar canciones enteras. \u00abEs m\u00e1s como vidrio roto en miles de pedazos, vueltos a pegar\u00bb, dice. Radiohead hizo el \u00e1lbum original bastante r\u00e1pidamente, Yorke siempre lo sinti\u00f3 como \u00abel \u00e1lbum que se nos escap\u00f3\u00bb. Esto, su escapada al mundo del teatro, le dio la chance de revisitarlo con un nuevo prop\u00f3sito.<\/p>\n\n\n\n<p>A medida que el movimiento y la m\u00fasica comenzaron a ponerse al frente de la historia, el equipo continu\u00f3 desechando capas del texto. \u00ab\u00bfQue podemos mostrar, escuchar, en lugar de decirlo todo?\u00bb, se pregunta Jones. \u00abDestilaci\u00f3n en funci\u00f3n de iluminaci\u00f3n\u00bb.<\/p>\n\n\n\n<p>Con el objetivo de desbloquear un lenguaje diferente aparece Steven Hoggett, co-director y colaborador frecuente de Jones. Su vocabulario abunda en m\u00fasculos, piel y huesos. \u00abCuando conoc\u00ed a Steven, sent\u00ed que era la persona que vine a encontrar en Nueva York. \u00abEstaban energizados despu\u00e9s de trabajar en obras como <em>American Idiot<\/em>, <em>Let the Right One In<\/em> y <em>Harry Potter and the Cursed Child<\/em>. Cuando Jones le pidi\u00f3 a Hoggett que se sume al equipo de este proyecto, volvi\u00f3 a escuchar el \u00e1lbum para ver c\u00f3mo el \u00e1lbum encajaba con el texto. \u00abFue emocionante sentir que algo estaba ya en proceso y no tendr\u00edamos que forzar el proyecto. Simplemente deb\u00edamos darle un empujoncito\u00bb, dice.<br>\u00bfC\u00f3mo se baila Radiohead? \u00abNunca pude descifrarlo\u00bb, bromea Yorke. \u00abEl movimiento simplemente apareci\u00f3 cuando colgu\u00e9 la guitarra y \u2026 simplemente comienzas a hacer cosas\u00bb, dice, con dificultad para encontrar las palabras. Las acciones en el escenario de Yorke son instintivas, y el proceso de Hoggett lo es tambi\u00e9n. \u00abBuscas un registro emocional\u00bb, dice sobre c\u00f3mo la compa\u00f1\u00eda crea en conjunto. \u00abNo le decimos a los actores que le den cuerpo al &#8216;ser o no ser&#8217;. Eso nunca funcionar\u00e1\u00bb. En lugar de eso, el core\u00f3grafo Jess Williams y \u00e9l organizaron tareas en la sala de ensayos. \u00ab\u00bfC\u00f3mo se siente conducir hacia alguien con furia?\u00bfY si escondieras algo?\u00bb Tratan de ser sutiles en su direcci\u00f3n. \u00abConstru\u00edmos la arquitectura del movimiento y despu\u00e9s tratamos de quebrarlo; de otra forma, simplemente tiendes a dirigirte al puente\u00bb.<\/p>\n\n\n<div id=\"ads_page\"><!-- wpPagead_2 -->\n\t<amp-ad width=\"100vw\" height=\"320\"\n\t\t type=\"adsense\"\n\t\t data-ad-client=\"ca-pub-1186082079292141\"\n\t\t data-ad-slot=\"6487197087\"\n\t\t data-auto-format=\"rspv\"\n\t\t data-full-width=\"\">\n\t  <div overflow=\"\"><\/div>\n\t<\/amp-ad>\n\t<\/div>\n\n\n\n<p>La producci\u00f3n toda evita la prolijidad. Yorke quiere evitar que la m\u00fasica exagere en ilustraci\u00f3n, \u00aben el sentido de que un m\u00fasico traza l\u00edneas que siguen una trayectoria emocional de lo que sucede\u00bb. Cree que eso no le hace ning\u00fan favor ni al texto ni a la m\u00fasica. \u00abQuiero que haya fricci\u00f3n entre ambos, que se desestabilicen, que haya tensi\u00f3n entre ambos\u00bb, dice sobre las obras. Esta agitaci\u00f3n se cuela en la obra de teatro entera; el equipo puso el foco en los dibujos serpenteantes de Robert Longo y las pinturas contorsionadas de Egon Schiele, con el objetivo de examinar el conflicto interno que hace gatear a la carne madura. \u00abEs gente que trataba de ocultarse, pero sus cuerpos los traicionaban\u00bb, dice Jones. Eso es lo que el equipo busca en el movimiento: la sensaci\u00f3n e que los cuerpos son secuestrados por la m\u00fasica.<\/p>\n\n\n\n<p>Ubicado en alg\u00fan lugar entre un estudio de grabaci\u00f3n, una c\u00e1mara de pruebas de sonido y un cuarto de interrogaci\u00f3n, el escenario hace eco de esta sensaci\u00f3n de malestar y solidifica la idea de estar siendo observado y espiado. \u00abNo tratamos de pasar comentarios abiertamente sobre el mundo actual\u00bb, dice Jones firmemente, remarcando la falta de especificidad en el tiempo y lugar. Las reverberaciones con el presente son impl\u00edcitas. M\u00e1s ahora que cuando comenz\u00f3 el proceso, y son cuidadosos de poner algo muy prescriptivo en el camino de la historia. \u00abA pesar de haber llamado un \u00e1lbum <em>Hail to the Thief<\/em>\u00ab, concede Yorke sobre las palabras tomadas de las noticias durante las protestas anti-Bush, \u00abcreo que es un mal presagio para cualquier obra de arte si es descrita como <em>pol\u00edtica<\/em> y que despu\u00e9s incesantemente tener que contextualizar eso\u00bb. Como la idea de esta colaboraci\u00f3n, la frase simplemente no lo dejaba en paz: \u00abestaba a su merced\u00bb. En lugar de dictar sus intenciones, quer\u00edan que la producci\u00f3n genere preguntas. \u00ab\u00bfCu\u00e1l es mi lugar en el mundo?\u00bb, se pregunta Jones. \u00ab\u00bfC\u00f3mo intento entender cosas a trav\u00e9s de la poes\u00eda, filosof\u00eda o m\u00fasica? \u00bfQui\u00e9n anda ah\u00ed?\u00bb.<\/p>\n\n\n\n<p>Una producci\u00f3n que tom\u00f3 veinte a\u00f1os en realizarse, <em>Hamlet Hail to the Thief<\/em> es un experimento extra\u00f1o y vertiginoso. \u00abHay un momento\u00bb, dice Hoggett riendo en parte, \u00aben el que me di cuenta de cuantas versiones malas hay de alguien que no es Thom Yorke cantando una canci\u00f3n de Radiohead\u00bb. No fue hasta que coincidieron en la sala de ensayos con la banda que logr\u00f3 despegarse de ese miedo. \u00abTodo comenz\u00f3 a ser posible\u00bb; esta sensaci\u00f3n de potencial en bruto es lo que empuja su descubrimiento continuo. \u00abMe siento deshecho cuando el teatro no tiene riendas y no sabes qu\u00e9 pasar\u00e1 luego\u00bb, dice Jones. \u00abCuando podemos saborear eso en los ensayos, solo puedo sentirme ansioso sobre lo que podamos encontrar\u00bb.<\/p>\n\n\n\n<p>texto original por Kate Wyver. Publicado por <em><a href=\"https:\/\/www.rollingstone.co.uk\/music\/radiohead-thom-yorke-hamlet-hail-to-the-thief-interview-photos-49790\/?fbclid=PAZXh0bgNhZW0CMTEAAae60ZpPwlBFuJhz9FYFVWnJXXyKwGNOYIPreCoKZlAyb536OxT4t8jaHJZ0-w_aem_5eFau__lADbiMsxcTBunCA\" target=\"_blank\" rel=\"noreferrer noopener\">RollingStone UK<\/a><\/em><\/p>","protected":false},"excerpt":{"rendered":"<p>Thom Yorke lo vio como una locura. \u00abNunca conect\u00e9 favorablemente mi m\u00fasica con Shakespeare\u00bb, dice Yorke. \u00abSiempre vi su obra como algo tot\u00e9mico, por lo que emparejar nuestra m\u00fasica con eso me pareci\u00f3 un sacrilegio&hellip; <a href=\"https:\/\/www.exitmusic.com.ar\/news\/prensatraducciones\/sobre-el-origen-de-hamlet-hail-to-the-thief\/\" class=\"morelink\"> m\u00e1s \u00bb<\/a><\/p>","protected":false},"author":2,"featured_media":20550,"parent":7671,"menu_order":0,"comment_status":"open","ping_status":"closed","template":"","meta":{"footnotes":""},"categories":[1383,1380],"tags":[23,66,2065],"class_list":["post-20548","page","type-page","status-publish","has-post-thumbnail","hentry","category-radiohead","category-thom-yorke","tag-entrevista","tag-hail-to-the-thief","tag-hamlet"],"yoast_head":"<!-- This site is optimized with the Yoast SEO plugin v27.5 - https:\/\/yoast.com\/product\/yoast-seo-wordpress\/ -->\n<title>Sobre el or\u00edgen de Hamlet Hail to the Thief &#8211; ExitMusicAr | Radiohead Argentina - \u00faltimas noticias<\/title>\n<meta name=\"description\" content=\"Entrevista con el equipo detr\u00e1s de Hamlet Hail to the Thief, adaptaci\u00f3n de la obra de Shakespeare con m\u00fasica del \u00e1lbum de 2003 de Radiohead.\" \/>\n<meta name=\"robots\" content=\"index, follow, max-snippet:-1, max-image-preview:large, max-video-preview:-1\" \/>\n<link rel=\"canonical\" href=\"https:\/\/www.exitmusic.com.ar\/news\/prensatraducciones\/sobre-el-origen-de-hamlet-hail-to-the-thief\/\" \/>\n<meta property=\"og:locale\" content=\"es_ES\" \/>\n<meta property=\"og:type\" content=\"article\" \/>\n<meta property=\"og:title\" content=\"Sobre el or\u00edgen de Hamlet Hail to the Thief &#8211; ExitMusicAr | Radiohead Argentina - \u00faltimas noticias\" \/>\n<meta property=\"og:description\" content=\"Entrevista con el equipo detr\u00e1s de Hamlet Hail to the Thief, adaptaci\u00f3n de la obra de Shakespeare con m\u00fasica del \u00e1lbum de 2003 de Radiohead.\" \/>\n<meta property=\"og:url\" content=\"https:\/\/www.exitmusic.com.ar\/news\/prensatraducciones\/sobre-el-origen-de-hamlet-hail-to-the-thief\/\" \/>\n<meta property=\"og:site_name\" content=\"ExitMusicAr | Radiohead Argentina - \u00faltimas noticias\" \/>\n<meta property=\"article:publisher\" content=\"https:\/\/www.facebook.com\/ExitMusicAr\" \/>\n<meta property=\"article:modified_time\" content=\"2025-05-02T15:46:31+00:00\" \/>\n<meta property=\"og:image\" content=\"https:\/\/www.exitmusic.com.ar\/news\/wp-content\/uploads\/2025\/05\/Image-2.jpg\" \/>\n\t<meta property=\"og:image:width\" content=\"1920\" \/>\n\t<meta property=\"og:image:height\" content=\"1280\" \/>\n\t<meta property=\"og:image:type\" content=\"image\/jpeg\" \/>\n<meta name=\"twitter:card\" content=\"summary_large_image\" \/>\n<meta name=\"twitter:site\" content=\"@ExitMusicAr\" \/>\n<meta name=\"twitter:label1\" content=\"Tiempo de lectura\" \/>\n\t<meta name=\"twitter:data1\" content=\"6 minutos\" \/>\n<script type=\"application\/ld+json\" class=\"yoast-schema-graph\">{\"@context\":\"https:\\\/\\\/schema.org\",\"@graph\":[{\"@type\":\"NewsArticle\",\"@id\":\"https:\\\/\\\/www.exitmusic.com.ar\\\/news\\\/prensatraducciones\\\/sobre-el-origen-de-hamlet-hail-to-the-thief\\\/#article\",\"isPartOf\":{\"@id\":\"https:\\\/\\\/www.exitmusic.com.ar\\\/news\\\/prensatraducciones\\\/sobre-el-origen-de-hamlet-hail-to-the-thief\\\/\"},\"author\":{\"name\":\"britbomber\",\"@id\":\"https:\\\/\\\/www.exitmusic.com.ar\\\/news\\\/#\\\/schema\\\/person\\\/5b17484c1a134bd78759c85b056b2e9a\"},\"headline\":\"Sobre el or\u00edgen de Hamlet Hail to the Thief\",\"datePublished\":\"2025-05-02T15:46:30+00:00\",\"dateModified\":\"2025-05-02T15:46:31+00:00\",\"mainEntityOfPage\":{\"@id\":\"https:\\\/\\\/www.exitmusic.com.ar\\\/news\\\/prensatraducciones\\\/sobre-el-origen-de-hamlet-hail-to-the-thief\\\/\"},\"wordCount\":1248,\"commentCount\":0,\"image\":{\"@id\":\"https:\\\/\\\/www.exitmusic.com.ar\\\/news\\\/prensatraducciones\\\/sobre-el-origen-de-hamlet-hail-to-the-thief\\\/#primaryimage\"},\"thumbnailUrl\":\"https:\\\/\\\/www.exitmusic.com.ar\\\/news\\\/wp-content\\\/uploads\\\/2025\\\/05\\\/Image-2.jpg\",\"keywords\":[\"entrevista\",\"hail to the thief\",\"hamlet\"],\"articleSection\":[\"Radiohead\",\"Thom Yorke\"],\"inLanguage\":\"es\",\"potentialAction\":[{\"@type\":\"CommentAction\",\"name\":\"Comment\",\"target\":[\"https:\\\/\\\/www.exitmusic.com.ar\\\/news\\\/prensatraducciones\\\/sobre-el-origen-de-hamlet-hail-to-the-thief\\\/#respond\"]}]},{\"@type\":[\"WebPage\",\"ItemPage\"],\"@id\":\"https:\\\/\\\/www.exitmusic.com.ar\\\/news\\\/prensatraducciones\\\/sobre-el-origen-de-hamlet-hail-to-the-thief\\\/\",\"url\":\"https:\\\/\\\/www.exitmusic.com.ar\\\/news\\\/prensatraducciones\\\/sobre-el-origen-de-hamlet-hail-to-the-thief\\\/\",\"name\":\"Sobre el or\u00edgen de Hamlet Hail to the Thief &#8211; ExitMusicAr | Radiohead Argentina - \u00faltimas noticias\",\"isPartOf\":{\"@id\":\"https:\\\/\\\/www.exitmusic.com.ar\\\/news\\\/#website\"},\"primaryImageOfPage\":{\"@id\":\"https:\\\/\\\/www.exitmusic.com.ar\\\/news\\\/prensatraducciones\\\/sobre-el-origen-de-hamlet-hail-to-the-thief\\\/#primaryimage\"},\"image\":{\"@id\":\"https:\\\/\\\/www.exitmusic.com.ar\\\/news\\\/prensatraducciones\\\/sobre-el-origen-de-hamlet-hail-to-the-thief\\\/#primaryimage\"},\"thumbnailUrl\":\"https:\\\/\\\/www.exitmusic.com.ar\\\/news\\\/wp-content\\\/uploads\\\/2025\\\/05\\\/Image-2.jpg\",\"datePublished\":\"2025-05-02T15:46:30+00:00\",\"dateModified\":\"2025-05-02T15:46:31+00:00\",\"description\":\"Entrevista con el equipo detr\u00e1s de Hamlet Hail to the Thief, adaptaci\u00f3n de la obra de Shakespeare con m\u00fasica del \u00e1lbum de 2003 de Radiohead.\",\"breadcrumb\":{\"@id\":\"https:\\\/\\\/www.exitmusic.com.ar\\\/news\\\/prensatraducciones\\\/sobre-el-origen-de-hamlet-hail-to-the-thief\\\/#breadcrumb\"},\"inLanguage\":\"es\",\"potentialAction\":[{\"@type\":\"ReadAction\",\"target\":[\"https:\\\/\\\/www.exitmusic.com.ar\\\/news\\\/prensatraducciones\\\/sobre-el-origen-de-hamlet-hail-to-the-thief\\\/\"]}]},{\"@type\":\"ImageObject\",\"inLanguage\":\"es\",\"@id\":\"https:\\\/\\\/www.exitmusic.com.ar\\\/news\\\/prensatraducciones\\\/sobre-el-origen-de-hamlet-hail-to-the-thief\\\/#primaryimage\",\"url\":\"https:\\\/\\\/www.exitmusic.com.ar\\\/news\\\/wp-content\\\/uploads\\\/2025\\\/05\\\/Image-2.jpg\",\"contentUrl\":\"https:\\\/\\\/www.exitmusic.com.ar\\\/news\\\/wp-content\\\/uploads\\\/2025\\\/05\\\/Image-2.jpg\",\"width\":1920,\"height\":1280,\"caption\":\"(c) Manuel Harlan\"},{\"@type\":\"BreadcrumbList\",\"@id\":\"https:\\\/\\\/www.exitmusic.com.ar\\\/news\\\/prensatraducciones\\\/sobre-el-origen-de-hamlet-hail-to-the-thief\\\/#breadcrumb\",\"itemListElement\":[{\"@type\":\"ListItem\",\"position\":1,\"name\":\"Inicio\",\"item\":\"https:\\\/\\\/www.exitmusic.com.ar\\\/news\\\/\"},{\"@type\":\"ListItem\",\"position\":2,\"name\":\"Prensa\\\/Traducciones\",\"item\":\"https:\\\/\\\/www.exitmusic.com.ar\\\/news\\\/prensatraducciones\\\/\"},{\"@type\":\"ListItem\",\"position\":3,\"name\":\"Sobre el or\u00edgen de Hamlet Hail to the Thief\"}]},{\"@type\":\"WebSite\",\"@id\":\"https:\\\/\\\/www.exitmusic.com.ar\\\/news\\\/#website\",\"url\":\"https:\\\/\\\/www.exitmusic.com.ar\\\/news\\\/\",\"name\":\"ExitMusicAr | Radiohead Argentina\",\"description\":\"Noticias e informaci\u00f3n sobre Radiohead, EOB, Philip Selway, Jonny Greenwood, Thom Yorke, Atoms for Peace y The Smile\",\"potentialAction\":[{\"@type\":\"SearchAction\",\"target\":{\"@type\":\"EntryPoint\",\"urlTemplate\":\"https:\\\/\\\/www.exitmusic.com.ar\\\/news\\\/?s={search_term_string}\"},\"query-input\":{\"@type\":\"PropertyValueSpecification\",\"valueRequired\":true,\"valueName\":\"search_term_string\"}}],\"inLanguage\":\"es\"},{\"@type\":\"Person\",\"@id\":\"https:\\\/\\\/www.exitmusic.com.ar\\\/news\\\/#\\\/schema\\\/person\\\/5b17484c1a134bd78759c85b056b2e9a\",\"name\":\"britbomber\",\"image\":{\"@type\":\"ImageObject\",\"inLanguage\":\"es\",\"@id\":\"https:\\\/\\\/secure.gravatar.com\\\/avatar\\\/7aa60245619700190832ac995e42108bfadba25baafc3bf5bb91e97db0e7a0bd?s=96&d=identicon&r=r\",\"url\":\"https:\\\/\\\/secure.gravatar.com\\\/avatar\\\/7aa60245619700190832ac995e42108bfadba25baafc3bf5bb91e97db0e7a0bd?s=96&d=identicon&r=r\",\"contentUrl\":\"https:\\\/\\\/secure.gravatar.com\\\/avatar\\\/7aa60245619700190832ac995e42108bfadba25baafc3bf5bb91e97db0e7a0bd?s=96&d=identicon&r=r\",\"caption\":\"britbomber\"}}]}<\/script>\n<!-- \/ Yoast SEO plugin. -->","yoast_head_json":{"title":"Sobre el or\u00edgen de Hamlet Hail to the Thief &#8211; ExitMusicAr | Radiohead Argentina - \u00faltimas noticias","description":"Entrevista con el equipo detr\u00e1s de Hamlet Hail to the Thief, adaptaci\u00f3n de la obra de Shakespeare con m\u00fasica del \u00e1lbum de 2003 de Radiohead.","robots":{"index":"index","follow":"follow","max-snippet":"max-snippet:-1","max-image-preview":"max-image-preview:large","max-video-preview":"max-video-preview:-1"},"canonical":"https:\/\/www.exitmusic.com.ar\/news\/prensatraducciones\/sobre-el-origen-de-hamlet-hail-to-the-thief\/","og_locale":"es_ES","og_type":"article","og_title":"Sobre el or\u00edgen de Hamlet Hail to the Thief &#8211; ExitMusicAr | Radiohead Argentina - \u00faltimas noticias","og_description":"Entrevista con el equipo detr\u00e1s de Hamlet Hail to the Thief, adaptaci\u00f3n de la obra de Shakespeare con m\u00fasica del \u00e1lbum de 2003 de Radiohead.","og_url":"https:\/\/www.exitmusic.com.ar\/news\/prensatraducciones\/sobre-el-origen-de-hamlet-hail-to-the-thief\/","og_site_name":"ExitMusicAr | Radiohead Argentina - \u00faltimas noticias","article_publisher":"https:\/\/www.facebook.com\/ExitMusicAr","article_modified_time":"2025-05-02T15:46:31+00:00","og_image":[{"width":1920,"height":1280,"url":"https:\/\/www.exitmusic.com.ar\/news\/wp-content\/uploads\/2025\/05\/Image-2.jpg","type":"image\/jpeg"}],"twitter_card":"summary_large_image","twitter_site":"@ExitMusicAr","twitter_misc":{"Tiempo de lectura":"6 minutos"},"schema":{"@context":"https:\/\/schema.org","@graph":[{"@type":"NewsArticle","@id":"https:\/\/www.exitmusic.com.ar\/news\/prensatraducciones\/sobre-el-origen-de-hamlet-hail-to-the-thief\/#article","isPartOf":{"@id":"https:\/\/www.exitmusic.com.ar\/news\/prensatraducciones\/sobre-el-origen-de-hamlet-hail-to-the-thief\/"},"author":{"name":"britbomber","@id":"https:\/\/www.exitmusic.com.ar\/news\/#\/schema\/person\/5b17484c1a134bd78759c85b056b2e9a"},"headline":"Sobre el or\u00edgen de Hamlet Hail to the Thief","datePublished":"2025-05-02T15:46:30+00:00","dateModified":"2025-05-02T15:46:31+00:00","mainEntityOfPage":{"@id":"https:\/\/www.exitmusic.com.ar\/news\/prensatraducciones\/sobre-el-origen-de-hamlet-hail-to-the-thief\/"},"wordCount":1248,"commentCount":0,"image":{"@id":"https:\/\/www.exitmusic.com.ar\/news\/prensatraducciones\/sobre-el-origen-de-hamlet-hail-to-the-thief\/#primaryimage"},"thumbnailUrl":"https:\/\/www.exitmusic.com.ar\/news\/wp-content\/uploads\/2025\/05\/Image-2.jpg","keywords":["entrevista","hail to the thief","hamlet"],"articleSection":["Radiohead","Thom Yorke"],"inLanguage":"es","potentialAction":[{"@type":"CommentAction","name":"Comment","target":["https:\/\/www.exitmusic.com.ar\/news\/prensatraducciones\/sobre-el-origen-de-hamlet-hail-to-the-thief\/#respond"]}]},{"@type":["WebPage","ItemPage"],"@id":"https:\/\/www.exitmusic.com.ar\/news\/prensatraducciones\/sobre-el-origen-de-hamlet-hail-to-the-thief\/","url":"https:\/\/www.exitmusic.com.ar\/news\/prensatraducciones\/sobre-el-origen-de-hamlet-hail-to-the-thief\/","name":"Sobre el or\u00edgen de Hamlet Hail to the Thief &#8211; ExitMusicAr | Radiohead Argentina - \u00faltimas noticias","isPartOf":{"@id":"https:\/\/www.exitmusic.com.ar\/news\/#website"},"primaryImageOfPage":{"@id":"https:\/\/www.exitmusic.com.ar\/news\/prensatraducciones\/sobre-el-origen-de-hamlet-hail-to-the-thief\/#primaryimage"},"image":{"@id":"https:\/\/www.exitmusic.com.ar\/news\/prensatraducciones\/sobre-el-origen-de-hamlet-hail-to-the-thief\/#primaryimage"},"thumbnailUrl":"https:\/\/www.exitmusic.com.ar\/news\/wp-content\/uploads\/2025\/05\/Image-2.jpg","datePublished":"2025-05-02T15:46:30+00:00","dateModified":"2025-05-02T15:46:31+00:00","description":"Entrevista con el equipo detr\u00e1s de Hamlet Hail to the Thief, adaptaci\u00f3n de la obra de Shakespeare con m\u00fasica del \u00e1lbum de 2003 de Radiohead.","breadcrumb":{"@id":"https:\/\/www.exitmusic.com.ar\/news\/prensatraducciones\/sobre-el-origen-de-hamlet-hail-to-the-thief\/#breadcrumb"},"inLanguage":"es","potentialAction":[{"@type":"ReadAction","target":["https:\/\/www.exitmusic.com.ar\/news\/prensatraducciones\/sobre-el-origen-de-hamlet-hail-to-the-thief\/"]}]},{"@type":"ImageObject","inLanguage":"es","@id":"https:\/\/www.exitmusic.com.ar\/news\/prensatraducciones\/sobre-el-origen-de-hamlet-hail-to-the-thief\/#primaryimage","url":"https:\/\/www.exitmusic.com.ar\/news\/wp-content\/uploads\/2025\/05\/Image-2.jpg","contentUrl":"https:\/\/www.exitmusic.com.ar\/news\/wp-content\/uploads\/2025\/05\/Image-2.jpg","width":1920,"height":1280,"caption":"(c) Manuel Harlan"},{"@type":"BreadcrumbList","@id":"https:\/\/www.exitmusic.com.ar\/news\/prensatraducciones\/sobre-el-origen-de-hamlet-hail-to-the-thief\/#breadcrumb","itemListElement":[{"@type":"ListItem","position":1,"name":"Inicio","item":"https:\/\/www.exitmusic.com.ar\/news\/"},{"@type":"ListItem","position":2,"name":"Prensa\/Traducciones","item":"https:\/\/www.exitmusic.com.ar\/news\/prensatraducciones\/"},{"@type":"ListItem","position":3,"name":"Sobre el or\u00edgen de Hamlet Hail to the Thief"}]},{"@type":"WebSite","@id":"https:\/\/www.exitmusic.com.ar\/news\/#website","url":"https:\/\/www.exitmusic.com.ar\/news\/","name":"ExitMusicAr | Radiohead Argentina","description":"Noticias e informaci\u00f3n sobre Radiohead, EOB, Philip Selway, Jonny Greenwood, Thom Yorke, Atoms for Peace y The Smile","potentialAction":[{"@type":"SearchAction","target":{"@type":"EntryPoint","urlTemplate":"https:\/\/www.exitmusic.com.ar\/news\/?s={search_term_string}"},"query-input":{"@type":"PropertyValueSpecification","valueRequired":true,"valueName":"search_term_string"}}],"inLanguage":"es"},{"@type":"Person","@id":"https:\/\/www.exitmusic.com.ar\/news\/#\/schema\/person\/5b17484c1a134bd78759c85b056b2e9a","name":"britbomber","image":{"@type":"ImageObject","inLanguage":"es","@id":"https:\/\/secure.gravatar.com\/avatar\/7aa60245619700190832ac995e42108bfadba25baafc3bf5bb91e97db0e7a0bd?s=96&d=identicon&r=r","url":"https:\/\/secure.gravatar.com\/avatar\/7aa60245619700190832ac995e42108bfadba25baafc3bf5bb91e97db0e7a0bd?s=96&d=identicon&r=r","contentUrl":"https:\/\/secure.gravatar.com\/avatar\/7aa60245619700190832ac995e42108bfadba25baafc3bf5bb91e97db0e7a0bd?s=96&d=identicon&r=r","caption":"britbomber"}}]}},"amp_enabled":true,"_links":{"self":[{"href":"https:\/\/www.exitmusic.com.ar\/news\/wp-json\/wp\/v2\/pages\/20548","targetHints":{"allow":["GET"]}}],"collection":[{"href":"https:\/\/www.exitmusic.com.ar\/news\/wp-json\/wp\/v2\/pages"}],"about":[{"href":"https:\/\/www.exitmusic.com.ar\/news\/wp-json\/wp\/v2\/types\/page"}],"author":[{"embeddable":true,"href":"https:\/\/www.exitmusic.com.ar\/news\/wp-json\/wp\/v2\/users\/2"}],"replies":[{"embeddable":true,"href":"https:\/\/www.exitmusic.com.ar\/news\/wp-json\/wp\/v2\/comments?post=20548"}],"version-history":[{"count":0,"href":"https:\/\/www.exitmusic.com.ar\/news\/wp-json\/wp\/v2\/pages\/20548\/revisions"}],"up":[{"embeddable":true,"href":"https:\/\/www.exitmusic.com.ar\/news\/wp-json\/wp\/v2\/pages\/7671"}],"wp:featuredmedia":[{"embeddable":true,"href":"https:\/\/www.exitmusic.com.ar\/news\/wp-json\/wp\/v2\/media\/20550"}],"wp:attachment":[{"href":"https:\/\/www.exitmusic.com.ar\/news\/wp-json\/wp\/v2\/media?parent=20548"}],"wp:term":[{"taxonomy":"category","embeddable":true,"href":"https:\/\/www.exitmusic.com.ar\/news\/wp-json\/wp\/v2\/categories?post=20548"},{"taxonomy":"post_tag","embeddable":true,"href":"https:\/\/www.exitmusic.com.ar\/news\/wp-json\/wp\/v2\/tags?post=20548"}],"curies":[{"name":"wp","href":"https:\/\/api.w.org\/{rel}","templated":true}]}}