{"id":4318,"date":"2011-06-08T22:06:40","date_gmt":"2011-06-09T01:06:40","guid":{"rendered":"http:\/\/www.exitmusic.com.ar\/news\/?page_id=4318"},"modified":"2011-06-13T17:56:12","modified_gmt":"2011-06-13T20:56:12","slug":"the-universal-sigh","status":"publish","type":"page","link":"https:\/\/www.exitmusic.com.ar\/news\/the-universal-sigh\/","title":{"rendered":"The Universal Sigh"},"content":{"rendered":"<p><em>The Universal Sigh<\/em> se reparti\u00f3 en casi todo el mundo, y Argentina no pod\u00eda quedar afuera!.<\/p>\n<p><img loading=\"lazy\" decoding=\"async\" class=\"alignleft size-medium wp-image-4320\" style=\"margin-left: 5px; margin-right: 5px;\" title=\"The Universal Sigh en Argentina!\" src=\"http:\/\/www.exitmusic.com.ar\/news\/wp-content\/uploads\/2011\/06\/Imagen0850-300x225.jpg\" alt=\"\" width=\"300\" height=\"225\" srcset=\"https:\/\/www.exitmusic.com.ar\/news\/wp-content\/uploads\/2011\/06\/Imagen0850-300x225.jpg 300w,  https:\/\/www.exitmusic.com.ar\/news\/wp-content\/uploads\/2011\/06\/Imagen0850-1024x768.jpg 1024w,  https:\/\/www.exitmusic.com.ar\/news\/wp-content\/uploads\/2011\/06\/Imagen0850.jpg 2048w\" sizes=\"auto, (max-width: 300px) 100vw, 300px\" \/><\/p>\n<p>ExitMusic cuenta con un n\u00famero de copias del peri\u00f3dico y queremos que llegue a las manos de los que d\u00eda a d\u00eda hacen alguna parada por este sitio.<\/p>\n<p>Simplemente envi\u00e1 un correo a <strong><em>theuniversalsigh@exitmusic.com.ar<\/em><\/strong> con tu nombre, apellido, ciudad y provincia donde viv\u00eds (muy importante este \u00faltimo dato). <em>Aclaramos que <strong>no se trata de un sorteo<\/strong>, sino de ver en una primera instancia la demanda para organizar env\u00edos a provincias del interior en tanto y cuanto sea posible<\/em>. Las entregas se har\u00e1n p\u00fablicamente en fecha y hora a informar v\u00eda mail en las ciudades donde se organicen eventos.<br \/>\n<strong><\/strong><\/p>\n<p><strong><em>ACTUALIZACI\u00d3N 13\/06 &#8211; 18.00 hs (Argentina)<\/em>: ya no se reciben m\u00e1s mails. La gente que envi\u00f3 mails previo a esta fecha y hora, ser\u00e1n notificados por el mismo medio para organizar los encuentros de reparto de <em>The Universal Sigh<\/em>. Gracias a todos!<\/strong><strong><br \/>\n<\/strong><\/p>\n<p>Las copias son bastante limitadas (aproximadamente contamos con 250), por lo que la idea es hacerlo lo m\u00e1s equitativo y ordenado posible para la gente de <strong>todo<\/strong> el pa\u00eds, respetando las ideas originales del material &#8211; es decir que sea gratuito y p\u00fablico.<\/p>\n<p>Agradecemos muy especialmente a <em>Courtyard Management<\/em> que hizo lugar a nuestro pedido, y a EMI Argentina que nos cedi\u00f3 amablemente casi la totalidad de las copias.<\/p>\n<p>Mant\u00e9nganse conectados al sitio para m\u00e1s informaci\u00f3n sobre eventos de reparto.<\/p>","protected":false},"excerpt":{"rendered":"<p>The Universal Sigh se reparti\u00f3 en casi todo el mundo, y Argentina no pod\u00eda quedar afuera!. ExitMusic cuenta con un n\u00famero de copias del peri\u00f3dico y queremos que llegue a las manos de los que&hellip; <a href=\"https:\/\/www.exitmusic.com.ar\/news\/the-universal-sigh\/\" class=\"morelink\"> m\u00e1s \u00bb<\/a><\/p>","protected":false},"author":2,"featured_media":0,"parent":0,"menu_order":0,"comment_status":"open","ping_status":"open","template":"","meta":{"footnotes":""},"categories":[],"tags":[],"class_list":["post-4318","page","type-page","status-publish","hentry"],"yoast_head":"<!-- This site is optimized with the Yoast SEO plugin v27.4 - https:\/\/yoast.com\/product\/yoast-seo-wordpress\/ -->\n<title>The Universal Sigh &#8211; ExitMusicAr | Radiohead Argentina - \u00faltimas noticias<\/title>\n<meta name=\"robots\" content=\"index, follow, max-snippet:-1, max-image-preview:large, max-video-preview:-1\" \/>\n<link rel=\"canonical\" href=\"https:\/\/www.exitmusic.com.ar\/news\/the-universal-sigh\/\" \/>\n<meta property=\"og:locale\" content=\"es_ES\" \/>\n<meta property=\"og:type\" content=\"article\" \/>\n<meta property=\"og:title\" content=\"The Universal Sigh &#8211; ExitMusicAr | Radiohead Argentina - \u00faltimas noticias\" \/>\n<meta property=\"og:description\" content=\"The Universal Sigh se reparti\u00f3 en casi todo el mundo, y Argentina no pod\u00eda quedar afuera!. ExitMusic cuenta con un n\u00famero de copias del peri\u00f3dico y queremos que llegue a las manos de los que&hellip; m\u00e1s \u00bb\" \/>\n<meta property=\"og:url\" content=\"https:\/\/www.exitmusic.com.ar\/news\/the-universal-sigh\/\" \/>\n<meta property=\"og:site_name\" content=\"ExitMusicAr | Radiohead Argentina - \u00faltimas noticias\" \/>\n<meta property=\"article:publisher\" content=\"https:\/\/www.facebook.com\/ExitMusicAr\" \/>\n<meta property=\"article:modified_time\" content=\"2011-06-13T20:56:12+00:00\" \/>\n<meta property=\"og:image\" content=\"http:\/\/www.exitmusic.com.ar\/news\/wp-content\/uploads\/2011\/06\/Imagen0850-300x225.jpg\" \/>\n<meta name=\"twitter:card\" content=\"summary_large_image\" \/>\n<meta name=\"twitter:site\" content=\"@ExitMusicAr\" \/>\n<meta name=\"twitter:label1\" content=\"Tiempo de lectura\" \/>\n\t<meta name=\"twitter:data1\" content=\"1 minuto\" \/>\n<script type=\"application\/ld+json\" class=\"yoast-schema-graph\">{\"@context\":\"https:\\\/\\\/schema.org\",\"@graph\":[{\"@type\":\"NewsArticle\",\"@id\":\"https:\\\/\\\/www.exitmusic.com.ar\\\/news\\\/the-universal-sigh\\\/#article\",\"isPartOf\":{\"@id\":\"https:\\\/\\\/www.exitmusic.com.ar\\\/news\\\/the-universal-sigh\\\/\"},\"author\":{\"name\":\"britbomber\",\"@id\":\"https:\\\/\\\/www.exitmusic.com.ar\\\/news\\\/#\\\/schema\\\/person\\\/5b17484c1a134bd78759c85b056b2e9a\"},\"headline\":\"The Universal Sigh\",\"datePublished\":\"2011-06-09T01:06:40+00:00\",\"dateModified\":\"2011-06-13T20:56:12+00:00\",\"mainEntityOfPage\":{\"@id\":\"https:\\\/\\\/www.exitmusic.com.ar\\\/news\\\/the-universal-sigh\\\/\"},\"wordCount\":258,\"commentCount\":28,\"image\":{\"@id\":\"https:\\\/\\\/www.exitmusic.com.ar\\\/news\\\/the-universal-sigh\\\/#primaryimage\"},\"thumbnailUrl\":\"http:\\\/\\\/www.exitmusic.com.ar\\\/news\\\/wp-content\\\/uploads\\\/2011\\\/06\\\/Imagen0850-300x225.jpg\",\"inLanguage\":\"es\",\"potentialAction\":[{\"@type\":\"CommentAction\",\"name\":\"Comment\",\"target\":[\"https:\\\/\\\/www.exitmusic.com.ar\\\/news\\\/the-universal-sigh\\\/#respond\"]}]},{\"@type\":[\"WebPage\",\"ItemPage\"],\"@id\":\"https:\\\/\\\/www.exitmusic.com.ar\\\/news\\\/the-universal-sigh\\\/\",\"url\":\"https:\\\/\\\/www.exitmusic.com.ar\\\/news\\\/the-universal-sigh\\\/\",\"name\":\"The Universal Sigh &#8211; ExitMusicAr | Radiohead Argentina - \u00faltimas noticias\",\"isPartOf\":{\"@id\":\"https:\\\/\\\/www.exitmusic.com.ar\\\/news\\\/#website\"},\"primaryImageOfPage\":{\"@id\":\"https:\\\/\\\/www.exitmusic.com.ar\\\/news\\\/the-universal-sigh\\\/#primaryimage\"},\"image\":{\"@id\":\"https:\\\/\\\/www.exitmusic.com.ar\\\/news\\\/the-universal-sigh\\\/#primaryimage\"},\"thumbnailUrl\":\"http:\\\/\\\/www.exitmusic.com.ar\\\/news\\\/wp-content\\\/uploads\\\/2011\\\/06\\\/Imagen0850-300x225.jpg\",\"datePublished\":\"2011-06-09T01:06:40+00:00\",\"dateModified\":\"2011-06-13T20:56:12+00:00\",\"breadcrumb\":{\"@id\":\"https:\\\/\\\/www.exitmusic.com.ar\\\/news\\\/the-universal-sigh\\\/#breadcrumb\"},\"inLanguage\":\"es\",\"potentialAction\":[{\"@type\":\"ReadAction\",\"target\":[\"https:\\\/\\\/www.exitmusic.com.ar\\\/news\\\/the-universal-sigh\\\/\"]}]},{\"@type\":\"ImageObject\",\"inLanguage\":\"es\",\"@id\":\"https:\\\/\\\/www.exitmusic.com.ar\\\/news\\\/the-universal-sigh\\\/#primaryimage\",\"url\":\"http:\\\/\\\/www.exitmusic.com.ar\\\/news\\\/wp-content\\\/uploads\\\/2011\\\/06\\\/Imagen0850-300x225.jpg\",\"contentUrl\":\"http:\\\/\\\/www.exitmusic.com.ar\\\/news\\\/wp-content\\\/uploads\\\/2011\\\/06\\\/Imagen0850-300x225.jpg\"},{\"@type\":\"BreadcrumbList\",\"@id\":\"https:\\\/\\\/www.exitmusic.com.ar\\\/news\\\/the-universal-sigh\\\/#breadcrumb\",\"itemListElement\":[{\"@type\":\"ListItem\",\"position\":1,\"name\":\"Inicio\",\"item\":\"https:\\\/\\\/www.exitmusic.com.ar\\\/news\\\/\"},{\"@type\":\"ListItem\",\"position\":2,\"name\":\"The Universal Sigh\"}]},{\"@type\":\"WebSite\",\"@id\":\"https:\\\/\\\/www.exitmusic.com.ar\\\/news\\\/#website\",\"url\":\"https:\\\/\\\/www.exitmusic.com.ar\\\/news\\\/\",\"name\":\"ExitMusicAr | Radiohead Argentina\",\"description\":\"Noticias e informaci\u00f3n sobre Radiohead, EOB, Philip Selway, Jonny Greenwood, Thom Yorke, Atoms for Peace y The Smile\",\"potentialAction\":[{\"@type\":\"SearchAction\",\"target\":{\"@type\":\"EntryPoint\",\"urlTemplate\":\"https:\\\/\\\/www.exitmusic.com.ar\\\/news\\\/?s={search_term_string}\"},\"query-input\":{\"@type\":\"PropertyValueSpecification\",\"valueRequired\":true,\"valueName\":\"search_term_string\"}}],\"inLanguage\":\"es\"},{\"@type\":\"Person\",\"@id\":\"https:\\\/\\\/www.exitmusic.com.ar\\\/news\\\/#\\\/schema\\\/person\\\/5b17484c1a134bd78759c85b056b2e9a\",\"name\":\"britbomber\",\"image\":{\"@type\":\"ImageObject\",\"inLanguage\":\"es\",\"@id\":\"https:\\\/\\\/secure.gravatar.com\\\/avatar\\\/7aa60245619700190832ac995e42108bfadba25baafc3bf5bb91e97db0e7a0bd?s=96&d=identicon&r=r\",\"url\":\"https:\\\/\\\/secure.gravatar.com\\\/avatar\\\/7aa60245619700190832ac995e42108bfadba25baafc3bf5bb91e97db0e7a0bd?s=96&d=identicon&r=r\",\"contentUrl\":\"https:\\\/\\\/secure.gravatar.com\\\/avatar\\\/7aa60245619700190832ac995e42108bfadba25baafc3bf5bb91e97db0e7a0bd?s=96&d=identicon&r=r\",\"caption\":\"britbomber\"}}]}<\/script>\n<!-- \/ Yoast SEO plugin. -->","yoast_head_json":{"title":"The Universal Sigh &#8211; ExitMusicAr | Radiohead Argentina - \u00faltimas noticias","robots":{"index":"index","follow":"follow","max-snippet":"max-snippet:-1","max-image-preview":"max-image-preview:large","max-video-preview":"max-video-preview:-1"},"canonical":"https:\/\/www.exitmusic.com.ar\/news\/the-universal-sigh\/","og_locale":"es_ES","og_type":"article","og_title":"The Universal Sigh &#8211; ExitMusicAr | Radiohead Argentina - \u00faltimas noticias","og_description":"The Universal Sigh se reparti\u00f3 en casi todo el mundo, y Argentina no pod\u00eda quedar afuera!. ExitMusic cuenta con un n\u00famero de copias del peri\u00f3dico y queremos que llegue a las manos de los que&hellip; m\u00e1s \u00bb","og_url":"https:\/\/www.exitmusic.com.ar\/news\/the-universal-sigh\/","og_site_name":"ExitMusicAr | Radiohead Argentina - \u00faltimas noticias","article_publisher":"https:\/\/www.facebook.com\/ExitMusicAr","article_modified_time":"2011-06-13T20:56:12+00:00","og_image":[{"url":"http:\/\/www.exitmusic.com.ar\/news\/wp-content\/uploads\/2011\/06\/Imagen0850-300x225.jpg","type":"","width":"","height":""}],"twitter_card":"summary_large_image","twitter_site":"@ExitMusicAr","twitter_misc":{"Tiempo de lectura":"1 minuto"},"schema":{"@context":"https:\/\/schema.org","@graph":[{"@type":"NewsArticle","@id":"https:\/\/www.exitmusic.com.ar\/news\/the-universal-sigh\/#article","isPartOf":{"@id":"https:\/\/www.exitmusic.com.ar\/news\/the-universal-sigh\/"},"author":{"name":"britbomber","@id":"https:\/\/www.exitmusic.com.ar\/news\/#\/schema\/person\/5b17484c1a134bd78759c85b056b2e9a"},"headline":"The Universal Sigh","datePublished":"2011-06-09T01:06:40+00:00","dateModified":"2011-06-13T20:56:12+00:00","mainEntityOfPage":{"@id":"https:\/\/www.exitmusic.com.ar\/news\/the-universal-sigh\/"},"wordCount":258,"commentCount":28,"image":{"@id":"https:\/\/www.exitmusic.com.ar\/news\/the-universal-sigh\/#primaryimage"},"thumbnailUrl":"http:\/\/www.exitmusic.com.ar\/news\/wp-content\/uploads\/2011\/06\/Imagen0850-300x225.jpg","inLanguage":"es","potentialAction":[{"@type":"CommentAction","name":"Comment","target":["https:\/\/www.exitmusic.com.ar\/news\/the-universal-sigh\/#respond"]}]},{"@type":["WebPage","ItemPage"],"@id":"https:\/\/www.exitmusic.com.ar\/news\/the-universal-sigh\/","url":"https:\/\/www.exitmusic.com.ar\/news\/the-universal-sigh\/","name":"The Universal Sigh &#8211; ExitMusicAr | Radiohead Argentina - \u00faltimas noticias","isPartOf":{"@id":"https:\/\/www.exitmusic.com.ar\/news\/#website"},"primaryImageOfPage":{"@id":"https:\/\/www.exitmusic.com.ar\/news\/the-universal-sigh\/#primaryimage"},"image":{"@id":"https:\/\/www.exitmusic.com.ar\/news\/the-universal-sigh\/#primaryimage"},"thumbnailUrl":"http:\/\/www.exitmusic.com.ar\/news\/wp-content\/uploads\/2011\/06\/Imagen0850-300x225.jpg","datePublished":"2011-06-09T01:06:40+00:00","dateModified":"2011-06-13T20:56:12+00:00","breadcrumb":{"@id":"https:\/\/www.exitmusic.com.ar\/news\/the-universal-sigh\/#breadcrumb"},"inLanguage":"es","potentialAction":[{"@type":"ReadAction","target":["https:\/\/www.exitmusic.com.ar\/news\/the-universal-sigh\/"]}]},{"@type":"ImageObject","inLanguage":"es","@id":"https:\/\/www.exitmusic.com.ar\/news\/the-universal-sigh\/#primaryimage","url":"http:\/\/www.exitmusic.com.ar\/news\/wp-content\/uploads\/2011\/06\/Imagen0850-300x225.jpg","contentUrl":"http:\/\/www.exitmusic.com.ar\/news\/wp-content\/uploads\/2011\/06\/Imagen0850-300x225.jpg"},{"@type":"BreadcrumbList","@id":"https:\/\/www.exitmusic.com.ar\/news\/the-universal-sigh\/#breadcrumb","itemListElement":[{"@type":"ListItem","position":1,"name":"Inicio","item":"https:\/\/www.exitmusic.com.ar\/news\/"},{"@type":"ListItem","position":2,"name":"The Universal Sigh"}]},{"@type":"WebSite","@id":"https:\/\/www.exitmusic.com.ar\/news\/#website","url":"https:\/\/www.exitmusic.com.ar\/news\/","name":"ExitMusicAr | Radiohead Argentina","description":"Noticias e informaci\u00f3n sobre Radiohead, EOB, Philip Selway, Jonny Greenwood, Thom Yorke, Atoms for Peace y The Smile","potentialAction":[{"@type":"SearchAction","target":{"@type":"EntryPoint","urlTemplate":"https:\/\/www.exitmusic.com.ar\/news\/?s={search_term_string}"},"query-input":{"@type":"PropertyValueSpecification","valueRequired":true,"valueName":"search_term_string"}}],"inLanguage":"es"},{"@type":"Person","@id":"https:\/\/www.exitmusic.com.ar\/news\/#\/schema\/person\/5b17484c1a134bd78759c85b056b2e9a","name":"britbomber","image":{"@type":"ImageObject","inLanguage":"es","@id":"https:\/\/secure.gravatar.com\/avatar\/7aa60245619700190832ac995e42108bfadba25baafc3bf5bb91e97db0e7a0bd?s=96&d=identicon&r=r","url":"https:\/\/secure.gravatar.com\/avatar\/7aa60245619700190832ac995e42108bfadba25baafc3bf5bb91e97db0e7a0bd?s=96&d=identicon&r=r","contentUrl":"https:\/\/secure.gravatar.com\/avatar\/7aa60245619700190832ac995e42108bfadba25baafc3bf5bb91e97db0e7a0bd?s=96&d=identicon&r=r","caption":"britbomber"}}]}},"amp_enabled":true,"_links":{"self":[{"href":"https:\/\/www.exitmusic.com.ar\/news\/wp-json\/wp\/v2\/pages\/4318","targetHints":{"allow":["GET"]}}],"collection":[{"href":"https:\/\/www.exitmusic.com.ar\/news\/wp-json\/wp\/v2\/pages"}],"about":[{"href":"https:\/\/www.exitmusic.com.ar\/news\/wp-json\/wp\/v2\/types\/page"}],"author":[{"embeddable":true,"href":"https:\/\/www.exitmusic.com.ar\/news\/wp-json\/wp\/v2\/users\/2"}],"replies":[{"embeddable":true,"href":"https:\/\/www.exitmusic.com.ar\/news\/wp-json\/wp\/v2\/comments?post=4318"}],"version-history":[{"count":0,"href":"https:\/\/www.exitmusic.com.ar\/news\/wp-json\/wp\/v2\/pages\/4318\/revisions"}],"wp:attachment":[{"href":"https:\/\/www.exitmusic.com.ar\/news\/wp-json\/wp\/v2\/media?parent=4318"}],"wp:term":[{"taxonomy":"category","embeddable":true,"href":"https:\/\/www.exitmusic.com.ar\/news\/wp-json\/wp\/v2\/categories?post=4318"},{"taxonomy":"post_tag","embeddable":true,"href":"https:\/\/www.exitmusic.com.ar\/news\/wp-json\/wp\/v2\/tags?post=4318"}],"curies":[{"name":"wp","href":"https:\/\/api.w.org\/{rel}","templated":true}]}}