{"id":7792,"date":"2014-09-28T19:15:32","date_gmt":"2014-09-28T22:15:32","guid":{"rendered":"http:\/\/www.exitmusic.com.ar\/news\/?page_id=7792"},"modified":"2021-01-28T11:55:20","modified_gmt":"2021-01-28T14:55:20","slug":"fasterlouder-entrevista-philip-selway","status":"publish","type":"page","link":"https:\/\/www.exitmusic.com.ar\/news\/prensatraducciones\/fasterlouder-entrevista-philip-selway\/","title":{"rendered":"FasterLouder entrevista a Philip Selway"},"content":{"rendered":"<p>Philip Selway habl\u00f3 con FasterLouder antes del lanzamiento de su segundo \u00e1lbum solista, <em>Weatherhouse.<\/em><\/p>\n\n\n\n<p><em>Felicitaciones por tu nuevo \u00e1lbum. \u00bfC\u00f3mo te sientes de cara al lanzamiento en comparaci\u00f3n con <\/em>Familial <em>en 2010?<\/em><br>Un par de cosas. Ser\u00e1 un alivio lanzarlo ya que lo terminamos en Enero, as\u00ed que hace tiempo estoy viviendo con \u00e9l. Ser\u00e1 emocionante compartirlo con otra gente y ver c\u00f3mo responden a \u00e9l. Es una situaci\u00f3n diferente respecto a cuando lanc\u00e9 <em><a href=\"https:\/\/www.exitmusic.com.ar\/discografia\/familial\/\">Familial<\/a><\/em>, una situaci\u00f3n novedosa para m\u00ed hasta el momento. Esta vez hay algo contra qu\u00e9 medirlo de cierta forma. Hay m\u00e1s desarrollo respecto del primero y m\u00e1s familiaridad con el proceso de lanzamiento de un \u00e1lbum solista, por lo que siento un poco m\u00e1s de confianza esta vez.<\/p>\n\n\n\n<p><em>\u00bfTe sentiste c\u00f3modo dejando que pasen 4 a\u00f1os entre los dos \u00e1lbumes?<\/em><br>Fue bueno. En el intermedio hicimos otro \u00e1lbum de Radiohead y salimos de gira, por lo que 4 a\u00f1os parece un buen per\u00edodo cuando uno tiene ese tipo de ciclos de trabajo. Uno se alimenta de muchas experiencias musicales y es una chance para desarrollar las habilidades de composici\u00f3n y que te lleven a componer una buena cantidad de material para as\u00ed justificar hacer otro \u00e1lbum. Cuando est\u00e1bamos de gira con Radiohead en 2012, usaba los per\u00edodos de inactividad para grabar mis demos y pulir las canciones, de modo que cuando empezamos a grabar el \u00e1lbum a principios de a\u00f1o, el material ya estaba listo. En un per\u00edodo de 4 a\u00f1os, tambi\u00e9n, uno desarrolla un buen n\u00famero de temas de los que hablar y experimenta situaciones de la cuales alimentarse.<\/p>\n\n\n\n<p><em>\u00bfHay algo particular que haya disparado los temas, el sonido o las primeras etapas de composici\u00f3n de <\/em><a href=\"https:\/\/www.exitmusic.com.ar\/discografia\/weatherhouse\/\">Weatherhouse<\/a><em>?<\/em><br>Si escuchas los demos, notas que van de la mano con el material de <em>Familial<\/em> y se siente como un todo. Pero al encarar <em>Weatherhouse<\/em>, una de las cosas m\u00e1s importantes para m\u00ed fue trabajar con Adem Ilhan &#8211; quien produjo y toc\u00f3 en el \u00e1lbum &#8211; y Quinta, que es una multi-instrumentista e hizo un poco de producci\u00f3n adicional en el \u00e1lbum tambi\u00e9n. Hab\u00edamos tocado juntos cuando lanc\u00e9 <em>Familial<\/em> y me pareci\u00f3 que algo interesante en t\u00e9rminos musicales hab\u00eda pasado, algo que quer\u00eda explorar. Cuando nos sentamos a hablar, quer\u00edamos que se sintiera como si una banda tocara en el \u00e1lbum. Es as\u00ed como se sinti\u00f3 y creo que se nota en el \u00e1lbum, en su cohesi\u00f3n. Supongo que tambi\u00e9n quer\u00eda que tuviera una paleta un poco m\u00e1s amplia.<br><em>Familial<\/em> se apoyaba en mi aprendizaje como compositor y en m\u00ed cantando fragmentos, por lo que encontrar mi voz fue crucial en ese \u00e1lbum. Creo que apuntaba a algo intermedio entre Will Oldham y Beth Gibbons, algo \u00edntimo y cercano, algo que influy\u00f3 en los arreglos. En <em>Familial<\/em>, adem\u00e1s, solo toqu\u00e9 la bater\u00eda en una canci\u00f3n mientras que en <em>Weatherhouse<\/em> toco mucho m\u00e1s. Luego de grabar una gu\u00eda de voces, generalmente grababa las ideas de bater\u00eda. Desde ese punto, comenzamos a desarrollar los arreglos. Eso hizo que tenga mucho m\u00e1s cuerpo.<\/p>\n\n\n<div id=\"ads_page\">\n\t<!-- wpPageAd_1 -->\n\t<amp-ad width=\"100vw\" height=\"320\"\n\t\ttype=\"adsense\"\n     \tdata-ad-client=\"ca-pub-1186082079292141\"\n     \tdata-ad-slot=\"6678768770\"\n     \tdata-auto-format=\"rspv\"\n     \tdata-full-width=\"\">\n  \t<div overflow=\"\"><\/div>\n\t<\/amp-ad>\n\t<\/div>\n\n\n\n<p><em>\u00bfQue seas baterista signific\u00f3 que el ritmo ten\u00eda mucha m\u00e1s influencia en los arreglos, el proceso de grabaci\u00f3n o las melod\u00edas vocales?<\/em><br>Las melod\u00edas ya estaban listas antes de comenzar a pensar las partes de bater\u00eda, pero esto tiene un efecto domin\u00f3 sobre como presentas las melod\u00edas al grabarlas. Es un \u00e1lbum mucho m\u00e1s pensado en t\u00e9rminos de ritmo.<\/p>\n\n\n\n<p><em>Muchas de las canciones fueron compuestas originalmente en guitarra ac\u00fastica, pero en el \u00e1lbum est\u00e1n presentadas con muchas capas y texturas. \u00bfFue una influencia de los temas de las canciones?<\/em><br>Fue m\u00e1s una preferencia. Para cuando terminamos de grabar, ten\u00eda las melod\u00edas, algunas de las l\u00edneas y el sonido de las letras que sab\u00eda ir\u00edan bien con las canciones. Luego, cuando las canciones estaban completas instrumentalmente, encar\u00e9 el proceso de escribir las letras. Creo que es una buena manera de trabajar ya que puedes responder al ambiente creado por la m\u00fasica. Lo hace mucho m\u00e1s cohesivo. El proceso de composici\u00f3n de las letras llev\u00f3 tanto como el de grabaci\u00f3n; \u00a1rinde frutos tomarse su tiempo!<\/p>\n\n\n\n<p><em>S\u00e9 que Adem Ilhan y Quinta jugaron roles integrales en la grabaci\u00f3n \u00bffue lo mismo en la composici\u00f3n?<\/em><br>La composici\u00f3n es solo m\u00eda &#8211; me pareci\u00f3 lo correcto en un \u00e1lbum solista &#8211; pero colaboramos mucho en otro material conjunto desde entonces. Rambert Dance Company nos encarg\u00f3 material durante el verano; ese fue nuestro primer trabajo colaborativo. Fue la primera reinterpretaci\u00f3n del material del core\u00f3grafo Merce Cunningham desde que muri\u00f3, hace 5 a\u00f1os. La naturaleza de sus coreograf\u00edas es la ausencia de marcas en la m\u00fasica, por lo que tuvimos que tener muy en cuenta eso; no poner ritmos estridentes o cualquiera de las cosas en las que normalmente nos apoyamos, por lo que tuvimos que pensarlo muy bien. Nos sirvi\u00f3 para ampliar los horizontes y abri\u00f3 las posibilidades en los arreglos. Hay mucho que explorar todav\u00eda en esa relaci\u00f3n musical; es muy fruct\u00edfera.<\/p>\n\n\n\n<p><em>La \u00faltima vez que hablamos, me dijiste que \u00absi la oportunidad aparece\u00bb, te gustar\u00eda hacer otro \u00e1lbum solista. Con tu segundo \u00e1lbum a punto de ser lanzado \u00bftodav\u00eda sientes que tu m\u00fasica est\u00e1 sujeta a oportunidades o consideras que es seguro que continuar\u00e1s lanzando \u00e1lbumes?<\/em><br>Me encantar\u00eda hacer otro \u00e1lbum luego de este. Cuando encaras un proyecto, tienes una larga lista de cosas por hacer y muchas preguntas que contestar. Cuando lo terminas, aparece otro mont\u00f3n de preguntas que te llevan a otros proyectos, ya sean \u00e1lbumes solistas, con Radiohead u otros proyectos. Mientras m\u00e1s lo haces, m\u00e1s crecen las posibilidades y las ansias de explorar otros paisajes musicales.<\/p>\n\n\n\n<p><em>Cuando Radiohead se re\u00fana para trabajar en m\u00fasica nueva, algo que s\u00e9 est\u00e1n por hacer pronto, \u00bfhasta qu\u00e9 punto influye tu trabajo solista y el de los dem\u00e1s en la composici\u00f3n?<\/em><br>Es un proceso separado. Todos nos apoyamos mucho en lo que hacemos fuera de la banda pero reconocemos que tiene un valor para la banda tambi\u00e9n. Todos est\u00e1n desarrollando su musicalidad y esto nos da una oportunidad para intentar otras cosas que quiz\u00e1 no podemos hacer colectivamente en Radiohead. Libera la forma en la que trabajamos en la banda. Todos nos conocemos desde la escuela y hemos trabajado juntos exclusivamente mucho tiempo, lo que es bueno porque nos permiti\u00f3 construir una identidad musical fuerte, pero salirnos de esto y experimentar el trabajo con otros m\u00fasicos ampl\u00eda los horizontes, ya que nos permite tomar t\u00e9cnicas de otros y ves de otra manera la producci\u00f3n y el arreglo de canciones; es un proceso muy beneficioso.<\/p>\n\n\n\n<p><em>\u00bfPuedes describir como es el primer d\u00eda de reuni\u00f3n de la banda normalmente? \u00bfEs un momento para ponerse al d\u00eda o encaran el trabajo de inmediato?<\/em><br>Probablemente es un poco de ambas cosas. La primera media hora habr\u00e1 tazas de t\u00e9 pero estaremos ansiosos de comenzar con la m\u00fasica tambi\u00e9n. Para eso nos estamos reuniendo, porque queremos hacer m\u00fasica juntos de nuevo; eso es lo que nos mueve.<\/p>\n\n\n<div id=\"ads_page\"><!-- wpPagead_2 -->\n\t<amp-ad width=\"100vw\" height=\"320\"\n\t\t type=\"adsense\"\n\t\t data-ad-client=\"ca-pub-1186082079292141\"\n\t\t data-ad-slot=\"6487197087\"\n\t\t data-auto-format=\"rspv\"\n\t\t data-full-width=\"\">\n\t  <div overflow=\"\"><\/div>\n\t<\/amp-ad>\n\t<\/div>\n\n\n\n<p><em>\u00bfHay un intercambio de ideas musicales o discusi\u00f3n sobre la direcci\u00f3n creativa de la banda entre los \u00e1lbumes?<\/em><br>Cuando nos reunamos, discutiremos lo que tenemos y a d\u00f3nde queremos llevarlo. Inclusive desde ese lugar nunca sabemos d\u00f3nde terminaremos con el \u00e1lbum.<\/p>\n\n\n\n<p><em>Se cumplen 21 a\u00f1os desde el lanzamiento de <\/em><a href=\"https:\/\/www.exitmusic.com.ar\/discografia\/pablohoney\/\">Pablo Honey<\/a><em>. \u00bfEst\u00e1s tan emocionado y sientes la misma pasi\u00f3n por la m\u00fasica y las presentaciones en vivo ahora en comparaci\u00f3n con los comienzos de la banda?<\/em><br>Son distintos niveles de inocencia. Cuando comenzamos <em>Pablo Honey<\/em> \u00e9ramos incre\u00edblemente inocentes, todos nosotros, y creo que hemos retenido mucho de eso, aunque est\u00e1 te\u00f1ido con la experiencia que obtuvimos. Es sano; llegas al final, o al medio o a donde sea que estamos actualmente con la sensaci\u00f3n de haber construido un cuerpo de trabajo que est\u00e1 entretejido por muchos recuerdos de grabaciones, de lo que suced\u00eda en ese momento o de lo que hac\u00edas en cada uno de esos \u00e1lbumes en particular. Cuando creces con ciertos \u00e1lbumes, estos se hacen uno con tu vida. Es como una l\u00ednea de tiempo. Cada vez que volvemos para comenzar un nuevo proyecto, siento como si no supiera qu\u00e9 estoy haciendo, por lo que hay un grado de inocencia todav\u00eda.<\/p>\n\n\n\n<p class=\"has-text-align-right\">Texto original por Chris Familton.<br>Publicado originalmente en <a title=\"FasterLouder\" href=\"http:\/\/www.fasterlouder.com.au\/features\/40671\/Philip-Selway-Going-into-Pablo-Honey-we-were-incredibly-nave\" target=\"_blank\" rel=\"noopener noreferrer\">FasterLouder<\/a>.<\/p>","protected":false},"excerpt":{"rendered":"<p>Philip Selway habl\u00f3 con FasterLouder antes del lanzamiento de su segundo \u00e1lbum solista, Weatherhouse. Felicitaciones por tu nuevo \u00e1lbum. \u00bfC\u00f3mo te sientes de cara al lanzamiento en comparaci\u00f3n con Familial en 2010?Un par de cosas.&hellip; <a href=\"https:\/\/www.exitmusic.com.ar\/news\/prensatraducciones\/fasterlouder-entrevista-philip-selway\/\" class=\"morelink\"> m\u00e1s \u00bb<\/a><\/p>","protected":false},"author":2,"featured_media":10932,"parent":7671,"menu_order":0,"comment_status":"open","ping_status":"closed","template":"","meta":{"footnotes":""},"categories":[1382],"tags":[23,1043,1139],"class_list":["post-7792","page","type-page","status-publish","has-post-thumbnail","hentry","category-philip-selway","tag-entrevista","tag-philip-selway","tag-weatherhouse"],"yoast_head":"<!-- This site is optimized with the Yoast SEO plugin v27.5 - https:\/\/yoast.com\/product\/yoast-seo-wordpress\/ -->\n<title>FasterLouder entrevista a Philip Selway &#8211; ExitMusicAr | Radiohead Argentina - \u00faltimas noticias<\/title>\n<meta name=\"description\" content=\"FasterLouder (Australia) entrevista a Philip Selway sobre Weatherhouse y el presente y pasado de Radiohead.\" \/>\n<meta name=\"robots\" content=\"index, follow, max-snippet:-1, max-image-preview:large, max-video-preview:-1\" \/>\n<link rel=\"canonical\" href=\"https:\/\/www.exitmusic.com.ar\/news\/prensatraducciones\/fasterlouder-entrevista-philip-selway\/\" \/>\n<meta property=\"og:locale\" content=\"es_ES\" \/>\n<meta property=\"og:type\" content=\"article\" \/>\n<meta property=\"og:title\" content=\"FasterLouder entrevista a Philip Selway &#8211; ExitMusicAr | Radiohead Argentina - \u00faltimas noticias\" \/>\n<meta property=\"og:description\" content=\"FasterLouder (Australia) entrevista a Philip Selway sobre Weatherhouse y el presente y pasado de Radiohead.\" \/>\n<meta property=\"og:url\" content=\"https:\/\/www.exitmusic.com.ar\/news\/prensatraducciones\/fasterlouder-entrevista-philip-selway\/\" \/>\n<meta property=\"og:site_name\" content=\"ExitMusicAr | Radiohead Argentina - \u00faltimas noticias\" \/>\n<meta property=\"article:publisher\" content=\"https:\/\/www.facebook.com\/ExitMusicAr\" \/>\n<meta property=\"article:modified_time\" content=\"2021-01-28T14:55:20+00:00\" \/>\n<meta property=\"og:image\" content=\"https:\/\/www.exitmusic.com.ar\/news\/wp-content\/uploads\/2019\/05\/98910.jpeg\" \/>\n\t<meta property=\"og:image:width\" content=\"940\" \/>\n\t<meta property=\"og:image:height\" content=\"535\" \/>\n\t<meta property=\"og:image:type\" content=\"image\/jpeg\" \/>\n<meta name=\"twitter:card\" content=\"summary_large_image\" \/>\n<meta name=\"twitter:site\" content=\"@ExitMusicAr\" \/>\n<meta name=\"twitter:label1\" content=\"Tiempo de lectura\" \/>\n\t<meta name=\"twitter:data1\" content=\"6 minutos\" \/>\n<script type=\"application\/ld+json\" class=\"yoast-schema-graph\">{\"@context\":\"https:\\\/\\\/schema.org\",\"@graph\":[{\"@type\":\"NewsArticle\",\"@id\":\"https:\\\/\\\/www.exitmusic.com.ar\\\/news\\\/prensatraducciones\\\/fasterlouder-entrevista-philip-selway\\\/#article\",\"isPartOf\":{\"@id\":\"https:\\\/\\\/www.exitmusic.com.ar\\\/news\\\/prensatraducciones\\\/fasterlouder-entrevista-philip-selway\\\/\"},\"author\":{\"name\":\"britbomber\",\"@id\":\"https:\\\/\\\/www.exitmusic.com.ar\\\/news\\\/#\\\/schema\\\/person\\\/5b17484c1a134bd78759c85b056b2e9a\"},\"headline\":\"FasterLouder entrevista a Philip Selway\",\"datePublished\":\"2014-09-28T22:15:32+00:00\",\"dateModified\":\"2021-01-28T14:55:20+00:00\",\"mainEntityOfPage\":{\"@id\":\"https:\\\/\\\/www.exitmusic.com.ar\\\/news\\\/prensatraducciones\\\/fasterlouder-entrevista-philip-selway\\\/\"},\"wordCount\":1476,\"commentCount\":0,\"image\":{\"@id\":\"https:\\\/\\\/www.exitmusic.com.ar\\\/news\\\/prensatraducciones\\\/fasterlouder-entrevista-philip-selway\\\/#primaryimage\"},\"thumbnailUrl\":\"https:\\\/\\\/www.exitmusic.com.ar\\\/news\\\/wp-content\\\/uploads\\\/2019\\\/05\\\/98910.jpeg\",\"keywords\":[\"entrevista\",\"philip selway\",\"weatherhouse\"],\"articleSection\":[\"Philip Selway\"],\"inLanguage\":\"es\",\"potentialAction\":[{\"@type\":\"CommentAction\",\"name\":\"Comment\",\"target\":[\"https:\\\/\\\/www.exitmusic.com.ar\\\/news\\\/prensatraducciones\\\/fasterlouder-entrevista-philip-selway\\\/#respond\"]}]},{\"@type\":[\"WebPage\",\"ItemPage\"],\"@id\":\"https:\\\/\\\/www.exitmusic.com.ar\\\/news\\\/prensatraducciones\\\/fasterlouder-entrevista-philip-selway\\\/\",\"url\":\"https:\\\/\\\/www.exitmusic.com.ar\\\/news\\\/prensatraducciones\\\/fasterlouder-entrevista-philip-selway\\\/\",\"name\":\"FasterLouder entrevista a Philip Selway &#8211; ExitMusicAr | Radiohead Argentina - \u00faltimas noticias\",\"isPartOf\":{\"@id\":\"https:\\\/\\\/www.exitmusic.com.ar\\\/news\\\/#website\"},\"primaryImageOfPage\":{\"@id\":\"https:\\\/\\\/www.exitmusic.com.ar\\\/news\\\/prensatraducciones\\\/fasterlouder-entrevista-philip-selway\\\/#primaryimage\"},\"image\":{\"@id\":\"https:\\\/\\\/www.exitmusic.com.ar\\\/news\\\/prensatraducciones\\\/fasterlouder-entrevista-philip-selway\\\/#primaryimage\"},\"thumbnailUrl\":\"https:\\\/\\\/www.exitmusic.com.ar\\\/news\\\/wp-content\\\/uploads\\\/2019\\\/05\\\/98910.jpeg\",\"datePublished\":\"2014-09-28T22:15:32+00:00\",\"dateModified\":\"2021-01-28T14:55:20+00:00\",\"description\":\"FasterLouder (Australia) entrevista a Philip Selway sobre Weatherhouse y el presente y pasado de Radiohead.\",\"breadcrumb\":{\"@id\":\"https:\\\/\\\/www.exitmusic.com.ar\\\/news\\\/prensatraducciones\\\/fasterlouder-entrevista-philip-selway\\\/#breadcrumb\"},\"inLanguage\":\"es\",\"potentialAction\":[{\"@type\":\"ReadAction\",\"target\":[\"https:\\\/\\\/www.exitmusic.com.ar\\\/news\\\/prensatraducciones\\\/fasterlouder-entrevista-philip-selway\\\/\"]}]},{\"@type\":\"ImageObject\",\"inLanguage\":\"es\",\"@id\":\"https:\\\/\\\/www.exitmusic.com.ar\\\/news\\\/prensatraducciones\\\/fasterlouder-entrevista-philip-selway\\\/#primaryimage\",\"url\":\"https:\\\/\\\/www.exitmusic.com.ar\\\/news\\\/wp-content\\\/uploads\\\/2019\\\/05\\\/98910.jpeg\",\"contentUrl\":\"https:\\\/\\\/www.exitmusic.com.ar\\\/news\\\/wp-content\\\/uploads\\\/2019\\\/05\\\/98910.jpeg\",\"width\":940,\"height\":535,\"caption\":\"Philip Selway\"},{\"@type\":\"BreadcrumbList\",\"@id\":\"https:\\\/\\\/www.exitmusic.com.ar\\\/news\\\/prensatraducciones\\\/fasterlouder-entrevista-philip-selway\\\/#breadcrumb\",\"itemListElement\":[{\"@type\":\"ListItem\",\"position\":1,\"name\":\"Inicio\",\"item\":\"https:\\\/\\\/www.exitmusic.com.ar\\\/news\\\/\"},{\"@type\":\"ListItem\",\"position\":2,\"name\":\"Prensa\\\/Traducciones\",\"item\":\"https:\\\/\\\/www.exitmusic.com.ar\\\/news\\\/prensatraducciones\\\/\"},{\"@type\":\"ListItem\",\"position\":3,\"name\":\"FasterLouder entrevista a Philip Selway\"}]},{\"@type\":\"WebSite\",\"@id\":\"https:\\\/\\\/www.exitmusic.com.ar\\\/news\\\/#website\",\"url\":\"https:\\\/\\\/www.exitmusic.com.ar\\\/news\\\/\",\"name\":\"ExitMusicAr | Radiohead Argentina\",\"description\":\"Noticias e informaci\u00f3n sobre Radiohead, EOB, Philip Selway, Jonny Greenwood, Thom Yorke, Atoms for Peace y The Smile\",\"potentialAction\":[{\"@type\":\"SearchAction\",\"target\":{\"@type\":\"EntryPoint\",\"urlTemplate\":\"https:\\\/\\\/www.exitmusic.com.ar\\\/news\\\/?s={search_term_string}\"},\"query-input\":{\"@type\":\"PropertyValueSpecification\",\"valueRequired\":true,\"valueName\":\"search_term_string\"}}],\"inLanguage\":\"es\"},{\"@type\":\"Person\",\"@id\":\"https:\\\/\\\/www.exitmusic.com.ar\\\/news\\\/#\\\/schema\\\/person\\\/5b17484c1a134bd78759c85b056b2e9a\",\"name\":\"britbomber\",\"image\":{\"@type\":\"ImageObject\",\"inLanguage\":\"es\",\"@id\":\"https:\\\/\\\/secure.gravatar.com\\\/avatar\\\/7aa60245619700190832ac995e42108bfadba25baafc3bf5bb91e97db0e7a0bd?s=96&d=identicon&r=r\",\"url\":\"https:\\\/\\\/secure.gravatar.com\\\/avatar\\\/7aa60245619700190832ac995e42108bfadba25baafc3bf5bb91e97db0e7a0bd?s=96&d=identicon&r=r\",\"contentUrl\":\"https:\\\/\\\/secure.gravatar.com\\\/avatar\\\/7aa60245619700190832ac995e42108bfadba25baafc3bf5bb91e97db0e7a0bd?s=96&d=identicon&r=r\",\"caption\":\"britbomber\"}}]}<\/script>\n<!-- \/ Yoast SEO plugin. -->","yoast_head_json":{"title":"FasterLouder entrevista a Philip Selway &#8211; ExitMusicAr | Radiohead Argentina - \u00faltimas noticias","description":"FasterLouder (Australia) entrevista a Philip Selway sobre Weatherhouse y el presente y pasado de Radiohead.","robots":{"index":"index","follow":"follow","max-snippet":"max-snippet:-1","max-image-preview":"max-image-preview:large","max-video-preview":"max-video-preview:-1"},"canonical":"https:\/\/www.exitmusic.com.ar\/news\/prensatraducciones\/fasterlouder-entrevista-philip-selway\/","og_locale":"es_ES","og_type":"article","og_title":"FasterLouder entrevista a Philip Selway &#8211; ExitMusicAr | Radiohead Argentina - \u00faltimas noticias","og_description":"FasterLouder (Australia) entrevista a Philip Selway sobre Weatherhouse y el presente y pasado de Radiohead.","og_url":"https:\/\/www.exitmusic.com.ar\/news\/prensatraducciones\/fasterlouder-entrevista-philip-selway\/","og_site_name":"ExitMusicAr | Radiohead Argentina - \u00faltimas noticias","article_publisher":"https:\/\/www.facebook.com\/ExitMusicAr","article_modified_time":"2021-01-28T14:55:20+00:00","og_image":[{"width":940,"height":535,"url":"https:\/\/www.exitmusic.com.ar\/news\/wp-content\/uploads\/2019\/05\/98910.jpeg","type":"image\/jpeg"}],"twitter_card":"summary_large_image","twitter_site":"@ExitMusicAr","twitter_misc":{"Tiempo de lectura":"6 minutos"},"schema":{"@context":"https:\/\/schema.org","@graph":[{"@type":"NewsArticle","@id":"https:\/\/www.exitmusic.com.ar\/news\/prensatraducciones\/fasterlouder-entrevista-philip-selway\/#article","isPartOf":{"@id":"https:\/\/www.exitmusic.com.ar\/news\/prensatraducciones\/fasterlouder-entrevista-philip-selway\/"},"author":{"name":"britbomber","@id":"https:\/\/www.exitmusic.com.ar\/news\/#\/schema\/person\/5b17484c1a134bd78759c85b056b2e9a"},"headline":"FasterLouder entrevista a Philip Selway","datePublished":"2014-09-28T22:15:32+00:00","dateModified":"2021-01-28T14:55:20+00:00","mainEntityOfPage":{"@id":"https:\/\/www.exitmusic.com.ar\/news\/prensatraducciones\/fasterlouder-entrevista-philip-selway\/"},"wordCount":1476,"commentCount":0,"image":{"@id":"https:\/\/www.exitmusic.com.ar\/news\/prensatraducciones\/fasterlouder-entrevista-philip-selway\/#primaryimage"},"thumbnailUrl":"https:\/\/www.exitmusic.com.ar\/news\/wp-content\/uploads\/2019\/05\/98910.jpeg","keywords":["entrevista","philip selway","weatherhouse"],"articleSection":["Philip Selway"],"inLanguage":"es","potentialAction":[{"@type":"CommentAction","name":"Comment","target":["https:\/\/www.exitmusic.com.ar\/news\/prensatraducciones\/fasterlouder-entrevista-philip-selway\/#respond"]}]},{"@type":["WebPage","ItemPage"],"@id":"https:\/\/www.exitmusic.com.ar\/news\/prensatraducciones\/fasterlouder-entrevista-philip-selway\/","url":"https:\/\/www.exitmusic.com.ar\/news\/prensatraducciones\/fasterlouder-entrevista-philip-selway\/","name":"FasterLouder entrevista a Philip Selway &#8211; ExitMusicAr | Radiohead Argentina - \u00faltimas noticias","isPartOf":{"@id":"https:\/\/www.exitmusic.com.ar\/news\/#website"},"primaryImageOfPage":{"@id":"https:\/\/www.exitmusic.com.ar\/news\/prensatraducciones\/fasterlouder-entrevista-philip-selway\/#primaryimage"},"image":{"@id":"https:\/\/www.exitmusic.com.ar\/news\/prensatraducciones\/fasterlouder-entrevista-philip-selway\/#primaryimage"},"thumbnailUrl":"https:\/\/www.exitmusic.com.ar\/news\/wp-content\/uploads\/2019\/05\/98910.jpeg","datePublished":"2014-09-28T22:15:32+00:00","dateModified":"2021-01-28T14:55:20+00:00","description":"FasterLouder (Australia) entrevista a Philip Selway sobre Weatherhouse y el presente y pasado de Radiohead.","breadcrumb":{"@id":"https:\/\/www.exitmusic.com.ar\/news\/prensatraducciones\/fasterlouder-entrevista-philip-selway\/#breadcrumb"},"inLanguage":"es","potentialAction":[{"@type":"ReadAction","target":["https:\/\/www.exitmusic.com.ar\/news\/prensatraducciones\/fasterlouder-entrevista-philip-selway\/"]}]},{"@type":"ImageObject","inLanguage":"es","@id":"https:\/\/www.exitmusic.com.ar\/news\/prensatraducciones\/fasterlouder-entrevista-philip-selway\/#primaryimage","url":"https:\/\/www.exitmusic.com.ar\/news\/wp-content\/uploads\/2019\/05\/98910.jpeg","contentUrl":"https:\/\/www.exitmusic.com.ar\/news\/wp-content\/uploads\/2019\/05\/98910.jpeg","width":940,"height":535,"caption":"Philip Selway"},{"@type":"BreadcrumbList","@id":"https:\/\/www.exitmusic.com.ar\/news\/prensatraducciones\/fasterlouder-entrevista-philip-selway\/#breadcrumb","itemListElement":[{"@type":"ListItem","position":1,"name":"Inicio","item":"https:\/\/www.exitmusic.com.ar\/news\/"},{"@type":"ListItem","position":2,"name":"Prensa\/Traducciones","item":"https:\/\/www.exitmusic.com.ar\/news\/prensatraducciones\/"},{"@type":"ListItem","position":3,"name":"FasterLouder entrevista a Philip Selway"}]},{"@type":"WebSite","@id":"https:\/\/www.exitmusic.com.ar\/news\/#website","url":"https:\/\/www.exitmusic.com.ar\/news\/","name":"ExitMusicAr | Radiohead Argentina","description":"Noticias e informaci\u00f3n sobre Radiohead, EOB, Philip Selway, Jonny Greenwood, Thom Yorke, Atoms for Peace y The Smile","potentialAction":[{"@type":"SearchAction","target":{"@type":"EntryPoint","urlTemplate":"https:\/\/www.exitmusic.com.ar\/news\/?s={search_term_string}"},"query-input":{"@type":"PropertyValueSpecification","valueRequired":true,"valueName":"search_term_string"}}],"inLanguage":"es"},{"@type":"Person","@id":"https:\/\/www.exitmusic.com.ar\/news\/#\/schema\/person\/5b17484c1a134bd78759c85b056b2e9a","name":"britbomber","image":{"@type":"ImageObject","inLanguage":"es","@id":"https:\/\/secure.gravatar.com\/avatar\/7aa60245619700190832ac995e42108bfadba25baafc3bf5bb91e97db0e7a0bd?s=96&d=identicon&r=r","url":"https:\/\/secure.gravatar.com\/avatar\/7aa60245619700190832ac995e42108bfadba25baafc3bf5bb91e97db0e7a0bd?s=96&d=identicon&r=r","contentUrl":"https:\/\/secure.gravatar.com\/avatar\/7aa60245619700190832ac995e42108bfadba25baafc3bf5bb91e97db0e7a0bd?s=96&d=identicon&r=r","caption":"britbomber"}}]}},"amp_enabled":true,"_links":{"self":[{"href":"https:\/\/www.exitmusic.com.ar\/news\/wp-json\/wp\/v2\/pages\/7792","targetHints":{"allow":["GET"]}}],"collection":[{"href":"https:\/\/www.exitmusic.com.ar\/news\/wp-json\/wp\/v2\/pages"}],"about":[{"href":"https:\/\/www.exitmusic.com.ar\/news\/wp-json\/wp\/v2\/types\/page"}],"author":[{"embeddable":true,"href":"https:\/\/www.exitmusic.com.ar\/news\/wp-json\/wp\/v2\/users\/2"}],"replies":[{"embeddable":true,"href":"https:\/\/www.exitmusic.com.ar\/news\/wp-json\/wp\/v2\/comments?post=7792"}],"version-history":[{"count":0,"href":"https:\/\/www.exitmusic.com.ar\/news\/wp-json\/wp\/v2\/pages\/7792\/revisions"}],"up":[{"embeddable":true,"href":"https:\/\/www.exitmusic.com.ar\/news\/wp-json\/wp\/v2\/pages\/7671"}],"wp:featuredmedia":[{"embeddable":true,"href":"https:\/\/www.exitmusic.com.ar\/news\/wp-json\/wp\/v2\/media\/10932"}],"wp:attachment":[{"href":"https:\/\/www.exitmusic.com.ar\/news\/wp-json\/wp\/v2\/media?parent=7792"}],"wp:term":[{"taxonomy":"category","embeddable":true,"href":"https:\/\/www.exitmusic.com.ar\/news\/wp-json\/wp\/v2\/categories?post=7792"},{"taxonomy":"post_tag","embeddable":true,"href":"https:\/\/www.exitmusic.com.ar\/news\/wp-json\/wp\/v2\/tags?post=7792"}],"curies":[{"name":"wp","href":"https:\/\/api.w.org\/{rel}","templated":true}]}}