{"id":8633,"date":"2016-06-19T10:31:14","date_gmt":"2016-06-19T13:31:14","guid":{"rendered":"http:\/\/www.exitmusic.com.ar\/news\/?page_id=8633"},"modified":"2021-06-25T10:34:32","modified_gmt":"2021-06-25T13:34:32","slug":"first-time-with-jonny-greenwood-bbc-6music","status":"publish","type":"page","link":"https:\/\/www.exitmusic.com.ar\/news\/prensatraducciones\/first-time-with-jonny-greenwood-bbc-6music\/","title":{"rendered":"First time with &#8230; Jonny Greenwood [BBC 6Music]"},"content":{"rendered":"<p>Los setlists de sus \u00faltimos conciertos cambian radicalmente de noche a noche. \u00bfCu\u00e1ntas canciones han ensayado?<br>Comenzamos con 120. Era una locura. O sea, eran todas las canciones que tenemos, b\u00e1sicamente. Despu\u00e9s nos rendimos y nos dimos cuenta de que era est\u00fapido y lo redujimos a 60 o 70 canciones; cada noche tocamos unas 24 canciones, por lo que tenemos bastante de donde elegir.<\/p>\n\n\n\n<p>\u00bfCu\u00e1l fue la l\u00f3gica para eso?<br>La variedad. Mantener la frescura y hacerlo interesante. Nuestro personal enloquece, como pod\u00e9s imaginar, porque no saben qu\u00e9 hacer con las luces. Pero est\u00e1 todo bien, siempre fuimos as\u00ed. Siempre hemos decidido nuestro setlist un rato antes de tocar.<\/p>\n\n\n\n<p>La imagen que se ha propagado de Radiohead en el estudio es la de una tortura, muy demandante desde el punto de vista emocional; una experiencia muy dif\u00edcil para todos los involucrados. \u00bfEs cierto?<br>Tiene momentos muy activos &#8211; usualmente tienen que ver con el entusiasmo de Thom, que nos contagia y motiva a todos porque todo sale muy bien &#8211; y otros cuando no pasa nada, o sale todo mal y es frustrante.<br>Pero es igual con cualquier otro trabajo. Cuando funciona bien, es muy emocionante y alegre y eso te inspira a sobreponerte. Es una tortura solamente cuando uno mira hacia atr\u00e1s.<\/p>\n\n\n<div id=\"ads_page\">\n\t<!-- wpPageAd_1 -->\n\t<amp-ad width=\"100vw\" height=\"320\"\n\t\ttype=\"adsense\"\n     \tdata-ad-client=\"ca-pub-1186082079292141\"\n     \tdata-ad-slot=\"6678768770\"\n     \tdata-auto-format=\"rspv\"\n     \tdata-full-width=\"\">\n  \t<div overflow=\"\"><\/div>\n\t<\/amp-ad>\n\t<\/div>\n\n\n\n<p>\u00bfPor ejemplo?<br>Grabamos <a href=\"https:\/\/www.exitmusic.com.ar\/letras\/nosurprises.php\">\u00abNo Surprises\u00bb<\/a> y despu\u00e9s nos preocupamos al respecto. Lo volvimos a grabar porque no sonaba muy bien. Y otra vez. Hasta que finalmente volvimos a la primera versi\u00f3n y esa es la que sali\u00f3 en el \u00e1lbum.<br>Es una tortura en ese sentido. No es que nos pasamos dos semanas buscando un sonido de un bombo; es m\u00e1s que eso. Se trata m\u00e1s de darnos contra paredes una y otra vez. Eso es lo frustrante.<\/p>\n\n\n\n<p>\u00bfQu\u00e9 recuerdan del show estelar en Glastonbury 97? El show se considera una de las mejores presentaciones en el festival de todos los tiempos.<br>Solo recuerdo que fue muy estresante, los monitores fallando y Thom y\u00e9ndose fuera del escenario porque no pod\u00eda escuchar nada. \u00a1Un desastre en realidad!<br>Fue bastante malo. Lo \u00fanico que pens\u00e1bamos era que no nos pod\u00edamos escuchar, as\u00ed que no sab\u00edamos c\u00f3mo estaba saliendo; tambi\u00e9n recuerdo pedirle a Andy Watson, la persona que nos maneja las luces, que ilumine a la gente as\u00ed pod\u00edamos verlos. Recuerdo no escuchar lo que estaba tocando y rogar que todos nos estemos escuchando y que salga algo aceptable&#8230; pero fue una lucha.<\/p>\n\n\n\n<p>Lanzaron el tema <a href=\"https:\/\/www.exitmusic.com.ar\/letras\/spectre.php\">\u00abSpectre\u00bb<\/a> el d\u00eda de Navidad, y explicaron que lo compusieron para la pel\u00edcula de James Bond, pero la canci\u00f3n de Sam Smith fue la elegida. \u00bfQu\u00e9 pas\u00f3?<br>No era la correcta para la pel\u00edcula, la nuestra. Entonces pensamos \u00abgenial! es nuestra entonces. Podemos terminarla como corresponde y lanzarla\u00bb. Eso fue lo positivo, \u00bfno?<br>Pero creo que hay mucha gente interesada en qui\u00e9n lo hace [al tema de Bond]. Tiene un perfil muy alto y lo que hicimos era muy oscuro, o lo que sea, as\u00ed que est\u00e1 bien. Al final, la recuperamos y pudimos lanzarla nosotros.<br>Estamos muy muy orgullosos de ella. \u00bfPor qu\u00e9 apegarse a la idea antigua de lo que significa un tema de Bond? Me parece est\u00fapido alborotarse tanto por eso.<\/p>\n\n\n\n<p><em><a href=\"https:\/\/www.exitmusic.com.ar\/discografia\/amoonshapedpool\/\">A Moon Shaped Pool<\/a><\/em> tiene muchos arreglos de la London Contemporary Orchestra, de quienes sos muy amigo.<br>Hay temas como <a href=\"https:\/\/www.exitmusic.com.ar\/letras\/burnthewitch.php\">\u00abBurn the Witch\u00bb<\/a> en las que conseguimos pensar las cuerdas desde el principio, lo cual es raro para nosotros. La dejamos sin terminar a prop\u00f3sito y dejamos mucho espacio para cuerdas, lo que nunca hacemos. Usualmente las cuerdas son el \u00faltimo toque.<br>Al final de <a href=\"https:\/\/www.exitmusic.com.ar\/letras\/daydreaming.php\">\u00abDaydreaming\u00bb<\/a>, les ped\u00ed a los celistas que afinen su cuerda m\u00e1s grave un quinto de octava m\u00e1s bajo y que intenten tocar el tema as\u00ed. Se los puede escuchar tratando de seguir en tono a pesar del sonido grave.<br>Se trata de usar cuerdas de manera de que no sea un pastiche y eso a veces es dif\u00edcil de evitar. Fue divertido, tratar de superar el reto.<\/p>\n\n\n<div id=\"ads_page\"><!-- wpPagead_2 -->\n\t<amp-ad width=\"100vw\" height=\"320\"\n\t\t type=\"adsense\"\n\t\t data-ad-client=\"ca-pub-1186082079292141\"\n\t\t data-ad-slot=\"6487197087\"\n\t\t data-auto-format=\"rspv\"\n\t\t data-full-width=\"\">\n\t  <div overflow=\"\"><\/div>\n\t<\/amp-ad>\n\t<\/div>\n\n\n\n<p>Tuve la suerte de ver algunos de los \u00faltimos shows; se los ve disfrutando sobre el escenario.<br>Si, lo disfrutamos muchos. Creo que apreciamos el hecho de estar en una banda con los dem\u00e1s en ese momento, y tambi\u00e9n disfrutamos del sonido que logramos. Es un momento muy feliz, \u00bfqu\u00e9 puedo decir? No hay nada de qu\u00e9 quejarse, para ser honesto.<\/p>","protected":false},"excerpt":{"rendered":"<p>Los setlists de sus \u00faltimos conciertos cambian radicalmente de noche a noche. \u00bfCu\u00e1ntas canciones han ensayado?Comenzamos con 120. Era una locura. O sea, eran todas las canciones que tenemos, b\u00e1sicamente. Despu\u00e9s nos rendimos y nos&hellip; <a href=\"https:\/\/www.exitmusic.com.ar\/news\/prensatraducciones\/first-time-with-jonny-greenwood-bbc-6music\/\" class=\"morelink\"> m\u00e1s \u00bb<\/a><\/p>","protected":false},"author":2,"featured_media":0,"parent":7671,"menu_order":0,"comment_status":"closed","ping_status":"closed","template":"","meta":{"footnotes":""},"categories":[1381],"tags":[147,23,1177,1246],"class_list":["post-8633","page","type-page","status-publish","hentry","category-jonny-greenwood","tag-bbc-6music","tag-entrevista","tag-jonny-greenwood","tag-matt-everitt"],"yoast_head":"<!-- This site is optimized with the Yoast SEO plugin v27.4 - https:\/\/yoast.com\/product\/yoast-seo-wordpress\/ -->\n<title>First time with ... Jonny Greenwood [BBC 6Music] &#8211; ExitMusicAr | Radiohead Argentina - \u00faltimas noticias<\/title>\n<meta name=\"description\" content=\"Jonny Greenwood habl\u00f3 con Matt Everitt para el programa First time with ... de la emisora 6Music de la BBC sobre varios temas de sus \u00faltimos a\u00f1os.\" \/>\n<meta name=\"robots\" content=\"index, follow, max-snippet:-1, max-image-preview:large, max-video-preview:-1\" \/>\n<link rel=\"canonical\" href=\"https:\/\/www.exitmusic.com.ar\/news\/prensatraducciones\/first-time-with-jonny-greenwood-bbc-6music\/\" \/>\n<meta property=\"og:locale\" content=\"es_ES\" \/>\n<meta property=\"og:type\" content=\"article\" \/>\n<meta property=\"og:title\" content=\"First time with ... Jonny Greenwood [BBC 6Music] &#8211; ExitMusicAr | Radiohead Argentina - \u00faltimas noticias\" \/>\n<meta property=\"og:description\" content=\"Jonny Greenwood habl\u00f3 con Matt Everitt para el programa First time with ... de la emisora 6Music de la BBC sobre varios temas de sus \u00faltimos a\u00f1os.\" \/>\n<meta property=\"og:url\" content=\"https:\/\/www.exitmusic.com.ar\/news\/prensatraducciones\/first-time-with-jonny-greenwood-bbc-6music\/\" \/>\n<meta property=\"og:site_name\" content=\"ExitMusicAr | Radiohead Argentina - \u00faltimas noticias\" \/>\n<meta property=\"article:publisher\" content=\"https:\/\/www.facebook.com\/ExitMusicAr\" \/>\n<meta property=\"article:modified_time\" content=\"2021-06-25T13:34:32+00:00\" \/>\n<meta name=\"twitter:card\" content=\"summary_large_image\" \/>\n<meta name=\"twitter:site\" content=\"@ExitMusicAr\" \/>\n<meta name=\"twitter:label1\" content=\"Tiempo de lectura\" \/>\n\t<meta name=\"twitter:data1\" content=\"4 minutos\" \/>\n<script type=\"application\/ld+json\" class=\"yoast-schema-graph\">{\"@context\":\"https:\\\/\\\/schema.org\",\"@graph\":[{\"@type\":\"NewsArticle\",\"@id\":\"https:\\\/\\\/www.exitmusic.com.ar\\\/news\\\/prensatraducciones\\\/first-time-with-jonny-greenwood-bbc-6music\\\/#article\",\"isPartOf\":{\"@id\":\"https:\\\/\\\/www.exitmusic.com.ar\\\/news\\\/prensatraducciones\\\/first-time-with-jonny-greenwood-bbc-6music\\\/\"},\"author\":{\"name\":\"britbomber\",\"@id\":\"https:\\\/\\\/www.exitmusic.com.ar\\\/news\\\/#\\\/schema\\\/person\\\/5b17484c1a134bd78759c85b056b2e9a\"},\"headline\":\"First time with &#8230; Jonny Greenwood [BBC 6Music]\",\"datePublished\":\"2016-06-19T13:31:14+00:00\",\"dateModified\":\"2021-06-25T13:34:32+00:00\",\"mainEntityOfPage\":{\"@id\":\"https:\\\/\\\/www.exitmusic.com.ar\\\/news\\\/prensatraducciones\\\/first-time-with-jonny-greenwood-bbc-6music\\\/\"},\"wordCount\":759,\"keywords\":[\"bbc 6music\",\"entrevista\",\"jonny greenwood\",\"matt everitt\"],\"articleSection\":[\"Jonny Greenwood\"],\"inLanguage\":\"es\"},{\"@type\":[\"WebPage\",\"ItemPage\"],\"@id\":\"https:\\\/\\\/www.exitmusic.com.ar\\\/news\\\/prensatraducciones\\\/first-time-with-jonny-greenwood-bbc-6music\\\/\",\"url\":\"https:\\\/\\\/www.exitmusic.com.ar\\\/news\\\/prensatraducciones\\\/first-time-with-jonny-greenwood-bbc-6music\\\/\",\"name\":\"First time with ... Jonny Greenwood [BBC 6Music] &#8211; ExitMusicAr | Radiohead Argentina - \u00faltimas noticias\",\"isPartOf\":{\"@id\":\"https:\\\/\\\/www.exitmusic.com.ar\\\/news\\\/#website\"},\"datePublished\":\"2016-06-19T13:31:14+00:00\",\"dateModified\":\"2021-06-25T13:34:32+00:00\",\"description\":\"Jonny Greenwood habl\u00f3 con Matt Everitt para el programa First time with ... de la emisora 6Music de la BBC sobre varios temas de sus \u00faltimos a\u00f1os.\",\"breadcrumb\":{\"@id\":\"https:\\\/\\\/www.exitmusic.com.ar\\\/news\\\/prensatraducciones\\\/first-time-with-jonny-greenwood-bbc-6music\\\/#breadcrumb\"},\"inLanguage\":\"es\",\"potentialAction\":[{\"@type\":\"ReadAction\",\"target\":[\"https:\\\/\\\/www.exitmusic.com.ar\\\/news\\\/prensatraducciones\\\/first-time-with-jonny-greenwood-bbc-6music\\\/\"]}]},{\"@type\":\"BreadcrumbList\",\"@id\":\"https:\\\/\\\/www.exitmusic.com.ar\\\/news\\\/prensatraducciones\\\/first-time-with-jonny-greenwood-bbc-6music\\\/#breadcrumb\",\"itemListElement\":[{\"@type\":\"ListItem\",\"position\":1,\"name\":\"Inicio\",\"item\":\"https:\\\/\\\/www.exitmusic.com.ar\\\/news\\\/\"},{\"@type\":\"ListItem\",\"position\":2,\"name\":\"Prensa\\\/Traducciones\",\"item\":\"https:\\\/\\\/www.exitmusic.com.ar\\\/news\\\/prensatraducciones\\\/\"},{\"@type\":\"ListItem\",\"position\":3,\"name\":\"First time with &#8230; Jonny Greenwood [BBC 6Music]\"}]},{\"@type\":\"WebSite\",\"@id\":\"https:\\\/\\\/www.exitmusic.com.ar\\\/news\\\/#website\",\"url\":\"https:\\\/\\\/www.exitmusic.com.ar\\\/news\\\/\",\"name\":\"ExitMusicAr | Radiohead Argentina\",\"description\":\"Noticias e informaci\u00f3n sobre Radiohead, EOB, Philip Selway, Jonny Greenwood, Thom Yorke, Atoms for Peace y The Smile\",\"potentialAction\":[{\"@type\":\"SearchAction\",\"target\":{\"@type\":\"EntryPoint\",\"urlTemplate\":\"https:\\\/\\\/www.exitmusic.com.ar\\\/news\\\/?s={search_term_string}\"},\"query-input\":{\"@type\":\"PropertyValueSpecification\",\"valueRequired\":true,\"valueName\":\"search_term_string\"}}],\"inLanguage\":\"es\"},{\"@type\":\"Person\",\"@id\":\"https:\\\/\\\/www.exitmusic.com.ar\\\/news\\\/#\\\/schema\\\/person\\\/5b17484c1a134bd78759c85b056b2e9a\",\"name\":\"britbomber\",\"image\":{\"@type\":\"ImageObject\",\"inLanguage\":\"es\",\"@id\":\"https:\\\/\\\/secure.gravatar.com\\\/avatar\\\/7aa60245619700190832ac995e42108bfadba25baafc3bf5bb91e97db0e7a0bd?s=96&d=identicon&r=r\",\"url\":\"https:\\\/\\\/secure.gravatar.com\\\/avatar\\\/7aa60245619700190832ac995e42108bfadba25baafc3bf5bb91e97db0e7a0bd?s=96&d=identicon&r=r\",\"contentUrl\":\"https:\\\/\\\/secure.gravatar.com\\\/avatar\\\/7aa60245619700190832ac995e42108bfadba25baafc3bf5bb91e97db0e7a0bd?s=96&d=identicon&r=r\",\"caption\":\"britbomber\"}}]}<\/script>\n<!-- \/ Yoast SEO plugin. -->","yoast_head_json":{"title":"First time with ... Jonny Greenwood [BBC 6Music] &#8211; ExitMusicAr | Radiohead Argentina - \u00faltimas noticias","description":"Jonny Greenwood habl\u00f3 con Matt Everitt para el programa First time with ... de la emisora 6Music de la BBC sobre varios temas de sus \u00faltimos a\u00f1os.","robots":{"index":"index","follow":"follow","max-snippet":"max-snippet:-1","max-image-preview":"max-image-preview:large","max-video-preview":"max-video-preview:-1"},"canonical":"https:\/\/www.exitmusic.com.ar\/news\/prensatraducciones\/first-time-with-jonny-greenwood-bbc-6music\/","og_locale":"es_ES","og_type":"article","og_title":"First time with ... Jonny Greenwood [BBC 6Music] &#8211; ExitMusicAr | Radiohead Argentina - \u00faltimas noticias","og_description":"Jonny Greenwood habl\u00f3 con Matt Everitt para el programa First time with ... de la emisora 6Music de la BBC sobre varios temas de sus \u00faltimos a\u00f1os.","og_url":"https:\/\/www.exitmusic.com.ar\/news\/prensatraducciones\/first-time-with-jonny-greenwood-bbc-6music\/","og_site_name":"ExitMusicAr | Radiohead Argentina - \u00faltimas noticias","article_publisher":"https:\/\/www.facebook.com\/ExitMusicAr","article_modified_time":"2021-06-25T13:34:32+00:00","twitter_card":"summary_large_image","twitter_site":"@ExitMusicAr","twitter_misc":{"Tiempo de lectura":"4 minutos"},"schema":{"@context":"https:\/\/schema.org","@graph":[{"@type":"NewsArticle","@id":"https:\/\/www.exitmusic.com.ar\/news\/prensatraducciones\/first-time-with-jonny-greenwood-bbc-6music\/#article","isPartOf":{"@id":"https:\/\/www.exitmusic.com.ar\/news\/prensatraducciones\/first-time-with-jonny-greenwood-bbc-6music\/"},"author":{"name":"britbomber","@id":"https:\/\/www.exitmusic.com.ar\/news\/#\/schema\/person\/5b17484c1a134bd78759c85b056b2e9a"},"headline":"First time with &#8230; Jonny Greenwood [BBC 6Music]","datePublished":"2016-06-19T13:31:14+00:00","dateModified":"2021-06-25T13:34:32+00:00","mainEntityOfPage":{"@id":"https:\/\/www.exitmusic.com.ar\/news\/prensatraducciones\/first-time-with-jonny-greenwood-bbc-6music\/"},"wordCount":759,"keywords":["bbc 6music","entrevista","jonny greenwood","matt everitt"],"articleSection":["Jonny Greenwood"],"inLanguage":"es"},{"@type":["WebPage","ItemPage"],"@id":"https:\/\/www.exitmusic.com.ar\/news\/prensatraducciones\/first-time-with-jonny-greenwood-bbc-6music\/","url":"https:\/\/www.exitmusic.com.ar\/news\/prensatraducciones\/first-time-with-jonny-greenwood-bbc-6music\/","name":"First time with ... Jonny Greenwood [BBC 6Music] &#8211; ExitMusicAr | Radiohead Argentina - \u00faltimas noticias","isPartOf":{"@id":"https:\/\/www.exitmusic.com.ar\/news\/#website"},"datePublished":"2016-06-19T13:31:14+00:00","dateModified":"2021-06-25T13:34:32+00:00","description":"Jonny Greenwood habl\u00f3 con Matt Everitt para el programa First time with ... de la emisora 6Music de la BBC sobre varios temas de sus \u00faltimos a\u00f1os.","breadcrumb":{"@id":"https:\/\/www.exitmusic.com.ar\/news\/prensatraducciones\/first-time-with-jonny-greenwood-bbc-6music\/#breadcrumb"},"inLanguage":"es","potentialAction":[{"@type":"ReadAction","target":["https:\/\/www.exitmusic.com.ar\/news\/prensatraducciones\/first-time-with-jonny-greenwood-bbc-6music\/"]}]},{"@type":"BreadcrumbList","@id":"https:\/\/www.exitmusic.com.ar\/news\/prensatraducciones\/first-time-with-jonny-greenwood-bbc-6music\/#breadcrumb","itemListElement":[{"@type":"ListItem","position":1,"name":"Inicio","item":"https:\/\/www.exitmusic.com.ar\/news\/"},{"@type":"ListItem","position":2,"name":"Prensa\/Traducciones","item":"https:\/\/www.exitmusic.com.ar\/news\/prensatraducciones\/"},{"@type":"ListItem","position":3,"name":"First time with &#8230; Jonny Greenwood [BBC 6Music]"}]},{"@type":"WebSite","@id":"https:\/\/www.exitmusic.com.ar\/news\/#website","url":"https:\/\/www.exitmusic.com.ar\/news\/","name":"ExitMusicAr | Radiohead Argentina","description":"Noticias e informaci\u00f3n sobre Radiohead, EOB, Philip Selway, Jonny Greenwood, Thom Yorke, Atoms for Peace y The Smile","potentialAction":[{"@type":"SearchAction","target":{"@type":"EntryPoint","urlTemplate":"https:\/\/www.exitmusic.com.ar\/news\/?s={search_term_string}"},"query-input":{"@type":"PropertyValueSpecification","valueRequired":true,"valueName":"search_term_string"}}],"inLanguage":"es"},{"@type":"Person","@id":"https:\/\/www.exitmusic.com.ar\/news\/#\/schema\/person\/5b17484c1a134bd78759c85b056b2e9a","name":"britbomber","image":{"@type":"ImageObject","inLanguage":"es","@id":"https:\/\/secure.gravatar.com\/avatar\/7aa60245619700190832ac995e42108bfadba25baafc3bf5bb91e97db0e7a0bd?s=96&d=identicon&r=r","url":"https:\/\/secure.gravatar.com\/avatar\/7aa60245619700190832ac995e42108bfadba25baafc3bf5bb91e97db0e7a0bd?s=96&d=identicon&r=r","contentUrl":"https:\/\/secure.gravatar.com\/avatar\/7aa60245619700190832ac995e42108bfadba25baafc3bf5bb91e97db0e7a0bd?s=96&d=identicon&r=r","caption":"britbomber"}}]}},"amp_enabled":true,"_links":{"self":[{"href":"https:\/\/www.exitmusic.com.ar\/news\/wp-json\/wp\/v2\/pages\/8633","targetHints":{"allow":["GET"]}}],"collection":[{"href":"https:\/\/www.exitmusic.com.ar\/news\/wp-json\/wp\/v2\/pages"}],"about":[{"href":"https:\/\/www.exitmusic.com.ar\/news\/wp-json\/wp\/v2\/types\/page"}],"author":[{"embeddable":true,"href":"https:\/\/www.exitmusic.com.ar\/news\/wp-json\/wp\/v2\/users\/2"}],"replies":[{"embeddable":true,"href":"https:\/\/www.exitmusic.com.ar\/news\/wp-json\/wp\/v2\/comments?post=8633"}],"version-history":[{"count":0,"href":"https:\/\/www.exitmusic.com.ar\/news\/wp-json\/wp\/v2\/pages\/8633\/revisions"}],"up":[{"embeddable":true,"href":"https:\/\/www.exitmusic.com.ar\/news\/wp-json\/wp\/v2\/pages\/7671"}],"wp:attachment":[{"href":"https:\/\/www.exitmusic.com.ar\/news\/wp-json\/wp\/v2\/media?parent=8633"}],"wp:term":[{"taxonomy":"category","embeddable":true,"href":"https:\/\/www.exitmusic.com.ar\/news\/wp-json\/wp\/v2\/categories?post=8633"},{"taxonomy":"post_tag","embeddable":true,"href":"https:\/\/www.exitmusic.com.ar\/news\/wp-json\/wp\/v2\/tags?post=8633"}],"curies":[{"name":"wp","href":"https:\/\/api.w.org\/{rel}","templated":true}]}}